{"id":3895,"date":"2025-08-27T12:12:17","date_gmt":"2025-08-27T12:12:17","guid":{"rendered":"https:\/\/ancestralroute.com\/producto\/landscaping-harmony-between-nature-and-design\/"},"modified":"2025-08-27T12:12:17","modified_gmt":"2025-08-27T12:12:17","slug":"landscaping-harmony-between-nature-and-design","status":"publish","type":"product","link":"https:\/\/ancestralroute.com\/en\/producto\/landscaping-harmony-between-nature-and-design\/","title":{"rendered":"Landscaping \u2013 Harmony between nature and design"},"content":{"rendered":"<p>Turn your garden into a space of calm and harmony, where nature and design coexist in balance. At Ancestral Route, we create outdoor spaces that exude calm, beauty and balance. Inspired by Eastern and Mediterranean traditions, we design gardens that integrate stone, water, vegetation and decorative elements to transform any space into a haven of serenity. Each project is tailored to the client&#8217;s environment and lifestyle, combining aesthetics, functionality and sustainability.   <\/p>\n","protected":false},"excerpt":{"rendered":"<p>Dise\u00f1o de jardines y espacios exteriores con inspiraci\u00f3n oriental y mediterr\u00e1nea. Belleza, equilibrio y armon\u00eda adaptados a cada cliente. <\/p>\n","protected":false},"featured_media":1607,"template":"","meta":{"_acf_changed":false},"product_brand":[],"product_cat":[155],"product_tag":[],"class_list":{"0":"post-3895","1":"product","2":"type-product","3":"status-publish","4":"has-post-thumbnail","6":"product_cat-landscaping","8":"first","9":"outofstock","10":"taxable","11":"shipping-taxable","12":"product-type-simple"},"acf":[],"yoast_head":"<!-- This site is optimized with the Yoast SEO plugin v26.7 - https:\/\/yoast.com\/wordpress\/plugins\/seo\/ -->\n<title>Landscaping \u2013 Harmony between nature and design - Ancestral route<\/title>\n<meta name=\"robots\" content=\"index, follow, max-snippet:-1, max-image-preview:large, max-video-preview:-1\" \/>\n<link rel=\"canonical\" href=\"https:\/\/ancestralroute.com\/en\/producto\/landscaping-harmony-between-nature-and-design\/\" \/>\n<meta property=\"og:locale\" content=\"en_US\" \/>\n<meta property=\"og:type\" content=\"article\" \/>\n<meta property=\"og:title\" content=\"Landscaping \u2013 Harmony between nature and design - Ancestral route\" \/>\n<meta property=\"og:description\" content=\"Dise\u00f1o de jardines y espacios exteriores con inspiraci\u00f3n oriental y mediterr\u00e1nea. Belleza, equilibrio y armon\u00eda adaptados a cada cliente.\" \/>\n<meta property=\"og:url\" content=\"https:\/\/ancestralroute.com\/en\/producto\/landscaping-harmony-between-nature-and-design\/\" \/>\n<meta property=\"og:site_name\" content=\"Ancestral route\" \/>\n<meta property=\"og:image\" content=\"https:\/\/ancestralroute.com\/wp-content\/uploads\/2025\/07\/Paisajismo.jpg\" \/>\n\t<meta property=\"og:image:width\" content=\"600\" \/>\n\t<meta property=\"og:image:height\" content=\"600\" \/>\n\t<meta property=\"og:image:type\" content=\"image\/jpeg\" \/>\n<meta name=\"twitter:card\" content=\"summary_large_image\" \/>\n<script type=\"application\/ld+json\" class=\"yoast-schema-graph\">{\"@context\":\"https:\/\/schema.org\",\"@graph\":[{\"@type\":\"WebPage\",\"@id\":\"https:\/\/ancestralroute.com\/en\/producto\/landscaping-harmony-between-nature-and-design\/\",\"url\":\"https:\/\/ancestralroute.com\/en\/producto\/landscaping-harmony-between-nature-and-design\/\",\"name\":\"Landscaping \u2013 Harmony between nature and design - Ancestral route\",\"isPartOf\":{\"@id\":\"https:\/\/ancestralroute.com\/en\/#website\"},\"primaryImageOfPage\":{\"@id\":\"https:\/\/ancestralroute.com\/en\/producto\/landscaping-harmony-between-nature-and-design\/#primaryimage\"},\"image\":{\"@id\":\"https:\/\/ancestralroute.com\/en\/producto\/landscaping-harmony-between-nature-and-design\/#primaryimage\"},\"thumbnailUrl\":\"https:\/\/ancestralroute.com\/wp-content\/uploads\/2025\/07\/Paisajismo.jpg\",\"datePublished\":\"2025-08-27T12:12:17+00:00\",\"breadcrumb\":{\"@id\":\"https:\/\/ancestralroute.com\/en\/producto\/landscaping-harmony-between-nature-and-design\/#breadcrumb\"},\"inLanguage\":\"en-US\",\"potentialAction\":[{\"@type\":\"ReadAction\",\"target\":[\"https:\/\/ancestralroute.com\/en\/producto\/landscaping-harmony-between-nature-and-design\/\"]}]},{\"@type\":\"ImageObject\",\"inLanguage\":\"en-US\",\"@id\":\"https:\/\/ancestralroute.com\/en\/producto\/landscaping-harmony-between-nature-and-design\/#primaryimage\",\"url\":\"https:\/\/ancestralroute.com\/wp-content\/uploads\/2025\/07\/Paisajismo.jpg\",\"contentUrl\":\"https:\/\/ancestralroute.com\/wp-content\/uploads\/2025\/07\/Paisajismo.jpg\",\"width\":600,\"height\":600},{\"@type\":\"BreadcrumbList\",\"@id\":\"https:\/\/ancestralroute.com\/en\/producto\/landscaping-harmony-between-nature-and-design\/#breadcrumb\",\"itemListElement\":[{\"@type\":\"ListItem\",\"position\":1,\"name\":\"Home\",\"item\":\"https:\/\/ancestralroute.com\/en\/home\/\"},{\"@type\":\"ListItem\",\"position\":2,\"name\":\"Shop\",\"item\":\"https:\/\/ancestralroute.com\/en\/shop\/\"},{\"@type\":\"ListItem\",\"position\":3,\"name\":\"Landscaping \u2013 Harmony between nature and design\"}]},{\"@type\":\"WebSite\",\"@id\":\"https:\/\/ancestralroute.com\/en\/#website\",\"url\":\"https:\/\/ancestralroute.com\/en\/\",\"name\":\"Ancestral route\",\"description\":\"\",\"potentialAction\":[{\"@type\":\"SearchAction\",\"target\":{\"@type\":\"EntryPoint\",\"urlTemplate\":\"https:\/\/ancestralroute.com\/en\/?s={search_term_string}\"},\"query-input\":{\"@type\":\"PropertyValueSpecification\",\"valueRequired\":true,\"valueName\":\"search_term_string\"}}],\"inLanguage\":\"en-US\"}]}<\/script>\n<!-- \/ Yoast SEO plugin. -->","yoast_head_json":{"title":"Landscaping \u2013 Harmony between nature and design - Ancestral route","robots":{"index":"index","follow":"follow","max-snippet":"max-snippet:-1","max-image-preview":"max-image-preview:large","max-video-preview":"max-video-preview:-1"},"canonical":"https:\/\/ancestralroute.com\/en\/producto\/landscaping-harmony-between-nature-and-design\/","og_locale":"en_US","og_type":"article","og_title":"Landscaping \u2013 Harmony between nature and design - Ancestral route","og_description":"Dise\u00f1o de jardines y espacios exteriores con inspiraci\u00f3n oriental y mediterr\u00e1nea. Belleza, equilibrio y armon\u00eda adaptados a cada cliente.","og_url":"https:\/\/ancestralroute.com\/en\/producto\/landscaping-harmony-between-nature-and-design\/","og_site_name":"Ancestral route","og_image":[{"width":600,"height":600,"url":"https:\/\/ancestralroute.com\/wp-content\/uploads\/2025\/07\/Paisajismo.jpg","type":"image\/jpeg"}],"twitter_card":"summary_large_image","schema":{"@context":"https:\/\/schema.org","@graph":[{"@type":"WebPage","@id":"https:\/\/ancestralroute.com\/en\/producto\/landscaping-harmony-between-nature-and-design\/","url":"https:\/\/ancestralroute.com\/en\/producto\/landscaping-harmony-between-nature-and-design\/","name":"Landscaping \u2013 Harmony between nature and design - Ancestral route","isPartOf":{"@id":"https:\/\/ancestralroute.com\/en\/#website"},"primaryImageOfPage":{"@id":"https:\/\/ancestralroute.com\/en\/producto\/landscaping-harmony-between-nature-and-design\/#primaryimage"},"image":{"@id":"https:\/\/ancestralroute.com\/en\/producto\/landscaping-harmony-between-nature-and-design\/#primaryimage"},"thumbnailUrl":"https:\/\/ancestralroute.com\/wp-content\/uploads\/2025\/07\/Paisajismo.jpg","datePublished":"2025-08-27T12:12:17+00:00","breadcrumb":{"@id":"https:\/\/ancestralroute.com\/en\/producto\/landscaping-harmony-between-nature-and-design\/#breadcrumb"},"inLanguage":"en-US","potentialAction":[{"@type":"ReadAction","target":["https:\/\/ancestralroute.com\/en\/producto\/landscaping-harmony-between-nature-and-design\/"]}]},{"@type":"ImageObject","inLanguage":"en-US","@id":"https:\/\/ancestralroute.com\/en\/producto\/landscaping-harmony-between-nature-and-design\/#primaryimage","url":"https:\/\/ancestralroute.com\/wp-content\/uploads\/2025\/07\/Paisajismo.jpg","contentUrl":"https:\/\/ancestralroute.com\/wp-content\/uploads\/2025\/07\/Paisajismo.jpg","width":600,"height":600},{"@type":"BreadcrumbList","@id":"https:\/\/ancestralroute.com\/en\/producto\/landscaping-harmony-between-nature-and-design\/#breadcrumb","itemListElement":[{"@type":"ListItem","position":1,"name":"Home","item":"https:\/\/ancestralroute.com\/en\/home\/"},{"@type":"ListItem","position":2,"name":"Shop","item":"https:\/\/ancestralroute.com\/en\/shop\/"},{"@type":"ListItem","position":3,"name":"Landscaping \u2013 Harmony between nature and design"}]},{"@type":"WebSite","@id":"https:\/\/ancestralroute.com\/en\/#website","url":"https:\/\/ancestralroute.com\/en\/","name":"Ancestral route","description":"","potentialAction":[{"@type":"SearchAction","target":{"@type":"EntryPoint","urlTemplate":"https:\/\/ancestralroute.com\/en\/?s={search_term_string}"},"query-input":{"@type":"PropertyValueSpecification","valueRequired":true,"valueName":"search_term_string"}}],"inLanguage":"en-US"}]}},"_links":{"self":[{"href":"https:\/\/ancestralroute.com\/en\/wp-json\/wp\/v2\/product\/3895","targetHints":{"allow":["GET"]}}],"collection":[{"href":"https:\/\/ancestralroute.com\/en\/wp-json\/wp\/v2\/product"}],"about":[{"href":"https:\/\/ancestralroute.com\/en\/wp-json\/wp\/v2\/types\/product"}],"wp:featuredmedia":[{"embeddable":true,"href":"https:\/\/ancestralroute.com\/en\/wp-json\/wp\/v2\/media\/1607"}],"wp:attachment":[{"href":"https:\/\/ancestralroute.com\/en\/wp-json\/wp\/v2\/media?parent=3895"}],"wp:term":[{"taxonomy":"product_brand","embeddable":true,"href":"https:\/\/ancestralroute.com\/en\/wp-json\/wp\/v2\/product_brand?post=3895"},{"taxonomy":"product_cat","embeddable":true,"href":"https:\/\/ancestralroute.com\/en\/wp-json\/wp\/v2\/product_cat?post=3895"},{"taxonomy":"product_tag","embeddable":true,"href":"https:\/\/ancestralroute.com\/en\/wp-json\/wp\/v2\/product_tag?post=3895"}],"curies":[{"name":"wp","href":"https:\/\/api.w.org\/{rel}","templated":true}]}}