{"id":2133,"date":"2025-06-19T09:32:21","date_gmt":"2025-06-19T09:32:21","guid":{"rendered":"https:\/\/ancestralroute.com\/avis-legal\/"},"modified":"2025-12-18T11:13:41","modified_gmt":"2025-12-18T11:13:41","slug":"avis-legal","status":"publish","type":"page","link":"https:\/\/ancestralroute.com\/fr\/avis-legal\/","title":{"rendered":"Avis l\u00e9gal."},"content":{"rendered":"<p><strong>Propri\u00e9taire du site web et donn\u00e9es de contact de contact.<\/strong><\/p>\n<p>www.ancestralroute.com est un nom de domaine sur Internet d\u00e9tenu par ARQ-INT Personal Project SL (ci-apr\u00e8s ANCESTRAL ROUTE) avec le CIF\/NIF B22826408 et domicili\u00e9 \u00e0 Ronda d&rsquo;Europa, 35 &#8211; 08800 VILANOVA I LA GELTR\u00da (BARCELONE).<\/p>\n<p>L&rsquo;objectif du site web est de fournir des informations commerciales sur les produits que nous distribuons, ainsi que d&rsquo;ouvrir un canal de contact entre le client potentiel et le client, par l&rsquo;interm\u00e9diaire de ce site web.<\/p>\n<p>N&rsquo;h\u00e9sitez pas \u00e0 nous contacter :<\/p>\n<ul>\n<li>Par t\u00e9l\u00e9phone, au num\u00e9ro +34 621 440 130<\/li>\n<li>Par courrier \u00e9lectronique, en \u00e9crivant \u00e0 info@ancestralroute.com<\/li>\n<li>Par \u00e9crit, en s&rsquo;adressant \u00e0 ANCESTRAL ROUTE, Ronda d&rsquo;Europa, 35 &#8211; 08800 VILANOVA I LA GELTR\u00da (BARCELONE).<\/li>\n<\/ul>\n<p>Pour toute clarification, n&rsquo;h\u00e9sitez pas \u00e0 contacter ANCESTRAL ROUTE, ci-apr\u00e8s le propri\u00e9taire du site web.<\/p>\n<p><strong>Conditions d&rsquo;utilisation du site web.<\/strong><\/p>\n<p>Les conditions d&rsquo;utilisation r\u00e9glementent l&rsquo;acc\u00e8s \u00e0 ce site webpar les clients du le propri\u00e9taire et autres utilisateurs. par les clients du propri\u00e9taire du site et autres Internetutilisateurs. Par le nombre utilisationde ce site web, l utilisateur manifeste son acceptation sans r\u00e9serve des pr\u00e9sentes conditions de l&rsquo;utilisation. <\/p>\n<p>Le propri\u00e9taire du site web se r\u00e9serve le droit unilat\u00e9ral de modifier les conditions actuelles conditions d&rsquo;acc\u00e8s au site web, ainsi as les contenus dans il inclus.<\/p>\n<p><strong>Limitation et exclusion de responsabilit\u00e9<\/strong><\/p>\n<p>Le contenu de ce site web est de nature g\u00e9n\u00e9rale et a un but et des effets exclusivement informatifs. Le propri\u00e9taire du site d\u00e9cline toute responsabilit\u00e9 pour les informations qu&rsquo;il n&rsquo;a pas cr\u00e9\u00e9es ou qui ont \u00e9t\u00e9 publi\u00e9es en son nom d&rsquo;une mani\u00e8re non autoris\u00e9e par lui, ainsi que toute responsabilit\u00e9 d\u00e9coulant de l&rsquo;utilisation abusive des contenus par des tiers. <\/p>\n<p>L&rsquo;utilisateur exon\u00e8re le propri\u00e9taire du site web de toute responsabilit\u00e9 qui pourrait d\u00e9river des interruptions de disponibilit\u00e9 du site web, d\u00e9j\u00e0 que ce soit par mauvais fonctionnement du serveurweb ou des applications, des infrastructures de communications, ou des logiciels et mat\u00e9riels utilis\u00e9s pour la navigation.<\/p>\n<p>Dans le cas de incluredes liens vers d&rsquo;autres pagesweb, le propri\u00e9taire du site web toute responsabilit\u00e9 relative \u00e0 l&rsquo;acc\u00e8s \u00e0 et l&rsquo;utilisation de ces liens.<\/p>\n<p><strong>Propri\u00e9t\u00e9 intellectuelle et industrielle.<\/strong><\/p>\n<p>La entit\u00e9 de ce site web est prot\u00e9g\u00e9e par les lois sur la propri\u00e9t\u00e9 intellectuelle et industrielle. Sauf autrement indiqu\u00e9, les droits de propri\u00e9t\u00e9 intellectuels sur ces contenus sont d\u00e9tenus exclusivement par le propri\u00e9taire du site web. L&rsquo;utilisateur reconna\u00eet que l&rsquo; utilisationdes contenus contenus est strictementlimit\u00e9. limit\u00e9 \u00e0 des fins personnelles de propre utilisateur et que la reproduction, distribution, communication ou transformation non express\u00e9ment autoris\u00e9e de ces \u0153uvres, constitue. constitue une infraction aux les droitsde propri\u00e9t\u00e9 intellectuelle propri\u00e9t\u00e9.  <\/p>\n<p>En outre, le utilisateur doit s&rsquo;abstenir d&rsquo;utiliser le contenu et, en particulier, les informations de n&rsquo;importe quel type obtenues \u00e0 partir de par le site web publicit\u00e9, communications \u00e0 des fins directes de marketing ou pour tout autre classe de commercial fins, messages non sollicit\u00e9s adress\u00e9s \u00e0 a pluralit\u00e9 de personnes avec ind\u00e9pendance de leur but. Egalement s&rsquo;abstiennentde commercialiser ou divulguer de n&rsquo;importe quelle mani\u00e8re ces informations. <\/p>\n<p>www.ancestralroute.com est un domaine du propri\u00e9taire du site. Il ne peut \u00eatre utilis\u00e9, sauf avec express autorisation express prioritaire, en connexion avec d&rsquo;autres produits ou services qui ne sont pas de le propri\u00e9taire du site web de n&rsquo;importe quelle mani\u00e8re. mani\u00e8re qui pourrait causer confusion parmi nos clients ou discr\u00e9diter du le propri\u00e9taire du site web. <\/p>\n<p><strong>Politique de lien vers ce site<\/strong><\/p>\n<p>Si toute utilisateur, entit\u00e9 ou site web souhaite \u00e9tablir quelque type de lien avec destination vers ce site doit demander l&rsquo;autorisation avant la r\u00e9alisation dulien et par l&rsquo;\u00e9criture.<\/p>\n<p>En outre, seul est autoris\u00e9 \u00e0 \u00e9tablir un lien vers la page d&rsquo;accueil du site web de d\u00e9part. Le lien doit \u00eatre absolu et complet, c&rsquo;est dire, doit amener l&rsquo;utilisateur \u00e0 l&rsquo;propri\u00e9t\u00e9 adresse de propri\u00e9taire du site web, comprenant comprenant l&rsquo;extension de l&rsquo;\u00e9cran de la page qui contient le lien. Dans aucun cas, sauf avec expressautorisation et par \u00e9criture de lepropri\u00e9taire du site, la page que vous faites le lien peut reproduire de n&rsquo;importe quelle mani\u00e8re le site web propri\u00e9taire du site, l&rsquo;inclure en tant que partie de son site web ou dans unde ses cadres sur n&rsquo;importe laquelledes pagesou contenusdu pr\u00e9sent site web.  <\/p>\n<p>Aucune d\u00e9claration n&rsquo;est manifestation faux, inexactes ou incorrectes concernant les pagesde cesite web ou les servicesde luiofferts.<\/p>\n<p>Le lien ne doit pas contenir aucun nom de marque, nom commercial, nom de \u00e9tablissement, d\u00e9nomination, logo, slogan ou autres signes distinctifs appartenant \u00e0 le propri\u00e9taire du site web.<\/p>\n<p>En aucun circonstances, le propri\u00e9taire du site web est responsable du contenu ou services affich\u00e9s\u00e0 disposition \u00e0 dupublic sur le site web site web. page web \u00e0 partir de laquelle le la hyperlien est faite ou des informations ou manifestations incluses dans la m\u00eame.<\/p>\n<p><strong>Protection des donn\u00e9es personnelles donn\u00e9es.<\/strong><\/p>\n<p>L&rsquo;utilisation de ce site web et de ses formulaires exige l&rsquo;acceptation de le traitement de les donn\u00e9es de l&rsquo;utilisateur conform\u00e9ment \u00e0 notre politique sur la confidentialit\u00e9, y compris la collecte de donn\u00e9es pour l&rsquo;acc\u00e8s et la envoi de informations commerciales informations par voie \u00e9lectronique.<\/p>\n<p>Lisez profond\u00e9ment notre politique de confidentialit\u00e9pour savoir comment nous utilisons les donn\u00e9es des les utilisateurs et comment exercer les droits d&rsquo;acc\u00e8s, rectification, annulation et opposition.<\/p>\n<p><strong>Cookies<\/strong><\/p>\n<p>Ce site web utilise ses propres cookies et ceux de tiers \u00e0 diverses fins, y compris l&rsquo;analyse et la publicit\u00e9 adapt\u00e9es aux int\u00e9r\u00eats de l&rsquo;utilisateur. La simple utilisation de ce site web avec des cookies activ\u00e9s dans le navigateur implique l&rsquo;acceptation de leur traitement conform\u00e9ment \u00e0 notre politique en mati\u00e8re de cookies. <\/p>\n<p>Veuillez lire attentivement notre politique en mati\u00e8re de cookies pour conna\u00eetre les types de cookies utilis\u00e9s et savoir comment les bloquer et les supprimer dans votre navigateur.<\/p>\n<p><strong>Pr\u00e9valence de la version espagnole version.<\/strong><\/p>\n<p>En cas de traduction de cet avis juridique dans d&rsquo;autres langues, lorsque il y a discr\u00e9pance, la version espagnole pr\u00e9vaudra.<\/p>\n<p><strong>Droit applicable et juridiction<\/strong><\/p>\n<p>Le pr\u00e9sent avis juridique, ainsi que les relations entre le propri\u00e9taire du site web et les utilisateurs, sont r\u00e9gis par la l\u00e9gislation espagnole en vigueur et tout litige sera soumis aux cours et tribunaux de BARCELONE, sauf dans le cas des consommateurs et des utilisateurs, qui seront soumis \u00e0 la juridiction des tribunaux correspondant \u00e0 leur domicile.<\/p>\n","protected":false},"excerpt":{"rendered":"<p>Propri\u00e9taire du site web et donn\u00e9es de contact de contact. www.ancestralroute.com est un nom de domaine sur Internet d\u00e9tenu par ARQ-INT Personal Project SL (ci-apr\u00e8s ANCESTRAL ROUTE) avec le CIF\/NIF B22826408 et domicili\u00e9 \u00e0 Ronda d&rsquo;Europa, 35 &#8211; 08800 VILANOVA I LA GELTR\u00da (BARCELONE). L&rsquo;objectif du site web est de fournir des informations commerciales sur  [&#8230;]<\/p>\n","protected":false},"author":1,"featured_media":0,"parent":0,"menu_order":0,"comment_status":"closed","ping_status":"closed","template":"","meta":{"_acf_changed":false,"footnotes":""},"tipus":[],"class_list":["post-2133","page","type-page","status-publish","hentry"],"acf":[],"yoast_head":"<!-- This site is optimized with the Yoast SEO plugin v26.7 - https:\/\/yoast.com\/wordpress\/plugins\/seo\/ -->\n<title>Avis l\u00e9gal. - Ancestral route<\/title>\n<meta name=\"robots\" content=\"index, follow, max-snippet:-1, max-image-preview:large, max-video-preview:-1\" \/>\n<link rel=\"canonical\" href=\"https:\/\/ancestralroute.com\/fr\/avis-legal\/\" \/>\n<meta property=\"og:locale\" content=\"fr_FR\" \/>\n<meta property=\"og:type\" content=\"article\" \/>\n<meta property=\"og:title\" content=\"Avis l\u00e9gal. - Ancestral route\" \/>\n<meta property=\"og:description\" content=\"Propri\u00e9taire du site web et donn\u00e9es de contact de contact. www.ancestralroute.com est un nom de domaine sur Internet d\u00e9tenu par ARQ-INT Personal Project SL (ci-apr\u00e8s ANCESTRAL ROUTE) avec le CIF\/NIF B22826408 et domicili\u00e9 \u00e0 Ronda d&rsquo;Europa, 35 &#8211; 08800 VILANOVA I LA GELTR\u00da (BARCELONE). L&rsquo;objectif du site web est de fournir des informations commerciales sur [...]\" \/>\n<meta property=\"og:url\" content=\"https:\/\/ancestralroute.com\/fr\/avis-legal\/\" \/>\n<meta property=\"og:site_name\" content=\"Ancestral route\" \/>\n<meta property=\"article:modified_time\" content=\"2025-12-18T11:13:41+00:00\" \/>\n<meta name=\"twitter:card\" content=\"summary_large_image\" \/>\n<meta name=\"twitter:label1\" content=\"Dur\u00e9e de lecture estim\u00e9e\" \/>\n\t<meta name=\"twitter:data1\" content=\"5 minutes\" \/>\n<script type=\"application\/ld+json\" class=\"yoast-schema-graph\">{\"@context\":\"https:\/\/schema.org\",\"@graph\":[{\"@type\":\"WebPage\",\"@id\":\"https:\/\/ancestralroute.com\/fr\/avis-legal\/\",\"url\":\"https:\/\/ancestralroute.com\/fr\/avis-legal\/\",\"name\":\"Avis l\u00e9gal. - Ancestral route\",\"isPartOf\":{\"@id\":\"https:\/\/ancestralroute.com\/fr\/#website\"},\"datePublished\":\"2025-06-19T09:32:21+00:00\",\"dateModified\":\"2025-12-18T11:13:41+00:00\",\"breadcrumb\":{\"@id\":\"https:\/\/ancestralroute.com\/fr\/avis-legal\/#breadcrumb\"},\"inLanguage\":\"fr-FR\",\"potentialAction\":[{\"@type\":\"ReadAction\",\"target\":[\"https:\/\/ancestralroute.com\/fr\/avis-legal\/\"]}]},{\"@type\":\"BreadcrumbList\",\"@id\":\"https:\/\/ancestralroute.com\/fr\/avis-legal\/#breadcrumb\",\"itemListElement\":[{\"@type\":\"ListItem\",\"position\":1,\"name\":\"Accueil\",\"item\":\"https:\/\/ancestralroute.com\/fr\/\"},{\"@type\":\"ListItem\",\"position\":2,\"name\":\"Avis l\u00e9gal.\"}]},{\"@type\":\"WebSite\",\"@id\":\"https:\/\/ancestralroute.com\/fr\/#website\",\"url\":\"https:\/\/ancestralroute.com\/fr\/\",\"name\":\"Ancestral route\",\"description\":\"\",\"potentialAction\":[{\"@type\":\"SearchAction\",\"target\":{\"@type\":\"EntryPoint\",\"urlTemplate\":\"https:\/\/ancestralroute.com\/fr\/?s={search_term_string}\"},\"query-input\":{\"@type\":\"PropertyValueSpecification\",\"valueRequired\":true,\"valueName\":\"search_term_string\"}}],\"inLanguage\":\"fr-FR\"}]}<\/script>\n<!-- \/ Yoast SEO plugin. -->","yoast_head_json":{"title":"Avis l\u00e9gal. - Ancestral route","robots":{"index":"index","follow":"follow","max-snippet":"max-snippet:-1","max-image-preview":"max-image-preview:large","max-video-preview":"max-video-preview:-1"},"canonical":"https:\/\/ancestralroute.com\/fr\/avis-legal\/","og_locale":"fr_FR","og_type":"article","og_title":"Avis l\u00e9gal. - Ancestral route","og_description":"Propri\u00e9taire du site web et donn\u00e9es de contact de contact. www.ancestralroute.com est un nom de domaine sur Internet d\u00e9tenu par ARQ-INT Personal Project SL (ci-apr\u00e8s ANCESTRAL ROUTE) avec le CIF\/NIF B22826408 et domicili\u00e9 \u00e0 Ronda d&rsquo;Europa, 35 &#8211; 08800 VILANOVA I LA GELTR\u00da (BARCELONE). L&rsquo;objectif du site web est de fournir des informations commerciales sur [...]","og_url":"https:\/\/ancestralroute.com\/fr\/avis-legal\/","og_site_name":"Ancestral route","article_modified_time":"2025-12-18T11:13:41+00:00","twitter_card":"summary_large_image","twitter_misc":{"Dur\u00e9e de lecture estim\u00e9e":"5 minutes"},"schema":{"@context":"https:\/\/schema.org","@graph":[{"@type":"WebPage","@id":"https:\/\/ancestralroute.com\/fr\/avis-legal\/","url":"https:\/\/ancestralroute.com\/fr\/avis-legal\/","name":"Avis l\u00e9gal. - Ancestral route","isPartOf":{"@id":"https:\/\/ancestralroute.com\/fr\/#website"},"datePublished":"2025-06-19T09:32:21+00:00","dateModified":"2025-12-18T11:13:41+00:00","breadcrumb":{"@id":"https:\/\/ancestralroute.com\/fr\/avis-legal\/#breadcrumb"},"inLanguage":"fr-FR","potentialAction":[{"@type":"ReadAction","target":["https:\/\/ancestralroute.com\/fr\/avis-legal\/"]}]},{"@type":"BreadcrumbList","@id":"https:\/\/ancestralroute.com\/fr\/avis-legal\/#breadcrumb","itemListElement":[{"@type":"ListItem","position":1,"name":"Accueil","item":"https:\/\/ancestralroute.com\/fr\/"},{"@type":"ListItem","position":2,"name":"Avis l\u00e9gal."}]},{"@type":"WebSite","@id":"https:\/\/ancestralroute.com\/fr\/#website","url":"https:\/\/ancestralroute.com\/fr\/","name":"Ancestral route","description":"","potentialAction":[{"@type":"SearchAction","target":{"@type":"EntryPoint","urlTemplate":"https:\/\/ancestralroute.com\/fr\/?s={search_term_string}"},"query-input":{"@type":"PropertyValueSpecification","valueRequired":true,"valueName":"search_term_string"}}],"inLanguage":"fr-FR"}]}},"_links":{"self":[{"href":"https:\/\/ancestralroute.com\/fr\/wp-json\/wp\/v2\/pages\/2133","targetHints":{"allow":["GET"]}}],"collection":[{"href":"https:\/\/ancestralroute.com\/fr\/wp-json\/wp\/v2\/pages"}],"about":[{"href":"https:\/\/ancestralroute.com\/fr\/wp-json\/wp\/v2\/types\/page"}],"author":[{"embeddable":true,"href":"https:\/\/ancestralroute.com\/fr\/wp-json\/wp\/v2\/users\/1"}],"replies":[{"embeddable":true,"href":"https:\/\/ancestralroute.com\/fr\/wp-json\/wp\/v2\/comments?post=2133"}],"version-history":[{"count":3,"href":"https:\/\/ancestralroute.com\/fr\/wp-json\/wp\/v2\/pages\/2133\/revisions"}],"predecessor-version":[{"id":3995,"href":"https:\/\/ancestralroute.com\/fr\/wp-json\/wp\/v2\/pages\/2133\/revisions\/3995"}],"wp:attachment":[{"href":"https:\/\/ancestralroute.com\/fr\/wp-json\/wp\/v2\/media?parent=2133"}],"wp:term":[{"taxonomy":"tipus","embeddable":true,"href":"https:\/\/ancestralroute.com\/fr\/wp-json\/wp\/v2\/tipus?post=2133"}],"curies":[{"name":"wp","href":"https:\/\/api.w.org\/{rel}","templated":true}]}}