{"id":2145,"date":"2025-06-19T09:35:30","date_gmt":"2025-06-19T09:35:30","guid":{"rendered":"https:\/\/ancestralroute.com\/politique-en-matiere-de-cookies\/"},"modified":"2025-11-07T08:42:32","modified_gmt":"2025-11-07T08:42:32","slug":"politique-en-matiere-de-cookies","status":"publish","type":"page","link":"https:\/\/ancestralroute.com\/fr\/politique-en-matiere-de-cookies\/","title":{"rendered":"Politique en mati\u00e8re de cookies."},"content":{"rendered":"<div class=\"fusion-fullwidth fullwidth-box fusion-builder-row-1 fusion-flex-container has-pattern-background has-mask-background nonhundred-percent-fullwidth non-hundred-percent-height-scrolling\" style=\"--awb-border-radius-top-left:0px;--awb-border-radius-top-right:0px;--awb-border-radius-bottom-right:0px;--awb-border-radius-bottom-left:0px;--awb-flex-wrap:wrap;\" ><div class=\"fusion-builder-row fusion-row fusion-flex-align-items-flex-start fusion-flex-content-wrap\" style=\"max-width:1216.8px;margin-left: calc(-4% \/ 2 );margin-right: calc(-4% \/ 2 );\"><div class=\"fusion-layout-column fusion_builder_column fusion-builder-column-0 fusion_builder_column_1_1 1_1 fusion-flex-column\" style=\"--awb-bg-size:cover;--awb-width-large:100%;--awb-margin-top-large:20px;--awb-spacing-right-large:1.92%;--awb-margin-bottom-large:20px;--awb-spacing-left-large:1.92%;--awb-width-medium:100%;--awb-order-medium:0;--awb-spacing-right-medium:1.92%;--awb-spacing-left-medium:1.92%;--awb-width-small:100%;--awb-order-small:0;--awb-spacing-right-small:1.92%;--awb-spacing-left-small:1.92%;\"><div class=\"fusion-column-wrapper fusion-column-has-shadow fusion-flex-justify-content-flex-start fusion-content-layout-column\"><div class=\"fusion-text fusion-text-1\"><p>Politique en mati\u00e8re de cookies<br \/>\nLa navigation sur ce site web avec des cookies et des m\u00e9canismes de stockage local activ\u00e9s implique l&rsquo;acceptation de leur utilisation conform\u00e9ment \u00e0 cette politique. Si vous n&rsquo;acceptez pas, vous pouvez configurer votre navigateur pour emp\u00eacher leur utilisation.<\/p>\n<p>Les cookies et le stockage local font partie de la technologie n\u00e9cessaire au fonctionnement d&rsquo;un site web et ne sont pas nuisibles en soi, mais il est important que vous soyez conscient de leurs implications pour votre vie priv\u00e9e.<\/p>\n<p>Cette politique fait partie de notre politique de confidentialit\u00e9 et inclut les suivantes :<\/p>\n<ul>\n<li>Qu&rsquo;est-ce qu&rsquo;un cookie ?<\/li>\n<li>\u00c0 quoi servent les cookies ?<\/li>\n<li>Qu&rsquo;est-ce que le stockage local ?<\/li>\n<li>Qu&rsquo;est-ce qu&rsquo;un cookie de tiers ?<\/li>\n<li>Utilisation des navigateurs avec mode de navigation priv\u00e9.<\/li>\n<li>Comment emp\u00eacher la utilisation des cookies et comment supprimer les cookies ?<\/li>\n<\/ul>\n<p><strong>Qu&rsquo;est-ce qu&rsquo;un biscuit ?<\/strong><\/p>\n<p>Les cookies sont de petits fichiers temporaires qui sont cr\u00e9\u00e9s sur l&rsquo;appareil de l&rsquo;utilisateur (ordinateur, t\u00e9l\u00e9phone, tablette, etc.) lorsque vous visitez un site web, et qui permettent au site web de stocker des informations, par exemple, pour enregistrer vos pr\u00e9f\u00e9rences ou pour vous reconna\u00eetre lors de visites ult\u00e9rieures.<\/p>\n<p>Lorsque a site web cr\u00e9e a cookie sur le appareil de l&rsquo;utilisateur, il conserve le suivant :<\/p>\n<ul>\n<li>L&rsquo;adresse\/domaine du site web qui a cr\u00e9\u00e9 le cookie<\/li>\n<li>La dur\u00e9e du cookie, qui peut ran de scarce minutes \u00e0 plusieurs ann\u00e9es.<\/li>\n<li>Le contenu du cookie.<\/li>\n<\/ul>\n<p>L&rsquo;utilisateur peut \u00e0 tout moment configurer son programme de navigation pour emp\u00eacher (bloquer) l&rsquo;utilisation de cookiesparsp\u00e9cifiques webs, ainsi que supprimer les cookies stock\u00e9s pr\u00e9c\u00e9demment.<\/p>\n<p><strong>\u00c0 quoi servent les cookies ?<\/strong><\/p>\n<ul>\n<li>Cookies techniques essentiels. Ils sont utilis\u00e9s pour g\u00e9rer le flux de navigation \u00e0 l&rsquo;int\u00e9rieur du site web ou pour maintenir la connexion de l&rsquo;utilisateur. S&rsquo;ils sont d\u00e9sactiv\u00e9s, il est possible que certaines sections du site ne fonctionnent pas correctement.<\/li>\n<li>Cookies de personnalisation. N\u00e9cessaires pour se souvenir des pr\u00e9f\u00e9rences pr\u00e9f\u00e9rences de utilisateur.<\/li>\n<li>Cookies analytiques. Ils nous aident, ainsi que des tiers, \u00e0 collecter des informations sur l&rsquo;origine des utilisateurs et leur navigation sur le site, \u00e0 des fins d&rsquo;analyse statistique en vue d&rsquo;am\u00e9liorer la structure et le contenu.<\/li>\n<li>Cookies publicitaires. Utilis\u00e9s pour g\u00e9rer les publicit\u00e9s qui apparaissent sur le site web, d\u00e9cider du contenu ou de la fr\u00e9quence des les publicit\u00e9s.<\/li>\n<li>Publicit\u00e9 Cookies comportementaux. Aident \u00e0 collecter les navigationshabitudes de le utilisateur afin de cr\u00e9er un profil de leurs centres d&rsquo;int\u00e9r\u00eat. profil de leurs int\u00e9r\u00eats et de leur montrer des publicit\u00e9s adapt\u00e9es \u00e0 eux eux-m\u00eames.<\/li>\n<li>Cookies de partage social. Ils sont n\u00e9cessaires pour identifier l&rsquo;utilisateur sur ses r\u00e9seaux sociaux et de ce fait leur permettre de partager le contenu.<\/li>\n<\/ul>\n<p><strong>Qu&rsquo;est-ce que le stockage local ?<\/strong><\/p>\n<p>Par stockage local, nous entendons tout fichier cr\u00e9\u00e9 par le site web sur votre appareil de navigation. Les cookies sont une forme de stockage local, mais il en existe d&rsquo;autres, par exemple :<\/p>\n<ul>\n<li>Le storage local storage navigateur. Certains webs utilisent le stockage local appel\u00e9 \u00ab\u00a0sessionStorage\u00a0\u00bb et \u00ab\u00a0localStorage\u00a0\u00bb pour stocker les informations ; \u00ab\u00a0sessionStorage\u00a0\u00bb est supprim\u00e9 automatiquement lorsque il ferme le programme navigateur ; dans changement pour supprimer le \u00ab\u00a0localStorage\u00a0\u00bb le utilisateur doit supprimer lenavigateur.<\/li>\n<li>Le stockage local Flash (\u00ab\u00a0Flash Local Shared Objects\u00a0\u00bb). Flash est un compl\u00e9ment \u00e0 navigateur qui permet d&rsquo;incorporer \u00e9l\u00e9ments interactifs et multim\u00e9dias dans a site web. Flash a \u00e9galement permet au site web visit\u00e9 de stocker fichiers sur le appareil de l&rsquo;utilisateur.<\/li>\n<li>Le stockage local de Silverlight (\u00ab\u00a0objets isol\u00e9s\u00a0\u00bb). Silverlight est un plug-in de navigateur qui permet d&rsquo;int\u00e9grer des \u00e9l\u00e9ments interactifs et multim\u00e9dias dans un site web. Silverlight permet \u00e9galement au site web visit\u00e9 de stocker des fichiers sur l&rsquo;appareil de l&rsquo;utilisateur.<\/li>\n<li>La balise web est une technique de tra\u00e7age qui consiste \u00e0 ins\u00e9rer sur le web ou dans un courrier \u00e9lectronique une image h\u00e9berg\u00e9e sur un serveur Internet, de sorte que lorsque le navigateur ou le programme de courrier \u00e9lectronique se connecte au serveur pour t\u00e9l\u00e9charger et visualiser l&rsquo;image, l&rsquo;acc\u00e8s est enregistr\u00e9. Parfois, ces images sont tr\u00e8s petites ou transparentes, de sorte que l&rsquo;utilisateur ne se rend pas compte de leur existence.<\/li>\n<\/ul>\n<p><strong>Qu&rsquo;est-ce qu&rsquo;un cookie de tiers ?<\/strong><\/p>\n<p>De nombreux webs incorporent fonctions ou caract\u00e9ristiques fournies par tiers, tels, pour par exemple :<\/p>\n<ul>\n<li>Analyses de l&rsquo;acc\u00e8s et de l&rsquo;utilisation des pages.<\/li>\n<li>Cartes interactives.<\/li>\n<li>Vid\u00e9os et autres multim\u00e9dias.<\/li>\n<li>Boutons sociaux.<\/li>\n<li>La publicit\u00e9.<\/li>\n<\/ul>\n<p>Le fournisseur d&rsquo;une fonction ou d&rsquo;une caract\u00e9ristique peut utiliser des cookies et d&rsquo;autres technologies de stockage local en fonction de ses propres crit\u00e8res et objectifs. Certains fournisseurs utilisent des cookies et d&rsquo;autres technologies de suivi pour collecter des informations sur vos habitudes de navigation afin de vous pr\u00e9senter des publicit\u00e9s adapt\u00e9es \u00e0 vos centres d&rsquo;int\u00e9r\u00eat.<\/p>\n<p>La navigation par ce site web avec des cookies et storage locaux activ\u00e9s investit n\u00e9cessairement l&rsquo;acceptation des politiques de confidentialit\u00e9 \u00e9tablies par par la politique de confidentialit\u00e9. politiques de confidentialit\u00e9 \u00e9tablies par les fournisseurs des fonctions fonctions ou caract\u00e9ristiques suivantes :<\/p>\n<div class=\"table-1\">\n<p>.<br \/>\n.<\/p>\n<table width=\"100%\">\n<thead>\n<tr>\n<th align=\"left\">Fonction ou caract\u00e9ristique<\/th>\n<th align=\"left\">Fournisseur tiers de la fonction ou de la caract\u00e9ristique<\/th>\n<th align=\"left\">Politique de confidentialit\u00e9 du fournisseur tiers<\/th>\n<\/tr>\n<\/thead>\n<tbody>\n<tr>\n<td align=\"left\">Google Analytics<\/td>\n<td align=\"left\">Google, Inc<\/td>\n<td align=\"left\"><a href=\"https:\/\/www.google.com\/analytics\/learn\/privacy.html?hl=es\" target=\"_blank\" rel=\"noopener\">https:\/\/www.google.com\/analytics\/learn\/privacy.html?hl=es<\/a><\/td>\n<\/tr>\n<tr>\n<td align=\"left\">Google Maps, Youtube<\/td>\n<td align=\"left\">Google, Inc<\/td>\n<td align=\"left\"><a href=\"http:\/\/www.google.com\/intl\/es_es\/policies\/privacy\/\" target=\"_blank\" rel=\"noopener\">http:\/\/www.google.com\/intl\/es_es\/policies\/privacy\/<\/a><\/td>\n<\/tr>\n<tr>\n<td align=\"left\">Facebook Like<\/td>\n<td align=\"left\">Facebook, Inc<\/td>\n<td align=\"left\"><a href=\"https:\/\/es-es.facebook.com\/about\/privacy\" target=\"_blank\" rel=\"noopener\">https:\/\/es-es.facebook.com\/about\/privacy<\/a><\/td>\n<\/tr>\n<tr>\n<td align=\"left\">Functionnalit\u00e9s sociales de Twitter<\/td>\n<td align=\"left\">Twitter, Inc<\/td>\n<td align=\"left\"><a href=\"https:\/\/twitter.com\/privacy\" target=\"_blank\" rel=\"noopener\">https:\/\/twitter.com\/privacy<\/a><\/td>\n<\/tr>\n<tr>\n<td align=\"left\">Fonctionnalit\u00e9s sociales de Instagram<\/td>\n<td align=\"left\">Instagram, LLC<\/td>\n<td align=\"left\"><a href=\"https:\/\/instagram.com\/about\/legal\/privacy\/\" target=\"_blank\" rel=\"noopener\">https:\/\/instagram.com\/about\/legal\/privacy\/<\/a><\/td>\n<\/tr>\n<\/tbody>\n<\/table>\n<\/div>\n<p>\nCertaines de ces fonctions peuvent suivre comment vous naviguez avec le but de. de conna\u00eetre vos int\u00e9r\u00eats et de vous proposer des publicit\u00e9s adapt\u00e9es \u00e0 elles-m\u00eames elles-m\u00eames. Les cookies et le stockage local sont des outils qui aident \u00e0 collecter vos donn\u00e9es de navigation.<\/p>\n<p><strong>Utilisation des navigateurs avec mode de navigation priv\u00e9.<\/strong><\/p>\n<p>Si vous souhaitez utiliser ce site web avec un plus grand degr\u00e9 de confidentialit\u00e9 et limiter le stockage des cookies pendant de longues p\u00e9riodes, nous vous recommandons d&rsquo;utiliser un navigateur web dot\u00e9 d&rsquo;une option de navigation \u00ab\u00a0priv\u00e9e\u00a0\u00bb. Vous trouverez des informations sur cette option dans les pages d&rsquo;aide des principaux navigateurs :<\/p>\n<\/p>\n<div class=\"table-1\">\n<p>.<br \/>\n.<\/p>\n<p>http:\/\/help.opera.com\/Windows\/12.00\/es-ES\/private.html<\/p>\n<table width=\"100%\">\n<thead>\n<tr>\n<th align=\"left\">Navigateur<\/th>\n<th align=\"left\">Nom de la fonction de navigation priv\u00e9<\/th>\n<th align=\"left\">Obtenir plus informations<\/th>\n<\/tr>\n<\/thead>\n<tbody>\n<tr>\n<td align=\"left\">Internet Explorer 8 et sup\u00e9rieur<\/p>\n<p>Microsoft Edge<\/td>\n<td align=\"left\">InPrivate<\/td>\n<td align=\"left\"><a href=\"https:\/\/support.microsoft.com\/es-es\/products\/internet-explorer\">https:\/\/support.microsoft.com\/es-es\/products\/internet-explorer<\/a> (Explorer)<\/p>\n<p><a href=\"https:\/\/support.microsoft.com\/es-es\/instantanswers\/34b9a3a6-68bc-510b-2a9e-833107495ee5\/browse-inprivate-in-microsoft-edge\">https:\/\/support.microsoft.com\/es-es\/instantanswers\/34b9a3a6-68bc-510b-2a9e-833107495ee5\/browse-inprivate-in-microsoft-edge<\/a> (Microsoft Edge)<\/td>\n<\/tr>\n<tr>\n<td align=\"left\">Safari 2 et sup\u00e9rieur<\/td>\n<td align=\"left\">Navigation priv\u00e9<\/td>\n<td align=\"left\"><a href=\"https:\/\/support.apple.com\/es-es\/HT203036\" target=\"_blank\" rel=\"noopener\">https:\/\/support.apple.com\/es-es\/HT203036<\/a><\/td>\n<\/tr>\n<tr>\n<td align=\"left\">Opera 10.5 et sup\u00e9rieur<\/td>\n<td align=\"left\">Navigation priv\u00e9<\/td>\n<td align=\"left\"><a href=\"http:\/\/help.opera.com\/Windows\/12.00\/es-ES\/private.html\" target=\"_blank\" rel=\"noopener\">http:\/\/help.opera.com\/Windows\/12.00\/es-ES\/private.html<\/a><\/td>\n<\/tr>\n<tr>\n<td align=\"left\">FireFox 3.5 y sup\u00e9rieur<\/td>\n<td align=\"left\">Survol priv\u00e9<\/td>\n<td align=\"left\"><a href=\"https:\/\/support.mozilla.org\/es\/kb\/navegacion-privada-Firefox-no-guardar-historial-navegacion\" target=\"_blank\" rel=\"noopener\">https:\/\/support.mozilla.org\/es\/kb\/navegacion-privada-Firefox-no-guardar-historial-navegacion<\/a><\/td>\n<\/tr>\n<tr>\n<td align=\"left\">Google Chrome 10 et sup\u00e9rieur<\/td>\n<td align=\"left\">Survol priv\u00e9<\/td>\n<td align=\"left\"><a href=\"https:\/\/support.google.com\/chrome\/answer\/7005900?rd=1\" target=\"_blank\" rel=\"noopener\">https:\/\/support.google.com\/chrome\/answer\/7005900?rd=1<\/a><\/td>\n<\/tr>\n<\/tbody>\n<\/table>\n<\/div>\n<p>\n<div class=\"\"><\/div>\n<p><strong>Comment emp\u00eacher la utilisation des cookies et comment supprimer les cookies ?<\/strong><\/p>\n<p>La plupart des navigateurs vous permettent de d\u00e9sactiver les cookies de mani\u00e8re globale. De nombreux navigateurs permettent \u00e9galement de supprimer les cookies associ\u00e9s \u00e0 des sites web\/domaines sp\u00e9cifiques. Pour ce faire, les utilisateurs doivent consulter la section d&rsquo;aide de leur navigateur.<\/p>\n<p>Vous trouverez ci-dessous des liens vers les pages d&rsquo;aide des navigateurs les plus courants pour savoir comment configurer les cookies dans chacun d&rsquo;entre eux :<\/p>\n<ul>\n<li>Chrome: <a href=\"https:\/\/support.google.com\/chrome\/answer\/95647?hl=es\">https:\/\/support.google.com\/chrome\/answer\/95647?hl=es<\/a><\/li>\n<li>Explorer: <a href=\"https:\/\/support.microsoft.com\/es-es\/help\/17442\/windows-internet-explorer-delete-manage-cookies\">https:\/\/support.microsoft.com\/es-es\/help\/17442\/windows-internet-explorer-delete-manage-cookies<\/a><\/li>\n<li>Mictosoft Edge: <a href=\"https:\/\/privacy.microsoft.com\/es-ES\/windows-10-microsoft-edge-and-privacy\">https:\/\/privacy.microsoft.com\/es-ES\/windows-10-microsoft-edge-and-privacy<\/a><\/li>\n<li>Firefox: <a href=\"https:\/\/support.mozilla.org\/es\/kb\/habilitar-y-deshabilitar-cookies-sitios-web-rastrear-preferencias\">https:\/\/support.mozilla.org\/es\/kb\/habilitar-y-deshabilitar-cookies-sitios-web-rastrear-preferencias<\/a><\/li>\n<li>Safari: <a href=\"https:\/\/support.apple.com\/kb\/PH17191?viewlocale=es_ES&amp;\">https:\/\/support.apple.com\/kb\/PH17191?viewlocale=es_ES&amp;<\/a>;locale=es_ES<\/li>\n<li>Snafari for IOS: <a href=\"https:\/\/support.apple.com\/es-es\/HT201265\">https:\/\/support.apple.com\/es-es\/HT201265<\/a><\/li>\n<li>Opera: <a href=\"http:\/\/www.opera.com\/es\/help\">http:\/\/www.opera.com\/es\/help<\/a><\/li>\n<\/ul>\n<p>Certaines des informations peuvent \u00eatrestock\u00e9es dans le localstorage du navigateur ou dans le storage de Flash :<\/p>\n<ul>\n<li>Pour supprimer les donn\u00e9es stock\u00e9es dans le localstockage de lenavigateur, l utilisateur doit supprimer lhistorique de la navigation.<\/li>\n<li>Pour savoir comment supprimer le stockage local de Flash ou limiter l&rsquo;espace allou\u00e9, consultez les pages d&rsquo;aide d&rsquo;Adobe : <a href=\"http:\/\/www.macromedia.com\/support\/documentation\/en\/flashplayer\/help\/settings_manager07.html\">http:\/\/www.macromedia.com\/support\/documentation\/en\/flashplayer\/help\/settings_manager07.html<\/a>.<\/li>\n<\/ul>\n<p>Pour bloquer la utilisation de Google Analytics et de ses cookies :<\/p>\n<ul>\n<li>Le module compl\u00e9mentaire de navigateur pour la d\u00e9sactivation de Google Analytics peut \u00eatre t\u00e9l\u00e9charg\u00e9 \u00e0 l&rsquo;adresse <a href=\"https:\/\/tools.google.com\/dlpage\/gaoptout?hl=es\">https:\/\/tools.google.com\/dlpage\/gaoptout?hl=es<\/a>.<\/li>\n<\/ul>\n<p>Pour les autres navigateurs ainsi que pour toute clarification ou question concernant les cookies sur ce site web, vous pouvez nous contacter par courrier \u00e9lectronique \u00e0 l&rsquo;adresse info@aloewebs.com.<\/p>\n<p>Avis important : en cas de blocage des cookies, il est possible que des services sp\u00e9cifiques services ou fonctionnalit\u00e9s du site web ne fonctionnent correctement.<\/p>\n<p>Avec le butde aider les utilisateurs\u00e0 supprimer ou bloquer les cookies, il inclut une liste de ceux domaines et cookies qui sont activ\u00e9s lors de la navigation de ce site web. La majorit\u00e9 des navigateurs navigateurs permettent de bloquer ou de supprimer les cookies cr\u00e9\u00e9s par domaines sp\u00e9cifiques.<\/p>\n\n<div class=\"table-1\">\n<p>.<br \/>\n.<br \/>\n.<\/p>\n<table width=\"100%\">\n<thead>\n<tr>\n<th align=\"left\">Fonction ou caract\u00e9ristique et qui la fournit<\/th>\n<th align=\"left\">Cookies<\/th>\n<th align=\"left\">Domaine<\/th>\n<th align=\"left\">Persistance<\/th>\n<th align=\"left\">Objectif<\/th>\n<\/tr>\n<tr>\n<td align=\"left\">Cookies propres au site web n\u00e9cessaires pour son fonctionnement ou pour se souvenir d\u00e9termin\u00e9s. pr\u00e9f\u00e9rences de utilisateur<\/td>\n<td align=\"left\">Temporaire et persistant<\/td>\n<td align=\"left\">www. ancestralroute.com<\/td>\n<td align=\"left\">Semaines<\/td>\n<td align=\"left\">Cookies techniques essentiels<br \/>\nCookies de personnalisation<\/td>\n<\/tr>\n<tr>\n<td align=\"left\">Google Analytics (Google, Inc.)<\/td>\n<td align=\"left\">Cookies temporaires et persistants (__utma, __utmb, __utmc, __utmz, __utmv, _ ga)<\/td>\n<td align=\"left\">www.ancestralroute. com<\/td>\n<td align=\"left\">Ann\u00e9es<\/td>\n<td align=\"left\">Analytique webTransfert de donn\u00e9es hors de l&rsquo;UE.<\/td>\n<\/tr>\n<tr>\n<td align=\"left\">Google functions (Google Maps, Youtube, +1, Google Remarketing, Google Translate, etc) (Google, Inc.)<\/td>\n<td align=\"left\">Cookies temporaires et persistants (VISITOR_INFO1_LIVE, PREF, YSC, etc).<\/p>\n<p>Local storagede navigateur.<\/p>\n<p>Local Flash storage.<\/td>\n<td align=\"left\">googleusercontent.com, google.es, google.com, doubleclick.net, invitemedia.com, admeld.com, googlesyndication.com, googleadservices.com, youtube.com, youtube.es, ytimg.com, etc.<\/td>\n<td align=\"left\">Ann\u00e9es<\/td>\n<td align=\"left\">Suivi<\/p>\n<p>Publicit\u00e9<\/p>\n<p>Localisation<\/p>\n<p>Partage sur les r\u00e9seaux sociaux<\/p>\n<p>Transfert de donn\u00e9es en dehors de l&rsquo;UE<\/td>\n<\/tr>\n<tr>\n<td align=\"left\">Fonctions de Facebook (bouton \u00ab\u00a0J&rsquo;aime\u00a0\u00bb, etc.) (Facebook, Inc.). )<\/td>\n<td align=\"left\">Cookies temporaires et persistants (datr, reg_fb_gate, reg_fb_ref et reg_fb_ext, wd, c_user, lu, sct, xs, x-referer, presence, p, locale, lsd, _e_*, fr, sub, etc).<\/p>\n<p>Stockage local du navigateur.<\/td>\n<td align=\"left\">facebook.com<\/td>\n<td align=\"left\">Ann\u00e9es<\/td>\n<td align=\"left\">Tracking<br \/>\nPublicit\u00e9<\/p>\n<p>Localisation<\/p>\n<p>Partage sur les r\u00e9seaux sociaux<\/p>\n<p>Transfert de donn\u00e9es en dehors de l&rsquo;UE<\/td>\n<\/tr>\n<tr>\n<td align=\"left\">Fonctions pour le partage sur Twitter (Twitter, Inc.)<\/td>\n<td align=\"left\">Cookies temporaires et persistants.<\/p>\n<p>Local storagede navigateur.<\/td>\n<td align=\"left\">*.twitter.com<\/p>\n<p>syndication.twitter.com<\/p>\n<p>*.twimg.com<\/p>\n<p>cdn.syndication.twimg.com<\/td>\n<td align=\"left\">Ann\u00e9es<\/td>\n<td align=\"left\">Suivi<\/p>\n<p>Publicit\u00e9<\/p>\n<p>Localisation<\/p>\n<p>Partage sur les r\u00e9seaux sociaux<\/p>\n<p>Transfert de donn\u00e9es en dehors de l&rsquo;UE<\/td>\n<\/tr>\n<tr>\n<td align=\"left\">Fonctionnalit\u00e9s de partage social sur Instagram (Instagram, LLC)<\/td>\n<td align=\"left\">Cookies temporaires et persistants.<\/p>\n<p>Stockagelocal du navigateur.<\/td>\n<td align=\"left\">instagram.com, cdninstagram.com, scontent.cdninstagram. com, etc<\/td>\n<td align=\"left\">Years<\/td>\n<td align=\"left\">Tracking<\/p>\n<p>Advertising<\/p>\n<p>Location<\/p>\n<p>Sharing. sur les r\u00e9seaux sociaux<br \/>\nTransfert de donn\u00e9es hors de l&rsquo;UE<\/td>\n<\/tr>\n<\/thead>\n<\/table>\n<\/div>\n<p>\nREMARQUE : les informations fournies datent de MAI\/2023 et nous vous informons qu&rsquo;avec le temps elles peuvent ne pas \u00eatre exhaustives, bien que cette politique en mati\u00e8re de cookies soit revue p\u00e9riodiquement.<\/p>\n<\/div><\/div><\/div><\/div><\/div>\n","protected":false},"excerpt":{"rendered":"","protected":false},"author":1,"featured_media":0,"parent":0,"menu_order":0,"comment_status":"closed","ping_status":"closed","template":"","meta":{"_acf_changed":false,"footnotes":""},"tipus":[],"class_list":["post-2145","page","type-page","status-publish","hentry"],"acf":[],"yoast_head":"<!-- This site is optimized with the Yoast SEO plugin v26.7 - https:\/\/yoast.com\/wordpress\/plugins\/seo\/ -->\n<title>Politique en mati\u00e8re de cookies. - Ancestral route<\/title>\n<meta name=\"robots\" content=\"index, follow, max-snippet:-1, max-image-preview:large, max-video-preview:-1\" \/>\n<link rel=\"canonical\" href=\"https:\/\/ancestralroute.com\/fr\/politique-en-matiere-de-cookies\/\" \/>\n<meta property=\"og:locale\" content=\"fr_FR\" \/>\n<meta property=\"og:type\" content=\"article\" \/>\n<meta property=\"og:title\" content=\"Politique en mati\u00e8re de cookies. - Ancestral route\" \/>\n<meta property=\"og:url\" content=\"https:\/\/ancestralroute.com\/fr\/politique-en-matiere-de-cookies\/\" \/>\n<meta property=\"og:site_name\" content=\"Ancestral route\" \/>\n<meta property=\"article:modified_time\" content=\"2025-11-07T08:42:32+00:00\" \/>\n<meta name=\"twitter:card\" content=\"summary_large_image\" \/>\n<meta name=\"twitter:label1\" content=\"Dur\u00e9e de lecture estim\u00e9e\" \/>\n\t<meta name=\"twitter:data1\" content=\"8 minutes\" \/>\n<script type=\"application\/ld+json\" class=\"yoast-schema-graph\">{\"@context\":\"https:\/\/schema.org\",\"@graph\":[{\"@type\":\"WebPage\",\"@id\":\"https:\/\/ancestralroute.com\/fr\/politique-en-matiere-de-cookies\/\",\"url\":\"https:\/\/ancestralroute.com\/fr\/politique-en-matiere-de-cookies\/\",\"name\":\"Politique en mati\u00e8re de cookies. - Ancestral route\",\"isPartOf\":{\"@id\":\"https:\/\/ancestralroute.com\/fr\/#website\"},\"datePublished\":\"2025-06-19T09:35:30+00:00\",\"dateModified\":\"2025-11-07T08:42:32+00:00\",\"breadcrumb\":{\"@id\":\"https:\/\/ancestralroute.com\/fr\/politique-en-matiere-de-cookies\/#breadcrumb\"},\"inLanguage\":\"fr-FR\",\"potentialAction\":[{\"@type\":\"ReadAction\",\"target\":[\"https:\/\/ancestralroute.com\/fr\/politique-en-matiere-de-cookies\/\"]}]},{\"@type\":\"BreadcrumbList\",\"@id\":\"https:\/\/ancestralroute.com\/fr\/politique-en-matiere-de-cookies\/#breadcrumb\",\"itemListElement\":[{\"@type\":\"ListItem\",\"position\":1,\"name\":\"Accueil\",\"item\":\"https:\/\/ancestralroute.com\/fr\/\"},{\"@type\":\"ListItem\",\"position\":2,\"name\":\"Politique en mati\u00e8re de cookies.\"}]},{\"@type\":\"WebSite\",\"@id\":\"https:\/\/ancestralroute.com\/fr\/#website\",\"url\":\"https:\/\/ancestralroute.com\/fr\/\",\"name\":\"Ancestral route\",\"description\":\"\",\"potentialAction\":[{\"@type\":\"SearchAction\",\"target\":{\"@type\":\"EntryPoint\",\"urlTemplate\":\"https:\/\/ancestralroute.com\/fr\/?s={search_term_string}\"},\"query-input\":{\"@type\":\"PropertyValueSpecification\",\"valueRequired\":true,\"valueName\":\"search_term_string\"}}],\"inLanguage\":\"fr-FR\"}]}<\/script>\n<!-- \/ Yoast SEO plugin. -->","yoast_head_json":{"title":"Politique en mati\u00e8re de cookies. - Ancestral route","robots":{"index":"index","follow":"follow","max-snippet":"max-snippet:-1","max-image-preview":"max-image-preview:large","max-video-preview":"max-video-preview:-1"},"canonical":"https:\/\/ancestralroute.com\/fr\/politique-en-matiere-de-cookies\/","og_locale":"fr_FR","og_type":"article","og_title":"Politique en mati\u00e8re de cookies. - Ancestral route","og_url":"https:\/\/ancestralroute.com\/fr\/politique-en-matiere-de-cookies\/","og_site_name":"Ancestral route","article_modified_time":"2025-11-07T08:42:32+00:00","twitter_card":"summary_large_image","twitter_misc":{"Dur\u00e9e de lecture estim\u00e9e":"8 minutes"},"schema":{"@context":"https:\/\/schema.org","@graph":[{"@type":"WebPage","@id":"https:\/\/ancestralroute.com\/fr\/politique-en-matiere-de-cookies\/","url":"https:\/\/ancestralroute.com\/fr\/politique-en-matiere-de-cookies\/","name":"Politique en mati\u00e8re de cookies. - Ancestral route","isPartOf":{"@id":"https:\/\/ancestralroute.com\/fr\/#website"},"datePublished":"2025-06-19T09:35:30+00:00","dateModified":"2025-11-07T08:42:32+00:00","breadcrumb":{"@id":"https:\/\/ancestralroute.com\/fr\/politique-en-matiere-de-cookies\/#breadcrumb"},"inLanguage":"fr-FR","potentialAction":[{"@type":"ReadAction","target":["https:\/\/ancestralroute.com\/fr\/politique-en-matiere-de-cookies\/"]}]},{"@type":"BreadcrumbList","@id":"https:\/\/ancestralroute.com\/fr\/politique-en-matiere-de-cookies\/#breadcrumb","itemListElement":[{"@type":"ListItem","position":1,"name":"Accueil","item":"https:\/\/ancestralroute.com\/fr\/"},{"@type":"ListItem","position":2,"name":"Politique en mati\u00e8re de cookies."}]},{"@type":"WebSite","@id":"https:\/\/ancestralroute.com\/fr\/#website","url":"https:\/\/ancestralroute.com\/fr\/","name":"Ancestral route","description":"","potentialAction":[{"@type":"SearchAction","target":{"@type":"EntryPoint","urlTemplate":"https:\/\/ancestralroute.com\/fr\/?s={search_term_string}"},"query-input":{"@type":"PropertyValueSpecification","valueRequired":true,"valueName":"search_term_string"}}],"inLanguage":"fr-FR"}]}},"_links":{"self":[{"href":"https:\/\/ancestralroute.com\/fr\/wp-json\/wp\/v2\/pages\/2145","targetHints":{"allow":["GET"]}}],"collection":[{"href":"https:\/\/ancestralroute.com\/fr\/wp-json\/wp\/v2\/pages"}],"about":[{"href":"https:\/\/ancestralroute.com\/fr\/wp-json\/wp\/v2\/types\/page"}],"author":[{"embeddable":true,"href":"https:\/\/ancestralroute.com\/fr\/wp-json\/wp\/v2\/users\/1"}],"replies":[{"embeddable":true,"href":"https:\/\/ancestralroute.com\/fr\/wp-json\/wp\/v2\/comments?post=2145"}],"version-history":[{"count":5,"href":"https:\/\/ancestralroute.com\/fr\/wp-json\/wp\/v2\/pages\/2145\/revisions"}],"predecessor-version":[{"id":3648,"href":"https:\/\/ancestralroute.com\/fr\/wp-json\/wp\/v2\/pages\/2145\/revisions\/3648"}],"wp:attachment":[{"href":"https:\/\/ancestralroute.com\/fr\/wp-json\/wp\/v2\/media?parent=2145"}],"wp:term":[{"taxonomy":"tipus","embeddable":true,"href":"https:\/\/ancestralroute.com\/fr\/wp-json\/wp\/v2\/tipus?post=2145"}],"curies":[{"name":"wp","href":"https:\/\/api.w.org\/{rel}","templated":true}]}}