{"id":2161,"date":"2024-01-10T13:15:16","date_gmt":"2024-01-10T13:15:16","guid":{"rendered":"https:\/\/ancestralroute.com\/politique-de-confidentialite-de-privacy\/"},"modified":"2025-11-19T12:42:07","modified_gmt":"2025-11-19T12:42:07","slug":"politique-de-confidentialite-de-privacy","status":"publish","type":"page","link":"https:\/\/ancestralroute.com\/fr\/politique-de-confidentialite-de-privacy\/","title":{"rendered":"Politique de confidentialit\u00e9 de privacy."},"content":{"rendered":"\n<p><strong>Politique de confidentialit\u00e9 de privacy.<\/strong><\/p>\n<p>L&rsquo;utilisation de ce site web et de ses formulaires implique l&rsquo;acceptation du traitement des donn\u00e9es des utilisateurs conform\u00e9ment \u00e0 la pr\u00e9sente politique de confidentialit\u00e9, y compris la collecte des donn\u00e9es d&rsquo;acc\u00e8s et l&rsquo;envoi d&rsquo;informations commerciales par voie \u00e9lectronique.<\/p>\n<p><strong>Responsable de le traitement des les donn\u00e9es et informations de contact.<\/strong><\/p>\n<p>Coordonn\u00e9es du responsable :<\/p>\n<p>La personne responsable est : xxxxxxxxxxxxxxxxxxxxxxxxxxxxxxx. ci-apr\u00e8s le propri\u00e9taire du site web. <\/p>\n<p>Adresse : Ronda d&rsquo;Europa, 35 &#8211; 08800 Vilanova i la Geltr\u00fa (Barcelone).<\/p>\n<p>T\u00e9l\u00e9phone : +34 621 443 472<\/p>\n<p>Courriel : info@ancestralroute.com<\/p>\n<p><strong>Finalit\u00e9 du traitement des m\u00eames donn\u00e9es.<\/strong><\/p>\n<p>Les donn\u00e9es sont trait\u00e9es dans le but de permettre l&rsquo;acc\u00e8s au contenu en ligne du site et de r\u00e9pondre aux demandes des utilisateurs du site, de conserver un enregistrement des visites (adresses IP, donn\u00e9es du navigateur, pays, page consult\u00e9e, etc.) \u00e0 des fins statistiques, de mettre en \u0153uvre des mesures visant \u00e0 assurer la s\u00e9curit\u00e9 du site et, le cas \u00e9ch\u00e9ant, de vous envoyer des informations commerciales sur nos produits et services par voie \u00e9lectronique.<\/p>\n<p>Dans le cas o\u00f9 l&rsquo;on remplit l&rsquo;un quelconque des formulaires formulaires il est&lt;6&gt; n\u00e9cessaire de fournir des donn\u00e9es d\u00e9termin\u00e9es donn\u00e9es personnelles, celles qui seront trait\u00e9es aux fins pour lesquelles elles sont demand\u00e9es.<\/p>\n<p><strong>L\u00e9gitimation<\/strong><\/p>\n<p>Les donn\u00e9es sont trait\u00e9es sur la base du consentement de l&rsquo;utilisateur, respect des obligations l\u00e9gales, le cas \u00e9ch\u00e9ant, pour l&rsquo;ex\u00e9cution d&rsquo;un contrat ou d&rsquo;un pr\u00e9contrat.<\/p>\n<p><strong>Destinataires et transferts.<\/strong><\/p>\n<p>Public cible : le propri\u00e9taire du site et entreprises du legroupe.<\/p>\n<p>Le transfert international (en dehors de l&rsquo;Espace \u00e9conomique europ\u00e9en) n&rsquo;est pas pr\u00e9vu, sauf \u00e0 des fins de stockage et, dans tous les cas, sur la base d&rsquo;une d\u00e9cision d&rsquo;ad\u00e9quation, fond\u00e9e sur l&rsquo;existence de garanties ad\u00e9quates, ainsi que d&rsquo;entit\u00e9s adh\u00e9rant \u00e0 l&rsquo;accord sur le bouclier de protection de la vie priv\u00e9e (<a href=\"http:\/\/www.privacyshield.gov\/\">http:\/\/www.privacyshield.gov<\/a>).<\/p>\n<p><strong>Terme de conservation des donn\u00e9es donn\u00e9es.<\/strong><\/p>\n<p>Au moins pour les p\u00e9riodes \u00e9tablies parla l\u00e9gislation applicable et dans tout cas \u00e0 condition que la validit\u00e9 du consentement soit maintenu.<\/p>\n<p><strong>Droits de l&rsquo;homme<\/strong><\/p>\n<p>Les affect\u00e9s ont droit \u00e0 : acc\u00e9der, rectifier et supprimer leurs donn\u00e9es ; demander la portabilit\u00e9 de leurs donn\u00e9es ; s&rsquo;opposer \u00e0 un traitement ou demander sa limitation ; retirer le consentement fourni, le cas \u00e9ch\u00e9ant cas.<\/p>\n<p>Pour ce faire, vous pouvez envoyer votre demande par \u00e9crit ou par e-mail \u00e0 l&rsquo;adresse du responsable du traitement, avec la mention \u00ab\u00a0Protection des donn\u00e9es\u00a0\u00bb.<\/p>\n<p>Pour faciliter l&rsquo;identification nous recommandons que le d\u00e9tenteur des donn\u00e9es donn\u00e9es joint \u00e0 la demande une copie de votre carte d&rsquo;identit\u00e9 ou passeport.<\/p>\n<p>Les personnes concern\u00e9es peuvent \u00e9galement d\u00e9poser une plainte aupr\u00e8s de l&rsquo;autorit\u00e9 de contr\u00f4le de la protection des donn\u00e9es.<\/p>\n<p><strong>Exactitude et actualit\u00e9 des donn\u00e9es<\/strong><\/p>\n<p>L&rsquo;utilisateur doit remplir les formulaires avec des donn\u00e9es vraies, exactes, compl\u00e8tes et actuelles. L&rsquo;utilisateur ne doit pas introduire de donn\u00e9es correspondant \u00e0 une autre personne. Le propri\u00e9taire du site web pr\u00e9sume que les donn\u00e9es ont \u00e9t\u00e9 fournies par le propri\u00e9taire du site. L&rsquo;utilisateur doit \u00eatre uniquement responsable de tout dommage ou blessure, direct ou indirect que pourrait causer \u00e0 une personne du fait de la compl\u00e9tion du formulaire avec des fausses donn\u00e9es, inexactes, incomplets ou non mis \u00e0 jour ou relatifs \u00e0 une autre personne.   <\/p>\n<p>L&rsquo;utilisateur doit communiquer toute modification des donn\u00e9es fournies afin que ses donn\u00e9es soient d\u00fbment mises \u00e0 jour.<\/p>\n<p><strong>S\u00e9curit\u00e9 des informations.<\/strong><\/p>\n<p>Le propri\u00e9taire du site a pris toutes les mesures l\u00e9galement requises pour la protection des donn\u00e9es personnelles ; de m\u00eame, il a adopt\u00e9 tous les dispositifs techniques \u00e0 sa port\u00e9e pour \u00e9viter la perte, le mauvais usage, l&rsquo;alt\u00e9ration, l&rsquo;acc\u00e8s ou le vol des donn\u00e9es personnelles fournies par les utilisateurs du site. L&rsquo;utilisateur doit \u00eatre conscient, cependant, que les mesures de s\u00e9curit\u00e9 sur Internet ne sont pas absolument inviolables. <\/p>\n<p><strong>Mineurs<\/strong><\/p>\n<p>Le propri\u00e9taire du site web. interdit l&rsquo;utilisation de ses services web aux utilisateurs de moins de 16 ans, sauf avec le consentement expr\u00e8s de leurs parents ou tuteurs. <\/p>\n<p><strong>Analytiques Web<\/strong><\/p>\n<p>Ce site web emploie divers analytiques pour conna\u00eetre le mani\u00e8re dont il est recherch\u00e9, acc\u00e9d\u00e9 et utilis\u00e9 par le public. Ces analyses peuvent impliquer la collecte de donn\u00e9es de caract\u00e8re personnel comme par exemple l&rsquo;adresse IP, la localisation de la connexion, les informations sur le logiciel ou mat\u00e9riel de navigation, etc. Cette information n&rsquo;est pas associ\u00e9e aux les utilisateurs et est utilis\u00e9e dans le but exclusif. exclusivement dans le but d&rsquo;obtenir des informations statistiques sur la utilisation du site web de la soci\u00e9t\u00e9.  <\/p>\n<p><strong>Utilisation de fonctions et de modules d&rsquo;extension de tiers<\/strong><\/p>\n<p>Ce site web peut incorporer fonctions et compl\u00e9ments fournis par tiers pour diverses fins, such pour exemple : analyse web de tiers, cartes de tiers, vid\u00e9os de tiers, partage sur r\u00e9seaux sociaux ; etc.<\/p>\n<p>Une fonction ou compl\u00e9ment d&rsquo;un tiers \u00e9tablit a direct connexion entre le navigateur de utilisateur et les internetdomaines contr\u00f4l\u00e9s par le tiers, permettant le t\u00e9l\u00e9chargement et l&rsquo;ex\u00e9cution de la fonction.<\/p>\n<p>En outre, la plupart des plug-ins tiers collectent les pages visit\u00e9es par les utilisateurs afin de conna\u00eetre leurs centres d&rsquo;int\u00e9r\u00eat et de leur proposer des publicit\u00e9s adapt\u00e9es.<\/p>\n<p><strong>Utilisation de la fonctionnalit\u00e9 Google Analytics fournie par Google, Inc.<\/strong><\/p>\n<p>Ce site web int\u00e9gre fonctions analytiques de Google Inc (1600 AMPHITHEATRE PARKWAY, MOUNTAIN VIEW, CALIFORNIE, USA) pour conna\u00eetre le mani\u00e8re dont il est recherch\u00e9, acc\u00e9d\u00e9 et utilis\u00e9 par les utilisateurs. A cet effet, lors de l&rsquo;utilisation de ce site, le navigateur de l&rsquo;utilisateur \u00e9tablit une connexion directe avec les serveurs du domaine Internet google.com et d&rsquo;autres domaines de Google. Ce permet \u00e0 Google d&rsquo;enregistrer l&rsquo;activit\u00e9 de utilisateur ainsi que informations relatives \u00e0 votre adresse IP. Google Analytics utilise des cookies persistants pour \u00e9tablir des statistiques anonymes sur l&rsquo;utilisation de ce site, conform\u00e9ment \u00e0 la politique de confidentialit\u00e9 suivante : <a href=\"https:\/\/www.google.com\/analytics\/learn\/privacy.html?hl=es.\">https:\/\/www.google.com\/analytics\/learn\/privacy.html?hl=es.<\/a> En utilisant ce site, vous consentez au traitement des donn\u00e9es vous concernant par Google de la mani\u00e8re et aux fins d\u00e9crites ci-dessus.   <\/p>\n<p><strong>Utilisation des fonctions fournies par Google, Inc.<\/strong><\/p>\n<p>Ce site web int\u00e9gre les fonctions de Google Inc (1600 AMPHITHEATRE PARKWAY, MOUNTAIN VIEW, CALIFORNIA, USA), comme pour exemple vid\u00e9os de Youtube, cartes et boutons \u00ab\u00a0+1\u00a0\u00bb. A cette fin, lors de l&rsquo;utilisation du site Internet, le navigateur de l&rsquo;utilisateur \u00e9tablit une connexion directe avec les serveurs du domaine Internet google.com et d&rsquo;autres domaines de Google. Cela permet \u00e0 Google de savoir que l&rsquo;utilisateur a visit\u00e9 le site web \u00e0 partir de votre adresse IP. Google utilise persistants des cookies, stockage local et stockage de Flash localement sur le appareil de l&rsquo;utilisateur, \u00e0 diverses fins notamment la collecte de l&rsquo;activit\u00e9 de utilisateur sur Internet afin de lui offrir des publicit\u00e9s adapt\u00e9es \u00e0 ses int\u00e9r\u00eats, conform\u00e9ment \u00e0 ses politiques de confidentialit\u00e9 : <a href=\"http:\/\/www.google.es\/intl\/es\/policies\/privacy\/\">http:\/\/www. google.com\/intl\/en\/policies\/privacy\/. <\/a> En utilisant ce site web vous utilisateur consent au traitement de vos donn\u00e9es par Google de la mani\u00e8re et aux les fins indiqu\u00e9es.   <\/p>\n<p><strong> <\/strong><\/p>\n","protected":false},"excerpt":{"rendered":"<p>Politique de confidentialit\u00e9 de privacy. L&rsquo;utilisation de ce site web et de ses formulaires implique l&rsquo;acceptation du traitement des donn\u00e9es des utilisateurs conform\u00e9ment \u00e0 la pr\u00e9sente politique de confidentialit\u00e9, y compris la collecte des donn\u00e9es d&rsquo;acc\u00e8s et l&rsquo;envoi d&rsquo;informations commerciales par voie \u00e9lectronique. Responsable de le traitement des les donn\u00e9es et informations de contact. Coordonn\u00e9es  [&#8230;]<\/p>\n","protected":false},"author":1,"featured_media":0,"parent":0,"menu_order":0,"comment_status":"closed","ping_status":"open","template":"","meta":{"_acf_changed":false,"footnotes":""},"tipus":[],"class_list":["post-2161","page","type-page","status-publish","hentry"],"acf":[],"yoast_head":"<!-- This site is optimized with the Yoast SEO plugin v26.7 - https:\/\/yoast.com\/wordpress\/plugins\/seo\/ -->\n<title>Politique de confidentialit\u00e9 de privacy. - Ancestral route<\/title>\n<meta name=\"robots\" content=\"index, follow, max-snippet:-1, max-image-preview:large, max-video-preview:-1\" \/>\n<link rel=\"canonical\" href=\"https:\/\/ancestralroute.com\/fr\/politique-de-confidentialite-de-privacy\/\" \/>\n<meta property=\"og:locale\" content=\"fr_FR\" \/>\n<meta property=\"og:type\" content=\"article\" \/>\n<meta property=\"og:title\" content=\"Politique de confidentialit\u00e9 de privacy. - Ancestral route\" \/>\n<meta property=\"og:description\" content=\"Politique de confidentialit\u00e9 de privacy. L&rsquo;utilisation de ce site web et de ses formulaires implique l&rsquo;acceptation du traitement des donn\u00e9es des utilisateurs conform\u00e9ment \u00e0 la pr\u00e9sente politique de confidentialit\u00e9, y compris la collecte des donn\u00e9es d&rsquo;acc\u00e8s et l&rsquo;envoi d&rsquo;informations commerciales par voie \u00e9lectronique. Responsable de le traitement des les donn\u00e9es et informations de contact. Coordonn\u00e9es [...]\" \/>\n<meta property=\"og:url\" content=\"https:\/\/ancestralroute.com\/fr\/politique-de-confidentialite-de-privacy\/\" \/>\n<meta property=\"og:site_name\" content=\"Ancestral route\" \/>\n<meta property=\"article:modified_time\" content=\"2025-11-19T12:42:07+00:00\" \/>\n<meta name=\"twitter:card\" content=\"summary_large_image\" \/>\n<meta name=\"twitter:label1\" content=\"Dur\u00e9e de lecture estim\u00e9e\" \/>\n\t<meta name=\"twitter:data1\" content=\"6 minutes\" \/>\n<script type=\"application\/ld+json\" class=\"yoast-schema-graph\">{\"@context\":\"https:\/\/schema.org\",\"@graph\":[{\"@type\":\"WebPage\",\"@id\":\"https:\/\/ancestralroute.com\/fr\/politique-de-confidentialite-de-privacy\/\",\"url\":\"https:\/\/ancestralroute.com\/fr\/politique-de-confidentialite-de-privacy\/\",\"name\":\"Politique de confidentialit\u00e9 de privacy. - Ancestral route\",\"isPartOf\":{\"@id\":\"https:\/\/ancestralroute.com\/fr\/#website\"},\"datePublished\":\"2024-01-10T13:15:16+00:00\",\"dateModified\":\"2025-11-19T12:42:07+00:00\",\"breadcrumb\":{\"@id\":\"https:\/\/ancestralroute.com\/fr\/politique-de-confidentialite-de-privacy\/#breadcrumb\"},\"inLanguage\":\"fr-FR\",\"potentialAction\":[{\"@type\":\"ReadAction\",\"target\":[\"https:\/\/ancestralroute.com\/fr\/politique-de-confidentialite-de-privacy\/\"]}]},{\"@type\":\"BreadcrumbList\",\"@id\":\"https:\/\/ancestralroute.com\/fr\/politique-de-confidentialite-de-privacy\/#breadcrumb\",\"itemListElement\":[{\"@type\":\"ListItem\",\"position\":1,\"name\":\"Accueil\",\"item\":\"https:\/\/ancestralroute.com\/fr\/\"},{\"@type\":\"ListItem\",\"position\":2,\"name\":\"Politique de confidentialit\u00e9 de privacy.\"}]},{\"@type\":\"WebSite\",\"@id\":\"https:\/\/ancestralroute.com\/fr\/#website\",\"url\":\"https:\/\/ancestralroute.com\/fr\/\",\"name\":\"Ancestral route\",\"description\":\"\",\"potentialAction\":[{\"@type\":\"SearchAction\",\"target\":{\"@type\":\"EntryPoint\",\"urlTemplate\":\"https:\/\/ancestralroute.com\/fr\/?s={search_term_string}\"},\"query-input\":{\"@type\":\"PropertyValueSpecification\",\"valueRequired\":true,\"valueName\":\"search_term_string\"}}],\"inLanguage\":\"fr-FR\"}]}<\/script>\n<!-- \/ Yoast SEO plugin. -->","yoast_head_json":{"title":"Politique de confidentialit\u00e9 de privacy. - Ancestral route","robots":{"index":"index","follow":"follow","max-snippet":"max-snippet:-1","max-image-preview":"max-image-preview:large","max-video-preview":"max-video-preview:-1"},"canonical":"https:\/\/ancestralroute.com\/fr\/politique-de-confidentialite-de-privacy\/","og_locale":"fr_FR","og_type":"article","og_title":"Politique de confidentialit\u00e9 de privacy. - Ancestral route","og_description":"Politique de confidentialit\u00e9 de privacy. L&rsquo;utilisation de ce site web et de ses formulaires implique l&rsquo;acceptation du traitement des donn\u00e9es des utilisateurs conform\u00e9ment \u00e0 la pr\u00e9sente politique de confidentialit\u00e9, y compris la collecte des donn\u00e9es d&rsquo;acc\u00e8s et l&rsquo;envoi d&rsquo;informations commerciales par voie \u00e9lectronique. Responsable de le traitement des les donn\u00e9es et informations de contact. Coordonn\u00e9es [...]","og_url":"https:\/\/ancestralroute.com\/fr\/politique-de-confidentialite-de-privacy\/","og_site_name":"Ancestral route","article_modified_time":"2025-11-19T12:42:07+00:00","twitter_card":"summary_large_image","twitter_misc":{"Dur\u00e9e de lecture estim\u00e9e":"6 minutes"},"schema":{"@context":"https:\/\/schema.org","@graph":[{"@type":"WebPage","@id":"https:\/\/ancestralroute.com\/fr\/politique-de-confidentialite-de-privacy\/","url":"https:\/\/ancestralroute.com\/fr\/politique-de-confidentialite-de-privacy\/","name":"Politique de confidentialit\u00e9 de privacy. - Ancestral route","isPartOf":{"@id":"https:\/\/ancestralroute.com\/fr\/#website"},"datePublished":"2024-01-10T13:15:16+00:00","dateModified":"2025-11-19T12:42:07+00:00","breadcrumb":{"@id":"https:\/\/ancestralroute.com\/fr\/politique-de-confidentialite-de-privacy\/#breadcrumb"},"inLanguage":"fr-FR","potentialAction":[{"@type":"ReadAction","target":["https:\/\/ancestralroute.com\/fr\/politique-de-confidentialite-de-privacy\/"]}]},{"@type":"BreadcrumbList","@id":"https:\/\/ancestralroute.com\/fr\/politique-de-confidentialite-de-privacy\/#breadcrumb","itemListElement":[{"@type":"ListItem","position":1,"name":"Accueil","item":"https:\/\/ancestralroute.com\/fr\/"},{"@type":"ListItem","position":2,"name":"Politique de confidentialit\u00e9 de privacy."}]},{"@type":"WebSite","@id":"https:\/\/ancestralroute.com\/fr\/#website","url":"https:\/\/ancestralroute.com\/fr\/","name":"Ancestral route","description":"","potentialAction":[{"@type":"SearchAction","target":{"@type":"EntryPoint","urlTemplate":"https:\/\/ancestralroute.com\/fr\/?s={search_term_string}"},"query-input":{"@type":"PropertyValueSpecification","valueRequired":true,"valueName":"search_term_string"}}],"inLanguage":"fr-FR"}]}},"_links":{"self":[{"href":"https:\/\/ancestralroute.com\/fr\/wp-json\/wp\/v2\/pages\/2161","targetHints":{"allow":["GET"]}}],"collection":[{"href":"https:\/\/ancestralroute.com\/fr\/wp-json\/wp\/v2\/pages"}],"about":[{"href":"https:\/\/ancestralroute.com\/fr\/wp-json\/wp\/v2\/types\/page"}],"author":[{"embeddable":true,"href":"https:\/\/ancestralroute.com\/fr\/wp-json\/wp\/v2\/users\/1"}],"replies":[{"embeddable":true,"href":"https:\/\/ancestralroute.com\/fr\/wp-json\/wp\/v2\/comments?post=2161"}],"version-history":[{"count":2,"href":"https:\/\/ancestralroute.com\/fr\/wp-json\/wp\/v2\/pages\/2161\/revisions"}],"predecessor-version":[{"id":3676,"href":"https:\/\/ancestralroute.com\/fr\/wp-json\/wp\/v2\/pages\/2161\/revisions\/3676"}],"wp:attachment":[{"href":"https:\/\/ancestralroute.com\/fr\/wp-json\/wp\/v2\/media?parent=2161"}],"wp:term":[{"taxonomy":"tipus","embeddable":true,"href":"https:\/\/ancestralroute.com\/fr\/wp-json\/wp\/v2\/tipus?post=2161"}],"curies":[{"name":"wp","href":"https:\/\/api.w.org\/{rel}","templated":true}]}}