{"id":2832,"date":"2025-10-21T10:08:30","date_gmt":"2025-10-21T10:08:30","guid":{"rendered":"https:\/\/ancestralroute.com\/amenagement-paysager\/"},"modified":"2025-11-07T08:37:37","modified_gmt":"2025-11-07T08:37:37","slug":"amenagement-paysager","status":"publish","type":"page","link":"https:\/\/ancestralroute.com\/fr\/amenagement-paysager\/","title":{"rendered":"Am\u00e9nagement paysager"},"content":{"rendered":"<p><div class=\"fusion-fullwidth fullwidth-box fusion-builder-row-1 fusion-flex-container has-pattern-background has-mask-background nonhundred-percent-fullwidth non-hundred-percent-height-scrolling\" style=\"--awb-border-radius-top-left:0px;--awb-border-radius-top-right:0px;--awb-border-radius-bottom-right:0px;--awb-border-radius-bottom-left:0px;--awb-flex-wrap:wrap;\" ><div class=\"fusion-builder-row fusion-row fusion-flex-align-items-flex-start fusion-flex-justify-content-center fusion-flex-content-wrap\" style=\"max-width:1216.8px;margin-left: calc(-4% \/ 2 );margin-right: calc(-4% \/ 2 );\"><div class=\"fusion-layout-column fusion_builder_column fusion-builder-column-0 fusion_builder_column_1_2 1_2 fusion-flex-column fusion-flex-align-self-center\" style=\"--awb-bg-size:cover;--awb-width-large:50%;--awb-margin-top-large:20px;--awb-spacing-right-large:3.84%;--awb-margin-bottom-large:20px;--awb-spacing-left-large:3.84%;--awb-width-medium:60%;--awb-order-medium:0;--awb-spacing-right-medium:3.2%;--awb-spacing-left-medium:3.2%;--awb-width-small:100%;--awb-order-small:2;--awb-spacing-right-small:1.92%;--awb-spacing-left-small:1.92%;\" data-scroll-devices=\"small-visibility,medium-visibility,large-visibility\"><div class=\"fusion-column-wrapper fusion-column-has-shadow fusion-flex-justify-content-flex-start fusion-content-layout-column\"><div class=\"fusion-title title fusion-title-1 fusion-title-text fusion-title-size-one\" style=\"--awb-font-size:54px;\"><div class=\"title-sep-container title-sep-container-left fusion-no-large-visibility fusion-no-medium-visibility fusion-no-small-visibility\"><div class=\"title-sep sep- sep-solid\" style=\"border-color:var(--awb-color3);\"><\/div><\/div><span class=\"awb-title-spacer fusion-no-large-visibility fusion-no-medium-visibility fusion-no-small-visibility\"><\/span><h1 class=\"fusion-title-heading title-heading-left fusion-responsive-typography-calculated\" style=\"margin:0;font-size:1em;--fontSize:54;line-height:1;\">Am\u00e9nagement paysager<\/h1><span class=\"awb-title-spacer\"><\/span><div class=\"title-sep-container title-sep-container-right\"><div class=\"title-sep sep- sep-solid\" style=\"border-color:var(--awb-color3);\"><\/div><\/div><\/div><div class=\"fusion-text fusion-text-1\"><p><em><strong>Am\u00e9nagement paysager avec racines. <\/strong><\/em><\/p>\n<p>Chez Ancestral Route, nous concevons l&rsquo;am\u00e9nagement paysager comme un dialogue permanent entre l&rsquo;\u00eatre humain et la nature. Chaque projet na\u00eet d&rsquo;une observation attentive de l&rsquo;environnement, de sa lumi\u00e8re, de son relief et de son histoire. Nous pensons que le paysage ne s&rsquo;impose pas, il s&rsquo;\u00e9coute. C&rsquo;est pourquoi chaque intervention cherche \u00e0 s&rsquo;int\u00e9grer avec respect et sensibilit\u00e9, en mettant en valeur la beaut\u00e9 qui existe d\u00e9j\u00e0.   <\/p>\n<p>Notre travail dans la conception de jardins et d&rsquo;environnements naturels va au-del\u00e0 de l&rsquo;esth\u00e9tique. C&rsquo;est une pratique qui allie art, \u00e9cologie et architecture pour cr\u00e9er des espaces qui respirent l&rsquo;harmonie. Des jardins priv\u00e9s aux espaces publics, chaque projet est une invitation \u00e0 renouer avec l&rsquo;essentiel : le silence, la mati\u00e8re vivante et le passage du temps.<\/p>\n<\/div><\/div><\/div><div class=\"fusion-layout-column fusion_builder_column fusion-builder-column-1 fusion_builder_column_1_2 1_2 fusion-flex-column\" style=\"--awb-padding-top:20px;--awb-padding-right:20px;--awb-padding-bottom:20px;--awb-padding-left:20px;--awb-bg-size:cover;--awb-border-color:var(--awb-color5);--awb-border-top:1px;--awb-border-right:1px;--awb-border-bottom:1px;--awb-border-left:1px;--awb-border-style:solid;--awb-width-large:50%;--awb-margin-top-large:30px;--awb-spacing-right-large:2.688%;--awb-margin-bottom-large:20px;--awb-spacing-left-large:3.84%;--awb-width-medium:40%;--awb-order-medium:0;--awb-spacing-right-medium:3.36%;--awb-spacing-left-medium:4.8%;--awb-width-small:100%;--awb-order-small:1;--awb-spacing-right-small:1.92%;--awb-spacing-left-small:1.92%;\" data-scroll-devices=\"small-visibility,medium-visibility,large-visibility\"><div class=\"fusion-column-wrapper fusion-column-has-shadow fusion-flex-justify-content-flex-start fusion-content-layout-column\"><div class=\"fusion-image-element \" style=\"--awb-caption-title-font-family:var(--h2_typography-font-family);--awb-caption-title-font-weight:var(--h2_typography-font-weight);--awb-caption-title-font-style:var(--h2_typography-font-style);--awb-caption-title-size:var(--h2_typography-font-size);--awb-caption-title-transform:var(--h2_typography-text-transform);--awb-caption-title-line-height:var(--h2_typography-line-height);--awb-caption-title-letter-spacing:var(--h2_typography-letter-spacing);\"><span class=\" fusion-imageframe imageframe-none imageframe-1 hover-type-none\"><img decoding=\"async\" width=\"600\" height=\"600\" alt=\"Am\u00e9nagement paysager\" title=\"Am\u00e9nagement paysager\" src=\"https:\/\/ancestralroute.com\/wp-content\/uploads\/2025\/07\/Paisajismo.jpg\" data-orig-src=\"https:\/\/ancestralroute.com\/wp-content\/uploads\/2025\/07\/Paisajismo.jpg\" class=\"lazyload img-responsive wp-image-1970\" srcset=\"data:image\/svg+xml,%3Csvg%20xmlns%3D%27http%3A%2F%2Fwww.w3.org%2F2000%2Fsvg%27%20width%3D%27600%27%20height%3D%27600%27%20viewBox%3D%270%200%20600%20600%27%3E%3Crect%20width%3D%27600%27%20height%3D%27600%27%20fill-opacity%3D%220%22%2F%3E%3C%2Fsvg%3E\" data-srcset=\"https:\/\/ancestralroute.com\/wp-content\/uploads\/2025\/07\/Paisajismo-200x200.jpg 200w, https:\/\/ancestralroute.com\/wp-content\/uploads\/2025\/07\/Paisajismo-400x400.jpg 400w, https:\/\/ancestralroute.com\/wp-content\/uploads\/2025\/07\/Paisajismo.jpg 600w\" data-sizes=\"auto\" data-orig-sizes=\"(max-width: 1050px) 100vw, (max-width: 640px) 100vw, 600px\" \/><\/span><\/div><\/div><\/div><div class=\"fusion-layout-column fusion_builder_column fusion-builder-column-2 fusion_builder_column_1_1 1_1 fusion-flex-column\" style=\"--awb-bg-size:cover;--awb-width-large:100%;--awb-margin-top-large:20px;--awb-spacing-right-large:1.92%;--awb-margin-bottom-large:20px;--awb-spacing-left-large:1.92%;--awb-width-medium:100%;--awb-order-medium:0;--awb-spacing-right-medium:1.92%;--awb-spacing-left-medium:1.92%;--awb-width-small:100%;--awb-order-small:0;--awb-spacing-right-small:1.92%;--awb-spacing-left-small:1.92%;\"><div class=\"fusion-column-wrapper fusion-column-has-shadow fusion-flex-justify-content-flex-start fusion-content-layout-column\"><div class=\"fusion-text fusion-text-2\"><p>Nous prenons soin de chaque d\u00e9tail du processus, depuis le choix des esp\u00e8ces autochtones jusqu&rsquo;\u00e0 la planification de l&rsquo; eau et la gestion durable des ressources. Nous cherchons \u00e0 ce que chaque jardin \u00e9volue avec le temps, s&rsquo;adaptant aux saisons et s&rsquo;int\u00e9grant au cycle naturel du lieu. <\/p>\n<p>Chez Ancestral Route, nous travaillons avec des paysagistes, des artisans et des sp\u00e9cialistes en botanique qui partagent la m\u00eame vision : cr\u00e9er de la beaut\u00e9 sans perturber l&rsquo;\u00e9quilibre. Notre objectif est que chaque espace r\u00e9v\u00e8le son caract\u00e8re propre, en combinant nature et design avec coh\u00e9rence et s\u00e9r\u00e9nit\u00e9. <\/p>\n<p>Il en r\u00e9sulte des environnements qui invitent au repos, \u00e0 la contemplation et au lien avec la terre. Des espaces qui ne se savourent pas seulement avec les yeux, mais aussi avec les sens et la m\u00e9moire. Car pour nous, l&rsquo;am\u00e9nagement paysager ne consiste pas seulement \u00e0 construire un jardin, mais aussi \u00e0 donner vie \u00e0 un \u00e9cosyst\u00e8me qui accompagne et transforme ceux qui l&rsquo;habitent.<\/p>\n<\/div><\/div><\/div><\/div><\/div><div class=\"fusion-fullwidth fullwidth-box fusion-builder-row-2 fusion-flex-container has-pattern-background has-mask-background nonhundred-percent-fullwidth non-hundred-percent-height-scrolling\" style=\"--awb-border-radius-top-left:0px;--awb-border-radius-top-right:0px;--awb-border-radius-bottom-right:0px;--awb-border-radius-bottom-left:0px;--awb-padding-top:60px;--awb-padding-bottom:60px;--awb-background-color:hsla(var(--awb-color5-h),var(--awb-color5-s),calc(var(--awb-color5-l) - 10%),var(--awb-color5-a));--awb-flex-wrap:wrap;\" ><div class=\"fusion-builder-row fusion-row fusion-flex-align-items-flex-start fusion-flex-content-wrap\" style=\"max-width:1216.8px;margin-left: calc(-4% \/ 2 );margin-right: calc(-4% \/ 2 );\"><div class=\"fusion-layout-column fusion_builder_column fusion-builder-column-3 fusion_builder_column_1_1 1_1 fusion-flex-column\" style=\"--awb-bg-size:cover;--awb-width-large:100%;--awb-margin-top-large:20px;--awb-spacing-right-large:1.92%;--awb-margin-bottom-large:20px;--awb-spacing-left-large:1.92%;--awb-width-medium:100%;--awb-order-medium:0;--awb-spacing-right-medium:1.92%;--awb-spacing-left-medium:1.92%;--awb-width-small:100%;--awb-order-small:0;--awb-spacing-right-small:1.92%;--awb-spacing-left-small:1.92%;\"><div class=\"fusion-column-wrapper fusion-column-has-shadow fusion-flex-justify-content-flex-start fusion-content-layout-column\"><div class=\"fusion-title title fusion-title-2 fusion-title-center fusion-title-text fusion-title-size-three\" style=\"--awb-text-color:var(--awb-color1);\"><div class=\"title-sep-container title-sep-container-left\"><div class=\"title-sep sep- sep-solid\" style=\"border-color:var(--awb-color3);\"><\/div><\/div><span class=\"awb-title-spacer\"><\/span><h3 class=\"fusion-title-heading title-heading-center fusion-responsive-typography-calculated\" style=\"margin:0;--fontSize:26;--minFontSize:26;line-height:var(--awb-typography1-line-height);\">D\u00e9couvrez quelques-uns de nos projets r\u00e9alis\u00e9s<\/h3><span class=\"awb-title-spacer\"><\/span><div class=\"title-sep-container title-sep-container-right\"><div class=\"title-sep sep- sep-solid\" style=\"border-color:var(--awb-color3);\"><\/div><\/div><\/div><\/div><\/div><div class=\"fusion-layout-column fusion_builder_column fusion-builder-column-4 fusion_builder_column_1_3 1_3 fusion-flex-column\" style=\"--awb-bg-color:var(--awb-color1);--awb-bg-color-hover:var(--awb-color1);--awb-bg-size:cover;--awb-border-color:hsla(var(--awb-color6-h),var(--awb-color6-s),calc(var(--awb-color6-l) + 40%),var(--awb-color6-a));--awb-border-top:1px;--awb-border-right:1px;--awb-border-bottom:1px;--awb-border-left:1px;--awb-border-style:solid;--awb-width-large:33.333333333333%;--awb-margin-top-large:20px;--awb-spacing-right-large:20px;--awb-margin-bottom-large:20px;--awb-spacing-left-large:0px;--awb-width-medium:100%;--awb-order-medium:0;--awb-spacing-right-medium:1.92%;--awb-spacing-left-medium:1.92%;--awb-width-small:100%;--awb-order-small:0;--awb-spacing-right-small:1.92%;--awb-spacing-left-small:1.92%;\" data-scroll-devices=\"small-visibility,medium-visibility,large-visibility\"><div class=\"fusion-column-wrapper fusion-column-has-shadow fusion-flex-justify-content-flex-start fusion-content-layout-column\"><div class=\"fusion-image-element \" style=\"--awb-caption-title-font-family:var(--h2_typography-font-family);--awb-caption-title-font-weight:var(--h2_typography-font-weight);--awb-caption-title-font-style:var(--h2_typography-font-style);--awb-caption-title-size:var(--h2_typography-font-size);--awb-caption-title-transform:var(--h2_typography-text-transform);--awb-caption-title-line-height:var(--h2_typography-line-height);--awb-caption-title-letter-spacing:var(--h2_typography-letter-spacing);\"><span class=\" fusion-imageframe imageframe-none imageframe-2 hover-type-none\"><img decoding=\"async\" width=\"600\" height=\"600\" title=\"Proyecto_arquitec_interior\" src=\"https:\/\/ancestralroute.com\/wp-content\/uploads\/2025\/10\/Proyecto_arquitec_interior.jpg\" data-orig-src=\"https:\/\/ancestralroute.com\/wp-content\/uploads\/2025\/10\/Proyecto_arquitec_interior.jpg\" alt class=\"lazyload img-responsive wp-image-2630\" srcset=\"data:image\/svg+xml,%3Csvg%20xmlns%3D%27http%3A%2F%2Fwww.w3.org%2F2000%2Fsvg%27%20width%3D%27600%27%20height%3D%27600%27%20viewBox%3D%270%200%20600%20600%27%3E%3Crect%20width%3D%27600%27%20height%3D%27600%27%20fill-opacity%3D%220%22%2F%3E%3C%2Fsvg%3E\" data-srcset=\"https:\/\/ancestralroute.com\/wp-content\/uploads\/2025\/10\/Proyecto_arquitec_interior-200x200.jpg 200w, https:\/\/ancestralroute.com\/wp-content\/uploads\/2025\/10\/Proyecto_arquitec_interior-400x400.jpg 400w, https:\/\/ancestralroute.com\/wp-content\/uploads\/2025\/10\/Proyecto_arquitec_interior.jpg 600w\" data-sizes=\"auto\" data-orig-sizes=\"(max-width: 1050px) 100vw, (max-width: 640px) 100vw, 400px\" \/><\/span><\/div><div class=\"fusion-title title fusion-title-3 fusion-title-text fusion-title-size-three\" style=\"--awb-margin-top:10px;--awb-margin-right:10px;--awb-margin-bottom:0px;--awb-margin-left:10px;\"><div class=\"title-sep-container title-sep-container-left fusion-no-large-visibility fusion-no-medium-visibility fusion-no-small-visibility\"><div class=\"title-sep sep- sep-solid\" style=\"border-color:var(--awb-color3);\"><\/div><\/div><span class=\"awb-title-spacer fusion-no-large-visibility fusion-no-medium-visibility fusion-no-small-visibility\"><\/span><h3 class=\"fusion-title-heading title-heading-left fusion-responsive-typography-calculated\" style=\"margin:0;--fontSize:26;--minFontSize:26;line-height:var(--awb-typography1-line-height);\">Projet r\u00e9alis\u00e9 \u00e0 Barcelone<\/h3><span class=\"awb-title-spacer\"><\/span><div class=\"title-sep-container title-sep-container-right\"><div class=\"title-sep sep- sep-solid\" style=\"border-color:var(--awb-color3);\"><\/div><\/div><\/div><div class=\"fusion-separator\" style=\"align-self: center;margin-left: auto;margin-right: auto;margin-bottom:20px;width:100%;max-width:90%;\"><div class=\"fusion-separator-border sep-single sep-dotted\" style=\"--awb-height:20px;--awb-amount:20px;border-color:var(--awb-color5);border-top-width:1px;\"><\/div><\/div><div style=\"text-align:center;\"><a class=\"fusion-button button-flat fusion-button-default-size button-default fusion-button-default button-1 fusion-button-default-span fusion-button-default-type\" style=\"--button_margin-bottom:20px;\" target=\"_self\"><span class=\"fusion-button-text awb-button__text awb-button__text--default\">EN SAVOIR PLUS PLUS<\/span><\/a><\/div><\/div><\/div><\/div><\/div><\/p>\n","protected":false},"excerpt":{"rendered":"","protected":false},"author":1,"featured_media":0,"parent":0,"menu_order":0,"comment_status":"closed","ping_status":"closed","template":"100-width.php","meta":{"_acf_changed":false,"footnotes":""},"tipus":[],"class_list":["post-2832","page","type-page","status-publish","hentry"],"acf":[],"yoast_head":"<!-- This site is optimized with the Yoast SEO plugin v26.7 - https:\/\/yoast.com\/wordpress\/plugins\/seo\/ -->\n<title>Conception de jardins et environnements naturels<\/title>\n<meta name=\"description\" content=\"Chez Ancestral Route, le jardin est un espace vivant. Conception de jardins et d&#039;environnements naturels. Des paysages en dialogue avec la nature.\" \/>\n<meta name=\"robots\" content=\"index, follow, max-snippet:-1, max-image-preview:large, max-video-preview:-1\" \/>\n<link rel=\"canonical\" href=\"https:\/\/ancestralroute.com\/fr\/amenagement-paysager\/\" \/>\n<meta property=\"og:locale\" content=\"fr_FR\" \/>\n<meta property=\"og:type\" content=\"article\" \/>\n<meta property=\"og:title\" content=\"Conception de jardins et environnements naturels\" \/>\n<meta property=\"og:description\" content=\"Chez Ancestral Route, le jardin est un espace vivant. Conception de jardins et d&#039;environnements naturels. Des paysages en dialogue avec la nature.\" \/>\n<meta property=\"og:url\" content=\"https:\/\/ancestralroute.com\/fr\/amenagement-paysager\/\" \/>\n<meta property=\"og:site_name\" content=\"Ancestral route\" \/>\n<meta property=\"article:modified_time\" content=\"2025-11-07T08:37:37+00:00\" \/>\n<meta name=\"twitter:card\" content=\"summary_large_image\" \/>\n<meta name=\"twitter:label1\" content=\"Dur\u00e9e de lecture estim\u00e9e\" \/>\n\t<meta name=\"twitter:data1\" content=\"25 minutes\" \/>\n<script type=\"application\/ld+json\" class=\"yoast-schema-graph\">{\"@context\":\"https:\/\/schema.org\",\"@graph\":[{\"@type\":\"WebPage\",\"@id\":\"https:\/\/ancestralroute.com\/fr\/amenagement-paysager\/\",\"url\":\"https:\/\/ancestralroute.com\/fr\/amenagement-paysager\/\",\"name\":\"Conception de jardins et environnements naturels\",\"isPartOf\":{\"@id\":\"https:\/\/ancestralroute.com\/fr\/#website\"},\"datePublished\":\"2025-10-21T10:08:30+00:00\",\"dateModified\":\"2025-11-07T08:37:37+00:00\",\"description\":\"Chez Ancestral Route, le jardin est un espace vivant. Conception de jardins et d'environnements naturels. Des paysages en dialogue avec la nature.\",\"breadcrumb\":{\"@id\":\"https:\/\/ancestralroute.com\/fr\/amenagement-paysager\/#breadcrumb\"},\"inLanguage\":\"fr-FR\",\"potentialAction\":[{\"@type\":\"ReadAction\",\"target\":[\"https:\/\/ancestralroute.com\/fr\/amenagement-paysager\/\"]}]},{\"@type\":\"BreadcrumbList\",\"@id\":\"https:\/\/ancestralroute.com\/fr\/amenagement-paysager\/#breadcrumb\",\"itemListElement\":[{\"@type\":\"ListItem\",\"position\":1,\"name\":\"Accueil\",\"item\":\"https:\/\/ancestralroute.com\/fr\/\"},{\"@type\":\"ListItem\",\"position\":2,\"name\":\"Am\u00e9nagement paysager\"}]},{\"@type\":\"WebSite\",\"@id\":\"https:\/\/ancestralroute.com\/fr\/#website\",\"url\":\"https:\/\/ancestralroute.com\/fr\/\",\"name\":\"Ancestral route\",\"description\":\"\",\"potentialAction\":[{\"@type\":\"SearchAction\",\"target\":{\"@type\":\"EntryPoint\",\"urlTemplate\":\"https:\/\/ancestralroute.com\/fr\/?s={search_term_string}\"},\"query-input\":{\"@type\":\"PropertyValueSpecification\",\"valueRequired\":true,\"valueName\":\"search_term_string\"}}],\"inLanguage\":\"fr-FR\"}]}<\/script>\n<!-- \/ Yoast SEO plugin. -->","yoast_head_json":{"title":"Conception de jardins et environnements naturels","description":"Chez Ancestral Route, le jardin est un espace vivant. Conception de jardins et d'environnements naturels. Des paysages en dialogue avec la nature.","robots":{"index":"index","follow":"follow","max-snippet":"max-snippet:-1","max-image-preview":"max-image-preview:large","max-video-preview":"max-video-preview:-1"},"canonical":"https:\/\/ancestralroute.com\/fr\/amenagement-paysager\/","og_locale":"fr_FR","og_type":"article","og_title":"Conception de jardins et environnements naturels","og_description":"Chez Ancestral Route, le jardin est un espace vivant. Conception de jardins et d'environnements naturels. Des paysages en dialogue avec la nature.","og_url":"https:\/\/ancestralroute.com\/fr\/amenagement-paysager\/","og_site_name":"Ancestral route","article_modified_time":"2025-11-07T08:37:37+00:00","twitter_card":"summary_large_image","twitter_misc":{"Dur\u00e9e de lecture estim\u00e9e":"25 minutes"},"schema":{"@context":"https:\/\/schema.org","@graph":[{"@type":"WebPage","@id":"https:\/\/ancestralroute.com\/fr\/amenagement-paysager\/","url":"https:\/\/ancestralroute.com\/fr\/amenagement-paysager\/","name":"Conception de jardins et environnements naturels","isPartOf":{"@id":"https:\/\/ancestralroute.com\/fr\/#website"},"datePublished":"2025-10-21T10:08:30+00:00","dateModified":"2025-11-07T08:37:37+00:00","description":"Chez Ancestral Route, le jardin est un espace vivant. Conception de jardins et d'environnements naturels. Des paysages en dialogue avec la nature.","breadcrumb":{"@id":"https:\/\/ancestralroute.com\/fr\/amenagement-paysager\/#breadcrumb"},"inLanguage":"fr-FR","potentialAction":[{"@type":"ReadAction","target":["https:\/\/ancestralroute.com\/fr\/amenagement-paysager\/"]}]},{"@type":"BreadcrumbList","@id":"https:\/\/ancestralroute.com\/fr\/amenagement-paysager\/#breadcrumb","itemListElement":[{"@type":"ListItem","position":1,"name":"Accueil","item":"https:\/\/ancestralroute.com\/fr\/"},{"@type":"ListItem","position":2,"name":"Am\u00e9nagement paysager"}]},{"@type":"WebSite","@id":"https:\/\/ancestralroute.com\/fr\/#website","url":"https:\/\/ancestralroute.com\/fr\/","name":"Ancestral route","description":"","potentialAction":[{"@type":"SearchAction","target":{"@type":"EntryPoint","urlTemplate":"https:\/\/ancestralroute.com\/fr\/?s={search_term_string}"},"query-input":{"@type":"PropertyValueSpecification","valueRequired":true,"valueName":"search_term_string"}}],"inLanguage":"fr-FR"}]}},"_links":{"self":[{"href":"https:\/\/ancestralroute.com\/fr\/wp-json\/wp\/v2\/pages\/2832","targetHints":{"allow":["GET"]}}],"collection":[{"href":"https:\/\/ancestralroute.com\/fr\/wp-json\/wp\/v2\/pages"}],"about":[{"href":"https:\/\/ancestralroute.com\/fr\/wp-json\/wp\/v2\/types\/page"}],"author":[{"embeddable":true,"href":"https:\/\/ancestralroute.com\/fr\/wp-json\/wp\/v2\/users\/1"}],"replies":[{"embeddable":true,"href":"https:\/\/ancestralroute.com\/fr\/wp-json\/wp\/v2\/comments?post=2832"}],"version-history":[{"count":14,"href":"https:\/\/ancestralroute.com\/fr\/wp-json\/wp\/v2\/pages\/2832\/revisions"}],"predecessor-version":[{"id":3636,"href":"https:\/\/ancestralroute.com\/fr\/wp-json\/wp\/v2\/pages\/2832\/revisions\/3636"}],"wp:attachment":[{"href":"https:\/\/ancestralroute.com\/fr\/wp-json\/wp\/v2\/media?parent=2832"}],"wp:term":[{"taxonomy":"tipus","embeddable":true,"href":"https:\/\/ancestralroute.com\/fr\/wp-json\/wp\/v2\/tipus?post=2832"}],"curies":[{"name":"wp","href":"https:\/\/api.w.org\/{rel}","templated":true}]}}