{"id":2867,"date":"2025-10-21T08:44:29","date_gmt":"2025-10-21T08:44:29","guid":{"rendered":"https:\/\/ancestralroute.com\/personnel-projet\/architecture-et-decoration-dinterieur\/"},"modified":"2025-11-07T08:27:11","modified_gmt":"2025-11-07T08:27:11","slug":"architecture-et-decoration-dinterieur","status":"publish","type":"page","link":"https:\/\/ancestralroute.com\/fr\/architecture-et-decoration-dinterieur\/","title":{"rendered":"Architecture et d\u00e9coration d&rsquo;int\u00e9rieur"},"content":{"rendered":"<p><div class=\"fusion-fullwidth fullwidth-box fusion-builder-row-1 fusion-flex-container has-pattern-background has-mask-background nonhundred-percent-fullwidth non-hundred-percent-height-scrolling\" style=\"--awb-border-radius-top-left:0px;--awb-border-radius-top-right:0px;--awb-border-radius-bottom-right:0px;--awb-border-radius-bottom-left:0px;--awb-flex-wrap:wrap;\" ><div class=\"fusion-builder-row fusion-row fusion-flex-align-items-flex-start fusion-flex-justify-content-center fusion-flex-content-wrap\" style=\"max-width:1216.8px;margin-left: calc(-4% \/ 2 );margin-right: calc(-4% \/ 2 );\"><div class=\"fusion-layout-column fusion_builder_column fusion-builder-column-0 fusion_builder_column_1_2 1_2 fusion-flex-column fusion-flex-align-self-center\" style=\"--awb-bg-size:cover;--awb-width-large:50%;--awb-margin-top-large:20px;--awb-spacing-right-large:3.84%;--awb-margin-bottom-large:20px;--awb-spacing-left-large:3.84%;--awb-width-medium:60%;--awb-order-medium:0;--awb-spacing-right-medium:3.2%;--awb-spacing-left-medium:3.2%;--awb-width-small:100%;--awb-order-small:2;--awb-spacing-right-small:1.92%;--awb-spacing-left-small:1.92%;\" data-scroll-devices=\"small-visibility,medium-visibility,large-visibility\"><div class=\"fusion-column-wrapper fusion-column-has-shadow fusion-flex-justify-content-flex-start fusion-content-layout-column\"><div class=\"fusion-title title fusion-title-1 fusion-title-text fusion-title-size-one\" style=\"--awb-font-size:54px;\"><div class=\"title-sep-container title-sep-container-left fusion-no-large-visibility fusion-no-medium-visibility fusion-no-small-visibility\"><div class=\"title-sep sep- sep-solid\" style=\"border-color:var(--awb-color3);\"><\/div><\/div><span class=\"awb-title-spacer fusion-no-large-visibility fusion-no-medium-visibility fusion-no-small-visibility\"><\/span><h1 class=\"fusion-title-heading title-heading-left fusion-responsive-typography-calculated\" style=\"margin:0;font-size:1em;--fontSize:54;line-height:1;\">Architecture et d\u00e9coration d&rsquo;int\u00e9rieur<\/h1><span class=\"awb-title-spacer\"><\/span><div class=\"title-sep-container title-sep-container-right\"><div class=\"title-sep sep- sep-solid\" style=\"border-color:var(--awb-color3);\"><\/div><\/div><\/div><div class=\"fusion-text fusion-text-1\"><p><em><strong>Inspir\u00e9s par la beaut\u00e9 imparfaite de l&rsquo; ancien.<\/strong><\/em><\/p>\n<p data-start=\"155\" data-end=\"455\">Chez Ancestral Route, nous concevons l&rsquo;architecture et la d\u00e9coration d&rsquo;int\u00e9rieur comme une seule et m\u00eame expression. Chaque projet na\u00eet du dialogue entre l&rsquo;espace, la mati\u00e8re et les personnes qui l&rsquo;habitent. Nous pensons que concevoir, c&rsquo;est \u00e9couter: comprendre l&rsquo;histoire du lieu, sa lumi\u00e8re, son rythme et la vie qui s&rsquo;y d\u00e9roule.  <\/p>\n<p data-start=\"457\" data-end=\"823\">Notre travail allie la sensibilit\u00e9 esth\u00e9tique au respect de la fonctionnalit\u00e9. Nous cherchons \u00e0 ce que chaque forme ait un sens et chaque d\u00e9tail exprime l&rsquo; \u00e9quilibre entre beaut\u00e9 et utilit\u00e9. Nous travaillons avec des mat\u00e9riaux naturels, des textures authentiques et des proportions qui g\u00e9n\u00e8rent l&rsquo;harmonie. L&rsquo;architecture ne consiste pas seulement \u00e0 construire, mais aussi cr\u00e9er des lieux o\u00f9 l&rsquo; \u00e2me se sent chez elle.   <\/p>\n<\/div><\/div><\/div><div class=\"fusion-layout-column fusion_builder_column fusion-builder-column-1 fusion_builder_column_1_2 1_2 fusion-flex-column\" style=\"--awb-padding-top:20px;--awb-padding-right:20px;--awb-padding-bottom:20px;--awb-padding-left:20px;--awb-bg-size:cover;--awb-border-color:var(--awb-color5);--awb-border-top:1px;--awb-border-right:1px;--awb-border-bottom:1px;--awb-border-left:1px;--awb-border-style:solid;--awb-width-large:50%;--awb-margin-top-large:30px;--awb-spacing-right-large:2.688%;--awb-margin-bottom-large:20px;--awb-spacing-left-large:3.84%;--awb-width-medium:40%;--awb-order-medium:0;--awb-spacing-right-medium:3.36%;--awb-spacing-left-medium:4.8%;--awb-width-small:100%;--awb-order-small:1;--awb-spacing-right-small:1.92%;--awb-spacing-left-small:1.92%;\" data-scroll-devices=\"small-visibility,medium-visibility,large-visibility\"><div class=\"fusion-column-wrapper fusion-column-has-shadow fusion-flex-justify-content-flex-start fusion-content-layout-column\"><div class=\"fusion-image-element \" style=\"--awb-caption-title-font-family:var(--h2_typography-font-family);--awb-caption-title-font-weight:var(--h2_typography-font-weight);--awb-caption-title-font-style:var(--h2_typography-font-style);--awb-caption-title-size:var(--h2_typography-font-size);--awb-caption-title-transform:var(--h2_typography-text-transform);--awb-caption-title-line-height:var(--h2_typography-line-height);--awb-caption-title-letter-spacing:var(--h2_typography-letter-spacing);\"><span class=\" fusion-imageframe imageframe-none imageframe-1 hover-type-none\"><img decoding=\"async\" width=\"600\" height=\"600\" alt=\"Architecture et d\u00e9coration d&rsquo;int\u00e9rieur\" title=\"Architecture_et_design_d&rsquo;int\u00e9rieur\" src=\"https:\/\/ancestralroute.com\/wp-content\/uploads\/2025\/07\/Arquitectura_e_interiorismo.jpg\" data-orig-src=\"https:\/\/ancestralroute.com\/wp-content\/uploads\/2025\/07\/Arquitectura_e_interiorismo.jpg\" class=\"lazyload img-responsive wp-image-1976\" srcset=\"data:image\/svg+xml,%3Csvg%20xmlns%3D%27http%3A%2F%2Fwww.w3.org%2F2000%2Fsvg%27%20width%3D%27600%27%20height%3D%27600%27%20viewBox%3D%270%200%20600%20600%27%3E%3Crect%20width%3D%27600%27%20height%3D%27600%27%20fill-opacity%3D%220%22%2F%3E%3C%2Fsvg%3E\" data-srcset=\"https:\/\/ancestralroute.com\/wp-content\/uploads\/2025\/07\/Arquitectura_e_interiorismo-200x200.jpg 200w, https:\/\/ancestralroute.com\/wp-content\/uploads\/2025\/07\/Arquitectura_e_interiorismo-400x400.jpg 400w, https:\/\/ancestralroute.com\/wp-content\/uploads\/2025\/07\/Arquitectura_e_interiorismo.jpg 600w\" data-sizes=\"auto\" data-orig-sizes=\"(max-width: 1050px) 100vw, (max-width: 640px) 100vw, 600px\" \/><\/span><\/div><\/div><\/div><div class=\"fusion-layout-column fusion_builder_column fusion-builder-column-2 fusion_builder_column_1_1 1_1 fusion-flex-column\" style=\"--awb-bg-size:cover;--awb-width-large:100%;--awb-margin-top-large:20px;--awb-spacing-right-large:1.92%;--awb-margin-bottom-large:20px;--awb-spacing-left-large:1.92%;--awb-width-medium:100%;--awb-order-medium:0;--awb-spacing-right-medium:1.92%;--awb-spacing-left-medium:1.92%;--awb-width-small:100%;--awb-order-small:0;--awb-spacing-right-small:1.92%;--awb-spacing-left-small:1.92%;\"><div class=\"fusion-column-wrapper fusion-column-has-shadow fusion-flex-justify-content-flex-start fusion-content-layout-column\"><div class=\"fusion-text fusion-text-2\"><p data-start=\"825\" data-end=\"1150\">En mati\u00e8re de d\u00e9coration d&rsquo;int\u00e9rieur, notre regard va au-del\u00e0 de la simple d\u00e9coration. Nous concevons des espaces qui transmettent calme et coh\u00e9rence, qui invitent au bien-\u00eatre et au silence int\u00e9rieur. Le choix des couleurs, de l&rsquo;\u00e9clairage et du mobilier est effectu\u00e9 avec soin, en veillant \u00e0 ce que tout s&rsquo;harmonise de mani\u00e8re organique et refl\u00e8te l&rsquo;identit\u00e9 de ceux qui y vivent.  <\/p>\n<p data-start=\"1152\" data-end=\"1465\">Chaque projet est unique. Des logements priv\u00e9s aux espaces collectifs, nous d\u00e9veloppons des solutions personnalis\u00e9es qui allient de mani\u00e8re \u00e9quilibr\u00e9e durabilit\u00e9, artisanat et technologie. Nous croyons en un design qui \u00e9volue avec le temps, qui respire avec l&rsquo;environnement et qui pr\u00e9serve l&rsquo;essence de l&rsquo;ancestral.  <\/p>\n<p data-start=\"1467\" data-end=\"1709\">Chez Ancestral Route, l&rsquo;architecture et la d\u00e9coration d&rsquo;int\u00e9rieur deviennent un moyen de connexion. Un processus qui transforme les espaces, mais aussi les personnes. Nous concevons des lieux qui ont une \u00e2me, o\u00f9 la beaut\u00e9 ne s&rsquo;impose pas, mais se r\u00e9v\u00e8le.  <\/p>\n<\/div><\/div><\/div><\/div><\/div><div class=\"fusion-fullwidth fullwidth-box fusion-builder-row-2 fusion-flex-container has-pattern-background has-mask-background hundred-percent-fullwidth non-hundred-percent-height-scrolling\" style=\"--awb-border-radius-top-left:0px;--awb-border-radius-top-right:0px;--awb-border-radius-bottom-right:0px;--awb-border-radius-bottom-left:0px;--awb-padding-top:60px;--awb-padding-right:100px;--awb-padding-bottom:60px;--awb-padding-left:100px;--awb-background-color:hsla(var(--awb-color5-h),var(--awb-color5-s),calc(var(--awb-color5-l) - 10%),var(--awb-color5-a));--awb-flex-wrap:wrap;\" ><div class=\"fusion-builder-row fusion-row fusion-flex-align-items-flex-start fusion-flex-content-wrap\" style=\"width:104% !important;max-width:104% !important;margin-left: calc(-4% \/ 2 );margin-right: calc(-4% \/ 2 );\"><div class=\"fusion-layout-column fusion_builder_column fusion-builder-column-3 fusion_builder_column_1_1 1_1 fusion-flex-column\" style=\"--awb-bg-size:cover;--awb-width-large:100%;--awb-margin-top-large:20px;--awb-spacing-right-large:1.92%;--awb-margin-bottom-large:20px;--awb-spacing-left-large:1.92%;--awb-width-medium:100%;--awb-order-medium:0;--awb-spacing-right-medium:1.92%;--awb-spacing-left-medium:1.92%;--awb-width-small:100%;--awb-order-small:0;--awb-spacing-right-small:1.92%;--awb-spacing-left-small:1.92%;\"><div class=\"fusion-column-wrapper fusion-column-has-shadow fusion-flex-justify-content-flex-start fusion-content-layout-column\"><div class=\"fusion-title title fusion-title-2 fusion-title-center fusion-title-text fusion-title-size-three\" style=\"--awb-text-color:var(--awb-color1);\"><div class=\"title-sep-container title-sep-container-left\"><div class=\"title-sep sep- sep-solid\" style=\"border-color:var(--awb-color3);\"><\/div><\/div><span class=\"awb-title-spacer\"><\/span><h3 class=\"fusion-title-heading title-heading-center fusion-responsive-typography-calculated\" style=\"margin:0;--fontSize:26;--minFontSize:26;line-height:var(--awb-typography1-line-height);\">D\u00e9couvrez quelques-uns de nos projets r\u00e9alis\u00e9s<\/h3><span class=\"awb-title-spacer\"><\/span><div class=\"title-sep-container title-sep-container-right\"><div class=\"title-sep sep- sep-solid\" style=\"border-color:var(--awb-color3);\"><\/div><\/div><\/div><\/div><\/div><div class=\"fusion-layout-column fusion_builder_column fusion-builder-column-4 fusion_builder_column_1_1 1_1 fusion-flex-column\" style=\"--awb-bg-color:hsla(var(--awb-color5-h),var(--awb-color5-s),calc(var(--awb-color5-l) - 10%),var(--awb-color5-a));--awb-bg-color-hover:hsla(var(--awb-color5-h),var(--awb-color5-s),calc(var(--awb-color5-l) - 10%),var(--awb-color5-a));--awb-bg-size:cover;--awb-border-color:hsla(var(--awb-color6-h),var(--awb-color6-s),calc(var(--awb-color6-l) + 40%),var(--awb-color6-a));--awb-border-style:solid;--awb-width-large:100%;--awb-margin-top-large:20px;--awb-spacing-right-large:20px;--awb-margin-bottom-large:20px;--awb-spacing-left-large:0px;--awb-width-medium:100%;--awb-order-medium:0;--awb-spacing-right-medium:1.92%;--awb-spacing-left-medium:1.92%;--awb-width-small:100%;--awb-order-small:0;--awb-spacing-right-small:1.92%;--awb-spacing-left-small:1.92%;\" data-scroll-devices=\"small-visibility,medium-visibility,large-visibility\"><div class=\"fusion-column-wrapper fusion-column-has-shadow fusion-flex-justify-content-flex-start fusion-content-layout-column\"><\/div><\/div><\/div><\/div><\/p>\n","protected":false},"excerpt":{"rendered":"","protected":false},"author":1,"featured_media":0,"parent":0,"menu_order":0,"comment_status":"closed","ping_status":"closed","template":"100-width.php","meta":{"_acf_changed":false,"footnotes":""},"tipus":[],"class_list":["post-2867","page","type-page","status-publish","hentry"],"acf":[],"yoast_head":"<!-- This site is optimized with the Yoast SEO plugin v26.7 - https:\/\/yoast.com\/wordpress\/plugins\/seo\/ -->\n<title>Projets personnels d&#039;architecture et d&#039;architecture d&#039;int\u00e9rieur<\/title>\n<meta name=\"description\" content=\"Services de conception de projets personnels d&#039;architecture et de d\u00e9coration d&#039;int\u00e9rieur et cr\u00e9ation d&#039;espaces o\u00f9 la beaut\u00e9 a du sens.\" \/>\n<meta name=\"robots\" content=\"index, follow, max-snippet:-1, max-image-preview:large, max-video-preview:-1\" \/>\n<link rel=\"canonical\" href=\"https:\/\/ancestralroute.com\/fr\/architecture-et-decoration-dinterieur\/\" \/>\n<meta property=\"og:locale\" content=\"fr_FR\" \/>\n<meta property=\"og:type\" content=\"article\" \/>\n<meta property=\"og:title\" content=\"Projets personnels d&#039;architecture et d&#039;architecture d&#039;int\u00e9rieur\" \/>\n<meta property=\"og:description\" content=\"Services de conception de projets personnels d&#039;architecture et de d\u00e9coration d&#039;int\u00e9rieur et cr\u00e9ation d&#039;espaces o\u00f9 la beaut\u00e9 a du sens.\" \/>\n<meta property=\"og:url\" content=\"https:\/\/ancestralroute.com\/fr\/architecture-et-decoration-dinterieur\/\" \/>\n<meta property=\"og:site_name\" content=\"Ancestral route\" \/>\n<meta property=\"article:modified_time\" content=\"2025-11-07T08:27:11+00:00\" \/>\n<meta name=\"twitter:card\" content=\"summary_large_image\" \/>\n<meta name=\"twitter:label1\" content=\"Dur\u00e9e de lecture estim\u00e9e\" \/>\n\t<meta name=\"twitter:data1\" content=\"17 minutes\" \/>\n<script type=\"application\/ld+json\" class=\"yoast-schema-graph\">{\"@context\":\"https:\/\/schema.org\",\"@graph\":[{\"@type\":\"WebPage\",\"@id\":\"https:\/\/ancestralroute.com\/fr\/architecture-et-decoration-dinterieur\/\",\"url\":\"https:\/\/ancestralroute.com\/fr\/architecture-et-decoration-dinterieur\/\",\"name\":\"Projets personnels d'architecture et d'architecture d'int\u00e9rieur\",\"isPartOf\":{\"@id\":\"https:\/\/ancestralroute.com\/fr\/#website\"},\"datePublished\":\"2025-10-21T08:44:29+00:00\",\"dateModified\":\"2025-11-07T08:27:11+00:00\",\"description\":\"Services de conception de projets personnels d'architecture et de d\u00e9coration d'int\u00e9rieur et cr\u00e9ation d'espaces o\u00f9 la beaut\u00e9 a du sens.\",\"breadcrumb\":{\"@id\":\"https:\/\/ancestralroute.com\/fr\/architecture-et-decoration-dinterieur\/#breadcrumb\"},\"inLanguage\":\"fr-FR\",\"potentialAction\":[{\"@type\":\"ReadAction\",\"target\":[\"https:\/\/ancestralroute.com\/fr\/architecture-et-decoration-dinterieur\/\"]}]},{\"@type\":\"BreadcrumbList\",\"@id\":\"https:\/\/ancestralroute.com\/fr\/architecture-et-decoration-dinterieur\/#breadcrumb\",\"itemListElement\":[{\"@type\":\"ListItem\",\"position\":1,\"name\":\"Accueil\",\"item\":\"https:\/\/ancestralroute.com\/fr\/\"},{\"@type\":\"ListItem\",\"position\":2,\"name\":\"Architecture et d\u00e9coration d&rsquo;int\u00e9rieur\"}]},{\"@type\":\"WebSite\",\"@id\":\"https:\/\/ancestralroute.com\/fr\/#website\",\"url\":\"https:\/\/ancestralroute.com\/fr\/\",\"name\":\"Ancestral route\",\"description\":\"\",\"potentialAction\":[{\"@type\":\"SearchAction\",\"target\":{\"@type\":\"EntryPoint\",\"urlTemplate\":\"https:\/\/ancestralroute.com\/fr\/?s={search_term_string}\"},\"query-input\":{\"@type\":\"PropertyValueSpecification\",\"valueRequired\":true,\"valueName\":\"search_term_string\"}}],\"inLanguage\":\"fr-FR\"}]}<\/script>\n<!-- \/ Yoast SEO plugin. -->","yoast_head_json":{"title":"Projets personnels d'architecture et d'architecture d'int\u00e9rieur","description":"Services de conception de projets personnels d'architecture et de d\u00e9coration d'int\u00e9rieur et cr\u00e9ation d'espaces o\u00f9 la beaut\u00e9 a du sens.","robots":{"index":"index","follow":"follow","max-snippet":"max-snippet:-1","max-image-preview":"max-image-preview:large","max-video-preview":"max-video-preview:-1"},"canonical":"https:\/\/ancestralroute.com\/fr\/architecture-et-decoration-dinterieur\/","og_locale":"fr_FR","og_type":"article","og_title":"Projets personnels d'architecture et d'architecture d'int\u00e9rieur","og_description":"Services de conception de projets personnels d'architecture et de d\u00e9coration d'int\u00e9rieur et cr\u00e9ation d'espaces o\u00f9 la beaut\u00e9 a du sens.","og_url":"https:\/\/ancestralroute.com\/fr\/architecture-et-decoration-dinterieur\/","og_site_name":"Ancestral route","article_modified_time":"2025-11-07T08:27:11+00:00","twitter_card":"summary_large_image","twitter_misc":{"Dur\u00e9e de lecture estim\u00e9e":"17 minutes"},"schema":{"@context":"https:\/\/schema.org","@graph":[{"@type":"WebPage","@id":"https:\/\/ancestralroute.com\/fr\/architecture-et-decoration-dinterieur\/","url":"https:\/\/ancestralroute.com\/fr\/architecture-et-decoration-dinterieur\/","name":"Projets personnels d'architecture et d'architecture d'int\u00e9rieur","isPartOf":{"@id":"https:\/\/ancestralroute.com\/fr\/#website"},"datePublished":"2025-10-21T08:44:29+00:00","dateModified":"2025-11-07T08:27:11+00:00","description":"Services de conception de projets personnels d'architecture et de d\u00e9coration d'int\u00e9rieur et cr\u00e9ation d'espaces o\u00f9 la beaut\u00e9 a du sens.","breadcrumb":{"@id":"https:\/\/ancestralroute.com\/fr\/architecture-et-decoration-dinterieur\/#breadcrumb"},"inLanguage":"fr-FR","potentialAction":[{"@type":"ReadAction","target":["https:\/\/ancestralroute.com\/fr\/architecture-et-decoration-dinterieur\/"]}]},{"@type":"BreadcrumbList","@id":"https:\/\/ancestralroute.com\/fr\/architecture-et-decoration-dinterieur\/#breadcrumb","itemListElement":[{"@type":"ListItem","position":1,"name":"Accueil","item":"https:\/\/ancestralroute.com\/fr\/"},{"@type":"ListItem","position":2,"name":"Architecture et d\u00e9coration d&rsquo;int\u00e9rieur"}]},{"@type":"WebSite","@id":"https:\/\/ancestralroute.com\/fr\/#website","url":"https:\/\/ancestralroute.com\/fr\/","name":"Ancestral route","description":"","potentialAction":[{"@type":"SearchAction","target":{"@type":"EntryPoint","urlTemplate":"https:\/\/ancestralroute.com\/fr\/?s={search_term_string}"},"query-input":{"@type":"PropertyValueSpecification","valueRequired":true,"valueName":"search_term_string"}}],"inLanguage":"fr-FR"}]}},"_links":{"self":[{"href":"https:\/\/ancestralroute.com\/fr\/wp-json\/wp\/v2\/pages\/2867","targetHints":{"allow":["GET"]}}],"collection":[{"href":"https:\/\/ancestralroute.com\/fr\/wp-json\/wp\/v2\/pages"}],"about":[{"href":"https:\/\/ancestralroute.com\/fr\/wp-json\/wp\/v2\/types\/page"}],"author":[{"embeddable":true,"href":"https:\/\/ancestralroute.com\/fr\/wp-json\/wp\/v2\/users\/1"}],"replies":[{"embeddable":true,"href":"https:\/\/ancestralroute.com\/fr\/wp-json\/wp\/v2\/comments?post=2867"}],"version-history":[{"count":8,"href":"https:\/\/ancestralroute.com\/fr\/wp-json\/wp\/v2\/pages\/2867\/revisions"}],"predecessor-version":[{"id":3595,"href":"https:\/\/ancestralroute.com\/fr\/wp-json\/wp\/v2\/pages\/2867\/revisions\/3595"}],"wp:attachment":[{"href":"https:\/\/ancestralroute.com\/fr\/wp-json\/wp\/v2\/media?parent=2867"}],"wp:term":[{"taxonomy":"tipus","embeddable":true,"href":"https:\/\/ancestralroute.com\/fr\/wp-json\/wp\/v2\/tipus?post=2867"}],"curies":[{"name":"wp","href":"https:\/\/api.w.org\/{rel}","templated":true}]}}