{"id":2871,"date":"2025-10-21T10:08:34","date_gmt":"2025-10-21T10:08:34","guid":{"rendered":"https:\/\/ancestralroute.com\/personnel-projet\/construction-de-maisons\/"},"modified":"2025-11-07T08:30:27","modified_gmt":"2025-11-07T08:30:27","slug":"construction-de-maisons","status":"publish","type":"page","link":"https:\/\/ancestralroute.com\/fr\/construction-de-maisons\/","title":{"rendered":"Construction de maisons"},"content":{"rendered":"<p><div class=\"fusion-fullwidth fullwidth-box fusion-builder-row-1 fusion-flex-container has-pattern-background has-mask-background nonhundred-percent-fullwidth non-hundred-percent-height-scrolling\" style=\"--awb-border-radius-top-left:0px;--awb-border-radius-top-right:0px;--awb-border-radius-bottom-right:0px;--awb-border-radius-bottom-left:0px;--awb-flex-wrap:wrap;\" ><div class=\"fusion-builder-row fusion-row fusion-flex-align-items-flex-start fusion-flex-justify-content-center fusion-flex-content-wrap\" style=\"max-width:1216.8px;margin-left: calc(-4% \/ 2 );margin-right: calc(-4% \/ 2 );\"><div class=\"fusion-layout-column fusion_builder_column fusion-builder-column-0 fusion_builder_column_1_2 1_2 fusion-flex-column fusion-flex-align-self-center\" style=\"--awb-bg-size:cover;--awb-width-large:50%;--awb-margin-top-large:20px;--awb-spacing-right-large:3.84%;--awb-margin-bottom-large:20px;--awb-spacing-left-large:3.84%;--awb-width-medium:60%;--awb-order-medium:0;--awb-spacing-right-medium:3.2%;--awb-spacing-left-medium:3.2%;--awb-width-small:100%;--awb-order-small:2;--awb-spacing-right-small:1.92%;--awb-spacing-left-small:1.92%;\" data-scroll-devices=\"small-visibility,medium-visibility,large-visibility\"><div class=\"fusion-column-wrapper fusion-column-has-shadow fusion-flex-justify-content-flex-start fusion-content-layout-column\"><div class=\"fusion-title title fusion-title-1 fusion-title-text fusion-title-size-one\" style=\"--awb-font-size:54px;\"><div class=\"title-sep-container title-sep-container-left fusion-no-large-visibility fusion-no-medium-visibility fusion-no-small-visibility\"><div class=\"title-sep sep- sep-solid\" style=\"border-color:var(--awb-color3);\"><\/div><\/div><span class=\"awb-title-spacer fusion-no-large-visibility fusion-no-medium-visibility fusion-no-small-visibility\"><\/span><h1 class=\"fusion-title-heading title-heading-left fusion-responsive-typography-calculated\" style=\"margin:0;font-size:1em;--fontSize:54;line-height:1;\">Construction de maisons<\/h1><span class=\"awb-title-spacer\"><\/span><div class=\"title-sep-container title-sep-container-right\"><div class=\"title-sep sep- sep-solid\" style=\"border-color:var(--awb-color3);\"><\/div><\/div><\/div><div class=\"fusion-text fusion-text-1\"><p><em><strong>Une construction qui a du caract\u00e8re. <\/strong><\/em><\/p>\n<p data-start=\"307\" data-end=\"634\">Chez Ancestral Route, nous concevons la construction de maisons comme un processus qui va au-del\u00e0 de l&rsquo;aspect technique. Chaque logement est le fruit d&rsquo;un dialogue entre l&rsquo;environnement, les mat\u00e9riaux et le mode de vie de ses occupants. Construire ne consiste pas seulement \u00e0 \u00e9riger des murs, mais aussi donner forme \u00e0 un espace qui refl\u00e8te l&rsquo;identit\u00e9, l&rsquo;\u00e9quilibre et l&rsquo;appartenance.  <\/p>\n<p data-start=\"636\" data-end=\"1009\">Notre approche int\u00e8gre l&rsquo;architecture, le design int\u00e9rieur et la construction de mani\u00e8re coh\u00e9rente. Nous travaillons depuis l&rsquo;id\u00e9e initiale jusqu&rsquo;\u00e0 la r\u00e9alisation finale, en soignant chaque d\u00e9tail afin de garantir l&rsquo;harmonie entre la structure, l&rsquo;esth\u00e9tique et la fonctionnalit\u00e9. Nous pensons qu&rsquo;une maison doit \u00eatre en harmonie avec le lieu o\u00f9 elle se trouve et les personnes qui y vivent, en s&rsquo;adaptant \u00e0 leur rythme et \u00e0 leurs besoins.  <\/p>\n<\/div><\/div><\/div><div class=\"fusion-layout-column fusion_builder_column fusion-builder-column-1 fusion_builder_column_1_2 1_2 fusion-flex-column\" style=\"--awb-padding-top:20px;--awb-padding-right:20px;--awb-padding-bottom:20px;--awb-padding-left:20px;--awb-bg-size:cover;--awb-border-color:var(--awb-color5);--awb-border-top:1px;--awb-border-right:1px;--awb-border-bottom:1px;--awb-border-left:1px;--awb-border-style:solid;--awb-width-large:50%;--awb-margin-top-large:30px;--awb-spacing-right-large:2.688%;--awb-margin-bottom-large:20px;--awb-spacing-left-large:3.84%;--awb-width-medium:40%;--awb-order-medium:0;--awb-spacing-right-medium:3.36%;--awb-spacing-left-medium:4.8%;--awb-width-small:100%;--awb-order-small:1;--awb-spacing-right-small:1.92%;--awb-spacing-left-small:1.92%;\" data-scroll-devices=\"small-visibility,medium-visibility,large-visibility\"><div class=\"fusion-column-wrapper fusion-column-has-shadow fusion-flex-justify-content-flex-start fusion-content-layout-column\"><div class=\"fusion-image-element \" style=\"--awb-caption-title-font-family:var(--h2_typography-font-family);--awb-caption-title-font-weight:var(--h2_typography-font-weight);--awb-caption-title-font-style:var(--h2_typography-font-style);--awb-caption-title-size:var(--h2_typography-font-size);--awb-caption-title-transform:var(--h2_typography-text-transform);--awb-caption-title-line-height:var(--h2_typography-line-height);--awb-caption-title-letter-spacing:var(--h2_typography-letter-spacing);\"><span class=\" fusion-imageframe imageframe-none imageframe-1 hover-type-none\"><img decoding=\"async\" width=\"600\" height=\"600\" alt=\"Construction de maisons\" title=\"construction_de_maisons\" src=\"https:\/\/ancestralroute.com\/wp-content\/uploads\/2025\/07\/construccion_de_casas.jpg\" data-orig-src=\"https:\/\/ancestralroute.com\/wp-content\/uploads\/2025\/07\/construccion_de_casas.jpg\" class=\"lazyload img-responsive wp-image-1968\" srcset=\"data:image\/svg+xml,%3Csvg%20xmlns%3D%27http%3A%2F%2Fwww.w3.org%2F2000%2Fsvg%27%20width%3D%27600%27%20height%3D%27600%27%20viewBox%3D%270%200%20600%20600%27%3E%3Crect%20width%3D%27600%27%20height%3D%27600%27%20fill-opacity%3D%220%22%2F%3E%3C%2Fsvg%3E\" data-srcset=\"https:\/\/ancestralroute.com\/wp-content\/uploads\/2025\/07\/construccion_de_casas-200x200.jpg 200w, https:\/\/ancestralroute.com\/wp-content\/uploads\/2025\/07\/construccion_de_casas-400x400.jpg 400w, https:\/\/ancestralroute.com\/wp-content\/uploads\/2025\/07\/construccion_de_casas.jpg 600w\" data-sizes=\"auto\" data-orig-sizes=\"(max-width: 1050px) 100vw, (max-width: 640px) 100vw, 600px\" \/><\/span><\/div><\/div><\/div><div class=\"fusion-layout-column fusion_builder_column fusion-builder-column-2 fusion_builder_column_1_1 1_1 fusion-flex-column\" style=\"--awb-bg-size:cover;--awb-width-large:100%;--awb-margin-top-large:20px;--awb-spacing-right-large:1.92%;--awb-margin-bottom-large:20px;--awb-spacing-left-large:1.92%;--awb-width-medium:100%;--awb-order-medium:0;--awb-spacing-right-medium:1.92%;--awb-spacing-left-medium:1.92%;--awb-width-small:100%;--awb-order-small:0;--awb-spacing-right-small:1.92%;--awb-spacing-left-small:1.92%;\"><div class=\"fusion-column-wrapper fusion-column-has-shadow fusion-flex-justify-content-flex-start fusion-content-layout-column\"><div class=\"fusion-text fusion-text-2\"><p data-start=\"1011\" data-end=\"1289\">Nous utilisons des mat\u00e9riaux naturels et durables, s\u00e9lectionn\u00e9s pour leur qualit\u00e9 et leur coh\u00e9rence avec l&rsquo; environnement. La durabilit\u00e9 est une valeur essentielle dans notre travail : nous misons sur des techniques qui respectent la terre, optimisent les ressources et favorisent le confort thermique et \u00e9nerg\u00e9tique. <\/p>\n<p data-start=\"1291\" data-end=\"1512\">Chaque projet est d\u00e9velopp\u00e9 en collaboration avec des artisans et des constructeurs qui partagent notre philosophie. La pr\u00e9cision technique s&rsquo;allie \u00e0 la sensibilit\u00e9 esth\u00e9tique pour cr\u00e9er des int\u00e9rieurs qui respirent la s\u00e9r\u00e9nit\u00e9 et l&rsquo;authenticit\u00e9. <\/p>\n<p data-start=\"1514\" data-end=\"1798\">Chez Ancestral Route, nous accompagnons chaque client dans un processus personnalis\u00e9, o\u00f9 l&rsquo;\u00e9coute et la confiance sont fondamentales. Notre objectif est de cr\u00e9er des logements qui ne se contentent pas d&rsquo;\u00eatre habit\u00e9s, mais qui se ressentent. Des espaces o\u00f9 l&rsquo;architecture devient refuge et o\u00f9 la mati\u00e8re prend vie.  <\/p>\n<\/div><\/div><\/div><\/div><\/div><div class=\"fusion-fullwidth fullwidth-box fusion-builder-row-2 fusion-flex-container has-pattern-background has-mask-background hundred-percent-fullwidth non-hundred-percent-height-scrolling\" style=\"--awb-border-radius-top-left:0px;--awb-border-radius-top-right:0px;--awb-border-radius-bottom-right:0px;--awb-border-radius-bottom-left:0px;--awb-padding-top:60px;--awb-padding-right:100px;--awb-padding-bottom:60px;--awb-padding-left:100px;--awb-background-color:hsla(var(--awb-color5-h),var(--awb-color5-s),calc(var(--awb-color5-l) - 10%),var(--awb-color5-a));--awb-flex-wrap:wrap;\" ><div class=\"fusion-builder-row fusion-row fusion-flex-align-items-flex-start fusion-flex-content-wrap\" style=\"width:104% !important;max-width:104% !important;margin-left: calc(-4% \/ 2 );margin-right: calc(-4% \/ 2 );\"><div class=\"fusion-layout-column fusion_builder_column fusion-builder-column-3 fusion_builder_column_1_1 1_1 fusion-flex-column\" style=\"--awb-bg-size:cover;--awb-width-large:100%;--awb-margin-top-large:20px;--awb-spacing-right-large:1.92%;--awb-margin-bottom-large:20px;--awb-spacing-left-large:1.92%;--awb-width-medium:100%;--awb-order-medium:0;--awb-spacing-right-medium:1.92%;--awb-spacing-left-medium:1.92%;--awb-width-small:100%;--awb-order-small:0;--awb-spacing-right-small:1.92%;--awb-spacing-left-small:1.92%;\"><div class=\"fusion-column-wrapper fusion-column-has-shadow fusion-flex-justify-content-flex-start fusion-content-layout-column\"><div class=\"fusion-title title fusion-title-2 fusion-title-center fusion-title-text fusion-title-size-three\" style=\"--awb-text-color:var(--awb-color1);\"><div class=\"title-sep-container title-sep-container-left\"><div class=\"title-sep sep- sep-solid\" style=\"border-color:var(--awb-color3);\"><\/div><\/div><span class=\"awb-title-spacer\"><\/span><h3 class=\"fusion-title-heading title-heading-center fusion-responsive-typography-calculated\" style=\"margin:0;--fontSize:26;--minFontSize:26;line-height:var(--awb-typography1-line-height);\">D\u00e9couvrez quelques-uns de nos projets r\u00e9alis\u00e9s<\/h3><span class=\"awb-title-spacer\"><\/span><div class=\"title-sep-container title-sep-container-right\"><div class=\"title-sep sep- sep-solid\" style=\"border-color:var(--awb-color3);\"><\/div><\/div><\/div><\/div><\/div><div class=\"fusion-layout-column fusion_builder_column fusion-builder-column-4 fusion_builder_column_1_1 1_1 fusion-flex-column\" style=\"--awb-padding-top:20px;--awb-padding-right:20px;--awb-padding-bottom:20px;--awb-padding-left:20px;--awb-bg-color:hsla(var(--awb-color5-h),var(--awb-color5-s),calc(var(--awb-color5-l) - 10%),var(--awb-color5-a));--awb-bg-color-hover:hsla(var(--awb-color5-h),var(--awb-color5-s),calc(var(--awb-color5-l) - 10%),var(--awb-color5-a));--awb-bg-size:cover;--awb-border-color:hsla(var(--awb-color6-h),var(--awb-color6-s),calc(var(--awb-color6-l) + 40%),var(--awb-color6-a));--awb-border-style:solid;--awb-width-large:100%;--awb-margin-top-large:20px;--awb-spacing-right-large:20px;--awb-margin-bottom-large:46px;--awb-spacing-left-large:0px;--awb-width-medium:100%;--awb-order-medium:0;--awb-spacing-right-medium:1.92%;--awb-spacing-left-medium:1.92%;--awb-width-small:100%;--awb-order-small:0;--awb-spacing-right-small:1.92%;--awb-spacing-left-small:1.92%;\" data-scroll-devices=\"small-visibility,medium-visibility,large-visibility\"><div class=\"fusion-column-wrapper fusion-column-has-shadow fusion-flex-justify-content-flex-start fusion-content-layout-column\"><\/div><\/div><\/div><\/div><\/p>\n","protected":false},"excerpt":{"rendered":"","protected":false},"author":1,"featured_media":0,"parent":0,"menu_order":0,"comment_status":"closed","ping_status":"closed","template":"100-width.php","meta":{"_acf_changed":false,"footnotes":""},"tipus":[],"class_list":["post-2871","page","type-page","status-publish","hentry"],"acf":[],"yoast_head":"<!-- This site is optimized with the Yoast SEO plugin v26.7 - https:\/\/yoast.com\/wordpress\/plugins\/seo\/ -->\n<title>Construction de maisons<\/title>\n<meta name=\"description\" content=\"Nous construisons des maisons qui refl\u00e8tent l&#039;authenticit\u00e9 et l&#039;\u00e9quilibre. Chez Ancestral Route, chaque projet na\u00eet du dialogue entre l&#039;espace et la mani\u00e8re d&#039;habiter.\" \/>\n<meta name=\"robots\" content=\"index, follow, max-snippet:-1, max-image-preview:large, max-video-preview:-1\" \/>\n<link rel=\"canonical\" href=\"https:\/\/ancestralroute.com\/fr\/construction-de-maisons\/\" \/>\n<meta property=\"og:locale\" content=\"fr_FR\" \/>\n<meta property=\"og:type\" content=\"article\" \/>\n<meta property=\"og:title\" content=\"Construction de maisons\" \/>\n<meta property=\"og:description\" content=\"Nous construisons des maisons qui refl\u00e8tent l&#039;authenticit\u00e9 et l&#039;\u00e9quilibre. Chez Ancestral Route, chaque projet na\u00eet du dialogue entre l&#039;espace et la mani\u00e8re d&#039;habiter.\" \/>\n<meta property=\"og:url\" content=\"https:\/\/ancestralroute.com\/fr\/construction-de-maisons\/\" \/>\n<meta property=\"og:site_name\" content=\"Ancestral route\" \/>\n<meta property=\"article:modified_time\" content=\"2025-11-07T08:30:27+00:00\" \/>\n<meta name=\"twitter:card\" content=\"summary_large_image\" \/>\n<meta name=\"twitter:label1\" content=\"Dur\u00e9e de lecture estim\u00e9e\" \/>\n\t<meta name=\"twitter:data1\" content=\"17 minutes\" \/>\n<script type=\"application\/ld+json\" class=\"yoast-schema-graph\">{\"@context\":\"https:\/\/schema.org\",\"@graph\":[{\"@type\":\"WebPage\",\"@id\":\"https:\/\/ancestralroute.com\/fr\/construction-de-maisons\/\",\"url\":\"https:\/\/ancestralroute.com\/fr\/construction-de-maisons\/\",\"name\":\"Construction de maisons\",\"isPartOf\":{\"@id\":\"https:\/\/ancestralroute.com\/fr\/#website\"},\"datePublished\":\"2025-10-21T10:08:34+00:00\",\"dateModified\":\"2025-11-07T08:30:27+00:00\",\"description\":\"Nous construisons des maisons qui refl\u00e8tent l'authenticit\u00e9 et l'\u00e9quilibre. Chez Ancestral Route, chaque projet na\u00eet du dialogue entre l'espace et la mani\u00e8re d'habiter.\",\"breadcrumb\":{\"@id\":\"https:\/\/ancestralroute.com\/fr\/construction-de-maisons\/#breadcrumb\"},\"inLanguage\":\"fr-FR\",\"potentialAction\":[{\"@type\":\"ReadAction\",\"target\":[\"https:\/\/ancestralroute.com\/fr\/construction-de-maisons\/\"]}]},{\"@type\":\"BreadcrumbList\",\"@id\":\"https:\/\/ancestralroute.com\/fr\/construction-de-maisons\/#breadcrumb\",\"itemListElement\":[{\"@type\":\"ListItem\",\"position\":1,\"name\":\"Accueil\",\"item\":\"https:\/\/ancestralroute.com\/fr\/\"},{\"@type\":\"ListItem\",\"position\":2,\"name\":\"Construction de maisons\"}]},{\"@type\":\"WebSite\",\"@id\":\"https:\/\/ancestralroute.com\/fr\/#website\",\"url\":\"https:\/\/ancestralroute.com\/fr\/\",\"name\":\"Ancestral route\",\"description\":\"\",\"potentialAction\":[{\"@type\":\"SearchAction\",\"target\":{\"@type\":\"EntryPoint\",\"urlTemplate\":\"https:\/\/ancestralroute.com\/fr\/?s={search_term_string}\"},\"query-input\":{\"@type\":\"PropertyValueSpecification\",\"valueRequired\":true,\"valueName\":\"search_term_string\"}}],\"inLanguage\":\"fr-FR\"}]}<\/script>\n<!-- \/ Yoast SEO plugin. -->","yoast_head_json":{"title":"Construction de maisons","description":"Nous construisons des maisons qui refl\u00e8tent l'authenticit\u00e9 et l'\u00e9quilibre. Chez Ancestral Route, chaque projet na\u00eet du dialogue entre l'espace et la mani\u00e8re d'habiter.","robots":{"index":"index","follow":"follow","max-snippet":"max-snippet:-1","max-image-preview":"max-image-preview:large","max-video-preview":"max-video-preview:-1"},"canonical":"https:\/\/ancestralroute.com\/fr\/construction-de-maisons\/","og_locale":"fr_FR","og_type":"article","og_title":"Construction de maisons","og_description":"Nous construisons des maisons qui refl\u00e8tent l'authenticit\u00e9 et l'\u00e9quilibre. Chez Ancestral Route, chaque projet na\u00eet du dialogue entre l'espace et la mani\u00e8re d'habiter.","og_url":"https:\/\/ancestralroute.com\/fr\/construction-de-maisons\/","og_site_name":"Ancestral route","article_modified_time":"2025-11-07T08:30:27+00:00","twitter_card":"summary_large_image","twitter_misc":{"Dur\u00e9e de lecture estim\u00e9e":"17 minutes"},"schema":{"@context":"https:\/\/schema.org","@graph":[{"@type":"WebPage","@id":"https:\/\/ancestralroute.com\/fr\/construction-de-maisons\/","url":"https:\/\/ancestralroute.com\/fr\/construction-de-maisons\/","name":"Construction de maisons","isPartOf":{"@id":"https:\/\/ancestralroute.com\/fr\/#website"},"datePublished":"2025-10-21T10:08:34+00:00","dateModified":"2025-11-07T08:30:27+00:00","description":"Nous construisons des maisons qui refl\u00e8tent l'authenticit\u00e9 et l'\u00e9quilibre. Chez Ancestral Route, chaque projet na\u00eet du dialogue entre l'espace et la mani\u00e8re d'habiter.","breadcrumb":{"@id":"https:\/\/ancestralroute.com\/fr\/construction-de-maisons\/#breadcrumb"},"inLanguage":"fr-FR","potentialAction":[{"@type":"ReadAction","target":["https:\/\/ancestralroute.com\/fr\/construction-de-maisons\/"]}]},{"@type":"BreadcrumbList","@id":"https:\/\/ancestralroute.com\/fr\/construction-de-maisons\/#breadcrumb","itemListElement":[{"@type":"ListItem","position":1,"name":"Accueil","item":"https:\/\/ancestralroute.com\/fr\/"},{"@type":"ListItem","position":2,"name":"Construction de maisons"}]},{"@type":"WebSite","@id":"https:\/\/ancestralroute.com\/fr\/#website","url":"https:\/\/ancestralroute.com\/fr\/","name":"Ancestral route","description":"","potentialAction":[{"@type":"SearchAction","target":{"@type":"EntryPoint","urlTemplate":"https:\/\/ancestralroute.com\/fr\/?s={search_term_string}"},"query-input":{"@type":"PropertyValueSpecification","valueRequired":true,"valueName":"search_term_string"}}],"inLanguage":"fr-FR"}]}},"_links":{"self":[{"href":"https:\/\/ancestralroute.com\/fr\/wp-json\/wp\/v2\/pages\/2871","targetHints":{"allow":["GET"]}}],"collection":[{"href":"https:\/\/ancestralroute.com\/fr\/wp-json\/wp\/v2\/pages"}],"about":[{"href":"https:\/\/ancestralroute.com\/fr\/wp-json\/wp\/v2\/types\/page"}],"author":[{"embeddable":true,"href":"https:\/\/ancestralroute.com\/fr\/wp-json\/wp\/v2\/users\/1"}],"replies":[{"embeddable":true,"href":"https:\/\/ancestralroute.com\/fr\/wp-json\/wp\/v2\/comments?post=2871"}],"version-history":[{"count":6,"href":"https:\/\/ancestralroute.com\/fr\/wp-json\/wp\/v2\/pages\/2871\/revisions"}],"predecessor-version":[{"id":3602,"href":"https:\/\/ancestralroute.com\/fr\/wp-json\/wp\/v2\/pages\/2871\/revisions\/3602"}],"wp:attachment":[{"href":"https:\/\/ancestralroute.com\/fr\/wp-json\/wp\/v2\/media?parent=2871"}],"wp:term":[{"taxonomy":"tipus","embeddable":true,"href":"https:\/\/ancestralroute.com\/fr\/wp-json\/wp\/v2\/tipus?post=2871"}],"curies":[{"name":"wp","href":"https:\/\/api.w.org\/{rel}","templated":true}]}}