{"id":2879,"date":"2025-10-21T10:08:24","date_gmt":"2025-10-21T10:08:24","guid":{"rendered":"https:\/\/ancestralroute.com\/personnel-projet\/meubles\/"},"modified":"2025-11-07T08:38:18","modified_gmt":"2025-11-07T08:38:18","slug":"meubles","status":"publish","type":"page","link":"https:\/\/ancestralroute.com\/fr\/meubles\/","title":{"rendered":"Meubles"},"content":{"rendered":"<p><div class=\"fusion-fullwidth fullwidth-box fusion-builder-row-1 fusion-flex-container has-pattern-background has-mask-background nonhundred-percent-fullwidth non-hundred-percent-height-scrolling\" style=\"--awb-border-radius-top-left:0px;--awb-border-radius-top-right:0px;--awb-border-radius-bottom-right:0px;--awb-border-radius-bottom-left:0px;--awb-flex-wrap:wrap;\" ><div class=\"fusion-builder-row fusion-row fusion-flex-align-items-flex-start fusion-flex-justify-content-center fusion-flex-content-wrap\" style=\"max-width:1216.8px;margin-left: calc(-4% \/ 2 );margin-right: calc(-4% \/ 2 );\"><div class=\"fusion-layout-column fusion_builder_column fusion-builder-column-0 fusion_builder_column_1_2 1_2 fusion-flex-column fusion-flex-align-self-center\" style=\"--awb-bg-size:cover;--awb-width-large:50%;--awb-margin-top-large:20px;--awb-spacing-right-large:3.84%;--awb-margin-bottom-large:20px;--awb-spacing-left-large:3.84%;--awb-width-medium:60%;--awb-order-medium:0;--awb-spacing-right-medium:3.2%;--awb-spacing-left-medium:3.2%;--awb-width-small:100%;--awb-order-small:2;--awb-spacing-right-small:1.92%;--awb-spacing-left-small:1.92%;\" data-scroll-devices=\"small-visibility,medium-visibility,large-visibility\"><div class=\"fusion-column-wrapper fusion-column-has-shadow fusion-flex-justify-content-flex-start fusion-content-layout-column\"><div class=\"fusion-title title fusion-title-1 fusion-title-text fusion-title-size-one\" style=\"--awb-font-size:54px;\"><div class=\"title-sep-container title-sep-container-left fusion-no-large-visibility fusion-no-medium-visibility fusion-no-small-visibility\"><div class=\"title-sep sep- sep-solid\" style=\"border-color:var(--awb-color3);\"><\/div><\/div><span class=\"awb-title-spacer fusion-no-large-visibility fusion-no-medium-visibility fusion-no-small-visibility\"><\/span><h1 class=\"fusion-title-heading title-heading-left fusion-responsive-typography-calculated\" style=\"margin:0;font-size:1em;--fontSize:54;line-height:1;\">Conception et s\u00e9lection de meubles pour int\u00e9rieurs<\/h1><span class=\"awb-title-spacer\"><\/span><div class=\"title-sep-container title-sep-container-right\"><div class=\"title-sep sep- sep-solid\" style=\"border-color:var(--awb-color3);\"><\/div><\/div><\/div><div class=\"fusion-text fusion-text-1\"><p><em><strong>Des meubles uniques avec une \u00e2me, une histoire et un caract\u00e8re allant de l&rsquo;Europe \u00e0 l&rsquo;Orient.<\/strong><\/em><\/p>\n<p data-start=\"216\" data-end=\"570\">Chez Ancestral Route, nous consid\u00e9rons la conception et la s\u00e9lection du mobilier d&rsquo;int\u00e9rieur comme un \u00e9l\u00e9ment essentiel \u00e0 l&rsquo;\u00e9quilibre d&rsquo;un espace. Chaque pi\u00e8ce remplit une fonction esth\u00e9tique et \u00e9motionnelle, capable de d\u00e9finir des ambiances, de relier des styles et d&rsquo;apporter de la coh\u00e9rence \u00e0 l&rsquo;ensemble architectural. Il ne s&rsquo;agit pas seulement de meubler, mais de choisir avec intention ce qui exprime le mieux l&rsquo;identit\u00e9 du lieu.  <\/p>\n<p data-start=\"572\" data-end=\"899\">Notre processus commence par l&rsquo;observation : la lumi\u00e8re, les mat\u00e9riaux et les proportions de l&rsquo;environnement guident le choix du mobilier. Nous recherchons des pi\u00e8ces qui dialoguent avec l&rsquo;architecture et le mode de vie de chaque personne. La fonctionnalit\u00e9 s&rsquo;allie \u00e0 la beaut\u00e9 pour cr\u00e9er des environnements harmonieux, o\u00f9 tout a un but.  <\/p>\n<\/div><\/div><\/div><div class=\"fusion-layout-column fusion_builder_column fusion-builder-column-1 fusion_builder_column_1_2 1_2 fusion-flex-column\" style=\"--awb-padding-top:20px;--awb-padding-right:20px;--awb-padding-bottom:20px;--awb-padding-left:20px;--awb-bg-size:cover;--awb-border-color:var(--awb-color5);--awb-border-top:1px;--awb-border-right:1px;--awb-border-bottom:1px;--awb-border-left:1px;--awb-border-style:solid;--awb-width-large:50%;--awb-margin-top-large:30px;--awb-spacing-right-large:2.688%;--awb-margin-bottom-large:20px;--awb-spacing-left-large:3.84%;--awb-width-medium:40%;--awb-order-medium:0;--awb-spacing-right-medium:3.36%;--awb-spacing-left-medium:4.8%;--awb-width-small:100%;--awb-order-small:1;--awb-spacing-right-small:1.92%;--awb-spacing-left-small:1.92%;\" data-scroll-devices=\"small-visibility,medium-visibility,large-visibility\"><div class=\"fusion-column-wrapper fusion-column-has-shadow fusion-flex-justify-content-flex-start fusion-content-layout-column\"><div class=\"fusion-image-element \" style=\"--awb-caption-title-font-family:var(--h2_typography-font-family);--awb-caption-title-font-weight:var(--h2_typography-font-weight);--awb-caption-title-font-style:var(--h2_typography-font-style);--awb-caption-title-size:var(--h2_typography-font-size);--awb-caption-title-transform:var(--h2_typography-text-transform);--awb-caption-title-line-height:var(--h2_typography-line-height);--awb-caption-title-letter-spacing:var(--h2_typography-letter-spacing);\"><span class=\" fusion-imageframe imageframe-none imageframe-1 hover-type-none\"><img decoding=\"async\" width=\"600\" height=\"600\" alt=\"Meubles\" title=\"meubles_projet_personnel\" src=\"https:\/\/ancestralroute.com\/wp-content\/uploads\/2025\/07\/muebles_personal_project.jpg\" data-orig-src=\"https:\/\/ancestralroute.com\/wp-content\/uploads\/2025\/07\/muebles_personal_project.jpg\" class=\"lazyload img-responsive wp-image-1974\" srcset=\"data:image\/svg+xml,%3Csvg%20xmlns%3D%27http%3A%2F%2Fwww.w3.org%2F2000%2Fsvg%27%20width%3D%27600%27%20height%3D%27600%27%20viewBox%3D%270%200%20600%20600%27%3E%3Crect%20width%3D%27600%27%20height%3D%27600%27%20fill-opacity%3D%220%22%2F%3E%3C%2Fsvg%3E\" data-srcset=\"https:\/\/ancestralroute.com\/wp-content\/uploads\/2025\/07\/muebles_personal_project-200x200.jpg 200w, https:\/\/ancestralroute.com\/wp-content\/uploads\/2025\/07\/muebles_personal_project-400x400.jpg 400w, https:\/\/ancestralroute.com\/wp-content\/uploads\/2025\/07\/muebles_personal_project.jpg 600w\" data-sizes=\"auto\" data-orig-sizes=\"(max-width: 1050px) 100vw, (max-width: 640px) 100vw, 600px\" \/><\/span><\/div><\/div><\/div><div class=\"fusion-layout-column fusion_builder_column fusion-builder-column-2 fusion_builder_column_1_1 1_1 fusion-flex-column\" style=\"--awb-bg-size:cover;--awb-width-large:100%;--awb-margin-top-large:20px;--awb-spacing-right-large:1.92%;--awb-margin-bottom-large:20px;--awb-spacing-left-large:1.92%;--awb-width-medium:100%;--awb-order-medium:0;--awb-spacing-right-medium:1.92%;--awb-spacing-left-medium:1.92%;--awb-width-small:100%;--awb-order-small:0;--awb-spacing-right-small:1.92%;--awb-spacing-left-small:1.92%;\"><div class=\"fusion-column-wrapper fusion-column-has-shadow fusion-flex-justify-content-flex-start fusion-content-layout-column\"><div class=\"fusion-text fusion-text-2\"><p data-start=\"901\" data-end=\"1259\">Dans chaque projet, nous combinons un design contemporain et une sensibilit\u00e9 artisanale. Nous travaillons avec des mat\u00e9riaux naturels et des finitions authentiques qui apportent texture, chaleur et durabilit\u00e9. Le choix du mobilier, qu&rsquo;il soit de notre propre cr\u00e9ation ou celui de designers partageant les m\u00eames valeurs, r\u00e9pond toujours \u00e0 une vision globale, dans laquelle l&rsquo;espace et l&rsquo;objet se compl\u00e8tent et se mettent mutuellement en valeur.  <\/p>\n<p data-start=\"1261\" data-end=\"1535\">Nous accompagnons le client tout au long du processus: de la d\u00e9finition du style et de la palette de mat\u00e9riaux \u00e0 la disposition finale de chaque pi\u00e8ce. Nous comprenons que le mobilier peut transformer la perception d&rsquo;un lieu et g\u00e9n\u00e9rer bien-\u00eatre, \u00e9quilibre et sentiment d&rsquo;appartenance. <\/p>\n<p data-start=\"1537\" data-end=\"1812\">Chez Ancestral Route, chaque meuble joue un r\u00f4le dans une composition plus large. Nous concevons et choisissons des pi\u00e8ces qui respectent l&rsquo;environnement, mettent en valeur la lumi\u00e8re et renforcent la s\u00e9r\u00e9nit\u00e9 de l&rsquo;espace. Car le v\u00e9ritable design ne cherche pas \u00e0 s&rsquo;imposer, mais \u00e0 r\u00e9v\u00e9ler l&rsquo;essence m\u00eame du foyer.  <\/p>\n<\/div><\/div><\/div><\/div><\/div><div class=\"fusion-fullwidth fullwidth-box fusion-builder-row-2 fusion-flex-container has-pattern-background has-mask-background nonhundred-percent-fullwidth non-hundred-percent-height-scrolling\" style=\"--awb-border-radius-top-left:0px;--awb-border-radius-top-right:0px;--awb-border-radius-bottom-right:0px;--awb-border-radius-bottom-left:0px;--awb-padding-top:60px;--awb-padding-bottom:60px;--awb-background-color:hsla(var(--awb-color5-h),var(--awb-color5-s),calc(var(--awb-color5-l) - 10%),var(--awb-color5-a));--awb-flex-wrap:wrap;\" ><div class=\"fusion-builder-row fusion-row fusion-flex-align-items-flex-start fusion-flex-content-wrap\" style=\"max-width:1216.8px;margin-left: calc(-4% \/ 2 );margin-right: calc(-4% \/ 2 );\"><div class=\"fusion-layout-column fusion_builder_column fusion-builder-column-3 fusion_builder_column_1_1 1_1 fusion-flex-column\" style=\"--awb-bg-size:cover;--awb-width-large:100%;--awb-margin-top-large:20px;--awb-spacing-right-large:1.92%;--awb-margin-bottom-large:20px;--awb-spacing-left-large:1.92%;--awb-width-medium:100%;--awb-order-medium:0;--awb-spacing-right-medium:1.92%;--awb-spacing-left-medium:1.92%;--awb-width-small:100%;--awb-order-small:0;--awb-spacing-right-small:1.92%;--awb-spacing-left-small:1.92%;\"><div class=\"fusion-column-wrapper fusion-column-has-shadow fusion-flex-justify-content-flex-start fusion-content-layout-column\"><div class=\"fusion-title title fusion-title-2 fusion-title-center fusion-title-text fusion-title-size-three\" style=\"--awb-text-color:var(--awb-color1);\"><div class=\"title-sep-container title-sep-container-left\"><div class=\"title-sep sep- sep-solid\" style=\"border-color:var(--awb-color3);\"><\/div><\/div><span class=\"awb-title-spacer\"><\/span><h3 class=\"fusion-title-heading title-heading-center fusion-responsive-typography-calculated\" style=\"margin:0;--fontSize:26;--minFontSize:26;line-height:var(--awb-typography1-line-height);\">D\u00e9couvrez quelques-uns de nos projets r\u00e9alis\u00e9s<\/h3><span class=\"awb-title-spacer\"><\/span><div class=\"title-sep-container title-sep-container-right\"><div class=\"title-sep sep- sep-solid\" style=\"border-color:var(--awb-color3);\"><\/div><\/div><\/div><\/div><\/div><div class=\"fusion-layout-column fusion_builder_column fusion-builder-column-4 fusion_builder_column_1_3 1_3 fusion-flex-column\" style=\"--awb-bg-color:var(--awb-color1);--awb-bg-color-hover:var(--awb-color1);--awb-bg-size:cover;--awb-border-color:hsla(var(--awb-color6-h),var(--awb-color6-s),calc(var(--awb-color6-l) + 40%),var(--awb-color6-a));--awb-border-top:1px;--awb-border-right:1px;--awb-border-bottom:1px;--awb-border-left:1px;--awb-border-style:solid;--awb-width-large:33.333333333333%;--awb-margin-top-large:20px;--awb-spacing-right-large:20px;--awb-margin-bottom-large:20px;--awb-spacing-left-large:0px;--awb-width-medium:100%;--awb-order-medium:0;--awb-spacing-right-medium:1.92%;--awb-spacing-left-medium:1.92%;--awb-width-small:100%;--awb-order-small:0;--awb-spacing-right-small:1.92%;--awb-spacing-left-small:1.92%;\" data-scroll-devices=\"small-visibility,medium-visibility,large-visibility\"><div class=\"fusion-column-wrapper fusion-column-has-shadow fusion-flex-justify-content-flex-start fusion-content-layout-column\"><div class=\"fusion-image-element \" style=\"--awb-caption-title-font-family:var(--h2_typography-font-family);--awb-caption-title-font-weight:var(--h2_typography-font-weight);--awb-caption-title-font-style:var(--h2_typography-font-style);--awb-caption-title-size:var(--h2_typography-font-size);--awb-caption-title-transform:var(--h2_typography-text-transform);--awb-caption-title-line-height:var(--h2_typography-line-height);--awb-caption-title-letter-spacing:var(--h2_typography-letter-spacing);\"><span class=\" fusion-imageframe imageframe-none imageframe-2 hover-type-none\"><img decoding=\"async\" width=\"600\" height=\"600\" title=\"Proyecto_arquitec_interior\" src=\"https:\/\/ancestralroute.com\/wp-content\/uploads\/2025\/10\/Proyecto_arquitec_interior.jpg\" data-orig-src=\"https:\/\/ancestralroute.com\/wp-content\/uploads\/2025\/10\/Proyecto_arquitec_interior.jpg\" alt class=\"lazyload img-responsive wp-image-2630\" srcset=\"data:image\/svg+xml,%3Csvg%20xmlns%3D%27http%3A%2F%2Fwww.w3.org%2F2000%2Fsvg%27%20width%3D%27600%27%20height%3D%27600%27%20viewBox%3D%270%200%20600%20600%27%3E%3Crect%20width%3D%27600%27%20height%3D%27600%27%20fill-opacity%3D%220%22%2F%3E%3C%2Fsvg%3E\" data-srcset=\"https:\/\/ancestralroute.com\/wp-content\/uploads\/2025\/10\/Proyecto_arquitec_interior-200x200.jpg 200w, https:\/\/ancestralroute.com\/wp-content\/uploads\/2025\/10\/Proyecto_arquitec_interior-400x400.jpg 400w, https:\/\/ancestralroute.com\/wp-content\/uploads\/2025\/10\/Proyecto_arquitec_interior.jpg 600w\" data-sizes=\"auto\" data-orig-sizes=\"(max-width: 1050px) 100vw, (max-width: 640px) 100vw, 400px\" \/><\/span><\/div><div class=\"fusion-title title fusion-title-3 fusion-title-text fusion-title-size-three\" style=\"--awb-margin-top:10px;--awb-margin-right:10px;--awb-margin-bottom:0px;--awb-margin-left:10px;\"><div class=\"title-sep-container title-sep-container-left fusion-no-large-visibility fusion-no-medium-visibility fusion-no-small-visibility\"><div class=\"title-sep sep- sep-solid\" style=\"border-color:var(--awb-color3);\"><\/div><\/div><span class=\"awb-title-spacer fusion-no-large-visibility fusion-no-medium-visibility fusion-no-small-visibility\"><\/span><h3 class=\"fusion-title-heading title-heading-left fusion-responsive-typography-calculated\" style=\"margin:0;--fontSize:26;--minFontSize:26;line-height:var(--awb-typography1-line-height);\">Projet r\u00e9alis\u00e9 \u00e0 Barcelone<\/h3><span class=\"awb-title-spacer\"><\/span><div class=\"title-sep-container title-sep-container-right\"><div class=\"title-sep sep- sep-solid\" style=\"border-color:var(--awb-color3);\"><\/div><\/div><\/div><div class=\"fusion-separator\" style=\"align-self: center;margin-left: auto;margin-right: auto;margin-bottom:20px;width:100%;max-width:90%;\"><div class=\"fusion-separator-border sep-single sep-dotted\" style=\"--awb-height:20px;--awb-amount:20px;border-color:var(--awb-color5);border-top-width:1px;\"><\/div><\/div><div style=\"text-align:center;\"><a class=\"fusion-button button-flat fusion-button-default-size button-default fusion-button-default button-1 fusion-button-default-span fusion-button-default-type\" style=\"--button_margin-bottom:20px;\" target=\"_self\"><span class=\"fusion-button-text awb-button__text awb-button__text--default\">EN SAVOIR PLUS PLUS<\/span><\/a><\/div><\/div><\/div><\/div><\/div><\/p>\n","protected":false},"excerpt":{"rendered":"","protected":false},"author":1,"featured_media":0,"parent":0,"menu_order":0,"comment_status":"closed","ping_status":"closed","template":"100-width.php","meta":{"_acf_changed":false,"footnotes":""},"tipus":[],"class_list":["post-2879","page","type-page","status-publish","hentry"],"acf":[],"yoast_head":"<!-- This site is optimized with the Yoast SEO plugin v26.7 - https:\/\/yoast.com\/wordpress\/plugins\/seo\/ -->\n<title>Conception et s\u00e9lection de meubles pour int\u00e9rieurs<\/title>\n<meta name=\"description\" content=\"Beaut\u00e9, fonctionnalit\u00e9 et harmonie dans chaque d\u00e9tail. Conception et s\u00e9lection de mobilier d&#039;int\u00e9rieur qui apporte \u00e9quilibre et coh\u00e9rence \u00e0 chaque espace.\" \/>\n<meta name=\"robots\" content=\"index, follow, max-snippet:-1, max-image-preview:large, max-video-preview:-1\" \/>\n<link rel=\"canonical\" href=\"https:\/\/ancestralroute.com\/fr\/meubles\/\" \/>\n<meta property=\"og:locale\" content=\"fr_FR\" \/>\n<meta property=\"og:type\" content=\"article\" \/>\n<meta property=\"og:title\" content=\"Conception et s\u00e9lection de meubles pour int\u00e9rieurs\" \/>\n<meta property=\"og:description\" content=\"Beaut\u00e9, fonctionnalit\u00e9 et harmonie dans chaque d\u00e9tail. Conception et s\u00e9lection de mobilier d&#039;int\u00e9rieur qui apporte \u00e9quilibre et coh\u00e9rence \u00e0 chaque espace.\" \/>\n<meta property=\"og:url\" content=\"https:\/\/ancestralroute.com\/fr\/meubles\/\" \/>\n<meta property=\"og:site_name\" content=\"Ancestral route\" \/>\n<meta property=\"article:modified_time\" content=\"2025-11-07T08:38:18+00:00\" \/>\n<meta name=\"twitter:card\" content=\"summary_large_image\" \/>\n<meta name=\"twitter:label1\" content=\"Dur\u00e9e de lecture estim\u00e9e\" \/>\n\t<meta name=\"twitter:data1\" content=\"25 minutes\" \/>\n<script type=\"application\/ld+json\" class=\"yoast-schema-graph\">{\"@context\":\"https:\/\/schema.org\",\"@graph\":[{\"@type\":\"WebPage\",\"@id\":\"https:\/\/ancestralroute.com\/fr\/meubles\/\",\"url\":\"https:\/\/ancestralroute.com\/fr\/meubles\/\",\"name\":\"Conception et s\u00e9lection de meubles pour int\u00e9rieurs\",\"isPartOf\":{\"@id\":\"https:\/\/ancestralroute.com\/fr\/#website\"},\"datePublished\":\"2025-10-21T10:08:24+00:00\",\"dateModified\":\"2025-11-07T08:38:18+00:00\",\"description\":\"Beaut\u00e9, fonctionnalit\u00e9 et harmonie dans chaque d\u00e9tail. Conception et s\u00e9lection de mobilier d'int\u00e9rieur qui apporte \u00e9quilibre et coh\u00e9rence \u00e0 chaque espace.\",\"breadcrumb\":{\"@id\":\"https:\/\/ancestralroute.com\/fr\/meubles\/#breadcrumb\"},\"inLanguage\":\"fr-FR\",\"potentialAction\":[{\"@type\":\"ReadAction\",\"target\":[\"https:\/\/ancestralroute.com\/fr\/meubles\/\"]}]},{\"@type\":\"BreadcrumbList\",\"@id\":\"https:\/\/ancestralroute.com\/fr\/meubles\/#breadcrumb\",\"itemListElement\":[{\"@type\":\"ListItem\",\"position\":1,\"name\":\"Accueil\",\"item\":\"https:\/\/ancestralroute.com\/fr\/\"},{\"@type\":\"ListItem\",\"position\":2,\"name\":\"Meubles\"}]},{\"@type\":\"WebSite\",\"@id\":\"https:\/\/ancestralroute.com\/fr\/#website\",\"url\":\"https:\/\/ancestralroute.com\/fr\/\",\"name\":\"Ancestral route\",\"description\":\"\",\"potentialAction\":[{\"@type\":\"SearchAction\",\"target\":{\"@type\":\"EntryPoint\",\"urlTemplate\":\"https:\/\/ancestralroute.com\/fr\/?s={search_term_string}\"},\"query-input\":{\"@type\":\"PropertyValueSpecification\",\"valueRequired\":true,\"valueName\":\"search_term_string\"}}],\"inLanguage\":\"fr-FR\"}]}<\/script>\n<!-- \/ Yoast SEO plugin. -->","yoast_head_json":{"title":"Conception et s\u00e9lection de meubles pour int\u00e9rieurs","description":"Beaut\u00e9, fonctionnalit\u00e9 et harmonie dans chaque d\u00e9tail. Conception et s\u00e9lection de mobilier d'int\u00e9rieur qui apporte \u00e9quilibre et coh\u00e9rence \u00e0 chaque espace.","robots":{"index":"index","follow":"follow","max-snippet":"max-snippet:-1","max-image-preview":"max-image-preview:large","max-video-preview":"max-video-preview:-1"},"canonical":"https:\/\/ancestralroute.com\/fr\/meubles\/","og_locale":"fr_FR","og_type":"article","og_title":"Conception et s\u00e9lection de meubles pour int\u00e9rieurs","og_description":"Beaut\u00e9, fonctionnalit\u00e9 et harmonie dans chaque d\u00e9tail. Conception et s\u00e9lection de mobilier d'int\u00e9rieur qui apporte \u00e9quilibre et coh\u00e9rence \u00e0 chaque espace.","og_url":"https:\/\/ancestralroute.com\/fr\/meubles\/","og_site_name":"Ancestral route","article_modified_time":"2025-11-07T08:38:18+00:00","twitter_card":"summary_large_image","twitter_misc":{"Dur\u00e9e de lecture estim\u00e9e":"25 minutes"},"schema":{"@context":"https:\/\/schema.org","@graph":[{"@type":"WebPage","@id":"https:\/\/ancestralroute.com\/fr\/meubles\/","url":"https:\/\/ancestralroute.com\/fr\/meubles\/","name":"Conception et s\u00e9lection de meubles pour int\u00e9rieurs","isPartOf":{"@id":"https:\/\/ancestralroute.com\/fr\/#website"},"datePublished":"2025-10-21T10:08:24+00:00","dateModified":"2025-11-07T08:38:18+00:00","description":"Beaut\u00e9, fonctionnalit\u00e9 et harmonie dans chaque d\u00e9tail. Conception et s\u00e9lection de mobilier d'int\u00e9rieur qui apporte \u00e9quilibre et coh\u00e9rence \u00e0 chaque espace.","breadcrumb":{"@id":"https:\/\/ancestralroute.com\/fr\/meubles\/#breadcrumb"},"inLanguage":"fr-FR","potentialAction":[{"@type":"ReadAction","target":["https:\/\/ancestralroute.com\/fr\/meubles\/"]}]},{"@type":"BreadcrumbList","@id":"https:\/\/ancestralroute.com\/fr\/meubles\/#breadcrumb","itemListElement":[{"@type":"ListItem","position":1,"name":"Accueil","item":"https:\/\/ancestralroute.com\/fr\/"},{"@type":"ListItem","position":2,"name":"Meubles"}]},{"@type":"WebSite","@id":"https:\/\/ancestralroute.com\/fr\/#website","url":"https:\/\/ancestralroute.com\/fr\/","name":"Ancestral route","description":"","potentialAction":[{"@type":"SearchAction","target":{"@type":"EntryPoint","urlTemplate":"https:\/\/ancestralroute.com\/fr\/?s={search_term_string}"},"query-input":{"@type":"PropertyValueSpecification","valueRequired":true,"valueName":"search_term_string"}}],"inLanguage":"fr-FR"}]}},"_links":{"self":[{"href":"https:\/\/ancestralroute.com\/fr\/wp-json\/wp\/v2\/pages\/2879","targetHints":{"allow":["GET"]}}],"collection":[{"href":"https:\/\/ancestralroute.com\/fr\/wp-json\/wp\/v2\/pages"}],"about":[{"href":"https:\/\/ancestralroute.com\/fr\/wp-json\/wp\/v2\/types\/page"}],"author":[{"embeddable":true,"href":"https:\/\/ancestralroute.com\/fr\/wp-json\/wp\/v2\/users\/1"}],"replies":[{"embeddable":true,"href":"https:\/\/ancestralroute.com\/fr\/wp-json\/wp\/v2\/comments?post=2879"}],"version-history":[{"count":8,"href":"https:\/\/ancestralroute.com\/fr\/wp-json\/wp\/v2\/pages\/2879\/revisions"}],"predecessor-version":[{"id":3643,"href":"https:\/\/ancestralroute.com\/fr\/wp-json\/wp\/v2\/pages\/2879\/revisions\/3643"}],"wp:attachment":[{"href":"https:\/\/ancestralroute.com\/fr\/wp-json\/wp\/v2\/media?parent=2879"}],"wp:term":[{"taxonomy":"tipus","embeddable":true,"href":"https:\/\/ancestralroute.com\/fr\/wp-json\/wp\/v2\/tipus?post=2879"}],"curies":[{"name":"wp","href":"https:\/\/api.w.org\/{rel}","templated":true}]}}