{"id":3275,"date":"2025-09-18T07:38:28","date_gmt":"2025-09-18T07:38:28","guid":{"rendered":"https:\/\/ancestralroute.com\/producto\/chambre-traditionnelle-japonaise\/"},"modified":"2025-12-10T16:48:20","modified_gmt":"2025-12-10T16:48:20","slug":"chambre-traditionnelle-japonaise","status":"publish","type":"product","link":"https:\/\/ancestralroute.com\/fr\/producto\/chambre-traditionnelle-japonaise\/","title":{"rendered":"Chambre traditionnelle japonaise"},"content":{"rendered":"<p>Ce fabuleux concept japonais est propos\u00e9 \u00e0 toutes les personnes souhaitant d\u00e9corer leur maison avec des pi\u00e8ces purement japonaises, en incorporant des \u00e9l\u00e9ments traditionnels tels que des kakemonos, des tokonomas, des panneaux shoji, un kotatsu, des zabutons et des futons, entre autres.<\/p>\n<p>Une autre des caract\u00e9ristiques de ce type de s\u00e9jours, et telle fois plus connue est le sol en tatami. Les originaux sont fabriqu\u00e9s \u00e0 partir de paille de riz emball\u00e9e, et aujourd&rsquo;hui, la plupart des endroits perp\u00e9tuent cette tradition. Dans ce cas, on a opt\u00e9 pour des tatamis de petit format ce qui permet \u00e9galement utiliser tous les espaces comme espace de stockage.  <\/p>\n<p>Elle est con\u00e7ue et cr\u00e9\u00e9e de mani\u00e8re polyvalente o\u00f9 l&rsquo; espace se transforme en salon de th\u00e9, salle \u00e0 manger et \u00e9galement chambre. Dans le plus pur style Ryokan. <\/p>\n","protected":false},"excerpt":{"rendered":"<p>Chambre japonaise traditionnelle avec tous ses \u00e9l\u00e9ments essentiels, fabriqu\u00e9e avec des mat\u00e9riaux et des bois provenant directement du Japon, le pays du soleil levant.<\/p>\n","protected":false},"featured_media":2502,"template":"","meta":{"_acf_changed":false},"product_brand":[],"product_cat":[204],"product_tag":[],"class_list":{"0":"post-3275","1":"product","2":"type-product","3":"status-publish","4":"has-post-thumbnail","6":"product_cat-meubles-japonais","8":"first","9":"instock","10":"taxable","11":"shipping-taxable","12":"purchasable","13":"product-type-simple"},"acf":[],"yoast_head":"<!-- This site is optimized with the Yoast SEO plugin v26.7 - https:\/\/yoast.com\/wordpress\/plugins\/seo\/ -->\n<title>Chambre traditionnelle japonaise - Ancestral route<\/title>\n<meta name=\"robots\" content=\"index, follow, max-snippet:-1, max-image-preview:large, max-video-preview:-1\" \/>\n<link rel=\"canonical\" href=\"https:\/\/ancestralroute.com\/fr\/producto\/chambre-traditionnelle-japonaise\/\" \/>\n<meta property=\"og:locale\" content=\"fr_FR\" \/>\n<meta property=\"og:type\" content=\"article\" \/>\n<meta property=\"og:title\" content=\"Chambre traditionnelle japonaise - Ancestral route\" \/>\n<meta property=\"og:description\" content=\"Chambre japonaise traditionnelle avec tous ses \u00e9l\u00e9ments essentiels, fabriqu\u00e9e avec des mat\u00e9riaux et des bois provenant directement du Japon, le pays du soleil levant.\" \/>\n<meta property=\"og:url\" content=\"https:\/\/ancestralroute.com\/fr\/producto\/chambre-traditionnelle-japonaise\/\" \/>\n<meta property=\"og:site_name\" content=\"Ancestral route\" \/>\n<meta property=\"article:modified_time\" content=\"2025-12-10T16:48:20+00:00\" \/>\n<meta property=\"og:image\" content=\"https:\/\/ancestralroute.com\/wp-content\/uploads\/2025\/09\/Dormitorio_niponnia.jpg\" \/>\n\t<meta property=\"og:image:width\" content=\"1400\" \/>\n\t<meta property=\"og:image:height\" content=\"1050\" \/>\n\t<meta property=\"og:image:type\" content=\"image\/jpeg\" \/>\n<meta name=\"twitter:card\" content=\"summary_large_image\" \/>\n<meta name=\"twitter:label1\" content=\"Dur\u00e9e de lecture estim\u00e9e\" \/>\n\t<meta name=\"twitter:data1\" content=\"1 minute\" \/>\n<script type=\"application\/ld+json\" class=\"yoast-schema-graph\">{\"@context\":\"https:\/\/schema.org\",\"@graph\":[{\"@type\":\"WebPage\",\"@id\":\"https:\/\/ancestralroute.com\/fr\/producto\/chambre-traditionnelle-japonaise\/\",\"url\":\"https:\/\/ancestralroute.com\/fr\/producto\/chambre-traditionnelle-japonaise\/\",\"name\":\"Chambre traditionnelle japonaise - Ancestral route\",\"isPartOf\":{\"@id\":\"https:\/\/ancestralroute.com\/fr\/#website\"},\"primaryImageOfPage\":{\"@id\":\"https:\/\/ancestralroute.com\/fr\/producto\/chambre-traditionnelle-japonaise\/#primaryimage\"},\"image\":{\"@id\":\"https:\/\/ancestralroute.com\/fr\/producto\/chambre-traditionnelle-japonaise\/#primaryimage\"},\"thumbnailUrl\":\"https:\/\/ancestralroute.com\/wp-content\/uploads\/2025\/09\/Dormitorio_niponnia.jpg\",\"datePublished\":\"2025-09-18T07:38:28+00:00\",\"dateModified\":\"2025-12-10T16:48:20+00:00\",\"breadcrumb\":{\"@id\":\"https:\/\/ancestralroute.com\/fr\/producto\/chambre-traditionnelle-japonaise\/#breadcrumb\"},\"inLanguage\":\"fr-FR\",\"potentialAction\":[{\"@type\":\"ReadAction\",\"target\":[\"https:\/\/ancestralroute.com\/fr\/producto\/chambre-traditionnelle-japonaise\/\"]}]},{\"@type\":\"ImageObject\",\"inLanguage\":\"fr-FR\",\"@id\":\"https:\/\/ancestralroute.com\/fr\/producto\/chambre-traditionnelle-japonaise\/#primaryimage\",\"url\":\"https:\/\/ancestralroute.com\/wp-content\/uploads\/2025\/09\/Dormitorio_niponnia.jpg\",\"contentUrl\":\"https:\/\/ancestralroute.com\/wp-content\/uploads\/2025\/09\/Dormitorio_niponnia.jpg\",\"width\":1400,\"height\":1050},{\"@type\":\"BreadcrumbList\",\"@id\":\"https:\/\/ancestralroute.com\/fr\/producto\/chambre-traditionnelle-japonaise\/#breadcrumb\",\"itemListElement\":[{\"@type\":\"ListItem\",\"position\":1,\"name\":\"Accueil\",\"item\":\"https:\/\/ancestralroute.com\/fr\/\"},{\"@type\":\"ListItem\",\"position\":2,\"name\":\"Boutique\",\"item\":\"https:\/\/ancestralroute.com\/fr\/boutique\/\"},{\"@type\":\"ListItem\",\"position\":3,\"name\":\"Chambre traditionnelle japonaise\"}]},{\"@type\":\"WebSite\",\"@id\":\"https:\/\/ancestralroute.com\/fr\/#website\",\"url\":\"https:\/\/ancestralroute.com\/fr\/\",\"name\":\"Ancestral route\",\"description\":\"\",\"potentialAction\":[{\"@type\":\"SearchAction\",\"target\":{\"@type\":\"EntryPoint\",\"urlTemplate\":\"https:\/\/ancestralroute.com\/fr\/?s={search_term_string}\"},\"query-input\":{\"@type\":\"PropertyValueSpecification\",\"valueRequired\":true,\"valueName\":\"search_term_string\"}}],\"inLanguage\":\"fr-FR\"}]}<\/script>\n<!-- \/ Yoast SEO plugin. -->","yoast_head_json":{"title":"Chambre traditionnelle japonaise - Ancestral route","robots":{"index":"index","follow":"follow","max-snippet":"max-snippet:-1","max-image-preview":"max-image-preview:large","max-video-preview":"max-video-preview:-1"},"canonical":"https:\/\/ancestralroute.com\/fr\/producto\/chambre-traditionnelle-japonaise\/","og_locale":"fr_FR","og_type":"article","og_title":"Chambre traditionnelle japonaise - Ancestral route","og_description":"Chambre japonaise traditionnelle avec tous ses \u00e9l\u00e9ments essentiels, fabriqu\u00e9e avec des mat\u00e9riaux et des bois provenant directement du Japon, le pays du soleil levant.","og_url":"https:\/\/ancestralroute.com\/fr\/producto\/chambre-traditionnelle-japonaise\/","og_site_name":"Ancestral route","article_modified_time":"2025-12-10T16:48:20+00:00","og_image":[{"width":1400,"height":1050,"url":"https:\/\/ancestralroute.com\/wp-content\/uploads\/2025\/09\/Dormitorio_niponnia.jpg","type":"image\/jpeg"}],"twitter_card":"summary_large_image","twitter_misc":{"Dur\u00e9e de lecture estim\u00e9e":"1 minute"},"schema":{"@context":"https:\/\/schema.org","@graph":[{"@type":"WebPage","@id":"https:\/\/ancestralroute.com\/fr\/producto\/chambre-traditionnelle-japonaise\/","url":"https:\/\/ancestralroute.com\/fr\/producto\/chambre-traditionnelle-japonaise\/","name":"Chambre traditionnelle japonaise - Ancestral route","isPartOf":{"@id":"https:\/\/ancestralroute.com\/fr\/#website"},"primaryImageOfPage":{"@id":"https:\/\/ancestralroute.com\/fr\/producto\/chambre-traditionnelle-japonaise\/#primaryimage"},"image":{"@id":"https:\/\/ancestralroute.com\/fr\/producto\/chambre-traditionnelle-japonaise\/#primaryimage"},"thumbnailUrl":"https:\/\/ancestralroute.com\/wp-content\/uploads\/2025\/09\/Dormitorio_niponnia.jpg","datePublished":"2025-09-18T07:38:28+00:00","dateModified":"2025-12-10T16:48:20+00:00","breadcrumb":{"@id":"https:\/\/ancestralroute.com\/fr\/producto\/chambre-traditionnelle-japonaise\/#breadcrumb"},"inLanguage":"fr-FR","potentialAction":[{"@type":"ReadAction","target":["https:\/\/ancestralroute.com\/fr\/producto\/chambre-traditionnelle-japonaise\/"]}]},{"@type":"ImageObject","inLanguage":"fr-FR","@id":"https:\/\/ancestralroute.com\/fr\/producto\/chambre-traditionnelle-japonaise\/#primaryimage","url":"https:\/\/ancestralroute.com\/wp-content\/uploads\/2025\/09\/Dormitorio_niponnia.jpg","contentUrl":"https:\/\/ancestralroute.com\/wp-content\/uploads\/2025\/09\/Dormitorio_niponnia.jpg","width":1400,"height":1050},{"@type":"BreadcrumbList","@id":"https:\/\/ancestralroute.com\/fr\/producto\/chambre-traditionnelle-japonaise\/#breadcrumb","itemListElement":[{"@type":"ListItem","position":1,"name":"Accueil","item":"https:\/\/ancestralroute.com\/fr\/"},{"@type":"ListItem","position":2,"name":"Boutique","item":"https:\/\/ancestralroute.com\/fr\/boutique\/"},{"@type":"ListItem","position":3,"name":"Chambre traditionnelle japonaise"}]},{"@type":"WebSite","@id":"https:\/\/ancestralroute.com\/fr\/#website","url":"https:\/\/ancestralroute.com\/fr\/","name":"Ancestral route","description":"","potentialAction":[{"@type":"SearchAction","target":{"@type":"EntryPoint","urlTemplate":"https:\/\/ancestralroute.com\/fr\/?s={search_term_string}"},"query-input":{"@type":"PropertyValueSpecification","valueRequired":true,"valueName":"search_term_string"}}],"inLanguage":"fr-FR"}]}},"_links":{"self":[{"href":"https:\/\/ancestralroute.com\/fr\/wp-json\/wp\/v2\/product\/3275","targetHints":{"allow":["GET"]}}],"collection":[{"href":"https:\/\/ancestralroute.com\/fr\/wp-json\/wp\/v2\/product"}],"about":[{"href":"https:\/\/ancestralroute.com\/fr\/wp-json\/wp\/v2\/types\/product"}],"wp:featuredmedia":[{"embeddable":true,"href":"https:\/\/ancestralroute.com\/fr\/wp-json\/wp\/v2\/media\/2502"}],"wp:attachment":[{"href":"https:\/\/ancestralroute.com\/fr\/wp-json\/wp\/v2\/media?parent=3275"}],"wp:term":[{"taxonomy":"product_brand","embeddable":true,"href":"https:\/\/ancestralroute.com\/fr\/wp-json\/wp\/v2\/product_brand?post=3275"},{"taxonomy":"product_cat","embeddable":true,"href":"https:\/\/ancestralroute.com\/fr\/wp-json\/wp\/v2\/product_cat?post=3275"},{"taxonomy":"product_tag","embeddable":true,"href":"https:\/\/ancestralroute.com\/fr\/wp-json\/wp\/v2\/product_tag?post=3275"}],"curies":[{"name":"wp","href":"https:\/\/api.w.org\/{rel}","templated":true}]}}