{"id":3806,"date":"2025-08-27T10:13:44","date_gmt":"2025-08-27T10:13:44","guid":{"rendered":"https:\/\/ancestralroute.com\/producto\/jst-living\/"},"modified":"2025-08-27T10:13:44","modified_gmt":"2025-08-27T10:13:44","slug":"jst-living","status":"publish","type":"product","link":"https:\/\/ancestralroute.com\/fr\/producto\/jst-living\/","title":{"rendered":"JST LIVING"},"content":{"rendered":"<p><strong>Fonctions principales : <\/strong><\/p>\n<ul>\n<li>Nettoyage frontal.<\/li>\n<li>Nettoyage arri\u00e8re.<\/li>\n<li>Fonction massage.<\/li>\n<li>Position r\u00e9glable de la buse.<\/li>\n<li>Pression d\u2019eau r\u00e9glable<\/li>\n<li>Temp\u00e9rature de l\u2019eau r\u00e9glable<\/li>\n<li>S\u00e8che-air chaud r\u00e9glable<\/li>\n<li>Si\u00e8ge chauffant r\u00e9glable.<\/li>\n<li>Ouverture et fermeture automatiques via t\u00e9l\u00e9commande.<\/li>\n<li>Ouverture et fermeture automatiques via capteur de pied.<\/li>\n<li>Lumi\u00e8re LED nocturne int\u00e9gr\u00e9e.<\/li>\n<li>Chasse d\u2019eau automatique.<\/li>\n<li>Nettoyage automatique des buses.<\/li>\n<li>Buses en acier inoxydable.<\/li>\n<li>T\u00e9l\u00e9commande.<\/li>\n<li>Citerne int\u00e9gr\u00e9e<\/li>\n<li>Syst\u00e8me de chasse d\u2019eau sans rebord (rimless).<\/li>\n<li>Syst\u00e8me de nettoyage haute pression du fond de la cuvette.<\/li>\n<\/ul>\n","protected":false},"excerpt":{"rendered":"<p><strong>Description du JST LIVING<\/strong><\/p>\n<p>Le JST LIVING est un WC intelligent de derni\u00e8re g\u00e9n\u00e9ration qui combine parfaitement la technologie avec l\u2019hygi\u00e8ne la plus intime, afin de vous offrir un confort maximal \u00e0 tout moment de la journ\u00e9e.<\/p>\n<p>Son design s\u2019adapte parfaitement \u00e0 toute salle de bains, quelle que soit sa taille ou qu\u2019elle soit de style moderne ou classique. Il offre d\u2019excellentes fonctionnalit\u00e9s, telles qu\u2019un capteur de mouvement qui ouvre le couvercle simplement en approchant le pied, ainsi que la chasse d\u2019eau automatique et la fermeture automatique.<\/p>\n<p>C\u2019est un produit align\u00e9 sur la durabilit\u00e9, permettant une importante \u00e9conomie \u00e9cologique d\u2019eau et de papier toilette, tout en \u00e9liminant l\u2019usage des lingettes humides.<\/p>\n<p>C\u2019est un WC \u00e9quip\u00e9 de la toute derni\u00e8re technologie japonaise, mise au service du bien-\u00eatre le plus intime.<\/p>\n","protected":false},"featured_media":2679,"template":"","meta":{"_acf_changed":false},"product_brand":[],"product_cat":[191],"product_tag":[],"class_list":{"0":"post-3806","1":"product","2":"type-product","3":"status-publish","4":"has-post-thumbnail","6":"product_cat-smart-toilet","8":"first","9":"instock","10":"taxable","11":"shipping-taxable","12":"purchasable","13":"product-type-simple"},"acf":[],"yoast_head":"<!-- This site is optimized with the Yoast SEO plugin v26.7 - https:\/\/yoast.com\/wordpress\/plugins\/seo\/ -->\n<title>JST LIVING - Ancestral route<\/title>\n<meta name=\"robots\" content=\"index, follow, max-snippet:-1, max-image-preview:large, max-video-preview:-1\" \/>\n<link rel=\"canonical\" href=\"https:\/\/ancestralroute.com\/fr\/producto\/jst-living\/\" \/>\n<meta property=\"og:locale\" content=\"fr_FR\" \/>\n<meta property=\"og:type\" content=\"article\" \/>\n<meta property=\"og:title\" content=\"JST LIVING - Ancestral route\" \/>\n<meta property=\"og:description\" content=\"Description du JST LIVING Le JST LIVING est un WC intelligent de derni\u00e8re g\u00e9n\u00e9ration qui combine parfaitement la technologie avec l\u2019hygi\u00e8ne la plus intime, afin de vous offrir un confort maximal \u00e0 tout moment de la journ\u00e9e. Son design s\u2019adapte parfaitement \u00e0 toute salle de bains, quelle que soit sa taille ou qu\u2019elle soit de style moderne ou classique. Il offre d\u2019excellentes fonctionnalit\u00e9s, telles qu\u2019un capteur de mouvement qui ouvre le couvercle simplement en approchant le pied, ainsi que la chasse d\u2019eau automatique et la fermeture automatique. C\u2019est un produit align\u00e9 sur la durabilit\u00e9, permettant une importante \u00e9conomie \u00e9cologique d\u2019eau et de papier toilette, tout en \u00e9liminant l\u2019usage des lingettes humides. C\u2019est un WC \u00e9quip\u00e9 de la toute derni\u00e8re technologie japonaise, mise au service du bien-\u00eatre le plus intime.\" \/>\n<meta property=\"og:url\" content=\"https:\/\/ancestralroute.com\/fr\/producto\/jst-living\/\" \/>\n<meta property=\"og:site_name\" content=\"Ancestral route\" \/>\n<meta property=\"og:image\" content=\"https:\/\/ancestralroute.com\/wp-content\/uploads\/2025\/10\/Smat_toilet_JST-K5-1.jpg\" \/>\n\t<meta property=\"og:image:width\" content=\"600\" \/>\n\t<meta property=\"og:image:height\" content=\"600\" \/>\n\t<meta property=\"og:image:type\" content=\"image\/jpeg\" \/>\n<meta name=\"twitter:card\" content=\"summary_large_image\" \/>\n<script type=\"application\/ld+json\" class=\"yoast-schema-graph\">{\"@context\":\"https:\/\/schema.org\",\"@graph\":[{\"@type\":\"WebPage\",\"@id\":\"https:\/\/ancestralroute.com\/fr\/producto\/jst-living\/\",\"url\":\"https:\/\/ancestralroute.com\/fr\/producto\/jst-living\/\",\"name\":\"JST LIVING - Ancestral route\",\"isPartOf\":{\"@id\":\"https:\/\/ancestralroute.com\/fr\/#website\"},\"primaryImageOfPage\":{\"@id\":\"https:\/\/ancestralroute.com\/fr\/producto\/jst-living\/#primaryimage\"},\"image\":{\"@id\":\"https:\/\/ancestralroute.com\/fr\/producto\/jst-living\/#primaryimage\"},\"thumbnailUrl\":\"https:\/\/ancestralroute.com\/wp-content\/uploads\/2025\/10\/Smat_toilet_JST-K5-1.jpg\",\"datePublished\":\"2025-08-27T10:13:44+00:00\",\"breadcrumb\":{\"@id\":\"https:\/\/ancestralroute.com\/fr\/producto\/jst-living\/#breadcrumb\"},\"inLanguage\":\"fr-FR\",\"potentialAction\":[{\"@type\":\"ReadAction\",\"target\":[\"https:\/\/ancestralroute.com\/fr\/producto\/jst-living\/\"]}]},{\"@type\":\"ImageObject\",\"inLanguage\":\"fr-FR\",\"@id\":\"https:\/\/ancestralroute.com\/fr\/producto\/jst-living\/#primaryimage\",\"url\":\"https:\/\/ancestralroute.com\/wp-content\/uploads\/2025\/10\/Smat_toilet_JST-K5-1.jpg\",\"contentUrl\":\"https:\/\/ancestralroute.com\/wp-content\/uploads\/2025\/10\/Smat_toilet_JST-K5-1.jpg\",\"width\":600,\"height\":600},{\"@type\":\"BreadcrumbList\",\"@id\":\"https:\/\/ancestralroute.com\/fr\/producto\/jst-living\/#breadcrumb\",\"itemListElement\":[{\"@type\":\"ListItem\",\"position\":1,\"name\":\"Accueil\",\"item\":\"https:\/\/ancestralroute.com\/fr\/\"},{\"@type\":\"ListItem\",\"position\":2,\"name\":\"Boutique\",\"item\":\"https:\/\/ancestralroute.com\/fr\/boutique\/\"},{\"@type\":\"ListItem\",\"position\":3,\"name\":\"JST LIVING\"}]},{\"@type\":\"WebSite\",\"@id\":\"https:\/\/ancestralroute.com\/fr\/#website\",\"url\":\"https:\/\/ancestralroute.com\/fr\/\",\"name\":\"Ancestral route\",\"description\":\"\",\"potentialAction\":[{\"@type\":\"SearchAction\",\"target\":{\"@type\":\"EntryPoint\",\"urlTemplate\":\"https:\/\/ancestralroute.com\/fr\/?s={search_term_string}\"},\"query-input\":{\"@type\":\"PropertyValueSpecification\",\"valueRequired\":true,\"valueName\":\"search_term_string\"}}],\"inLanguage\":\"fr-FR\"}]}<\/script>\n<!-- \/ Yoast SEO plugin. -->","yoast_head_json":{"title":"JST LIVING - Ancestral route","robots":{"index":"index","follow":"follow","max-snippet":"max-snippet:-1","max-image-preview":"max-image-preview:large","max-video-preview":"max-video-preview:-1"},"canonical":"https:\/\/ancestralroute.com\/fr\/producto\/jst-living\/","og_locale":"fr_FR","og_type":"article","og_title":"JST LIVING - Ancestral route","og_description":"Description du JST LIVING Le JST LIVING est un WC intelligent de derni\u00e8re g\u00e9n\u00e9ration qui combine parfaitement la technologie avec l\u2019hygi\u00e8ne la plus intime, afin de vous offrir un confort maximal \u00e0 tout moment de la journ\u00e9e. Son design s\u2019adapte parfaitement \u00e0 toute salle de bains, quelle que soit sa taille ou qu\u2019elle soit de style moderne ou classique. Il offre d\u2019excellentes fonctionnalit\u00e9s, telles qu\u2019un capteur de mouvement qui ouvre le couvercle simplement en approchant le pied, ainsi que la chasse d\u2019eau automatique et la fermeture automatique. C\u2019est un produit align\u00e9 sur la durabilit\u00e9, permettant une importante \u00e9conomie \u00e9cologique d\u2019eau et de papier toilette, tout en \u00e9liminant l\u2019usage des lingettes humides. C\u2019est un WC \u00e9quip\u00e9 de la toute derni\u00e8re technologie japonaise, mise au service du bien-\u00eatre le plus intime.","og_url":"https:\/\/ancestralroute.com\/fr\/producto\/jst-living\/","og_site_name":"Ancestral route","og_image":[{"width":600,"height":600,"url":"https:\/\/ancestralroute.com\/wp-content\/uploads\/2025\/10\/Smat_toilet_JST-K5-1.jpg","type":"image\/jpeg"}],"twitter_card":"summary_large_image","schema":{"@context":"https:\/\/schema.org","@graph":[{"@type":"WebPage","@id":"https:\/\/ancestralroute.com\/fr\/producto\/jst-living\/","url":"https:\/\/ancestralroute.com\/fr\/producto\/jst-living\/","name":"JST LIVING - Ancestral route","isPartOf":{"@id":"https:\/\/ancestralroute.com\/fr\/#website"},"primaryImageOfPage":{"@id":"https:\/\/ancestralroute.com\/fr\/producto\/jst-living\/#primaryimage"},"image":{"@id":"https:\/\/ancestralroute.com\/fr\/producto\/jst-living\/#primaryimage"},"thumbnailUrl":"https:\/\/ancestralroute.com\/wp-content\/uploads\/2025\/10\/Smat_toilet_JST-K5-1.jpg","datePublished":"2025-08-27T10:13:44+00:00","breadcrumb":{"@id":"https:\/\/ancestralroute.com\/fr\/producto\/jst-living\/#breadcrumb"},"inLanguage":"fr-FR","potentialAction":[{"@type":"ReadAction","target":["https:\/\/ancestralroute.com\/fr\/producto\/jst-living\/"]}]},{"@type":"ImageObject","inLanguage":"fr-FR","@id":"https:\/\/ancestralroute.com\/fr\/producto\/jst-living\/#primaryimage","url":"https:\/\/ancestralroute.com\/wp-content\/uploads\/2025\/10\/Smat_toilet_JST-K5-1.jpg","contentUrl":"https:\/\/ancestralroute.com\/wp-content\/uploads\/2025\/10\/Smat_toilet_JST-K5-1.jpg","width":600,"height":600},{"@type":"BreadcrumbList","@id":"https:\/\/ancestralroute.com\/fr\/producto\/jst-living\/#breadcrumb","itemListElement":[{"@type":"ListItem","position":1,"name":"Accueil","item":"https:\/\/ancestralroute.com\/fr\/"},{"@type":"ListItem","position":2,"name":"Boutique","item":"https:\/\/ancestralroute.com\/fr\/boutique\/"},{"@type":"ListItem","position":3,"name":"JST LIVING"}]},{"@type":"WebSite","@id":"https:\/\/ancestralroute.com\/fr\/#website","url":"https:\/\/ancestralroute.com\/fr\/","name":"Ancestral route","description":"","potentialAction":[{"@type":"SearchAction","target":{"@type":"EntryPoint","urlTemplate":"https:\/\/ancestralroute.com\/fr\/?s={search_term_string}"},"query-input":{"@type":"PropertyValueSpecification","valueRequired":true,"valueName":"search_term_string"}}],"inLanguage":"fr-FR"}]}},"_links":{"self":[{"href":"https:\/\/ancestralroute.com\/fr\/wp-json\/wp\/v2\/product\/3806","targetHints":{"allow":["GET"]}}],"collection":[{"href":"https:\/\/ancestralroute.com\/fr\/wp-json\/wp\/v2\/product"}],"about":[{"href":"https:\/\/ancestralroute.com\/fr\/wp-json\/wp\/v2\/types\/product"}],"wp:featuredmedia":[{"embeddable":true,"href":"https:\/\/ancestralroute.com\/fr\/wp-json\/wp\/v2\/media\/2679"}],"wp:attachment":[{"href":"https:\/\/ancestralroute.com\/fr\/wp-json\/wp\/v2\/media?parent=3806"}],"wp:term":[{"taxonomy":"product_brand","embeddable":true,"href":"https:\/\/ancestralroute.com\/fr\/wp-json\/wp\/v2\/product_brand?post=3806"},{"taxonomy":"product_cat","embeddable":true,"href":"https:\/\/ancestralroute.com\/fr\/wp-json\/wp\/v2\/product_cat?post=3806"},{"taxonomy":"product_tag","embeddable":true,"href":"https:\/\/ancestralroute.com\/fr\/wp-json\/wp\/v2\/product_tag?post=3806"}],"curies":[{"name":"wp","href":"https:\/\/api.w.org\/{rel}","templated":true}]}}