{"id":3880,"date":"2025-12-11T18:20:28","date_gmt":"2025-12-11T18:20:28","guid":{"rendered":"https:\/\/ancestralroute.com\/producto\/meuble-bas-en-teck-massif\/"},"modified":"2025-12-11T18:20:28","modified_gmt":"2025-12-11T18:20:28","slug":"meuble-bas-en-teck-massif","status":"publish","type":"product","link":"https:\/\/ancestralroute.com\/fr\/producto\/meuble-bas-en-teck-massif\/","title":{"rendered":"Meuble bas en teck massif"},"content":{"rendered":"<p>Joli meuble d&rsquo;appoint d\u00e9coratif avec compartiments.<\/p>\n<p>Il poss\u00e8de diverses fonctionnalit\u00e9s et est fabriqu\u00e9 \u00e0 partir de bois de teck massif asiatique. Son design d&rsquo;influence japonaise est parfait pour donner vie aux int\u00e9rieurs des couloirs, salles \u00e0 manger ou halls d&rsquo;entr\u00e9e. <\/p>\n<p>Il s&rsquo;agit d&rsquo;une pi\u00e8ce unique en raison de l&rsquo;originalit\u00e9 de son bois vieilli qui conserve ses teintes et ses veines naturelles. Elle est facile \u00e0 assortir et convient parfaitement aux int\u00e9rieurs minimalistes. <\/p>\n<p>Dimensions : 200 x 0,35 x 0,40 cm<\/p>\n<p>&nbsp;<\/p>\n<p>&nbsp;<\/p>\n","protected":false},"excerpt":{"rendered":"<p>Meuble d\u00e9coratif en bois de teck vieilli.<\/p>\n","protected":false},"featured_media":3810,"template":"","meta":{"_acf_changed":false},"product_brand":[],"product_cat":[181],"product_tag":[],"class_list":{"0":"post-3880","1":"product","2":"type-product","3":"status-publish","4":"has-post-thumbnail","6":"product_cat-mobilier-dappoint","8":"first","9":"instock","10":"taxable","11":"shipping-taxable","12":"purchasable","13":"product-type-simple"},"acf":[],"yoast_head":"<!-- This site is optimized with the Yoast SEO plugin v26.7 - https:\/\/yoast.com\/wordpress\/plugins\/seo\/ -->\n<title>Meuble bas en teck massif - Ancestral route<\/title>\n<meta name=\"robots\" content=\"index, follow, max-snippet:-1, max-image-preview:large, max-video-preview:-1\" \/>\n<link rel=\"canonical\" href=\"https:\/\/ancestralroute.com\/fr\/producto\/meuble-bas-en-teck-massif\/\" \/>\n<meta property=\"og:locale\" content=\"fr_FR\" \/>\n<meta property=\"og:type\" content=\"article\" \/>\n<meta property=\"og:title\" content=\"Meuble bas en teck massif - Ancestral route\" \/>\n<meta property=\"og:description\" content=\"Meuble d\u00e9coratif en bois de teck vieilli.\" \/>\n<meta property=\"og:url\" content=\"https:\/\/ancestralroute.com\/fr\/producto\/meuble-bas-en-teck-massif\/\" \/>\n<meta property=\"og:site_name\" content=\"Ancestral route\" \/>\n<meta property=\"og:image\" content=\"https:\/\/ancestralroute.com\/wp-content\/uploads\/2025\/12\/2-mueble-bajo-de-teca-maciza-scaled.jpg\" \/>\n\t<meta property=\"og:image:width\" content=\"2560\" \/>\n\t<meta property=\"og:image:height\" content=\"1920\" \/>\n\t<meta property=\"og:image:type\" content=\"image\/jpeg\" \/>\n<meta name=\"twitter:card\" content=\"summary_large_image\" \/>\n<script type=\"application\/ld+json\" class=\"yoast-schema-graph\">{\"@context\":\"https:\/\/schema.org\",\"@graph\":[{\"@type\":\"WebPage\",\"@id\":\"https:\/\/ancestralroute.com\/fr\/producto\/meuble-bas-en-teck-massif\/\",\"url\":\"https:\/\/ancestralroute.com\/fr\/producto\/meuble-bas-en-teck-massif\/\",\"name\":\"Meuble bas en teck massif - Ancestral route\",\"isPartOf\":{\"@id\":\"https:\/\/ancestralroute.com\/fr\/#website\"},\"primaryImageOfPage\":{\"@id\":\"https:\/\/ancestralroute.com\/fr\/producto\/meuble-bas-en-teck-massif\/#primaryimage\"},\"image\":{\"@id\":\"https:\/\/ancestralroute.com\/fr\/producto\/meuble-bas-en-teck-massif\/#primaryimage\"},\"thumbnailUrl\":\"https:\/\/ancestralroute.com\/wp-content\/uploads\/2025\/12\/2-mueble-bajo-de-teca-maciza-scaled.jpg\",\"datePublished\":\"2025-12-11T18:20:28+00:00\",\"breadcrumb\":{\"@id\":\"https:\/\/ancestralroute.com\/fr\/producto\/meuble-bas-en-teck-massif\/#breadcrumb\"},\"inLanguage\":\"fr-FR\",\"potentialAction\":[{\"@type\":\"ReadAction\",\"target\":[\"https:\/\/ancestralroute.com\/fr\/producto\/meuble-bas-en-teck-massif\/\"]}]},{\"@type\":\"ImageObject\",\"inLanguage\":\"fr-FR\",\"@id\":\"https:\/\/ancestralroute.com\/fr\/producto\/meuble-bas-en-teck-massif\/#primaryimage\",\"url\":\"https:\/\/ancestralroute.com\/wp-content\/uploads\/2025\/12\/2-mueble-bajo-de-teca-maciza-scaled.jpg\",\"contentUrl\":\"https:\/\/ancestralroute.com\/wp-content\/uploads\/2025\/12\/2-mueble-bajo-de-teca-maciza-scaled.jpg\",\"width\":2560,\"height\":1920},{\"@type\":\"BreadcrumbList\",\"@id\":\"https:\/\/ancestralroute.com\/fr\/producto\/meuble-bas-en-teck-massif\/#breadcrumb\",\"itemListElement\":[{\"@type\":\"ListItem\",\"position\":1,\"name\":\"Accueil\",\"item\":\"https:\/\/ancestralroute.com\/fr\/\"},{\"@type\":\"ListItem\",\"position\":2,\"name\":\"Boutique\",\"item\":\"https:\/\/ancestralroute.com\/fr\/boutique\/\"},{\"@type\":\"ListItem\",\"position\":3,\"name\":\"Meuble bas en teck massif\"}]},{\"@type\":\"WebSite\",\"@id\":\"https:\/\/ancestralroute.com\/fr\/#website\",\"url\":\"https:\/\/ancestralroute.com\/fr\/\",\"name\":\"Ancestral route\",\"description\":\"\",\"potentialAction\":[{\"@type\":\"SearchAction\",\"target\":{\"@type\":\"EntryPoint\",\"urlTemplate\":\"https:\/\/ancestralroute.com\/fr\/?s={search_term_string}\"},\"query-input\":{\"@type\":\"PropertyValueSpecification\",\"valueRequired\":true,\"valueName\":\"search_term_string\"}}],\"inLanguage\":\"fr-FR\"}]}<\/script>\n<!-- \/ Yoast SEO plugin. -->","yoast_head_json":{"title":"Meuble bas en teck massif - Ancestral route","robots":{"index":"index","follow":"follow","max-snippet":"max-snippet:-1","max-image-preview":"max-image-preview:large","max-video-preview":"max-video-preview:-1"},"canonical":"https:\/\/ancestralroute.com\/fr\/producto\/meuble-bas-en-teck-massif\/","og_locale":"fr_FR","og_type":"article","og_title":"Meuble bas en teck massif - Ancestral route","og_description":"Meuble d\u00e9coratif en bois de teck vieilli.","og_url":"https:\/\/ancestralroute.com\/fr\/producto\/meuble-bas-en-teck-massif\/","og_site_name":"Ancestral route","og_image":[{"width":2560,"height":1920,"url":"https:\/\/ancestralroute.com\/wp-content\/uploads\/2025\/12\/2-mueble-bajo-de-teca-maciza-scaled.jpg","type":"image\/jpeg"}],"twitter_card":"summary_large_image","schema":{"@context":"https:\/\/schema.org","@graph":[{"@type":"WebPage","@id":"https:\/\/ancestralroute.com\/fr\/producto\/meuble-bas-en-teck-massif\/","url":"https:\/\/ancestralroute.com\/fr\/producto\/meuble-bas-en-teck-massif\/","name":"Meuble bas en teck massif - Ancestral route","isPartOf":{"@id":"https:\/\/ancestralroute.com\/fr\/#website"},"primaryImageOfPage":{"@id":"https:\/\/ancestralroute.com\/fr\/producto\/meuble-bas-en-teck-massif\/#primaryimage"},"image":{"@id":"https:\/\/ancestralroute.com\/fr\/producto\/meuble-bas-en-teck-massif\/#primaryimage"},"thumbnailUrl":"https:\/\/ancestralroute.com\/wp-content\/uploads\/2025\/12\/2-mueble-bajo-de-teca-maciza-scaled.jpg","datePublished":"2025-12-11T18:20:28+00:00","breadcrumb":{"@id":"https:\/\/ancestralroute.com\/fr\/producto\/meuble-bas-en-teck-massif\/#breadcrumb"},"inLanguage":"fr-FR","potentialAction":[{"@type":"ReadAction","target":["https:\/\/ancestralroute.com\/fr\/producto\/meuble-bas-en-teck-massif\/"]}]},{"@type":"ImageObject","inLanguage":"fr-FR","@id":"https:\/\/ancestralroute.com\/fr\/producto\/meuble-bas-en-teck-massif\/#primaryimage","url":"https:\/\/ancestralroute.com\/wp-content\/uploads\/2025\/12\/2-mueble-bajo-de-teca-maciza-scaled.jpg","contentUrl":"https:\/\/ancestralroute.com\/wp-content\/uploads\/2025\/12\/2-mueble-bajo-de-teca-maciza-scaled.jpg","width":2560,"height":1920},{"@type":"BreadcrumbList","@id":"https:\/\/ancestralroute.com\/fr\/producto\/meuble-bas-en-teck-massif\/#breadcrumb","itemListElement":[{"@type":"ListItem","position":1,"name":"Accueil","item":"https:\/\/ancestralroute.com\/fr\/"},{"@type":"ListItem","position":2,"name":"Boutique","item":"https:\/\/ancestralroute.com\/fr\/boutique\/"},{"@type":"ListItem","position":3,"name":"Meuble bas en teck massif"}]},{"@type":"WebSite","@id":"https:\/\/ancestralroute.com\/fr\/#website","url":"https:\/\/ancestralroute.com\/fr\/","name":"Ancestral route","description":"","potentialAction":[{"@type":"SearchAction","target":{"@type":"EntryPoint","urlTemplate":"https:\/\/ancestralroute.com\/fr\/?s={search_term_string}"},"query-input":{"@type":"PropertyValueSpecification","valueRequired":true,"valueName":"search_term_string"}}],"inLanguage":"fr-FR"}]}},"_links":{"self":[{"href":"https:\/\/ancestralroute.com\/fr\/wp-json\/wp\/v2\/product\/3880","targetHints":{"allow":["GET"]}}],"collection":[{"href":"https:\/\/ancestralroute.com\/fr\/wp-json\/wp\/v2\/product"}],"about":[{"href":"https:\/\/ancestralroute.com\/fr\/wp-json\/wp\/v2\/types\/product"}],"wp:featuredmedia":[{"embeddable":true,"href":"https:\/\/ancestralroute.com\/fr\/wp-json\/wp\/v2\/media\/3810"}],"wp:attachment":[{"href":"https:\/\/ancestralroute.com\/fr\/wp-json\/wp\/v2\/media?parent=3880"}],"wp:term":[{"taxonomy":"product_brand","embeddable":true,"href":"https:\/\/ancestralroute.com\/fr\/wp-json\/wp\/v2\/product_brand?post=3880"},{"taxonomy":"product_cat","embeddable":true,"href":"https:\/\/ancestralroute.com\/fr\/wp-json\/wp\/v2\/product_cat?post=3880"},{"taxonomy":"product_tag","embeddable":true,"href":"https:\/\/ancestralroute.com\/fr\/wp-json\/wp\/v2\/product_tag?post=3880"}],"curies":[{"name":"wp","href":"https:\/\/api.w.org\/{rel}","templated":true}]}}