{"id":3884,"date":"2025-09-17T17:56:38","date_gmt":"2025-09-17T17:56:38","guid":{"rendered":"https:\/\/ancestralroute.com\/producto\/set-de-ceramique-orientale-peinte-a-la-main\/"},"modified":"2025-09-17T17:56:38","modified_gmt":"2025-09-17T17:56:38","slug":"set-de-ceramique-orientale-peinte-a-la-main","status":"publish","type":"product","link":"https:\/\/ancestralroute.com\/fr\/producto\/set-de-ceramique-orientale-peinte-a-la-main\/","title":{"rendered":"Set de c\u00e9ramique orientale peinte \u00e0 la main"},"content":{"rendered":"<p data-start=\"438\" data-end=\"676\">Ce service \u00e0 sak\u00e9, fabriqu\u00e9 en c\u00e9ramique japonaise artisanale, refl\u00e8te l&rsquo;essence d&rsquo;une culture qui transforme le quotidien en rituel. Ses formes simples et ses textures organiques \u00e9voquent le wabi-sabi, la beaut\u00e9 de l&rsquo;imparfait et du naturel. <\/p>\n<p data-start=\"678\" data-end=\"898\">Comprend un pichet et des verres, des pi\u00e8ces cr\u00e9\u00e9es \u00e0 partir de mat\u00e9riaux nobles et des finitions qui transmettent chaleur et authenticit\u00e9. Id\u00e9al pour accompagner les moments de rencontre, que ce soit lors d&rsquo;une c\u00e9r\u00e9monie traditionnelle ou autour d&rsquo;une table contemporaine. <\/p>\n<p data-start=\"900\" data-end=\"1059\">Plus qu&rsquo;un simple objet utilitaire, ce service \u00e0 sak\u00e9 est une pi\u00e8ce charg\u00e9e d&rsquo;histoire et de caract\u00e8re, pr\u00eate \u00e0 transformer votre int\u00e9rieur avec la subtilit\u00e9 du Japon ancestral.<\/p>\n<p>&nbsp;<\/p>\n","protected":false},"excerpt":{"rendered":"<p>Une tradition \u00e0 partager &#8211; Service \u00e0 sak\u00e9 japonais en c\u00e9ramique, fabriqu\u00e9 \u00e0 la main. Des pi\u00e8ces uniques alliant tradition, simplicit\u00e9 et \u00e9l\u00e9gance intemporelle. <\/p>\n","protected":false},"featured_media":2471,"template":"","meta":{"_acf_changed":false},"product_brand":[],"product_cat":[203],"product_tag":[],"class_list":{"0":"post-3884","1":"product","2":"type-product","3":"status-publish","4":"has-post-thumbnail","6":"product_cat-ceramique-japonaise","8":"first","9":"outofstock","10":"taxable","11":"shipping-taxable","12":"product-type-simple"},"acf":[],"yoast_head":"<!-- This site is optimized with the Yoast SEO plugin v26.7 - https:\/\/yoast.com\/wordpress\/plugins\/seo\/ -->\n<title>Set de c\u00e9ramique orientale peinte \u00e0 la main - Ancestral route<\/title>\n<meta name=\"robots\" content=\"index, follow, max-snippet:-1, max-image-preview:large, max-video-preview:-1\" \/>\n<link rel=\"canonical\" href=\"https:\/\/ancestralroute.com\/fr\/producto\/set-de-ceramique-orientale-peinte-a-la-main\/\" \/>\n<meta property=\"og:locale\" content=\"fr_FR\" \/>\n<meta property=\"og:type\" content=\"article\" \/>\n<meta property=\"og:title\" content=\"Set de c\u00e9ramique orientale peinte \u00e0 la main - Ancestral route\" \/>\n<meta property=\"og:description\" content=\"Une tradition \u00e0 partager - Service \u00e0 sak\u00e9 japonais en c\u00e9ramique, fabriqu\u00e9 \u00e0 la main. Des pi\u00e8ces uniques alliant tradition, simplicit\u00e9 et \u00e9l\u00e9gance intemporelle.\" \/>\n<meta property=\"og:url\" content=\"https:\/\/ancestralroute.com\/fr\/producto\/set-de-ceramique-orientale-peinte-a-la-main\/\" \/>\n<meta property=\"og:site_name\" content=\"Ancestral route\" \/>\n<meta property=\"og:image\" content=\"https:\/\/ancestralroute.com\/wp-content\/uploads\/2025\/09\/ceramica_japonesa.jpg\" \/>\n\t<meta property=\"og:image:width\" content=\"600\" \/>\n\t<meta property=\"og:image:height\" content=\"600\" \/>\n\t<meta property=\"og:image:type\" content=\"image\/jpeg\" \/>\n<meta name=\"twitter:card\" content=\"summary_large_image\" \/>\n<meta name=\"twitter:label1\" content=\"Dur\u00e9e de lecture estim\u00e9e\" \/>\n\t<meta name=\"twitter:data1\" content=\"1 minute\" \/>\n<script type=\"application\/ld+json\" class=\"yoast-schema-graph\">{\"@context\":\"https:\/\/schema.org\",\"@graph\":[{\"@type\":\"WebPage\",\"@id\":\"https:\/\/ancestralroute.com\/fr\/producto\/set-de-ceramique-orientale-peinte-a-la-main\/\",\"url\":\"https:\/\/ancestralroute.com\/fr\/producto\/set-de-ceramique-orientale-peinte-a-la-main\/\",\"name\":\"Set de c\u00e9ramique orientale peinte \u00e0 la main - Ancestral route\",\"isPartOf\":{\"@id\":\"https:\/\/ancestralroute.com\/fr\/#website\"},\"primaryImageOfPage\":{\"@id\":\"https:\/\/ancestralroute.com\/fr\/producto\/set-de-ceramique-orientale-peinte-a-la-main\/#primaryimage\"},\"image\":{\"@id\":\"https:\/\/ancestralroute.com\/fr\/producto\/set-de-ceramique-orientale-peinte-a-la-main\/#primaryimage\"},\"thumbnailUrl\":\"https:\/\/ancestralroute.com\/wp-content\/uploads\/2025\/09\/ceramica_japonesa.jpg\",\"datePublished\":\"2025-09-17T17:56:38+00:00\",\"breadcrumb\":{\"@id\":\"https:\/\/ancestralroute.com\/fr\/producto\/set-de-ceramique-orientale-peinte-a-la-main\/#breadcrumb\"},\"inLanguage\":\"fr-FR\",\"potentialAction\":[{\"@type\":\"ReadAction\",\"target\":[\"https:\/\/ancestralroute.com\/fr\/producto\/set-de-ceramique-orientale-peinte-a-la-main\/\"]}]},{\"@type\":\"ImageObject\",\"inLanguage\":\"fr-FR\",\"@id\":\"https:\/\/ancestralroute.com\/fr\/producto\/set-de-ceramique-orientale-peinte-a-la-main\/#primaryimage\",\"url\":\"https:\/\/ancestralroute.com\/wp-content\/uploads\/2025\/09\/ceramica_japonesa.jpg\",\"contentUrl\":\"https:\/\/ancestralroute.com\/wp-content\/uploads\/2025\/09\/ceramica_japonesa.jpg\",\"width\":600,\"height\":600},{\"@type\":\"BreadcrumbList\",\"@id\":\"https:\/\/ancestralroute.com\/fr\/producto\/set-de-ceramique-orientale-peinte-a-la-main\/#breadcrumb\",\"itemListElement\":[{\"@type\":\"ListItem\",\"position\":1,\"name\":\"Accueil\",\"item\":\"https:\/\/ancestralroute.com\/fr\/\"},{\"@type\":\"ListItem\",\"position\":2,\"name\":\"Boutique\",\"item\":\"https:\/\/ancestralroute.com\/fr\/boutique\/\"},{\"@type\":\"ListItem\",\"position\":3,\"name\":\"Set de c\u00e9ramique orientale peinte \u00e0 la main\"}]},{\"@type\":\"WebSite\",\"@id\":\"https:\/\/ancestralroute.com\/fr\/#website\",\"url\":\"https:\/\/ancestralroute.com\/fr\/\",\"name\":\"Ancestral route\",\"description\":\"\",\"potentialAction\":[{\"@type\":\"SearchAction\",\"target\":{\"@type\":\"EntryPoint\",\"urlTemplate\":\"https:\/\/ancestralroute.com\/fr\/?s={search_term_string}\"},\"query-input\":{\"@type\":\"PropertyValueSpecification\",\"valueRequired\":true,\"valueName\":\"search_term_string\"}}],\"inLanguage\":\"fr-FR\"}]}<\/script>\n<!-- \/ Yoast SEO plugin. -->","yoast_head_json":{"title":"Set de c\u00e9ramique orientale peinte \u00e0 la main - Ancestral route","robots":{"index":"index","follow":"follow","max-snippet":"max-snippet:-1","max-image-preview":"max-image-preview:large","max-video-preview":"max-video-preview:-1"},"canonical":"https:\/\/ancestralroute.com\/fr\/producto\/set-de-ceramique-orientale-peinte-a-la-main\/","og_locale":"fr_FR","og_type":"article","og_title":"Set de c\u00e9ramique orientale peinte \u00e0 la main - Ancestral route","og_description":"Une tradition \u00e0 partager - Service \u00e0 sak\u00e9 japonais en c\u00e9ramique, fabriqu\u00e9 \u00e0 la main. Des pi\u00e8ces uniques alliant tradition, simplicit\u00e9 et \u00e9l\u00e9gance intemporelle.","og_url":"https:\/\/ancestralroute.com\/fr\/producto\/set-de-ceramique-orientale-peinte-a-la-main\/","og_site_name":"Ancestral route","og_image":[{"width":600,"height":600,"url":"https:\/\/ancestralroute.com\/wp-content\/uploads\/2025\/09\/ceramica_japonesa.jpg","type":"image\/jpeg"}],"twitter_card":"summary_large_image","twitter_misc":{"Dur\u00e9e de lecture estim\u00e9e":"1 minute"},"schema":{"@context":"https:\/\/schema.org","@graph":[{"@type":"WebPage","@id":"https:\/\/ancestralroute.com\/fr\/producto\/set-de-ceramique-orientale-peinte-a-la-main\/","url":"https:\/\/ancestralroute.com\/fr\/producto\/set-de-ceramique-orientale-peinte-a-la-main\/","name":"Set de c\u00e9ramique orientale peinte \u00e0 la main - Ancestral route","isPartOf":{"@id":"https:\/\/ancestralroute.com\/fr\/#website"},"primaryImageOfPage":{"@id":"https:\/\/ancestralroute.com\/fr\/producto\/set-de-ceramique-orientale-peinte-a-la-main\/#primaryimage"},"image":{"@id":"https:\/\/ancestralroute.com\/fr\/producto\/set-de-ceramique-orientale-peinte-a-la-main\/#primaryimage"},"thumbnailUrl":"https:\/\/ancestralroute.com\/wp-content\/uploads\/2025\/09\/ceramica_japonesa.jpg","datePublished":"2025-09-17T17:56:38+00:00","breadcrumb":{"@id":"https:\/\/ancestralroute.com\/fr\/producto\/set-de-ceramique-orientale-peinte-a-la-main\/#breadcrumb"},"inLanguage":"fr-FR","potentialAction":[{"@type":"ReadAction","target":["https:\/\/ancestralroute.com\/fr\/producto\/set-de-ceramique-orientale-peinte-a-la-main\/"]}]},{"@type":"ImageObject","inLanguage":"fr-FR","@id":"https:\/\/ancestralroute.com\/fr\/producto\/set-de-ceramique-orientale-peinte-a-la-main\/#primaryimage","url":"https:\/\/ancestralroute.com\/wp-content\/uploads\/2025\/09\/ceramica_japonesa.jpg","contentUrl":"https:\/\/ancestralroute.com\/wp-content\/uploads\/2025\/09\/ceramica_japonesa.jpg","width":600,"height":600},{"@type":"BreadcrumbList","@id":"https:\/\/ancestralroute.com\/fr\/producto\/set-de-ceramique-orientale-peinte-a-la-main\/#breadcrumb","itemListElement":[{"@type":"ListItem","position":1,"name":"Accueil","item":"https:\/\/ancestralroute.com\/fr\/"},{"@type":"ListItem","position":2,"name":"Boutique","item":"https:\/\/ancestralroute.com\/fr\/boutique\/"},{"@type":"ListItem","position":3,"name":"Set de c\u00e9ramique orientale peinte \u00e0 la main"}]},{"@type":"WebSite","@id":"https:\/\/ancestralroute.com\/fr\/#website","url":"https:\/\/ancestralroute.com\/fr\/","name":"Ancestral route","description":"","potentialAction":[{"@type":"SearchAction","target":{"@type":"EntryPoint","urlTemplate":"https:\/\/ancestralroute.com\/fr\/?s={search_term_string}"},"query-input":{"@type":"PropertyValueSpecification","valueRequired":true,"valueName":"search_term_string"}}],"inLanguage":"fr-FR"}]}},"_links":{"self":[{"href":"https:\/\/ancestralroute.com\/fr\/wp-json\/wp\/v2\/product\/3884","targetHints":{"allow":["GET"]}}],"collection":[{"href":"https:\/\/ancestralroute.com\/fr\/wp-json\/wp\/v2\/product"}],"about":[{"href":"https:\/\/ancestralroute.com\/fr\/wp-json\/wp\/v2\/types\/product"}],"wp:featuredmedia":[{"embeddable":true,"href":"https:\/\/ancestralroute.com\/fr\/wp-json\/wp\/v2\/media\/2471"}],"wp:attachment":[{"href":"https:\/\/ancestralroute.com\/fr\/wp-json\/wp\/v2\/media?parent=3884"}],"wp:term":[{"taxonomy":"product_brand","embeddable":true,"href":"https:\/\/ancestralroute.com\/fr\/wp-json\/wp\/v2\/product_brand?post=3884"},{"taxonomy":"product_cat","embeddable":true,"href":"https:\/\/ancestralroute.com\/fr\/wp-json\/wp\/v2\/product_cat?post=3884"},{"taxonomy":"product_tag","embeddable":true,"href":"https:\/\/ancestralroute.com\/fr\/wp-json\/wp\/v2\/product_tag?post=3884"}],"curies":[{"name":"wp","href":"https:\/\/api.w.org\/{rel}","templated":true}]}}