{"id":3890,"date":"2025-08-27T12:16:07","date_gmt":"2025-08-27T12:16:07","guid":{"rendered":"https:\/\/ancestralroute.com\/producto\/meubles-de-style-oriental-et-europeen-harmonie-pour-votre-interieur\/"},"modified":"2025-08-27T12:16:07","modified_gmt":"2025-08-27T12:16:07","slug":"meubles-de-style-oriental-et-europeen-harmonie-pour-votre-interieur","status":"publish","type":"product","link":"https:\/\/ancestralroute.com\/fr\/producto\/meubles-de-style-oriental-et-europeen-harmonie-pour-votre-interieur\/","title":{"rendered":"Meubles de style oriental et europ\u00e9en \u2013 Harmonie pour votre int\u00e9rieur"},"content":{"rendered":"<p>Remplissez votre int\u00e9rieur d&rsquo;harmonie avec des meubles qui racontent des histoires d&rsquo;Orient et d&rsquo;Occident. Chez Ancestral Route, nous s\u00e9lectionnons et concevons des meubles qui allient la simplicit\u00e9 orientale \u00e0 l&rsquo;\u00e9l\u00e9gance europ\u00e9enne. Des lignes \u00e9pur\u00e9es, des mat\u00e9riaux naturels et des finitions soign\u00e9es qui transforment chaque espace en un lieu de calme et de personnalit\u00e9. Des tables et chaises aux \u00e9tag\u00e8res et accessoires, chaque pi\u00e8ce est con\u00e7ue pour apporter chaleur, fonctionnalit\u00e9 et beaut\u00e9 durable.   <\/p>\n","protected":false},"excerpt":{"rendered":"<p>Meubles d&rsquo;inspiration orientale et europ\u00e9enne. Design \u00e9pur\u00e9, mat\u00e9riaux naturels et chaleur pour votre int\u00e9rieur. <\/p>\n","protected":false},"featured_media":1609,"template":"","meta":{"_acf_changed":false},"product_brand":[],"product_cat":[211],"product_tag":[],"class_list":{"0":"post-3890","1":"product","2":"type-product","3":"status-publish","4":"has-post-thumbnail","6":"product_cat-meubles-personal-project","8":"first","9":"outofstock","10":"taxable","11":"shipping-taxable","12":"product-type-simple"},"acf":[],"yoast_head":"<!-- This site is optimized with the Yoast SEO plugin v26.7 - https:\/\/yoast.com\/wordpress\/plugins\/seo\/ -->\n<title>Meubles de style oriental et europ\u00e9en \u2013 Harmonie pour votre int\u00e9rieur - Ancestral route<\/title>\n<meta name=\"robots\" content=\"index, follow, max-snippet:-1, max-image-preview:large, max-video-preview:-1\" \/>\n<link rel=\"canonical\" href=\"https:\/\/ancestralroute.com\/fr\/producto\/meubles-de-style-oriental-et-europeen-harmonie-pour-votre-interieur\/\" \/>\n<meta property=\"og:locale\" content=\"fr_FR\" \/>\n<meta property=\"og:type\" content=\"article\" \/>\n<meta property=\"og:title\" content=\"Meubles de style oriental et europ\u00e9en \u2013 Harmonie pour votre int\u00e9rieur - Ancestral route\" \/>\n<meta property=\"og:description\" content=\"Meubles d&#039;inspiration orientale et europ\u00e9enne. Design \u00e9pur\u00e9, mat\u00e9riaux naturels et chaleur pour votre int\u00e9rieur.\" \/>\n<meta property=\"og:url\" content=\"https:\/\/ancestralroute.com\/fr\/producto\/meubles-de-style-oriental-et-europeen-harmonie-pour-votre-interieur\/\" \/>\n<meta property=\"og:site_name\" content=\"Ancestral route\" \/>\n<meta property=\"og:image\" content=\"https:\/\/ancestralroute.com\/wp-content\/uploads\/2025\/07\/muebles_personal_project.jpg\" \/>\n\t<meta property=\"og:image:width\" content=\"600\" \/>\n\t<meta property=\"og:image:height\" content=\"600\" \/>\n\t<meta property=\"og:image:type\" content=\"image\/jpeg\" \/>\n<meta name=\"twitter:card\" content=\"summary_large_image\" \/>\n<script type=\"application\/ld+json\" class=\"yoast-schema-graph\">{\"@context\":\"https:\/\/schema.org\",\"@graph\":[{\"@type\":\"WebPage\",\"@id\":\"https:\/\/ancestralroute.com\/fr\/producto\/meubles-de-style-oriental-et-europeen-harmonie-pour-votre-interieur\/\",\"url\":\"https:\/\/ancestralroute.com\/fr\/producto\/meubles-de-style-oriental-et-europeen-harmonie-pour-votre-interieur\/\",\"name\":\"Meubles de style oriental et europ\u00e9en \u2013 Harmonie pour votre int\u00e9rieur - Ancestral route\",\"isPartOf\":{\"@id\":\"https:\/\/ancestralroute.com\/fr\/#website\"},\"primaryImageOfPage\":{\"@id\":\"https:\/\/ancestralroute.com\/fr\/producto\/meubles-de-style-oriental-et-europeen-harmonie-pour-votre-interieur\/#primaryimage\"},\"image\":{\"@id\":\"https:\/\/ancestralroute.com\/fr\/producto\/meubles-de-style-oriental-et-europeen-harmonie-pour-votre-interieur\/#primaryimage\"},\"thumbnailUrl\":\"https:\/\/ancestralroute.com\/wp-content\/uploads\/2025\/07\/muebles_personal_project.jpg\",\"datePublished\":\"2025-08-27T12:16:07+00:00\",\"breadcrumb\":{\"@id\":\"https:\/\/ancestralroute.com\/fr\/producto\/meubles-de-style-oriental-et-europeen-harmonie-pour-votre-interieur\/#breadcrumb\"},\"inLanguage\":\"fr-FR\",\"potentialAction\":[{\"@type\":\"ReadAction\",\"target\":[\"https:\/\/ancestralroute.com\/fr\/producto\/meubles-de-style-oriental-et-europeen-harmonie-pour-votre-interieur\/\"]}]},{\"@type\":\"ImageObject\",\"inLanguage\":\"fr-FR\",\"@id\":\"https:\/\/ancestralroute.com\/fr\/producto\/meubles-de-style-oriental-et-europeen-harmonie-pour-votre-interieur\/#primaryimage\",\"url\":\"https:\/\/ancestralroute.com\/wp-content\/uploads\/2025\/07\/muebles_personal_project.jpg\",\"contentUrl\":\"https:\/\/ancestralroute.com\/wp-content\/uploads\/2025\/07\/muebles_personal_project.jpg\",\"width\":600,\"height\":600},{\"@type\":\"BreadcrumbList\",\"@id\":\"https:\/\/ancestralroute.com\/fr\/producto\/meubles-de-style-oriental-et-europeen-harmonie-pour-votre-interieur\/#breadcrumb\",\"itemListElement\":[{\"@type\":\"ListItem\",\"position\":1,\"name\":\"Accueil\",\"item\":\"https:\/\/ancestralroute.com\/fr\/\"},{\"@type\":\"ListItem\",\"position\":2,\"name\":\"Boutique\",\"item\":\"https:\/\/ancestralroute.com\/fr\/boutique\/\"},{\"@type\":\"ListItem\",\"position\":3,\"name\":\"Meubles de style oriental et europ\u00e9en \u2013 Harmonie pour votre int\u00e9rieur\"}]},{\"@type\":\"WebSite\",\"@id\":\"https:\/\/ancestralroute.com\/fr\/#website\",\"url\":\"https:\/\/ancestralroute.com\/fr\/\",\"name\":\"Ancestral route\",\"description\":\"\",\"potentialAction\":[{\"@type\":\"SearchAction\",\"target\":{\"@type\":\"EntryPoint\",\"urlTemplate\":\"https:\/\/ancestralroute.com\/fr\/?s={search_term_string}\"},\"query-input\":{\"@type\":\"PropertyValueSpecification\",\"valueRequired\":true,\"valueName\":\"search_term_string\"}}],\"inLanguage\":\"fr-FR\"}]}<\/script>\n<!-- \/ Yoast SEO plugin. -->","yoast_head_json":{"title":"Meubles de style oriental et europ\u00e9en \u2013 Harmonie pour votre int\u00e9rieur - Ancestral route","robots":{"index":"index","follow":"follow","max-snippet":"max-snippet:-1","max-image-preview":"max-image-preview:large","max-video-preview":"max-video-preview:-1"},"canonical":"https:\/\/ancestralroute.com\/fr\/producto\/meubles-de-style-oriental-et-europeen-harmonie-pour-votre-interieur\/","og_locale":"fr_FR","og_type":"article","og_title":"Meubles de style oriental et europ\u00e9en \u2013 Harmonie pour votre int\u00e9rieur - Ancestral route","og_description":"Meubles d'inspiration orientale et europ\u00e9enne. Design \u00e9pur\u00e9, mat\u00e9riaux naturels et chaleur pour votre int\u00e9rieur.","og_url":"https:\/\/ancestralroute.com\/fr\/producto\/meubles-de-style-oriental-et-europeen-harmonie-pour-votre-interieur\/","og_site_name":"Ancestral route","og_image":[{"width":600,"height":600,"url":"https:\/\/ancestralroute.com\/wp-content\/uploads\/2025\/07\/muebles_personal_project.jpg","type":"image\/jpeg"}],"twitter_card":"summary_large_image","schema":{"@context":"https:\/\/schema.org","@graph":[{"@type":"WebPage","@id":"https:\/\/ancestralroute.com\/fr\/producto\/meubles-de-style-oriental-et-europeen-harmonie-pour-votre-interieur\/","url":"https:\/\/ancestralroute.com\/fr\/producto\/meubles-de-style-oriental-et-europeen-harmonie-pour-votre-interieur\/","name":"Meubles de style oriental et europ\u00e9en \u2013 Harmonie pour votre int\u00e9rieur - Ancestral route","isPartOf":{"@id":"https:\/\/ancestralroute.com\/fr\/#website"},"primaryImageOfPage":{"@id":"https:\/\/ancestralroute.com\/fr\/producto\/meubles-de-style-oriental-et-europeen-harmonie-pour-votre-interieur\/#primaryimage"},"image":{"@id":"https:\/\/ancestralroute.com\/fr\/producto\/meubles-de-style-oriental-et-europeen-harmonie-pour-votre-interieur\/#primaryimage"},"thumbnailUrl":"https:\/\/ancestralroute.com\/wp-content\/uploads\/2025\/07\/muebles_personal_project.jpg","datePublished":"2025-08-27T12:16:07+00:00","breadcrumb":{"@id":"https:\/\/ancestralroute.com\/fr\/producto\/meubles-de-style-oriental-et-europeen-harmonie-pour-votre-interieur\/#breadcrumb"},"inLanguage":"fr-FR","potentialAction":[{"@type":"ReadAction","target":["https:\/\/ancestralroute.com\/fr\/producto\/meubles-de-style-oriental-et-europeen-harmonie-pour-votre-interieur\/"]}]},{"@type":"ImageObject","inLanguage":"fr-FR","@id":"https:\/\/ancestralroute.com\/fr\/producto\/meubles-de-style-oriental-et-europeen-harmonie-pour-votre-interieur\/#primaryimage","url":"https:\/\/ancestralroute.com\/wp-content\/uploads\/2025\/07\/muebles_personal_project.jpg","contentUrl":"https:\/\/ancestralroute.com\/wp-content\/uploads\/2025\/07\/muebles_personal_project.jpg","width":600,"height":600},{"@type":"BreadcrumbList","@id":"https:\/\/ancestralroute.com\/fr\/producto\/meubles-de-style-oriental-et-europeen-harmonie-pour-votre-interieur\/#breadcrumb","itemListElement":[{"@type":"ListItem","position":1,"name":"Accueil","item":"https:\/\/ancestralroute.com\/fr\/"},{"@type":"ListItem","position":2,"name":"Boutique","item":"https:\/\/ancestralroute.com\/fr\/boutique\/"},{"@type":"ListItem","position":3,"name":"Meubles de style oriental et europ\u00e9en \u2013 Harmonie pour votre int\u00e9rieur"}]},{"@type":"WebSite","@id":"https:\/\/ancestralroute.com\/fr\/#website","url":"https:\/\/ancestralroute.com\/fr\/","name":"Ancestral route","description":"","potentialAction":[{"@type":"SearchAction","target":{"@type":"EntryPoint","urlTemplate":"https:\/\/ancestralroute.com\/fr\/?s={search_term_string}"},"query-input":{"@type":"PropertyValueSpecification","valueRequired":true,"valueName":"search_term_string"}}],"inLanguage":"fr-FR"}]}},"_links":{"self":[{"href":"https:\/\/ancestralroute.com\/fr\/wp-json\/wp\/v2\/product\/3890","targetHints":{"allow":["GET"]}}],"collection":[{"href":"https:\/\/ancestralroute.com\/fr\/wp-json\/wp\/v2\/product"}],"about":[{"href":"https:\/\/ancestralroute.com\/fr\/wp-json\/wp\/v2\/types\/product"}],"wp:featuredmedia":[{"embeddable":true,"href":"https:\/\/ancestralroute.com\/fr\/wp-json\/wp\/v2\/media\/1609"}],"wp:attachment":[{"href":"https:\/\/ancestralroute.com\/fr\/wp-json\/wp\/v2\/media?parent=3890"}],"wp:term":[{"taxonomy":"product_brand","embeddable":true,"href":"https:\/\/ancestralroute.com\/fr\/wp-json\/wp\/v2\/product_brand?post=3890"},{"taxonomy":"product_cat","embeddable":true,"href":"https:\/\/ancestralroute.com\/fr\/wp-json\/wp\/v2\/product_cat?post=3890"},{"taxonomy":"product_tag","embeddable":true,"href":"https:\/\/ancestralroute.com\/fr\/wp-json\/wp\/v2\/product_tag?post=3890"}],"curies":[{"name":"wp","href":"https:\/\/api.w.org\/{rel}","templated":true}]}}