{"id":3896,"date":"2025-08-27T12:12:17","date_gmt":"2025-08-27T12:12:17","guid":{"rendered":"https:\/\/ancestralroute.com\/producto\/amenagement-paysager-harmonie-entre-nature-et-design\/"},"modified":"2025-08-27T12:12:17","modified_gmt":"2025-08-27T12:12:17","slug":"amenagement-paysager-harmonie-entre-nature-et-design","status":"publish","type":"product","link":"https:\/\/ancestralroute.com\/fr\/producto\/amenagement-paysager-harmonie-entre-nature-et-design\/","title":{"rendered":"Am\u00e9nagement paysager \u2013 Harmonie entre nature et design"},"content":{"rendered":"<p>Transformez votre jardin en un espace de calme et d&rsquo;harmonie, o\u00f9 la nature et le design cohabitent en \u00e9quilibre. Chez Ancestral Route, nous cr\u00e9ons des espaces ext\u00e9rieurs qui respirent le calme, la beaut\u00e9 et l&rsquo;\u00e9quilibre. Inspir\u00e9s par la tradition orientale et m\u00e9diterran\u00e9enne, nous concevons des jardins qui int\u00e8grent la pierre, l&rsquo;eau, la v\u00e9g\u00e9tation et des \u00e9l\u00e9ments d\u00e9coratifs pour transformer n&rsquo;importe quel espace en un havre de s\u00e9r\u00e9nit\u00e9. Chaque projet s&rsquo;adapte \u00e0 l&rsquo;environnement et au style de vie du client, alliant esth\u00e9tique, fonctionnalit\u00e9 et durabilit\u00e9.   <\/p>\n","protected":false},"excerpt":{"rendered":"<p>Conception de jardins et d&rsquo;espaces ext\u00e9rieurs d&rsquo;inspiration orientale et m\u00e9diterran\u00e9enne. Beaut\u00e9, \u00e9quilibre et harmonie adapt\u00e9s \u00e0 chaque client. <\/p>\n","protected":false},"featured_media":1607,"template":"","meta":{"_acf_changed":false},"product_brand":[],"product_cat":[213],"product_tag":[],"class_list":{"0":"post-3896","1":"product","2":"type-product","3":"status-publish","4":"has-post-thumbnail","6":"product_cat-amenagement-paysager","8":"first","9":"outofstock","10":"taxable","11":"shipping-taxable","12":"product-type-simple"},"acf":[],"yoast_head":"<!-- This site is optimized with the Yoast SEO plugin v26.7 - https:\/\/yoast.com\/wordpress\/plugins\/seo\/ -->\n<title>Am\u00e9nagement paysager \u2013 Harmonie entre nature et design - Ancestral route<\/title>\n<meta name=\"robots\" content=\"index, follow, max-snippet:-1, max-image-preview:large, max-video-preview:-1\" \/>\n<link rel=\"canonical\" href=\"https:\/\/ancestralroute.com\/fr\/producto\/amenagement-paysager-harmonie-entre-nature-et-design\/\" \/>\n<meta property=\"og:locale\" content=\"fr_FR\" \/>\n<meta property=\"og:type\" content=\"article\" \/>\n<meta property=\"og:title\" content=\"Am\u00e9nagement paysager \u2013 Harmonie entre nature et design - Ancestral route\" \/>\n<meta property=\"og:description\" content=\"Conception de jardins et d&#039;espaces ext\u00e9rieurs d&#039;inspiration orientale et m\u00e9diterran\u00e9enne. Beaut\u00e9, \u00e9quilibre et harmonie adapt\u00e9s \u00e0 chaque client.\" \/>\n<meta property=\"og:url\" content=\"https:\/\/ancestralroute.com\/fr\/producto\/amenagement-paysager-harmonie-entre-nature-et-design\/\" \/>\n<meta property=\"og:site_name\" content=\"Ancestral route\" \/>\n<meta property=\"og:image\" content=\"https:\/\/ancestralroute.com\/wp-content\/uploads\/2025\/07\/Paisajismo.jpg\" \/>\n\t<meta property=\"og:image:width\" content=\"600\" \/>\n\t<meta property=\"og:image:height\" content=\"600\" \/>\n\t<meta property=\"og:image:type\" content=\"image\/jpeg\" \/>\n<meta name=\"twitter:card\" content=\"summary_large_image\" \/>\n<script type=\"application\/ld+json\" class=\"yoast-schema-graph\">{\"@context\":\"https:\/\/schema.org\",\"@graph\":[{\"@type\":\"WebPage\",\"@id\":\"https:\/\/ancestralroute.com\/fr\/producto\/amenagement-paysager-harmonie-entre-nature-et-design\/\",\"url\":\"https:\/\/ancestralroute.com\/fr\/producto\/amenagement-paysager-harmonie-entre-nature-et-design\/\",\"name\":\"Am\u00e9nagement paysager \u2013 Harmonie entre nature et design - Ancestral route\",\"isPartOf\":{\"@id\":\"https:\/\/ancestralroute.com\/fr\/#website\"},\"primaryImageOfPage\":{\"@id\":\"https:\/\/ancestralroute.com\/fr\/producto\/amenagement-paysager-harmonie-entre-nature-et-design\/#primaryimage\"},\"image\":{\"@id\":\"https:\/\/ancestralroute.com\/fr\/producto\/amenagement-paysager-harmonie-entre-nature-et-design\/#primaryimage\"},\"thumbnailUrl\":\"https:\/\/ancestralroute.com\/wp-content\/uploads\/2025\/07\/Paisajismo.jpg\",\"datePublished\":\"2025-08-27T12:12:17+00:00\",\"breadcrumb\":{\"@id\":\"https:\/\/ancestralroute.com\/fr\/producto\/amenagement-paysager-harmonie-entre-nature-et-design\/#breadcrumb\"},\"inLanguage\":\"fr-FR\",\"potentialAction\":[{\"@type\":\"ReadAction\",\"target\":[\"https:\/\/ancestralroute.com\/fr\/producto\/amenagement-paysager-harmonie-entre-nature-et-design\/\"]}]},{\"@type\":\"ImageObject\",\"inLanguage\":\"fr-FR\",\"@id\":\"https:\/\/ancestralroute.com\/fr\/producto\/amenagement-paysager-harmonie-entre-nature-et-design\/#primaryimage\",\"url\":\"https:\/\/ancestralroute.com\/wp-content\/uploads\/2025\/07\/Paisajismo.jpg\",\"contentUrl\":\"https:\/\/ancestralroute.com\/wp-content\/uploads\/2025\/07\/Paisajismo.jpg\",\"width\":600,\"height\":600},{\"@type\":\"BreadcrumbList\",\"@id\":\"https:\/\/ancestralroute.com\/fr\/producto\/amenagement-paysager-harmonie-entre-nature-et-design\/#breadcrumb\",\"itemListElement\":[{\"@type\":\"ListItem\",\"position\":1,\"name\":\"Accueil\",\"item\":\"https:\/\/ancestralroute.com\/fr\/\"},{\"@type\":\"ListItem\",\"position\":2,\"name\":\"Boutique\",\"item\":\"https:\/\/ancestralroute.com\/fr\/boutique\/\"},{\"@type\":\"ListItem\",\"position\":3,\"name\":\"Am\u00e9nagement paysager \u2013 Harmonie entre nature et design\"}]},{\"@type\":\"WebSite\",\"@id\":\"https:\/\/ancestralroute.com\/fr\/#website\",\"url\":\"https:\/\/ancestralroute.com\/fr\/\",\"name\":\"Ancestral route\",\"description\":\"\",\"potentialAction\":[{\"@type\":\"SearchAction\",\"target\":{\"@type\":\"EntryPoint\",\"urlTemplate\":\"https:\/\/ancestralroute.com\/fr\/?s={search_term_string}\"},\"query-input\":{\"@type\":\"PropertyValueSpecification\",\"valueRequired\":true,\"valueName\":\"search_term_string\"}}],\"inLanguage\":\"fr-FR\"}]}<\/script>\n<!-- \/ Yoast SEO plugin. -->","yoast_head_json":{"title":"Am\u00e9nagement paysager \u2013 Harmonie entre nature et design - Ancestral route","robots":{"index":"index","follow":"follow","max-snippet":"max-snippet:-1","max-image-preview":"max-image-preview:large","max-video-preview":"max-video-preview:-1"},"canonical":"https:\/\/ancestralroute.com\/fr\/producto\/amenagement-paysager-harmonie-entre-nature-et-design\/","og_locale":"fr_FR","og_type":"article","og_title":"Am\u00e9nagement paysager \u2013 Harmonie entre nature et design - Ancestral route","og_description":"Conception de jardins et d'espaces ext\u00e9rieurs d'inspiration orientale et m\u00e9diterran\u00e9enne. Beaut\u00e9, \u00e9quilibre et harmonie adapt\u00e9s \u00e0 chaque client.","og_url":"https:\/\/ancestralroute.com\/fr\/producto\/amenagement-paysager-harmonie-entre-nature-et-design\/","og_site_name":"Ancestral route","og_image":[{"width":600,"height":600,"url":"https:\/\/ancestralroute.com\/wp-content\/uploads\/2025\/07\/Paisajismo.jpg","type":"image\/jpeg"}],"twitter_card":"summary_large_image","schema":{"@context":"https:\/\/schema.org","@graph":[{"@type":"WebPage","@id":"https:\/\/ancestralroute.com\/fr\/producto\/amenagement-paysager-harmonie-entre-nature-et-design\/","url":"https:\/\/ancestralroute.com\/fr\/producto\/amenagement-paysager-harmonie-entre-nature-et-design\/","name":"Am\u00e9nagement paysager \u2013 Harmonie entre nature et design - Ancestral route","isPartOf":{"@id":"https:\/\/ancestralroute.com\/fr\/#website"},"primaryImageOfPage":{"@id":"https:\/\/ancestralroute.com\/fr\/producto\/amenagement-paysager-harmonie-entre-nature-et-design\/#primaryimage"},"image":{"@id":"https:\/\/ancestralroute.com\/fr\/producto\/amenagement-paysager-harmonie-entre-nature-et-design\/#primaryimage"},"thumbnailUrl":"https:\/\/ancestralroute.com\/wp-content\/uploads\/2025\/07\/Paisajismo.jpg","datePublished":"2025-08-27T12:12:17+00:00","breadcrumb":{"@id":"https:\/\/ancestralroute.com\/fr\/producto\/amenagement-paysager-harmonie-entre-nature-et-design\/#breadcrumb"},"inLanguage":"fr-FR","potentialAction":[{"@type":"ReadAction","target":["https:\/\/ancestralroute.com\/fr\/producto\/amenagement-paysager-harmonie-entre-nature-et-design\/"]}]},{"@type":"ImageObject","inLanguage":"fr-FR","@id":"https:\/\/ancestralroute.com\/fr\/producto\/amenagement-paysager-harmonie-entre-nature-et-design\/#primaryimage","url":"https:\/\/ancestralroute.com\/wp-content\/uploads\/2025\/07\/Paisajismo.jpg","contentUrl":"https:\/\/ancestralroute.com\/wp-content\/uploads\/2025\/07\/Paisajismo.jpg","width":600,"height":600},{"@type":"BreadcrumbList","@id":"https:\/\/ancestralroute.com\/fr\/producto\/amenagement-paysager-harmonie-entre-nature-et-design\/#breadcrumb","itemListElement":[{"@type":"ListItem","position":1,"name":"Accueil","item":"https:\/\/ancestralroute.com\/fr\/"},{"@type":"ListItem","position":2,"name":"Boutique","item":"https:\/\/ancestralroute.com\/fr\/boutique\/"},{"@type":"ListItem","position":3,"name":"Am\u00e9nagement paysager \u2013 Harmonie entre nature et design"}]},{"@type":"WebSite","@id":"https:\/\/ancestralroute.com\/fr\/#website","url":"https:\/\/ancestralroute.com\/fr\/","name":"Ancestral route","description":"","potentialAction":[{"@type":"SearchAction","target":{"@type":"EntryPoint","urlTemplate":"https:\/\/ancestralroute.com\/fr\/?s={search_term_string}"},"query-input":{"@type":"PropertyValueSpecification","valueRequired":true,"valueName":"search_term_string"}}],"inLanguage":"fr-FR"}]}},"_links":{"self":[{"href":"https:\/\/ancestralroute.com\/fr\/wp-json\/wp\/v2\/product\/3896","targetHints":{"allow":["GET"]}}],"collection":[{"href":"https:\/\/ancestralroute.com\/fr\/wp-json\/wp\/v2\/product"}],"about":[{"href":"https:\/\/ancestralroute.com\/fr\/wp-json\/wp\/v2\/types\/product"}],"wp:featuredmedia":[{"embeddable":true,"href":"https:\/\/ancestralroute.com\/fr\/wp-json\/wp\/v2\/media\/1607"}],"wp:attachment":[{"href":"https:\/\/ancestralroute.com\/fr\/wp-json\/wp\/v2\/media?parent=3896"}],"wp:term":[{"taxonomy":"product_brand","embeddable":true,"href":"https:\/\/ancestralroute.com\/fr\/wp-json\/wp\/v2\/product_brand?post=3896"},{"taxonomy":"product_cat","embeddable":true,"href":"https:\/\/ancestralroute.com\/fr\/wp-json\/wp\/v2\/product_cat?post=3896"},{"taxonomy":"product_tag","embeddable":true,"href":"https:\/\/ancestralroute.com\/fr\/wp-json\/wp\/v2\/product_tag?post=3896"}],"curies":[{"name":"wp","href":"https:\/\/api.w.org\/{rel}","templated":true}]}}