{"id":3898,"date":"2025-08-27T12:10:20","date_gmt":"2025-08-27T12:10:20","guid":{"rendered":"https:\/\/ancestralroute.com\/producto\/construction-de-maisons-tradition-et-modernite-pour-votre-foyer\/"},"modified":"2025-08-27T12:10:20","modified_gmt":"2025-08-27T12:10:20","slug":"construction-de-maisons-tradition-et-modernite-pour-votre-foyer","status":"publish","type":"product","link":"https:\/\/ancestralroute.com\/fr\/producto\/construction-de-maisons-tradition-et-modernite-pour-votre-foyer\/","title":{"rendered":"Construction de maisons \u2013 Tradition et modernit\u00e9 pour votre foyer"},"content":{"rendered":"<p>Dans Ancestral Route, nous concevons et construisons des maisons uniques qui allient la solidit\u00e9 de la tradition \u00e0 l&rsquo;innovation de l&rsquo;architecture contemporaine. Nous utilisons des mat\u00e9riaux de qualit\u00e9, des solutions durables et une approche artisanale qui garantit des maisons avec une \u00e2me, confortables et durables. Chaque maison devient un espace con\u00e7u pour vivre en harmonie et avec personnalit\u00e9, inspir\u00e9 par la richesse culturelle de l&rsquo;Orient et de l&rsquo;Europe.  <\/p>\n","protected":false},"excerpt":{"rendered":"<p>Construction de logements personnalis\u00e9s avec des mat\u00e9riaux de qualit\u00e9, un design durable et une touche inspir\u00e9e des traditions orientales et europ\u00e9ennes.<\/p>\n","protected":false},"featured_media":1606,"template":"","meta":{"_acf_changed":false},"product_brand":[],"product_cat":[210],"product_tag":[],"class_list":{"0":"post-3898","1":"product","2":"type-product","3":"status-publish","4":"has-post-thumbnail","6":"product_cat-construction-de-maisons","8":"first","9":"outofstock","10":"taxable","11":"shipping-taxable","12":"product-type-simple"},"acf":[],"yoast_head":"<!-- This site is optimized with the Yoast SEO plugin v26.7 - https:\/\/yoast.com\/wordpress\/plugins\/seo\/ -->\n<title>Construction de maisons \u2013 Tradition et modernit\u00e9 pour votre foyer - Ancestral route<\/title>\n<meta name=\"robots\" content=\"index, follow, max-snippet:-1, max-image-preview:large, max-video-preview:-1\" \/>\n<link rel=\"canonical\" href=\"https:\/\/ancestralroute.com\/fr\/producto\/construction-de-maisons-tradition-et-modernite-pour-votre-foyer\/\" \/>\n<meta property=\"og:locale\" content=\"fr_FR\" \/>\n<meta property=\"og:type\" content=\"article\" \/>\n<meta property=\"og:title\" content=\"Construction de maisons \u2013 Tradition et modernit\u00e9 pour votre foyer - Ancestral route\" \/>\n<meta property=\"og:description\" content=\"Construction de logements personnalis\u00e9s avec des mat\u00e9riaux de qualit\u00e9, un design durable et une touche inspir\u00e9e des traditions orientales et europ\u00e9ennes.\" \/>\n<meta property=\"og:url\" content=\"https:\/\/ancestralroute.com\/fr\/producto\/construction-de-maisons-tradition-et-modernite-pour-votre-foyer\/\" \/>\n<meta property=\"og:site_name\" content=\"Ancestral route\" \/>\n<meta property=\"og:image\" content=\"https:\/\/ancestralroute.com\/wp-content\/uploads\/2025\/07\/construccion_de_casas.jpg\" \/>\n\t<meta property=\"og:image:width\" content=\"600\" \/>\n\t<meta property=\"og:image:height\" content=\"600\" \/>\n\t<meta property=\"og:image:type\" content=\"image\/jpeg\" \/>\n<meta name=\"twitter:card\" content=\"summary_large_image\" \/>\n<script type=\"application\/ld+json\" class=\"yoast-schema-graph\">{\"@context\":\"https:\/\/schema.org\",\"@graph\":[{\"@type\":\"WebPage\",\"@id\":\"https:\/\/ancestralroute.com\/fr\/producto\/construction-de-maisons-tradition-et-modernite-pour-votre-foyer\/\",\"url\":\"https:\/\/ancestralroute.com\/fr\/producto\/construction-de-maisons-tradition-et-modernite-pour-votre-foyer\/\",\"name\":\"Construction de maisons \u2013 Tradition et modernit\u00e9 pour votre foyer - Ancestral route\",\"isPartOf\":{\"@id\":\"https:\/\/ancestralroute.com\/fr\/#website\"},\"primaryImageOfPage\":{\"@id\":\"https:\/\/ancestralroute.com\/fr\/producto\/construction-de-maisons-tradition-et-modernite-pour-votre-foyer\/#primaryimage\"},\"image\":{\"@id\":\"https:\/\/ancestralroute.com\/fr\/producto\/construction-de-maisons-tradition-et-modernite-pour-votre-foyer\/#primaryimage\"},\"thumbnailUrl\":\"https:\/\/ancestralroute.com\/wp-content\/uploads\/2025\/07\/construccion_de_casas.jpg\",\"datePublished\":\"2025-08-27T12:10:20+00:00\",\"breadcrumb\":{\"@id\":\"https:\/\/ancestralroute.com\/fr\/producto\/construction-de-maisons-tradition-et-modernite-pour-votre-foyer\/#breadcrumb\"},\"inLanguage\":\"fr-FR\",\"potentialAction\":[{\"@type\":\"ReadAction\",\"target\":[\"https:\/\/ancestralroute.com\/fr\/producto\/construction-de-maisons-tradition-et-modernite-pour-votre-foyer\/\"]}]},{\"@type\":\"ImageObject\",\"inLanguage\":\"fr-FR\",\"@id\":\"https:\/\/ancestralroute.com\/fr\/producto\/construction-de-maisons-tradition-et-modernite-pour-votre-foyer\/#primaryimage\",\"url\":\"https:\/\/ancestralroute.com\/wp-content\/uploads\/2025\/07\/construccion_de_casas.jpg\",\"contentUrl\":\"https:\/\/ancestralroute.com\/wp-content\/uploads\/2025\/07\/construccion_de_casas.jpg\",\"width\":600,\"height\":600},{\"@type\":\"BreadcrumbList\",\"@id\":\"https:\/\/ancestralroute.com\/fr\/producto\/construction-de-maisons-tradition-et-modernite-pour-votre-foyer\/#breadcrumb\",\"itemListElement\":[{\"@type\":\"ListItem\",\"position\":1,\"name\":\"Accueil\",\"item\":\"https:\/\/ancestralroute.com\/fr\/\"},{\"@type\":\"ListItem\",\"position\":2,\"name\":\"Boutique\",\"item\":\"https:\/\/ancestralroute.com\/fr\/boutique\/\"},{\"@type\":\"ListItem\",\"position\":3,\"name\":\"Construction de maisons \u2013 Tradition et modernit\u00e9 pour votre foyer\"}]},{\"@type\":\"WebSite\",\"@id\":\"https:\/\/ancestralroute.com\/fr\/#website\",\"url\":\"https:\/\/ancestralroute.com\/fr\/\",\"name\":\"Ancestral route\",\"description\":\"\",\"potentialAction\":[{\"@type\":\"SearchAction\",\"target\":{\"@type\":\"EntryPoint\",\"urlTemplate\":\"https:\/\/ancestralroute.com\/fr\/?s={search_term_string}\"},\"query-input\":{\"@type\":\"PropertyValueSpecification\",\"valueRequired\":true,\"valueName\":\"search_term_string\"}}],\"inLanguage\":\"fr-FR\"}]}<\/script>\n<!-- \/ Yoast SEO plugin. -->","yoast_head_json":{"title":"Construction de maisons \u2013 Tradition et modernit\u00e9 pour votre foyer - Ancestral route","robots":{"index":"index","follow":"follow","max-snippet":"max-snippet:-1","max-image-preview":"max-image-preview:large","max-video-preview":"max-video-preview:-1"},"canonical":"https:\/\/ancestralroute.com\/fr\/producto\/construction-de-maisons-tradition-et-modernite-pour-votre-foyer\/","og_locale":"fr_FR","og_type":"article","og_title":"Construction de maisons \u2013 Tradition et modernit\u00e9 pour votre foyer - Ancestral route","og_description":"Construction de logements personnalis\u00e9s avec des mat\u00e9riaux de qualit\u00e9, un design durable et une touche inspir\u00e9e des traditions orientales et europ\u00e9ennes.","og_url":"https:\/\/ancestralroute.com\/fr\/producto\/construction-de-maisons-tradition-et-modernite-pour-votre-foyer\/","og_site_name":"Ancestral route","og_image":[{"width":600,"height":600,"url":"https:\/\/ancestralroute.com\/wp-content\/uploads\/2025\/07\/construccion_de_casas.jpg","type":"image\/jpeg"}],"twitter_card":"summary_large_image","schema":{"@context":"https:\/\/schema.org","@graph":[{"@type":"WebPage","@id":"https:\/\/ancestralroute.com\/fr\/producto\/construction-de-maisons-tradition-et-modernite-pour-votre-foyer\/","url":"https:\/\/ancestralroute.com\/fr\/producto\/construction-de-maisons-tradition-et-modernite-pour-votre-foyer\/","name":"Construction de maisons \u2013 Tradition et modernit\u00e9 pour votre foyer - Ancestral route","isPartOf":{"@id":"https:\/\/ancestralroute.com\/fr\/#website"},"primaryImageOfPage":{"@id":"https:\/\/ancestralroute.com\/fr\/producto\/construction-de-maisons-tradition-et-modernite-pour-votre-foyer\/#primaryimage"},"image":{"@id":"https:\/\/ancestralroute.com\/fr\/producto\/construction-de-maisons-tradition-et-modernite-pour-votre-foyer\/#primaryimage"},"thumbnailUrl":"https:\/\/ancestralroute.com\/wp-content\/uploads\/2025\/07\/construccion_de_casas.jpg","datePublished":"2025-08-27T12:10:20+00:00","breadcrumb":{"@id":"https:\/\/ancestralroute.com\/fr\/producto\/construction-de-maisons-tradition-et-modernite-pour-votre-foyer\/#breadcrumb"},"inLanguage":"fr-FR","potentialAction":[{"@type":"ReadAction","target":["https:\/\/ancestralroute.com\/fr\/producto\/construction-de-maisons-tradition-et-modernite-pour-votre-foyer\/"]}]},{"@type":"ImageObject","inLanguage":"fr-FR","@id":"https:\/\/ancestralroute.com\/fr\/producto\/construction-de-maisons-tradition-et-modernite-pour-votre-foyer\/#primaryimage","url":"https:\/\/ancestralroute.com\/wp-content\/uploads\/2025\/07\/construccion_de_casas.jpg","contentUrl":"https:\/\/ancestralroute.com\/wp-content\/uploads\/2025\/07\/construccion_de_casas.jpg","width":600,"height":600},{"@type":"BreadcrumbList","@id":"https:\/\/ancestralroute.com\/fr\/producto\/construction-de-maisons-tradition-et-modernite-pour-votre-foyer\/#breadcrumb","itemListElement":[{"@type":"ListItem","position":1,"name":"Accueil","item":"https:\/\/ancestralroute.com\/fr\/"},{"@type":"ListItem","position":2,"name":"Boutique","item":"https:\/\/ancestralroute.com\/fr\/boutique\/"},{"@type":"ListItem","position":3,"name":"Construction de maisons \u2013 Tradition et modernit\u00e9 pour votre foyer"}]},{"@type":"WebSite","@id":"https:\/\/ancestralroute.com\/fr\/#website","url":"https:\/\/ancestralroute.com\/fr\/","name":"Ancestral route","description":"","potentialAction":[{"@type":"SearchAction","target":{"@type":"EntryPoint","urlTemplate":"https:\/\/ancestralroute.com\/fr\/?s={search_term_string}"},"query-input":{"@type":"PropertyValueSpecification","valueRequired":true,"valueName":"search_term_string"}}],"inLanguage":"fr-FR"}]}},"_links":{"self":[{"href":"https:\/\/ancestralroute.com\/fr\/wp-json\/wp\/v2\/product\/3898","targetHints":{"allow":["GET"]}}],"collection":[{"href":"https:\/\/ancestralroute.com\/fr\/wp-json\/wp\/v2\/product"}],"about":[{"href":"https:\/\/ancestralroute.com\/fr\/wp-json\/wp\/v2\/types\/product"}],"wp:featuredmedia":[{"embeddable":true,"href":"https:\/\/ancestralroute.com\/fr\/wp-json\/wp\/v2\/media\/1606"}],"wp:attachment":[{"href":"https:\/\/ancestralroute.com\/fr\/wp-json\/wp\/v2\/media?parent=3898"}],"wp:term":[{"taxonomy":"product_brand","embeddable":true,"href":"https:\/\/ancestralroute.com\/fr\/wp-json\/wp\/v2\/product_brand?post=3898"},{"taxonomy":"product_cat","embeddable":true,"href":"https:\/\/ancestralroute.com\/fr\/wp-json\/wp\/v2\/product_cat?post=3898"},{"taxonomy":"product_tag","embeddable":true,"href":"https:\/\/ancestralroute.com\/fr\/wp-json\/wp\/v2\/product_tag?post=3898"}],"curies":[{"name":"wp","href":"https:\/\/api.w.org\/{rel}","templated":true}]}}