{"id":3901,"date":"2025-08-27T12:07:56","date_gmt":"2025-08-27T12:07:56","guid":{"rendered":"https:\/\/ancestralroute.com\/producto\/projets-de-rehabilitation-preserver-lessence-donner-une-nouvelle-vie\/"},"modified":"2025-08-27T12:07:56","modified_gmt":"2025-08-27T12:07:56","slug":"projets-de-rehabilitation-preserver-lessence-donner-une-nouvelle-vie","status":"publish","type":"product","link":"https:\/\/ancestralroute.com\/fr\/producto\/projets-de-rehabilitation-preserver-lessence-donner-une-nouvelle-vie\/","title":{"rendered":"Projets de r\u00e9habilitation \u2013 Pr\u00e9server l&rsquo;essence, donner une nouvelle vie"},"content":{"rendered":"<p>Nous r\u00e9cup\u00e9rons les traces du pass\u00e9 afin qu&rsquo;elles restent vivantes dans le pr\u00e9sent et dans l&rsquo;avenir. Chez Ancestral Route, nous sommes sp\u00e9cialis\u00e9s dans la r\u00e9habilitation d&rsquo;espaces et d&rsquo;\u00e9l\u00e9ments architecturaux li\u00e9s \u00e0 l&rsquo;histoire et \u00e0 l&rsquo;art de l&rsquo;Orient et de l&rsquo;Europe. Nous respectons l&rsquo;authenticit\u00e9 de chaque \u00e9l\u00e9ment, en int\u00e9grant des techniques traditionnelles \u00e0 des solutions modernes afin de garantir la durabilit\u00e9 et l&rsquo;esth\u00e9tique. Chaque projet est un voyage dans le temps qui redonne beaut\u00e9 et fonctionnalit\u00e9 \u00e0 ce qui semblait perdu.   <\/p>\n","protected":false},"excerpt":{"rendered":"<p>R\u00e9habilitation d&rsquo;espaces et d&rsquo;\u00e9l\u00e9ments architecturaux dans le respect de l&rsquo;histoire et avec des solutions modernes de haute qualit\u00e9.<\/p>\n","protected":false},"featured_media":1605,"template":"","meta":{"_acf_changed":false},"product_brand":[],"product_cat":[214],"product_tag":[],"class_list":{"0":"post-3901","1":"product","2":"type-product","3":"status-publish","4":"has-post-thumbnail","6":"product_cat-projets-de-rehabilitation","8":"first","9":"outofstock","10":"taxable","11":"shipping-taxable","12":"product-type-simple"},"acf":[],"yoast_head":"<!-- This site is optimized with the Yoast SEO plugin v26.7 - https:\/\/yoast.com\/wordpress\/plugins\/seo\/ -->\n<title>Projets de r\u00e9habilitation \u2013 Pr\u00e9server l&#039;essence, donner une nouvelle vie - Ancestral route<\/title>\n<meta name=\"robots\" content=\"index, follow, max-snippet:-1, max-image-preview:large, max-video-preview:-1\" \/>\n<link rel=\"canonical\" href=\"https:\/\/ancestralroute.com\/fr\/producto\/projets-de-rehabilitation-preserver-lessence-donner-une-nouvelle-vie\/\" \/>\n<meta property=\"og:locale\" content=\"fr_FR\" \/>\n<meta property=\"og:type\" content=\"article\" \/>\n<meta property=\"og:title\" content=\"Projets de r\u00e9habilitation \u2013 Pr\u00e9server l&#039;essence, donner une nouvelle vie - Ancestral route\" \/>\n<meta property=\"og:description\" content=\"R\u00e9habilitation d&#039;espaces et d&#039;\u00e9l\u00e9ments architecturaux dans le respect de l&#039;histoire et avec des solutions modernes de haute qualit\u00e9.\" \/>\n<meta property=\"og:url\" content=\"https:\/\/ancestralroute.com\/fr\/producto\/projets-de-rehabilitation-preserver-lessence-donner-une-nouvelle-vie\/\" \/>\n<meta property=\"og:site_name\" content=\"Ancestral route\" \/>\n<meta property=\"og:image\" content=\"https:\/\/ancestralroute.com\/wp-content\/uploads\/2025\/07\/Rehabilitacion.jpg\" \/>\n\t<meta property=\"og:image:width\" content=\"600\" \/>\n\t<meta property=\"og:image:height\" content=\"600\" \/>\n\t<meta property=\"og:image:type\" content=\"image\/jpeg\" \/>\n<meta name=\"twitter:card\" content=\"summary_large_image\" \/>\n<script type=\"application\/ld+json\" class=\"yoast-schema-graph\">{\"@context\":\"https:\/\/schema.org\",\"@graph\":[{\"@type\":\"WebPage\",\"@id\":\"https:\/\/ancestralroute.com\/fr\/producto\/projets-de-rehabilitation-preserver-lessence-donner-une-nouvelle-vie\/\",\"url\":\"https:\/\/ancestralroute.com\/fr\/producto\/projets-de-rehabilitation-preserver-lessence-donner-une-nouvelle-vie\/\",\"name\":\"Projets de r\u00e9habilitation \u2013 Pr\u00e9server l'essence, donner une nouvelle vie - Ancestral route\",\"isPartOf\":{\"@id\":\"https:\/\/ancestralroute.com\/fr\/#website\"},\"primaryImageOfPage\":{\"@id\":\"https:\/\/ancestralroute.com\/fr\/producto\/projets-de-rehabilitation-preserver-lessence-donner-une-nouvelle-vie\/#primaryimage\"},\"image\":{\"@id\":\"https:\/\/ancestralroute.com\/fr\/producto\/projets-de-rehabilitation-preserver-lessence-donner-une-nouvelle-vie\/#primaryimage\"},\"thumbnailUrl\":\"https:\/\/ancestralroute.com\/wp-content\/uploads\/2025\/07\/Rehabilitacion.jpg\",\"datePublished\":\"2025-08-27T12:07:56+00:00\",\"breadcrumb\":{\"@id\":\"https:\/\/ancestralroute.com\/fr\/producto\/projets-de-rehabilitation-preserver-lessence-donner-une-nouvelle-vie\/#breadcrumb\"},\"inLanguage\":\"fr-FR\",\"potentialAction\":[{\"@type\":\"ReadAction\",\"target\":[\"https:\/\/ancestralroute.com\/fr\/producto\/projets-de-rehabilitation-preserver-lessence-donner-une-nouvelle-vie\/\"]}]},{\"@type\":\"ImageObject\",\"inLanguage\":\"fr-FR\",\"@id\":\"https:\/\/ancestralroute.com\/fr\/producto\/projets-de-rehabilitation-preserver-lessence-donner-une-nouvelle-vie\/#primaryimage\",\"url\":\"https:\/\/ancestralroute.com\/wp-content\/uploads\/2025\/07\/Rehabilitacion.jpg\",\"contentUrl\":\"https:\/\/ancestralroute.com\/wp-content\/uploads\/2025\/07\/Rehabilitacion.jpg\",\"width\":600,\"height\":600},{\"@type\":\"BreadcrumbList\",\"@id\":\"https:\/\/ancestralroute.com\/fr\/producto\/projets-de-rehabilitation-preserver-lessence-donner-une-nouvelle-vie\/#breadcrumb\",\"itemListElement\":[{\"@type\":\"ListItem\",\"position\":1,\"name\":\"Accueil\",\"item\":\"https:\/\/ancestralroute.com\/fr\/\"},{\"@type\":\"ListItem\",\"position\":2,\"name\":\"Boutique\",\"item\":\"https:\/\/ancestralroute.com\/fr\/boutique\/\"},{\"@type\":\"ListItem\",\"position\":3,\"name\":\"Projets de r\u00e9habilitation \u2013 Pr\u00e9server l&rsquo;essence, donner une nouvelle vie\"}]},{\"@type\":\"WebSite\",\"@id\":\"https:\/\/ancestralroute.com\/fr\/#website\",\"url\":\"https:\/\/ancestralroute.com\/fr\/\",\"name\":\"Ancestral route\",\"description\":\"\",\"potentialAction\":[{\"@type\":\"SearchAction\",\"target\":{\"@type\":\"EntryPoint\",\"urlTemplate\":\"https:\/\/ancestralroute.com\/fr\/?s={search_term_string}\"},\"query-input\":{\"@type\":\"PropertyValueSpecification\",\"valueRequired\":true,\"valueName\":\"search_term_string\"}}],\"inLanguage\":\"fr-FR\"}]}<\/script>\n<!-- \/ Yoast SEO plugin. -->","yoast_head_json":{"title":"Projets de r\u00e9habilitation \u2013 Pr\u00e9server l'essence, donner une nouvelle vie - Ancestral route","robots":{"index":"index","follow":"follow","max-snippet":"max-snippet:-1","max-image-preview":"max-image-preview:large","max-video-preview":"max-video-preview:-1"},"canonical":"https:\/\/ancestralroute.com\/fr\/producto\/projets-de-rehabilitation-preserver-lessence-donner-une-nouvelle-vie\/","og_locale":"fr_FR","og_type":"article","og_title":"Projets de r\u00e9habilitation \u2013 Pr\u00e9server l'essence, donner une nouvelle vie - Ancestral route","og_description":"R\u00e9habilitation d'espaces et d'\u00e9l\u00e9ments architecturaux dans le respect de l'histoire et avec des solutions modernes de haute qualit\u00e9.","og_url":"https:\/\/ancestralroute.com\/fr\/producto\/projets-de-rehabilitation-preserver-lessence-donner-une-nouvelle-vie\/","og_site_name":"Ancestral route","og_image":[{"width":600,"height":600,"url":"https:\/\/ancestralroute.com\/wp-content\/uploads\/2025\/07\/Rehabilitacion.jpg","type":"image\/jpeg"}],"twitter_card":"summary_large_image","schema":{"@context":"https:\/\/schema.org","@graph":[{"@type":"WebPage","@id":"https:\/\/ancestralroute.com\/fr\/producto\/projets-de-rehabilitation-preserver-lessence-donner-une-nouvelle-vie\/","url":"https:\/\/ancestralroute.com\/fr\/producto\/projets-de-rehabilitation-preserver-lessence-donner-une-nouvelle-vie\/","name":"Projets de r\u00e9habilitation \u2013 Pr\u00e9server l'essence, donner une nouvelle vie - Ancestral route","isPartOf":{"@id":"https:\/\/ancestralroute.com\/fr\/#website"},"primaryImageOfPage":{"@id":"https:\/\/ancestralroute.com\/fr\/producto\/projets-de-rehabilitation-preserver-lessence-donner-une-nouvelle-vie\/#primaryimage"},"image":{"@id":"https:\/\/ancestralroute.com\/fr\/producto\/projets-de-rehabilitation-preserver-lessence-donner-une-nouvelle-vie\/#primaryimage"},"thumbnailUrl":"https:\/\/ancestralroute.com\/wp-content\/uploads\/2025\/07\/Rehabilitacion.jpg","datePublished":"2025-08-27T12:07:56+00:00","breadcrumb":{"@id":"https:\/\/ancestralroute.com\/fr\/producto\/projets-de-rehabilitation-preserver-lessence-donner-une-nouvelle-vie\/#breadcrumb"},"inLanguage":"fr-FR","potentialAction":[{"@type":"ReadAction","target":["https:\/\/ancestralroute.com\/fr\/producto\/projets-de-rehabilitation-preserver-lessence-donner-une-nouvelle-vie\/"]}]},{"@type":"ImageObject","inLanguage":"fr-FR","@id":"https:\/\/ancestralroute.com\/fr\/producto\/projets-de-rehabilitation-preserver-lessence-donner-une-nouvelle-vie\/#primaryimage","url":"https:\/\/ancestralroute.com\/wp-content\/uploads\/2025\/07\/Rehabilitacion.jpg","contentUrl":"https:\/\/ancestralroute.com\/wp-content\/uploads\/2025\/07\/Rehabilitacion.jpg","width":600,"height":600},{"@type":"BreadcrumbList","@id":"https:\/\/ancestralroute.com\/fr\/producto\/projets-de-rehabilitation-preserver-lessence-donner-une-nouvelle-vie\/#breadcrumb","itemListElement":[{"@type":"ListItem","position":1,"name":"Accueil","item":"https:\/\/ancestralroute.com\/fr\/"},{"@type":"ListItem","position":2,"name":"Boutique","item":"https:\/\/ancestralroute.com\/fr\/boutique\/"},{"@type":"ListItem","position":3,"name":"Projets de r\u00e9habilitation \u2013 Pr\u00e9server l&rsquo;essence, donner une nouvelle vie"}]},{"@type":"WebSite","@id":"https:\/\/ancestralroute.com\/fr\/#website","url":"https:\/\/ancestralroute.com\/fr\/","name":"Ancestral route","description":"","potentialAction":[{"@type":"SearchAction","target":{"@type":"EntryPoint","urlTemplate":"https:\/\/ancestralroute.com\/fr\/?s={search_term_string}"},"query-input":{"@type":"PropertyValueSpecification","valueRequired":true,"valueName":"search_term_string"}}],"inLanguage":"fr-FR"}]}},"_links":{"self":[{"href":"https:\/\/ancestralroute.com\/fr\/wp-json\/wp\/v2\/product\/3901","targetHints":{"allow":["GET"]}}],"collection":[{"href":"https:\/\/ancestralroute.com\/fr\/wp-json\/wp\/v2\/product"}],"about":[{"href":"https:\/\/ancestralroute.com\/fr\/wp-json\/wp\/v2\/types\/product"}],"wp:featuredmedia":[{"embeddable":true,"href":"https:\/\/ancestralroute.com\/fr\/wp-json\/wp\/v2\/media\/1605"}],"wp:attachment":[{"href":"https:\/\/ancestralroute.com\/fr\/wp-json\/wp\/v2\/media?parent=3901"}],"wp:term":[{"taxonomy":"product_brand","embeddable":true,"href":"https:\/\/ancestralroute.com\/fr\/wp-json\/wp\/v2\/product_brand?post=3901"},{"taxonomy":"product_cat","embeddable":true,"href":"https:\/\/ancestralroute.com\/fr\/wp-json\/wp\/v2\/product_cat?post=3901"},{"taxonomy":"product_tag","embeddable":true,"href":"https:\/\/ancestralroute.com\/fr\/wp-json\/wp\/v2\/product_tag?post=3901"}],"curies":[{"name":"wp","href":"https:\/\/api.w.org\/{rel}","templated":true}]}}