{"id":3911,"date":"2025-08-27T11:51:28","date_gmt":"2025-08-27T11:51:28","guid":{"rendered":"https:\/\/ancestralroute.com\/producto\/tatami-japonais-traditionnel-90-x-180-cm-lessence-meme-de-la-maison-orientale\/"},"modified":"2025-08-27T11:51:28","modified_gmt":"2025-08-27T11:51:28","slug":"tatami-japonais-traditionnel-90-x-180-cm-lessence-meme-de-la-maison-orientale","status":"publish","type":"product","link":"https:\/\/ancestralroute.com\/fr\/producto\/tatami-japonais-traditionnel-90-x-180-cm-lessence-meme-de-la-maison-orientale\/","title":{"rendered":"Tatami japonais traditionnel 90 x 180 cm \u2013 L&rsquo;essence m\u00eame de la maison orientale"},"content":{"rendered":"<p>Le tatami est bien plus qu&rsquo;un simple rev\u00eatement de sol : c&rsquo;est un symbole de calme, de puret\u00e9 et d&rsquo;\u00e9quilibre. Fabriqu\u00e9s \u00e0 partir de fibres naturelles, ces tatamis apportent de la fra\u00eecheur en \u00e9t\u00e9 et de la chaleur en hiver, cr\u00e9ant ainsi une ambiance intime et accueillante. Leur design sobre et harmonieux s&rsquo;inscrit dans la tradition mill\u00e9naire des foyers japonais, invitant \u00e0 la s\u00e9r\u00e9nit\u00e9 et au repos.  <\/p>\n","protected":false},"excerpt":{"rendered":"<p>Transformez votre espace en un havre de paix et d&rsquo;\u00e9quilibre avec l&rsquo;essence du Japon traditionnel. Tatami japonais fabriqu\u00e9 \u00e0 partir de fibres naturelles. Id\u00e9al pour apporter une touche authentique, chaleureuse et \u00e9quilibr\u00e9e \u00e0 votre int\u00e9rieur. Pi\u00e8ces de 90 x 180 cm.   <\/p>\n","protected":false},"featured_media":1962,"template":"","meta":{"_acf_changed":false},"product_brand":[],"product_cat":[208],"product_tag":[],"class_list":{"0":"post-3911","1":"product","2":"type-product","3":"status-publish","4":"has-post-thumbnail","6":"product_cat-tatamis","8":"first","9":"outofstock","10":"taxable","11":"shipping-taxable","12":"product-type-simple"},"acf":[],"yoast_head":"<!-- This site is optimized with the Yoast SEO plugin v26.7 - https:\/\/yoast.com\/wordpress\/plugins\/seo\/ -->\n<title>Tatami japonais traditionnel 90 x 180 cm \u2013 L&#039;essence m\u00eame de la maison orientale - Ancestral route<\/title>\n<meta name=\"robots\" content=\"index, follow, max-snippet:-1, max-image-preview:large, max-video-preview:-1\" \/>\n<link rel=\"canonical\" href=\"https:\/\/ancestralroute.com\/fr\/producto\/tatami-japonais-traditionnel-90-x-180-cm-lessence-meme-de-la-maison-orientale\/\" \/>\n<meta property=\"og:locale\" content=\"fr_FR\" \/>\n<meta property=\"og:type\" content=\"article\" \/>\n<meta property=\"og:title\" content=\"Tatami japonais traditionnel 90 x 180 cm \u2013 L&#039;essence m\u00eame de la maison orientale - Ancestral route\" \/>\n<meta property=\"og:description\" content=\"Transformez votre espace en un havre de paix et d&#039;\u00e9quilibre avec l&#039;essence du Japon traditionnel. Tatami japonais fabriqu\u00e9 \u00e0 partir de fibres naturelles. Id\u00e9al pour apporter une touche authentique, chaleureuse et \u00e9quilibr\u00e9e \u00e0 votre int\u00e9rieur. Pi\u00e8ces de 90 x 180 cm.\" \/>\n<meta property=\"og:url\" content=\"https:\/\/ancestralroute.com\/fr\/producto\/tatami-japonais-traditionnel-90-x-180-cm-lessence-meme-de-la-maison-orientale\/\" \/>\n<meta property=\"og:site_name\" content=\"Ancestral route\" \/>\n<meta property=\"og:image\" content=\"https:\/\/ancestralroute.com\/wp-content\/uploads\/2025\/07\/Tatamis.jpg\" \/>\n\t<meta property=\"og:image:width\" content=\"600\" \/>\n\t<meta property=\"og:image:height\" content=\"600\" \/>\n\t<meta property=\"og:image:type\" content=\"image\/jpeg\" \/>\n<meta name=\"twitter:card\" content=\"summary_large_image\" \/>\n<script type=\"application\/ld+json\" class=\"yoast-schema-graph\">{\"@context\":\"https:\/\/schema.org\",\"@graph\":[{\"@type\":\"WebPage\",\"@id\":\"https:\/\/ancestralroute.com\/fr\/producto\/tatami-japonais-traditionnel-90-x-180-cm-lessence-meme-de-la-maison-orientale\/\",\"url\":\"https:\/\/ancestralroute.com\/fr\/producto\/tatami-japonais-traditionnel-90-x-180-cm-lessence-meme-de-la-maison-orientale\/\",\"name\":\"Tatami japonais traditionnel 90 x 180 cm \u2013 L'essence m\u00eame de la maison orientale - Ancestral route\",\"isPartOf\":{\"@id\":\"https:\/\/ancestralroute.com\/fr\/#website\"},\"primaryImageOfPage\":{\"@id\":\"https:\/\/ancestralroute.com\/fr\/producto\/tatami-japonais-traditionnel-90-x-180-cm-lessence-meme-de-la-maison-orientale\/#primaryimage\"},\"image\":{\"@id\":\"https:\/\/ancestralroute.com\/fr\/producto\/tatami-japonais-traditionnel-90-x-180-cm-lessence-meme-de-la-maison-orientale\/#primaryimage\"},\"thumbnailUrl\":\"https:\/\/ancestralroute.com\/wp-content\/uploads\/2025\/07\/Tatamis.jpg\",\"datePublished\":\"2025-08-27T11:51:28+00:00\",\"breadcrumb\":{\"@id\":\"https:\/\/ancestralroute.com\/fr\/producto\/tatami-japonais-traditionnel-90-x-180-cm-lessence-meme-de-la-maison-orientale\/#breadcrumb\"},\"inLanguage\":\"fr-FR\",\"potentialAction\":[{\"@type\":\"ReadAction\",\"target\":[\"https:\/\/ancestralroute.com\/fr\/producto\/tatami-japonais-traditionnel-90-x-180-cm-lessence-meme-de-la-maison-orientale\/\"]}]},{\"@type\":\"ImageObject\",\"inLanguage\":\"fr-FR\",\"@id\":\"https:\/\/ancestralroute.com\/fr\/producto\/tatami-japonais-traditionnel-90-x-180-cm-lessence-meme-de-la-maison-orientale\/#primaryimage\",\"url\":\"https:\/\/ancestralroute.com\/wp-content\/uploads\/2025\/07\/Tatamis.jpg\",\"contentUrl\":\"https:\/\/ancestralroute.com\/wp-content\/uploads\/2025\/07\/Tatamis.jpg\",\"width\":600,\"height\":600},{\"@type\":\"BreadcrumbList\",\"@id\":\"https:\/\/ancestralroute.com\/fr\/producto\/tatami-japonais-traditionnel-90-x-180-cm-lessence-meme-de-la-maison-orientale\/#breadcrumb\",\"itemListElement\":[{\"@type\":\"ListItem\",\"position\":1,\"name\":\"Accueil\",\"item\":\"https:\/\/ancestralroute.com\/fr\/\"},{\"@type\":\"ListItem\",\"position\":2,\"name\":\"Boutique\",\"item\":\"https:\/\/ancestralroute.com\/fr\/boutique\/\"},{\"@type\":\"ListItem\",\"position\":3,\"name\":\"Tatami japonais traditionnel 90 x 180 cm \u2013 L&rsquo;essence m\u00eame de la maison orientale\"}]},{\"@type\":\"WebSite\",\"@id\":\"https:\/\/ancestralroute.com\/fr\/#website\",\"url\":\"https:\/\/ancestralroute.com\/fr\/\",\"name\":\"Ancestral route\",\"description\":\"\",\"potentialAction\":[{\"@type\":\"SearchAction\",\"target\":{\"@type\":\"EntryPoint\",\"urlTemplate\":\"https:\/\/ancestralroute.com\/fr\/?s={search_term_string}\"},\"query-input\":{\"@type\":\"PropertyValueSpecification\",\"valueRequired\":true,\"valueName\":\"search_term_string\"}}],\"inLanguage\":\"fr-FR\"}]}<\/script>\n<!-- \/ Yoast SEO plugin. -->","yoast_head_json":{"title":"Tatami japonais traditionnel 90 x 180 cm \u2013 L'essence m\u00eame de la maison orientale - Ancestral route","robots":{"index":"index","follow":"follow","max-snippet":"max-snippet:-1","max-image-preview":"max-image-preview:large","max-video-preview":"max-video-preview:-1"},"canonical":"https:\/\/ancestralroute.com\/fr\/producto\/tatami-japonais-traditionnel-90-x-180-cm-lessence-meme-de-la-maison-orientale\/","og_locale":"fr_FR","og_type":"article","og_title":"Tatami japonais traditionnel 90 x 180 cm \u2013 L'essence m\u00eame de la maison orientale - Ancestral route","og_description":"Transformez votre espace en un havre de paix et d'\u00e9quilibre avec l'essence du Japon traditionnel. Tatami japonais fabriqu\u00e9 \u00e0 partir de fibres naturelles. Id\u00e9al pour apporter une touche authentique, chaleureuse et \u00e9quilibr\u00e9e \u00e0 votre int\u00e9rieur. Pi\u00e8ces de 90 x 180 cm.","og_url":"https:\/\/ancestralroute.com\/fr\/producto\/tatami-japonais-traditionnel-90-x-180-cm-lessence-meme-de-la-maison-orientale\/","og_site_name":"Ancestral route","og_image":[{"width":600,"height":600,"url":"https:\/\/ancestralroute.com\/wp-content\/uploads\/2025\/07\/Tatamis.jpg","type":"image\/jpeg"}],"twitter_card":"summary_large_image","schema":{"@context":"https:\/\/schema.org","@graph":[{"@type":"WebPage","@id":"https:\/\/ancestralroute.com\/fr\/producto\/tatami-japonais-traditionnel-90-x-180-cm-lessence-meme-de-la-maison-orientale\/","url":"https:\/\/ancestralroute.com\/fr\/producto\/tatami-japonais-traditionnel-90-x-180-cm-lessence-meme-de-la-maison-orientale\/","name":"Tatami japonais traditionnel 90 x 180 cm \u2013 L'essence m\u00eame de la maison orientale - Ancestral route","isPartOf":{"@id":"https:\/\/ancestralroute.com\/fr\/#website"},"primaryImageOfPage":{"@id":"https:\/\/ancestralroute.com\/fr\/producto\/tatami-japonais-traditionnel-90-x-180-cm-lessence-meme-de-la-maison-orientale\/#primaryimage"},"image":{"@id":"https:\/\/ancestralroute.com\/fr\/producto\/tatami-japonais-traditionnel-90-x-180-cm-lessence-meme-de-la-maison-orientale\/#primaryimage"},"thumbnailUrl":"https:\/\/ancestralroute.com\/wp-content\/uploads\/2025\/07\/Tatamis.jpg","datePublished":"2025-08-27T11:51:28+00:00","breadcrumb":{"@id":"https:\/\/ancestralroute.com\/fr\/producto\/tatami-japonais-traditionnel-90-x-180-cm-lessence-meme-de-la-maison-orientale\/#breadcrumb"},"inLanguage":"fr-FR","potentialAction":[{"@type":"ReadAction","target":["https:\/\/ancestralroute.com\/fr\/producto\/tatami-japonais-traditionnel-90-x-180-cm-lessence-meme-de-la-maison-orientale\/"]}]},{"@type":"ImageObject","inLanguage":"fr-FR","@id":"https:\/\/ancestralroute.com\/fr\/producto\/tatami-japonais-traditionnel-90-x-180-cm-lessence-meme-de-la-maison-orientale\/#primaryimage","url":"https:\/\/ancestralroute.com\/wp-content\/uploads\/2025\/07\/Tatamis.jpg","contentUrl":"https:\/\/ancestralroute.com\/wp-content\/uploads\/2025\/07\/Tatamis.jpg","width":600,"height":600},{"@type":"BreadcrumbList","@id":"https:\/\/ancestralroute.com\/fr\/producto\/tatami-japonais-traditionnel-90-x-180-cm-lessence-meme-de-la-maison-orientale\/#breadcrumb","itemListElement":[{"@type":"ListItem","position":1,"name":"Accueil","item":"https:\/\/ancestralroute.com\/fr\/"},{"@type":"ListItem","position":2,"name":"Boutique","item":"https:\/\/ancestralroute.com\/fr\/boutique\/"},{"@type":"ListItem","position":3,"name":"Tatami japonais traditionnel 90 x 180 cm \u2013 L&rsquo;essence m\u00eame de la maison orientale"}]},{"@type":"WebSite","@id":"https:\/\/ancestralroute.com\/fr\/#website","url":"https:\/\/ancestralroute.com\/fr\/","name":"Ancestral route","description":"","potentialAction":[{"@type":"SearchAction","target":{"@type":"EntryPoint","urlTemplate":"https:\/\/ancestralroute.com\/fr\/?s={search_term_string}"},"query-input":{"@type":"PropertyValueSpecification","valueRequired":true,"valueName":"search_term_string"}}],"inLanguage":"fr-FR"}]}},"_links":{"self":[{"href":"https:\/\/ancestralroute.com\/fr\/wp-json\/wp\/v2\/product\/3911","targetHints":{"allow":["GET"]}}],"collection":[{"href":"https:\/\/ancestralroute.com\/fr\/wp-json\/wp\/v2\/product"}],"about":[{"href":"https:\/\/ancestralroute.com\/fr\/wp-json\/wp\/v2\/types\/product"}],"wp:featuredmedia":[{"embeddable":true,"href":"https:\/\/ancestralroute.com\/fr\/wp-json\/wp\/v2\/media\/1962"}],"wp:attachment":[{"href":"https:\/\/ancestralroute.com\/fr\/wp-json\/wp\/v2\/media?parent=3911"}],"wp:term":[{"taxonomy":"product_brand","embeddable":true,"href":"https:\/\/ancestralroute.com\/fr\/wp-json\/wp\/v2\/product_brand?post=3911"},{"taxonomy":"product_cat","embeddable":true,"href":"https:\/\/ancestralroute.com\/fr\/wp-json\/wp\/v2\/product_cat?post=3911"},{"taxonomy":"product_tag","embeddable":true,"href":"https:\/\/ancestralroute.com\/fr\/wp-json\/wp\/v2\/product_tag?post=3911"}],"curies":[{"name":"wp","href":"https:\/\/api.w.org\/{rel}","templated":true}]}}