{"id":3913,"date":"2025-08-27T11:48:06","date_gmt":"2025-08-27T11:48:06","guid":{"rendered":"https:\/\/ancestralroute.com\/producto\/poupees-decoratives-japonaises-kokeshi-collection-artisanale\/"},"modified":"2025-08-27T11:48:06","modified_gmt":"2025-08-27T11:48:06","slug":"poupees-decoratives-japonaises-kokeshi-collection-artisanale","status":"publish","type":"product","link":"https:\/\/ancestralroute.com\/fr\/producto\/poupees-decoratives-japonaises-kokeshi-collection-artisanale\/","title":{"rendered":"Poup\u00e9es d\u00e9coratives japonaises Kokeshi \u2013 Collection artisanale"},"content":{"rendered":"<p>Ces figurines en bois peintes \u00e0 la main repr\u00e9sentent le style traditionnel japonais des poup\u00e9es Kokeshi, symboles de simplicit\u00e9, d&rsquo;amiti\u00e9 et de bons v\u0153ux. Avec leurs d\u00e9tails color\u00e9s et leurs n\u0153uds en corde, chaque pi\u00e8ce est unique et conserve le charme de l&rsquo;artisanat oriental. <\/p>\n<p>Id\u00e9aux comme objets d\u00e9coratifs, ils apportent une touche chaleureuse, exotique et culturelle \u00e0 n&rsquo;importe quel espace, que ce soit dans un salon, un bureau ou un coin sp\u00e9cial de la maison.<\/p>\n","protected":false},"excerpt":{"rendered":"<p>D\u00e9corez votre int\u00e9rieur avec la s\u00e9r\u00e9nit\u00e9 et la douceur de l&rsquo;art japonais. Figurine artisanale en bois peinte \u00e0 la main. Une pi\u00e8ce unique qui apporte tradition et charme oriental \u00e0 votre int\u00e9rieur.  <\/p>\n","protected":false},"featured_media":1960,"template":"","meta":{"_acf_changed":false},"product_brand":[],"product_cat":[207],"product_tag":[],"class_list":{"0":"post-3913","1":"product","2":"type-product","3":"status-publish","4":"has-post-thumbnail","6":"product_cat-objets-de-decoration","8":"first","9":"outofstock","10":"taxable","11":"shipping-taxable","12":"product-type-simple"},"acf":[],"yoast_head":"<!-- This site is optimized with the Yoast SEO plugin v26.7 - https:\/\/yoast.com\/wordpress\/plugins\/seo\/ -->\n<title>Poup\u00e9es d\u00e9coratives japonaises Kokeshi \u2013 Collection artisanale - Ancestral route<\/title>\n<meta name=\"robots\" content=\"index, follow, max-snippet:-1, max-image-preview:large, max-video-preview:-1\" \/>\n<link rel=\"canonical\" href=\"https:\/\/ancestralroute.com\/fr\/producto\/poupees-decoratives-japonaises-kokeshi-collection-artisanale\/\" \/>\n<meta property=\"og:locale\" content=\"fr_FR\" \/>\n<meta property=\"og:type\" content=\"article\" \/>\n<meta property=\"og:title\" content=\"Poup\u00e9es d\u00e9coratives japonaises Kokeshi \u2013 Collection artisanale - Ancestral route\" \/>\n<meta property=\"og:description\" content=\"D\u00e9corez votre int\u00e9rieur avec la s\u00e9r\u00e9nit\u00e9 et la douceur de l&#039;art japonais. Figurine artisanale en bois peinte \u00e0 la main. Une pi\u00e8ce unique qui apporte tradition et charme oriental \u00e0 votre int\u00e9rieur.\" \/>\n<meta property=\"og:url\" content=\"https:\/\/ancestralroute.com\/fr\/producto\/poupees-decoratives-japonaises-kokeshi-collection-artisanale\/\" \/>\n<meta property=\"og:site_name\" content=\"Ancestral route\" \/>\n<meta property=\"og:image\" content=\"https:\/\/ancestralroute.com\/wp-content\/uploads\/2025\/07\/objetos_decoracion.jpg\" \/>\n\t<meta property=\"og:image:width\" content=\"600\" \/>\n\t<meta property=\"og:image:height\" content=\"600\" \/>\n\t<meta property=\"og:image:type\" content=\"image\/jpeg\" \/>\n<meta name=\"twitter:card\" content=\"summary_large_image\" \/>\n<script type=\"application\/ld+json\" class=\"yoast-schema-graph\">{\"@context\":\"https:\/\/schema.org\",\"@graph\":[{\"@type\":\"WebPage\",\"@id\":\"https:\/\/ancestralroute.com\/fr\/producto\/poupees-decoratives-japonaises-kokeshi-collection-artisanale\/\",\"url\":\"https:\/\/ancestralroute.com\/fr\/producto\/poupees-decoratives-japonaises-kokeshi-collection-artisanale\/\",\"name\":\"Poup\u00e9es d\u00e9coratives japonaises Kokeshi \u2013 Collection artisanale - Ancestral route\",\"isPartOf\":{\"@id\":\"https:\/\/ancestralroute.com\/fr\/#website\"},\"primaryImageOfPage\":{\"@id\":\"https:\/\/ancestralroute.com\/fr\/producto\/poupees-decoratives-japonaises-kokeshi-collection-artisanale\/#primaryimage\"},\"image\":{\"@id\":\"https:\/\/ancestralroute.com\/fr\/producto\/poupees-decoratives-japonaises-kokeshi-collection-artisanale\/#primaryimage\"},\"thumbnailUrl\":\"https:\/\/ancestralroute.com\/wp-content\/uploads\/2025\/07\/objetos_decoracion.jpg\",\"datePublished\":\"2025-08-27T11:48:06+00:00\",\"breadcrumb\":{\"@id\":\"https:\/\/ancestralroute.com\/fr\/producto\/poupees-decoratives-japonaises-kokeshi-collection-artisanale\/#breadcrumb\"},\"inLanguage\":\"fr-FR\",\"potentialAction\":[{\"@type\":\"ReadAction\",\"target\":[\"https:\/\/ancestralroute.com\/fr\/producto\/poupees-decoratives-japonaises-kokeshi-collection-artisanale\/\"]}]},{\"@type\":\"ImageObject\",\"inLanguage\":\"fr-FR\",\"@id\":\"https:\/\/ancestralroute.com\/fr\/producto\/poupees-decoratives-japonaises-kokeshi-collection-artisanale\/#primaryimage\",\"url\":\"https:\/\/ancestralroute.com\/wp-content\/uploads\/2025\/07\/objetos_decoracion.jpg\",\"contentUrl\":\"https:\/\/ancestralroute.com\/wp-content\/uploads\/2025\/07\/objetos_decoracion.jpg\",\"width\":600,\"height\":600},{\"@type\":\"BreadcrumbList\",\"@id\":\"https:\/\/ancestralroute.com\/fr\/producto\/poupees-decoratives-japonaises-kokeshi-collection-artisanale\/#breadcrumb\",\"itemListElement\":[{\"@type\":\"ListItem\",\"position\":1,\"name\":\"Accueil\",\"item\":\"https:\/\/ancestralroute.com\/fr\/\"},{\"@type\":\"ListItem\",\"position\":2,\"name\":\"Boutique\",\"item\":\"https:\/\/ancestralroute.com\/fr\/boutique\/\"},{\"@type\":\"ListItem\",\"position\":3,\"name\":\"Poup\u00e9es d\u00e9coratives japonaises Kokeshi \u2013 Collection artisanale\"}]},{\"@type\":\"WebSite\",\"@id\":\"https:\/\/ancestralroute.com\/fr\/#website\",\"url\":\"https:\/\/ancestralroute.com\/fr\/\",\"name\":\"Ancestral route\",\"description\":\"\",\"potentialAction\":[{\"@type\":\"SearchAction\",\"target\":{\"@type\":\"EntryPoint\",\"urlTemplate\":\"https:\/\/ancestralroute.com\/fr\/?s={search_term_string}\"},\"query-input\":{\"@type\":\"PropertyValueSpecification\",\"valueRequired\":true,\"valueName\":\"search_term_string\"}}],\"inLanguage\":\"fr-FR\"}]}<\/script>\n<!-- \/ Yoast SEO plugin. -->","yoast_head_json":{"title":"Poup\u00e9es d\u00e9coratives japonaises Kokeshi \u2013 Collection artisanale - Ancestral route","robots":{"index":"index","follow":"follow","max-snippet":"max-snippet:-1","max-image-preview":"max-image-preview:large","max-video-preview":"max-video-preview:-1"},"canonical":"https:\/\/ancestralroute.com\/fr\/producto\/poupees-decoratives-japonaises-kokeshi-collection-artisanale\/","og_locale":"fr_FR","og_type":"article","og_title":"Poup\u00e9es d\u00e9coratives japonaises Kokeshi \u2013 Collection artisanale - Ancestral route","og_description":"D\u00e9corez votre int\u00e9rieur avec la s\u00e9r\u00e9nit\u00e9 et la douceur de l'art japonais. Figurine artisanale en bois peinte \u00e0 la main. Une pi\u00e8ce unique qui apporte tradition et charme oriental \u00e0 votre int\u00e9rieur.","og_url":"https:\/\/ancestralroute.com\/fr\/producto\/poupees-decoratives-japonaises-kokeshi-collection-artisanale\/","og_site_name":"Ancestral route","og_image":[{"width":600,"height":600,"url":"https:\/\/ancestralroute.com\/wp-content\/uploads\/2025\/07\/objetos_decoracion.jpg","type":"image\/jpeg"}],"twitter_card":"summary_large_image","schema":{"@context":"https:\/\/schema.org","@graph":[{"@type":"WebPage","@id":"https:\/\/ancestralroute.com\/fr\/producto\/poupees-decoratives-japonaises-kokeshi-collection-artisanale\/","url":"https:\/\/ancestralroute.com\/fr\/producto\/poupees-decoratives-japonaises-kokeshi-collection-artisanale\/","name":"Poup\u00e9es d\u00e9coratives japonaises Kokeshi \u2013 Collection artisanale - Ancestral route","isPartOf":{"@id":"https:\/\/ancestralroute.com\/fr\/#website"},"primaryImageOfPage":{"@id":"https:\/\/ancestralroute.com\/fr\/producto\/poupees-decoratives-japonaises-kokeshi-collection-artisanale\/#primaryimage"},"image":{"@id":"https:\/\/ancestralroute.com\/fr\/producto\/poupees-decoratives-japonaises-kokeshi-collection-artisanale\/#primaryimage"},"thumbnailUrl":"https:\/\/ancestralroute.com\/wp-content\/uploads\/2025\/07\/objetos_decoracion.jpg","datePublished":"2025-08-27T11:48:06+00:00","breadcrumb":{"@id":"https:\/\/ancestralroute.com\/fr\/producto\/poupees-decoratives-japonaises-kokeshi-collection-artisanale\/#breadcrumb"},"inLanguage":"fr-FR","potentialAction":[{"@type":"ReadAction","target":["https:\/\/ancestralroute.com\/fr\/producto\/poupees-decoratives-japonaises-kokeshi-collection-artisanale\/"]}]},{"@type":"ImageObject","inLanguage":"fr-FR","@id":"https:\/\/ancestralroute.com\/fr\/producto\/poupees-decoratives-japonaises-kokeshi-collection-artisanale\/#primaryimage","url":"https:\/\/ancestralroute.com\/wp-content\/uploads\/2025\/07\/objetos_decoracion.jpg","contentUrl":"https:\/\/ancestralroute.com\/wp-content\/uploads\/2025\/07\/objetos_decoracion.jpg","width":600,"height":600},{"@type":"BreadcrumbList","@id":"https:\/\/ancestralroute.com\/fr\/producto\/poupees-decoratives-japonaises-kokeshi-collection-artisanale\/#breadcrumb","itemListElement":[{"@type":"ListItem","position":1,"name":"Accueil","item":"https:\/\/ancestralroute.com\/fr\/"},{"@type":"ListItem","position":2,"name":"Boutique","item":"https:\/\/ancestralroute.com\/fr\/boutique\/"},{"@type":"ListItem","position":3,"name":"Poup\u00e9es d\u00e9coratives japonaises Kokeshi \u2013 Collection artisanale"}]},{"@type":"WebSite","@id":"https:\/\/ancestralroute.com\/fr\/#website","url":"https:\/\/ancestralroute.com\/fr\/","name":"Ancestral route","description":"","potentialAction":[{"@type":"SearchAction","target":{"@type":"EntryPoint","urlTemplate":"https:\/\/ancestralroute.com\/fr\/?s={search_term_string}"},"query-input":{"@type":"PropertyValueSpecification","valueRequired":true,"valueName":"search_term_string"}}],"inLanguage":"fr-FR"}]}},"_links":{"self":[{"href":"https:\/\/ancestralroute.com\/fr\/wp-json\/wp\/v2\/product\/3913","targetHints":{"allow":["GET"]}}],"collection":[{"href":"https:\/\/ancestralroute.com\/fr\/wp-json\/wp\/v2\/product"}],"about":[{"href":"https:\/\/ancestralroute.com\/fr\/wp-json\/wp\/v2\/types\/product"}],"wp:featuredmedia":[{"embeddable":true,"href":"https:\/\/ancestralroute.com\/fr\/wp-json\/wp\/v2\/media\/1960"}],"wp:attachment":[{"href":"https:\/\/ancestralroute.com\/fr\/wp-json\/wp\/v2\/media?parent=3913"}],"wp:term":[{"taxonomy":"product_brand","embeddable":true,"href":"https:\/\/ancestralroute.com\/fr\/wp-json\/wp\/v2\/product_brand?post=3913"},{"taxonomy":"product_cat","embeddable":true,"href":"https:\/\/ancestralroute.com\/fr\/wp-json\/wp\/v2\/product_cat?post=3913"},{"taxonomy":"product_tag","embeddable":true,"href":"https:\/\/ancestralroute.com\/fr\/wp-json\/wp\/v2\/product_tag?post=3913"}],"curies":[{"name":"wp","href":"https:\/\/api.w.org\/{rel}","templated":true}]}}