{"id":3917,"date":"2025-08-27T10:42:57","date_gmt":"2025-08-27T10:42:57","guid":{"rendered":"https:\/\/ancestralroute.com\/producto\/mandala-en-bois-sculpte-a-la-main-avec-des-motifs-floraux\/"},"modified":"2025-08-27T10:42:57","modified_gmt":"2025-08-27T10:42:57","slug":"mandala-en-bois-sculpte-a-la-main-avec-des-motifs-floraux","status":"publish","type":"product","link":"https:\/\/ancestralroute.com\/fr\/producto\/mandala-en-bois-sculpte-a-la-main-avec-des-motifs-floraux\/","title":{"rendered":"Mandala en bois sculpt\u00e9 \u00e0 la main avec des motifs floraux"},"content":{"rendered":"<p>Plongez dans l&rsquo;harmonie et la s\u00e9r\u00e9nit\u00e9 qui \u00e9manent de ce mandala en bois sculpt\u00e9 \u00e0 la main, inspir\u00e9 de la richesse artistique de la Route de la Soie. Chaque d\u00e9tail floral a \u00e9t\u00e9 soigneusement travaill\u00e9 par des artisans experts, cr\u00e9ant un motif qui invite \u00e0 la contemplation et \u00e0 la connexion avec la nature et la tradition. Ce mandala n&rsquo;est pas seulement un objet d\u00e9coratif, mais aussi un symbole d&rsquo;\u00e9quilibre, de calme et de beaut\u00e9 intemporelle qui transforme n&rsquo;importe quel espace en un havre de paix.  <\/p>\n","protected":false},"excerpt":{"rendered":"<p>D\u00e9corez votre vie avec de l&rsquo;art, connectez-vous \u00e0 l&rsquo;essence de chaque d\u00e9tail. Mandala en bois sculpt\u00e9 \u00e0 la main avec de d\u00e9licats motifs floraux, parfait pour d\u00e9corer votre maison avec art et s\u00e9r\u00e9nit\u00e9. <\/p>\n","protected":false},"featured_media":1916,"template":"","meta":{"_acf_changed":false},"product_brand":[],"product_cat":[184],"product_tag":[],"class_list":{"0":"post-3917","1":"product","2":"type-product","3":"status-publish","4":"has-post-thumbnail","6":"product_cat-artisanat","8":"first","9":"outofstock","10":"taxable","11":"shipping-taxable","12":"product-type-simple"},"acf":[],"yoast_head":"<!-- This site is optimized with the Yoast SEO plugin v26.7 - https:\/\/yoast.com\/wordpress\/plugins\/seo\/ -->\n<title>Mandala en bois sculpt\u00e9 \u00e0 la main avec des motifs floraux - Ancestral route<\/title>\n<meta name=\"robots\" content=\"index, follow, max-snippet:-1, max-image-preview:large, max-video-preview:-1\" \/>\n<link rel=\"canonical\" href=\"https:\/\/ancestralroute.com\/fr\/producto\/mandala-en-bois-sculpte-a-la-main-avec-des-motifs-floraux\/\" \/>\n<meta property=\"og:locale\" content=\"fr_FR\" \/>\n<meta property=\"og:type\" content=\"article\" \/>\n<meta property=\"og:title\" content=\"Mandala en bois sculpt\u00e9 \u00e0 la main avec des motifs floraux - Ancestral route\" \/>\n<meta property=\"og:description\" content=\"D\u00e9corez votre vie avec de l&#039;art, connectez-vous \u00e0 l&#039;essence de chaque d\u00e9tail. Mandala en bois sculpt\u00e9 \u00e0 la main avec de d\u00e9licats motifs floraux, parfait pour d\u00e9corer votre maison avec art et s\u00e9r\u00e9nit\u00e9.\" \/>\n<meta property=\"og:url\" content=\"https:\/\/ancestralroute.com\/fr\/producto\/mandala-en-bois-sculpte-a-la-main-avec-des-motifs-floraux\/\" \/>\n<meta property=\"og:site_name\" content=\"Ancestral route\" \/>\n<meta property=\"og:image\" content=\"https:\/\/ancestralroute.com\/wp-content\/uploads\/2025\/07\/Piezas_unicas.jpg\" \/>\n\t<meta property=\"og:image:width\" content=\"600\" \/>\n\t<meta property=\"og:image:height\" content=\"600\" \/>\n\t<meta property=\"og:image:type\" content=\"image\/jpeg\" \/>\n<meta name=\"twitter:card\" content=\"summary_large_image\" \/>\n<script type=\"application\/ld+json\" class=\"yoast-schema-graph\">{\"@context\":\"https:\/\/schema.org\",\"@graph\":[{\"@type\":\"WebPage\",\"@id\":\"https:\/\/ancestralroute.com\/fr\/producto\/mandala-en-bois-sculpte-a-la-main-avec-des-motifs-floraux\/\",\"url\":\"https:\/\/ancestralroute.com\/fr\/producto\/mandala-en-bois-sculpte-a-la-main-avec-des-motifs-floraux\/\",\"name\":\"Mandala en bois sculpt\u00e9 \u00e0 la main avec des motifs floraux - Ancestral route\",\"isPartOf\":{\"@id\":\"https:\/\/ancestralroute.com\/fr\/#website\"},\"primaryImageOfPage\":{\"@id\":\"https:\/\/ancestralroute.com\/fr\/producto\/mandala-en-bois-sculpte-a-la-main-avec-des-motifs-floraux\/#primaryimage\"},\"image\":{\"@id\":\"https:\/\/ancestralroute.com\/fr\/producto\/mandala-en-bois-sculpte-a-la-main-avec-des-motifs-floraux\/#primaryimage\"},\"thumbnailUrl\":\"https:\/\/ancestralroute.com\/wp-content\/uploads\/2025\/07\/Piezas_unicas.jpg\",\"datePublished\":\"2025-08-27T10:42:57+00:00\",\"breadcrumb\":{\"@id\":\"https:\/\/ancestralroute.com\/fr\/producto\/mandala-en-bois-sculpte-a-la-main-avec-des-motifs-floraux\/#breadcrumb\"},\"inLanguage\":\"fr-FR\",\"potentialAction\":[{\"@type\":\"ReadAction\",\"target\":[\"https:\/\/ancestralroute.com\/fr\/producto\/mandala-en-bois-sculpte-a-la-main-avec-des-motifs-floraux\/\"]}]},{\"@type\":\"ImageObject\",\"inLanguage\":\"fr-FR\",\"@id\":\"https:\/\/ancestralroute.com\/fr\/producto\/mandala-en-bois-sculpte-a-la-main-avec-des-motifs-floraux\/#primaryimage\",\"url\":\"https:\/\/ancestralroute.com\/wp-content\/uploads\/2025\/07\/Piezas_unicas.jpg\",\"contentUrl\":\"https:\/\/ancestralroute.com\/wp-content\/uploads\/2025\/07\/Piezas_unicas.jpg\",\"width\":600,\"height\":600},{\"@type\":\"BreadcrumbList\",\"@id\":\"https:\/\/ancestralroute.com\/fr\/producto\/mandala-en-bois-sculpte-a-la-main-avec-des-motifs-floraux\/#breadcrumb\",\"itemListElement\":[{\"@type\":\"ListItem\",\"position\":1,\"name\":\"Accueil\",\"item\":\"https:\/\/ancestralroute.com\/fr\/\"},{\"@type\":\"ListItem\",\"position\":2,\"name\":\"Boutique\",\"item\":\"https:\/\/ancestralroute.com\/fr\/boutique\/\"},{\"@type\":\"ListItem\",\"position\":3,\"name\":\"Mandala en bois sculpt\u00e9 \u00e0 la main avec des motifs floraux\"}]},{\"@type\":\"WebSite\",\"@id\":\"https:\/\/ancestralroute.com\/fr\/#website\",\"url\":\"https:\/\/ancestralroute.com\/fr\/\",\"name\":\"Ancestral route\",\"description\":\"\",\"potentialAction\":[{\"@type\":\"SearchAction\",\"target\":{\"@type\":\"EntryPoint\",\"urlTemplate\":\"https:\/\/ancestralroute.com\/fr\/?s={search_term_string}\"},\"query-input\":{\"@type\":\"PropertyValueSpecification\",\"valueRequired\":true,\"valueName\":\"search_term_string\"}}],\"inLanguage\":\"fr-FR\"}]}<\/script>\n<!-- \/ Yoast SEO plugin. -->","yoast_head_json":{"title":"Mandala en bois sculpt\u00e9 \u00e0 la main avec des motifs floraux - Ancestral route","robots":{"index":"index","follow":"follow","max-snippet":"max-snippet:-1","max-image-preview":"max-image-preview:large","max-video-preview":"max-video-preview:-1"},"canonical":"https:\/\/ancestralroute.com\/fr\/producto\/mandala-en-bois-sculpte-a-la-main-avec-des-motifs-floraux\/","og_locale":"fr_FR","og_type":"article","og_title":"Mandala en bois sculpt\u00e9 \u00e0 la main avec des motifs floraux - Ancestral route","og_description":"D\u00e9corez votre vie avec de l'art, connectez-vous \u00e0 l'essence de chaque d\u00e9tail. Mandala en bois sculpt\u00e9 \u00e0 la main avec de d\u00e9licats motifs floraux, parfait pour d\u00e9corer votre maison avec art et s\u00e9r\u00e9nit\u00e9.","og_url":"https:\/\/ancestralroute.com\/fr\/producto\/mandala-en-bois-sculpte-a-la-main-avec-des-motifs-floraux\/","og_site_name":"Ancestral route","og_image":[{"width":600,"height":600,"url":"https:\/\/ancestralroute.com\/wp-content\/uploads\/2025\/07\/Piezas_unicas.jpg","type":"image\/jpeg"}],"twitter_card":"summary_large_image","schema":{"@context":"https:\/\/schema.org","@graph":[{"@type":"WebPage","@id":"https:\/\/ancestralroute.com\/fr\/producto\/mandala-en-bois-sculpte-a-la-main-avec-des-motifs-floraux\/","url":"https:\/\/ancestralroute.com\/fr\/producto\/mandala-en-bois-sculpte-a-la-main-avec-des-motifs-floraux\/","name":"Mandala en bois sculpt\u00e9 \u00e0 la main avec des motifs floraux - Ancestral route","isPartOf":{"@id":"https:\/\/ancestralroute.com\/fr\/#website"},"primaryImageOfPage":{"@id":"https:\/\/ancestralroute.com\/fr\/producto\/mandala-en-bois-sculpte-a-la-main-avec-des-motifs-floraux\/#primaryimage"},"image":{"@id":"https:\/\/ancestralroute.com\/fr\/producto\/mandala-en-bois-sculpte-a-la-main-avec-des-motifs-floraux\/#primaryimage"},"thumbnailUrl":"https:\/\/ancestralroute.com\/wp-content\/uploads\/2025\/07\/Piezas_unicas.jpg","datePublished":"2025-08-27T10:42:57+00:00","breadcrumb":{"@id":"https:\/\/ancestralroute.com\/fr\/producto\/mandala-en-bois-sculpte-a-la-main-avec-des-motifs-floraux\/#breadcrumb"},"inLanguage":"fr-FR","potentialAction":[{"@type":"ReadAction","target":["https:\/\/ancestralroute.com\/fr\/producto\/mandala-en-bois-sculpte-a-la-main-avec-des-motifs-floraux\/"]}]},{"@type":"ImageObject","inLanguage":"fr-FR","@id":"https:\/\/ancestralroute.com\/fr\/producto\/mandala-en-bois-sculpte-a-la-main-avec-des-motifs-floraux\/#primaryimage","url":"https:\/\/ancestralroute.com\/wp-content\/uploads\/2025\/07\/Piezas_unicas.jpg","contentUrl":"https:\/\/ancestralroute.com\/wp-content\/uploads\/2025\/07\/Piezas_unicas.jpg","width":600,"height":600},{"@type":"BreadcrumbList","@id":"https:\/\/ancestralroute.com\/fr\/producto\/mandala-en-bois-sculpte-a-la-main-avec-des-motifs-floraux\/#breadcrumb","itemListElement":[{"@type":"ListItem","position":1,"name":"Accueil","item":"https:\/\/ancestralroute.com\/fr\/"},{"@type":"ListItem","position":2,"name":"Boutique","item":"https:\/\/ancestralroute.com\/fr\/boutique\/"},{"@type":"ListItem","position":3,"name":"Mandala en bois sculpt\u00e9 \u00e0 la main avec des motifs floraux"}]},{"@type":"WebSite","@id":"https:\/\/ancestralroute.com\/fr\/#website","url":"https:\/\/ancestralroute.com\/fr\/","name":"Ancestral route","description":"","potentialAction":[{"@type":"SearchAction","target":{"@type":"EntryPoint","urlTemplate":"https:\/\/ancestralroute.com\/fr\/?s={search_term_string}"},"query-input":{"@type":"PropertyValueSpecification","valueRequired":true,"valueName":"search_term_string"}}],"inLanguage":"fr-FR"}]}},"_links":{"self":[{"href":"https:\/\/ancestralroute.com\/fr\/wp-json\/wp\/v2\/product\/3917","targetHints":{"allow":["GET"]}}],"collection":[{"href":"https:\/\/ancestralroute.com\/fr\/wp-json\/wp\/v2\/product"}],"about":[{"href":"https:\/\/ancestralroute.com\/fr\/wp-json\/wp\/v2\/types\/product"}],"wp:featuredmedia":[{"embeddable":true,"href":"https:\/\/ancestralroute.com\/fr\/wp-json\/wp\/v2\/media\/1916"}],"wp:attachment":[{"href":"https:\/\/ancestralroute.com\/fr\/wp-json\/wp\/v2\/media?parent=3917"}],"wp:term":[{"taxonomy":"product_brand","embeddable":true,"href":"https:\/\/ancestralroute.com\/fr\/wp-json\/wp\/v2\/product_brand?post=3917"},{"taxonomy":"product_cat","embeddable":true,"href":"https:\/\/ancestralroute.com\/fr\/wp-json\/wp\/v2\/product_cat?post=3917"},{"taxonomy":"product_tag","embeddable":true,"href":"https:\/\/ancestralroute.com\/fr\/wp-json\/wp\/v2\/product_tag?post=3917"}],"curies":[{"name":"wp","href":"https:\/\/api.w.org\/{rel}","templated":true}]}}