{"id":3921,"date":"2025-08-27T10:10:22","date_gmt":"2025-08-27T10:10:22","guid":{"rendered":"https:\/\/ancestralroute.com\/producto\/savonnette-sculptee-dans-la-pierre-naturelle\/"},"modified":"2025-08-27T10:10:22","modified_gmt":"2025-08-27T10:10:22","slug":"savonnette-sculptee-dans-la-pierre-naturelle","status":"publish","type":"product","link":"https:\/\/ancestralroute.com\/fr\/producto\/savonnette-sculptee-dans-la-pierre-naturelle\/","title":{"rendered":"Savonnette sculpt\u00e9e dans la pierre naturelle"},"content":{"rendered":"<p>Porte-savon artisanal en pierre naturelle rustique, con\u00e7u pour accompagner vos longs moments de d\u00e9tente dans votre baignoire. Ses veines uniques et sa finition chaleureuse \u00e9voquent la s\u00e9r\u00e9nit\u00e9 de la nature, transformant un geste quotidien en un petit rituel de bien-\u00eatre. <\/p>\n","protected":false},"excerpt":{"rendered":"<p>Un d\u00e9tail naturel pour des rituels de bain authentiques. Porte-savon en bois rustique naturel, simple et \u00e9l\u00e9gant pour votre baignoire. <\/p>\n","protected":false},"featured_media":3873,"template":"","meta":{"_acf_changed":false},"product_brand":[],"product_cat":[187,216],"product_tag":[],"class_list":{"0":"post-3921","1":"product","2":"type-product","3":"status-publish","4":"has-post-thumbnail","6":"product_cat-porte-savons","7":"product_cat-salle-de-bain","9":"first","10":"instock","11":"taxable","12":"shipping-taxable","13":"purchasable","14":"product-type-simple"},"acf":[],"yoast_head":"<!-- This site is optimized with the Yoast SEO plugin v26.7 - https:\/\/yoast.com\/wordpress\/plugins\/seo\/ -->\n<title>Savonnette sculpt\u00e9e dans la pierre naturelle - Ancestral route<\/title>\n<meta name=\"robots\" content=\"index, follow, max-snippet:-1, max-image-preview:large, max-video-preview:-1\" \/>\n<link rel=\"canonical\" href=\"https:\/\/ancestralroute.com\/fr\/producto\/savonnette-sculptee-dans-la-pierre-naturelle\/\" \/>\n<meta property=\"og:locale\" content=\"fr_FR\" \/>\n<meta property=\"og:type\" content=\"article\" \/>\n<meta property=\"og:title\" content=\"Savonnette sculpt\u00e9e dans la pierre naturelle - Ancestral route\" \/>\n<meta property=\"og:description\" content=\"Un d\u00e9tail naturel pour des rituels de bain authentiques. Porte-savon en bois rustique naturel, simple et \u00e9l\u00e9gant pour votre baignoire.\" \/>\n<meta property=\"og:url\" content=\"https:\/\/ancestralroute.com\/fr\/producto\/savonnette-sculptee-dans-la-pierre-naturelle\/\" \/>\n<meta property=\"og:site_name\" content=\"Ancestral route\" \/>\n<meta property=\"og:image\" content=\"https:\/\/ancestralroute.com\/wp-content\/uploads\/2025\/08\/Jabonera-de-piedra-diferentes-colores-scaled.jpg\" \/>\n\t<meta property=\"og:image:width\" content=\"2560\" \/>\n\t<meta property=\"og:image:height\" content=\"2560\" \/>\n\t<meta property=\"og:image:type\" content=\"image\/jpeg\" \/>\n<meta name=\"twitter:card\" content=\"summary_large_image\" \/>\n<script type=\"application\/ld+json\" class=\"yoast-schema-graph\">{\"@context\":\"https:\/\/schema.org\",\"@graph\":[{\"@type\":\"WebPage\",\"@id\":\"https:\/\/ancestralroute.com\/fr\/producto\/savonnette-sculptee-dans-la-pierre-naturelle\/\",\"url\":\"https:\/\/ancestralroute.com\/fr\/producto\/savonnette-sculptee-dans-la-pierre-naturelle\/\",\"name\":\"Savonnette sculpt\u00e9e dans la pierre naturelle - Ancestral route\",\"isPartOf\":{\"@id\":\"https:\/\/ancestralroute.com\/fr\/#website\"},\"primaryImageOfPage\":{\"@id\":\"https:\/\/ancestralroute.com\/fr\/producto\/savonnette-sculptee-dans-la-pierre-naturelle\/#primaryimage\"},\"image\":{\"@id\":\"https:\/\/ancestralroute.com\/fr\/producto\/savonnette-sculptee-dans-la-pierre-naturelle\/#primaryimage\"},\"thumbnailUrl\":\"https:\/\/ancestralroute.com\/wp-content\/uploads\/2025\/08\/Jabonera-de-piedra-diferentes-colores-scaled.jpg\",\"datePublished\":\"2025-08-27T10:10:22+00:00\",\"breadcrumb\":{\"@id\":\"https:\/\/ancestralroute.com\/fr\/producto\/savonnette-sculptee-dans-la-pierre-naturelle\/#breadcrumb\"},\"inLanguage\":\"fr-FR\",\"potentialAction\":[{\"@type\":\"ReadAction\",\"target\":[\"https:\/\/ancestralroute.com\/fr\/producto\/savonnette-sculptee-dans-la-pierre-naturelle\/\"]}]},{\"@type\":\"ImageObject\",\"inLanguage\":\"fr-FR\",\"@id\":\"https:\/\/ancestralroute.com\/fr\/producto\/savonnette-sculptee-dans-la-pierre-naturelle\/#primaryimage\",\"url\":\"https:\/\/ancestralroute.com\/wp-content\/uploads\/2025\/08\/Jabonera-de-piedra-diferentes-colores-scaled.jpg\",\"contentUrl\":\"https:\/\/ancestralroute.com\/wp-content\/uploads\/2025\/08\/Jabonera-de-piedra-diferentes-colores-scaled.jpg\",\"width\":2560,\"height\":2560},{\"@type\":\"BreadcrumbList\",\"@id\":\"https:\/\/ancestralroute.com\/fr\/producto\/savonnette-sculptee-dans-la-pierre-naturelle\/#breadcrumb\",\"itemListElement\":[{\"@type\":\"ListItem\",\"position\":1,\"name\":\"Accueil\",\"item\":\"https:\/\/ancestralroute.com\/fr\/\"},{\"@type\":\"ListItem\",\"position\":2,\"name\":\"Boutique\",\"item\":\"https:\/\/ancestralroute.com\/fr\/boutique\/\"},{\"@type\":\"ListItem\",\"position\":3,\"name\":\"Savonnette sculpt\u00e9e dans la pierre naturelle\"}]},{\"@type\":\"WebSite\",\"@id\":\"https:\/\/ancestralroute.com\/fr\/#website\",\"url\":\"https:\/\/ancestralroute.com\/fr\/\",\"name\":\"Ancestral route\",\"description\":\"\",\"potentialAction\":[{\"@type\":\"SearchAction\",\"target\":{\"@type\":\"EntryPoint\",\"urlTemplate\":\"https:\/\/ancestralroute.com\/fr\/?s={search_term_string}\"},\"query-input\":{\"@type\":\"PropertyValueSpecification\",\"valueRequired\":true,\"valueName\":\"search_term_string\"}}],\"inLanguage\":\"fr-FR\"}]}<\/script>\n<!-- \/ Yoast SEO plugin. -->","yoast_head_json":{"title":"Savonnette sculpt\u00e9e dans la pierre naturelle - Ancestral route","robots":{"index":"index","follow":"follow","max-snippet":"max-snippet:-1","max-image-preview":"max-image-preview:large","max-video-preview":"max-video-preview:-1"},"canonical":"https:\/\/ancestralroute.com\/fr\/producto\/savonnette-sculptee-dans-la-pierre-naturelle\/","og_locale":"fr_FR","og_type":"article","og_title":"Savonnette sculpt\u00e9e dans la pierre naturelle - Ancestral route","og_description":"Un d\u00e9tail naturel pour des rituels de bain authentiques. Porte-savon en bois rustique naturel, simple et \u00e9l\u00e9gant pour votre baignoire.","og_url":"https:\/\/ancestralroute.com\/fr\/producto\/savonnette-sculptee-dans-la-pierre-naturelle\/","og_site_name":"Ancestral route","og_image":[{"width":2560,"height":2560,"url":"https:\/\/ancestralroute.com\/wp-content\/uploads\/2025\/08\/Jabonera-de-piedra-diferentes-colores-scaled.jpg","type":"image\/jpeg"}],"twitter_card":"summary_large_image","schema":{"@context":"https:\/\/schema.org","@graph":[{"@type":"WebPage","@id":"https:\/\/ancestralroute.com\/fr\/producto\/savonnette-sculptee-dans-la-pierre-naturelle\/","url":"https:\/\/ancestralroute.com\/fr\/producto\/savonnette-sculptee-dans-la-pierre-naturelle\/","name":"Savonnette sculpt\u00e9e dans la pierre naturelle - Ancestral route","isPartOf":{"@id":"https:\/\/ancestralroute.com\/fr\/#website"},"primaryImageOfPage":{"@id":"https:\/\/ancestralroute.com\/fr\/producto\/savonnette-sculptee-dans-la-pierre-naturelle\/#primaryimage"},"image":{"@id":"https:\/\/ancestralroute.com\/fr\/producto\/savonnette-sculptee-dans-la-pierre-naturelle\/#primaryimage"},"thumbnailUrl":"https:\/\/ancestralroute.com\/wp-content\/uploads\/2025\/08\/Jabonera-de-piedra-diferentes-colores-scaled.jpg","datePublished":"2025-08-27T10:10:22+00:00","breadcrumb":{"@id":"https:\/\/ancestralroute.com\/fr\/producto\/savonnette-sculptee-dans-la-pierre-naturelle\/#breadcrumb"},"inLanguage":"fr-FR","potentialAction":[{"@type":"ReadAction","target":["https:\/\/ancestralroute.com\/fr\/producto\/savonnette-sculptee-dans-la-pierre-naturelle\/"]}]},{"@type":"ImageObject","inLanguage":"fr-FR","@id":"https:\/\/ancestralroute.com\/fr\/producto\/savonnette-sculptee-dans-la-pierre-naturelle\/#primaryimage","url":"https:\/\/ancestralroute.com\/wp-content\/uploads\/2025\/08\/Jabonera-de-piedra-diferentes-colores-scaled.jpg","contentUrl":"https:\/\/ancestralroute.com\/wp-content\/uploads\/2025\/08\/Jabonera-de-piedra-diferentes-colores-scaled.jpg","width":2560,"height":2560},{"@type":"BreadcrumbList","@id":"https:\/\/ancestralroute.com\/fr\/producto\/savonnette-sculptee-dans-la-pierre-naturelle\/#breadcrumb","itemListElement":[{"@type":"ListItem","position":1,"name":"Accueil","item":"https:\/\/ancestralroute.com\/fr\/"},{"@type":"ListItem","position":2,"name":"Boutique","item":"https:\/\/ancestralroute.com\/fr\/boutique\/"},{"@type":"ListItem","position":3,"name":"Savonnette sculpt\u00e9e dans la pierre naturelle"}]},{"@type":"WebSite","@id":"https:\/\/ancestralroute.com\/fr\/#website","url":"https:\/\/ancestralroute.com\/fr\/","name":"Ancestral route","description":"","potentialAction":[{"@type":"SearchAction","target":{"@type":"EntryPoint","urlTemplate":"https:\/\/ancestralroute.com\/fr\/?s={search_term_string}"},"query-input":{"@type":"PropertyValueSpecification","valueRequired":true,"valueName":"search_term_string"}}],"inLanguage":"fr-FR"}]}},"_links":{"self":[{"href":"https:\/\/ancestralroute.com\/fr\/wp-json\/wp\/v2\/product\/3921","targetHints":{"allow":["GET"]}}],"collection":[{"href":"https:\/\/ancestralroute.com\/fr\/wp-json\/wp\/v2\/product"}],"about":[{"href":"https:\/\/ancestralroute.com\/fr\/wp-json\/wp\/v2\/types\/product"}],"wp:featuredmedia":[{"embeddable":true,"href":"https:\/\/ancestralroute.com\/fr\/wp-json\/wp\/v2\/media\/3873"}],"wp:attachment":[{"href":"https:\/\/ancestralroute.com\/fr\/wp-json\/wp\/v2\/media?parent=3921"}],"wp:term":[{"taxonomy":"product_brand","embeddable":true,"href":"https:\/\/ancestralroute.com\/fr\/wp-json\/wp\/v2\/product_brand?post=3921"},{"taxonomy":"product_cat","embeddable":true,"href":"https:\/\/ancestralroute.com\/fr\/wp-json\/wp\/v2\/product_cat?post=3921"},{"taxonomy":"product_tag","embeddable":true,"href":"https:\/\/ancestralroute.com\/fr\/wp-json\/wp\/v2\/product_tag?post=3921"}],"curies":[{"name":"wp","href":"https:\/\/api.w.org\/{rel}","templated":true}]}}