{"id":3924,"date":"2025-08-27T10:06:54","date_gmt":"2025-08-27T10:06:54","guid":{"rendered":"https:\/\/ancestralroute.com\/producto\/meuble-de-salle-de-bain-en-bois-massif-de-teck\/"},"modified":"2025-08-27T10:06:54","modified_gmt":"2025-08-27T10:06:54","slug":"meuble-de-salle-de-bain-en-bois-massif-de-teck","status":"publish","type":"product","link":"https:\/\/ancestralroute.com\/fr\/producto\/meuble-de-salle-de-bain-en-bois-massif-de-teck\/","title":{"rendered":"Meuble de salle de bain en bois massif de teck"},"content":{"rendered":"<p>Un meuble de salle de bain qui allie la force du bois massif r\u00e9cup\u00e9r\u00e9. Son design allie tradition et modernit\u00e9 : un bloc de bois \u00e0 l&rsquo;\u00e2me rustique, cr\u00e9ant un \u00e9quilibre parfait entre nature et \u00e9l\u00e9gance. Chaque pi\u00e8ce est unique, con\u00e7ue pour transformer la salle de bain en un espace chaleureux, authentique et plein de caract\u00e8re.  <\/p>\n","protected":false},"excerpt":{"rendered":"<p>L&rsquo;essence m\u00eame de la nature d\u00e9clin\u00e9e en design pour votre salle de bains. Meuble de salle de bains en bois massif avec lavabo en c\u00e9ramique artisanale, alliant rusticit\u00e9 et \u00e9l\u00e9gance intemporelle. <\/p>\n","protected":false},"featured_media":3894,"template":"","meta":{"_acf_changed":false},"product_brand":[],"product_cat":[189,216],"product_tag":[],"class_list":{"0":"post-3924","1":"product","2":"type-product","3":"status-publish","4":"has-post-thumbnail","6":"product_cat-meubles-de-salle-de-bains","7":"product_cat-salle-de-bain","9":"first","10":"instock","11":"taxable","12":"shipping-taxable","13":"purchasable","14":"product-type-simple"},"acf":[],"yoast_head":"<!-- This site is optimized with the Yoast SEO plugin v26.7 - https:\/\/yoast.com\/wordpress\/plugins\/seo\/ -->\n<title>Meuble de salle de bain en bois massif de teck - Ancestral route<\/title>\n<meta name=\"robots\" content=\"index, follow, max-snippet:-1, max-image-preview:large, max-video-preview:-1\" \/>\n<link rel=\"canonical\" href=\"https:\/\/ancestralroute.com\/fr\/producto\/meuble-de-salle-de-bain-en-bois-massif-de-teck\/\" \/>\n<meta property=\"og:locale\" content=\"fr_FR\" \/>\n<meta property=\"og:type\" content=\"article\" \/>\n<meta property=\"og:title\" content=\"Meuble de salle de bain en bois massif de teck - Ancestral route\" \/>\n<meta property=\"og:description\" content=\"L&#039;essence m\u00eame de la nature d\u00e9clin\u00e9e en design pour votre salle de bains. Meuble de salle de bains en bois massif avec lavabo en c\u00e9ramique artisanale, alliant rusticit\u00e9 et \u00e9l\u00e9gance intemporelle.\" \/>\n<meta property=\"og:url\" content=\"https:\/\/ancestralroute.com\/fr\/producto\/meuble-de-salle-de-bain-en-bois-massif-de-teck\/\" \/>\n<meta property=\"og:site_name\" content=\"Ancestral route\" \/>\n<meta property=\"og:image\" content=\"https:\/\/ancestralroute.com\/wp-content\/uploads\/2025\/08\/Mueble-de-bano-madera-natural-scaled.jpg\" \/>\n\t<meta property=\"og:image:width\" content=\"2560\" \/>\n\t<meta property=\"og:image:height\" content=\"2560\" \/>\n\t<meta property=\"og:image:type\" content=\"image\/jpeg\" \/>\n<meta name=\"twitter:card\" content=\"summary_large_image\" \/>\n<script type=\"application\/ld+json\" class=\"yoast-schema-graph\">{\"@context\":\"https:\/\/schema.org\",\"@graph\":[{\"@type\":\"WebPage\",\"@id\":\"https:\/\/ancestralroute.com\/fr\/producto\/meuble-de-salle-de-bain-en-bois-massif-de-teck\/\",\"url\":\"https:\/\/ancestralroute.com\/fr\/producto\/meuble-de-salle-de-bain-en-bois-massif-de-teck\/\",\"name\":\"Meuble de salle de bain en bois massif de teck - Ancestral route\",\"isPartOf\":{\"@id\":\"https:\/\/ancestralroute.com\/fr\/#website\"},\"primaryImageOfPage\":{\"@id\":\"https:\/\/ancestralroute.com\/fr\/producto\/meuble-de-salle-de-bain-en-bois-massif-de-teck\/#primaryimage\"},\"image\":{\"@id\":\"https:\/\/ancestralroute.com\/fr\/producto\/meuble-de-salle-de-bain-en-bois-massif-de-teck\/#primaryimage\"},\"thumbnailUrl\":\"https:\/\/ancestralroute.com\/wp-content\/uploads\/2025\/08\/Mueble-de-bano-madera-natural-scaled.jpg\",\"datePublished\":\"2025-08-27T10:06:54+00:00\",\"breadcrumb\":{\"@id\":\"https:\/\/ancestralroute.com\/fr\/producto\/meuble-de-salle-de-bain-en-bois-massif-de-teck\/#breadcrumb\"},\"inLanguage\":\"fr-FR\",\"potentialAction\":[{\"@type\":\"ReadAction\",\"target\":[\"https:\/\/ancestralroute.com\/fr\/producto\/meuble-de-salle-de-bain-en-bois-massif-de-teck\/\"]}]},{\"@type\":\"ImageObject\",\"inLanguage\":\"fr-FR\",\"@id\":\"https:\/\/ancestralroute.com\/fr\/producto\/meuble-de-salle-de-bain-en-bois-massif-de-teck\/#primaryimage\",\"url\":\"https:\/\/ancestralroute.com\/wp-content\/uploads\/2025\/08\/Mueble-de-bano-madera-natural-scaled.jpg\",\"contentUrl\":\"https:\/\/ancestralroute.com\/wp-content\/uploads\/2025\/08\/Mueble-de-bano-madera-natural-scaled.jpg\",\"width\":2560,\"height\":2560},{\"@type\":\"BreadcrumbList\",\"@id\":\"https:\/\/ancestralroute.com\/fr\/producto\/meuble-de-salle-de-bain-en-bois-massif-de-teck\/#breadcrumb\",\"itemListElement\":[{\"@type\":\"ListItem\",\"position\":1,\"name\":\"Accueil\",\"item\":\"https:\/\/ancestralroute.com\/fr\/\"},{\"@type\":\"ListItem\",\"position\":2,\"name\":\"Boutique\",\"item\":\"https:\/\/ancestralroute.com\/fr\/boutique\/\"},{\"@type\":\"ListItem\",\"position\":3,\"name\":\"Meuble de salle de bain en bois massif de teck\"}]},{\"@type\":\"WebSite\",\"@id\":\"https:\/\/ancestralroute.com\/fr\/#website\",\"url\":\"https:\/\/ancestralroute.com\/fr\/\",\"name\":\"Ancestral route\",\"description\":\"\",\"potentialAction\":[{\"@type\":\"SearchAction\",\"target\":{\"@type\":\"EntryPoint\",\"urlTemplate\":\"https:\/\/ancestralroute.com\/fr\/?s={search_term_string}\"},\"query-input\":{\"@type\":\"PropertyValueSpecification\",\"valueRequired\":true,\"valueName\":\"search_term_string\"}}],\"inLanguage\":\"fr-FR\"}]}<\/script>\n<!-- \/ Yoast SEO plugin. -->","yoast_head_json":{"title":"Meuble de salle de bain en bois massif de teck - Ancestral route","robots":{"index":"index","follow":"follow","max-snippet":"max-snippet:-1","max-image-preview":"max-image-preview:large","max-video-preview":"max-video-preview:-1"},"canonical":"https:\/\/ancestralroute.com\/fr\/producto\/meuble-de-salle-de-bain-en-bois-massif-de-teck\/","og_locale":"fr_FR","og_type":"article","og_title":"Meuble de salle de bain en bois massif de teck - Ancestral route","og_description":"L'essence m\u00eame de la nature d\u00e9clin\u00e9e en design pour votre salle de bains. Meuble de salle de bains en bois massif avec lavabo en c\u00e9ramique artisanale, alliant rusticit\u00e9 et \u00e9l\u00e9gance intemporelle.","og_url":"https:\/\/ancestralroute.com\/fr\/producto\/meuble-de-salle-de-bain-en-bois-massif-de-teck\/","og_site_name":"Ancestral route","og_image":[{"width":2560,"height":2560,"url":"https:\/\/ancestralroute.com\/wp-content\/uploads\/2025\/08\/Mueble-de-bano-madera-natural-scaled.jpg","type":"image\/jpeg"}],"twitter_card":"summary_large_image","schema":{"@context":"https:\/\/schema.org","@graph":[{"@type":"WebPage","@id":"https:\/\/ancestralroute.com\/fr\/producto\/meuble-de-salle-de-bain-en-bois-massif-de-teck\/","url":"https:\/\/ancestralroute.com\/fr\/producto\/meuble-de-salle-de-bain-en-bois-massif-de-teck\/","name":"Meuble de salle de bain en bois massif de teck - Ancestral route","isPartOf":{"@id":"https:\/\/ancestralroute.com\/fr\/#website"},"primaryImageOfPage":{"@id":"https:\/\/ancestralroute.com\/fr\/producto\/meuble-de-salle-de-bain-en-bois-massif-de-teck\/#primaryimage"},"image":{"@id":"https:\/\/ancestralroute.com\/fr\/producto\/meuble-de-salle-de-bain-en-bois-massif-de-teck\/#primaryimage"},"thumbnailUrl":"https:\/\/ancestralroute.com\/wp-content\/uploads\/2025\/08\/Mueble-de-bano-madera-natural-scaled.jpg","datePublished":"2025-08-27T10:06:54+00:00","breadcrumb":{"@id":"https:\/\/ancestralroute.com\/fr\/producto\/meuble-de-salle-de-bain-en-bois-massif-de-teck\/#breadcrumb"},"inLanguage":"fr-FR","potentialAction":[{"@type":"ReadAction","target":["https:\/\/ancestralroute.com\/fr\/producto\/meuble-de-salle-de-bain-en-bois-massif-de-teck\/"]}]},{"@type":"ImageObject","inLanguage":"fr-FR","@id":"https:\/\/ancestralroute.com\/fr\/producto\/meuble-de-salle-de-bain-en-bois-massif-de-teck\/#primaryimage","url":"https:\/\/ancestralroute.com\/wp-content\/uploads\/2025\/08\/Mueble-de-bano-madera-natural-scaled.jpg","contentUrl":"https:\/\/ancestralroute.com\/wp-content\/uploads\/2025\/08\/Mueble-de-bano-madera-natural-scaled.jpg","width":2560,"height":2560},{"@type":"BreadcrumbList","@id":"https:\/\/ancestralroute.com\/fr\/producto\/meuble-de-salle-de-bain-en-bois-massif-de-teck\/#breadcrumb","itemListElement":[{"@type":"ListItem","position":1,"name":"Accueil","item":"https:\/\/ancestralroute.com\/fr\/"},{"@type":"ListItem","position":2,"name":"Boutique","item":"https:\/\/ancestralroute.com\/fr\/boutique\/"},{"@type":"ListItem","position":3,"name":"Meuble de salle de bain en bois massif de teck"}]},{"@type":"WebSite","@id":"https:\/\/ancestralroute.com\/fr\/#website","url":"https:\/\/ancestralroute.com\/fr\/","name":"Ancestral route","description":"","potentialAction":[{"@type":"SearchAction","target":{"@type":"EntryPoint","urlTemplate":"https:\/\/ancestralroute.com\/fr\/?s={search_term_string}"},"query-input":{"@type":"PropertyValueSpecification","valueRequired":true,"valueName":"search_term_string"}}],"inLanguage":"fr-FR"}]}},"_links":{"self":[{"href":"https:\/\/ancestralroute.com\/fr\/wp-json\/wp\/v2\/product\/3924","targetHints":{"allow":["GET"]}}],"collection":[{"href":"https:\/\/ancestralroute.com\/fr\/wp-json\/wp\/v2\/product"}],"about":[{"href":"https:\/\/ancestralroute.com\/fr\/wp-json\/wp\/v2\/types\/product"}],"wp:featuredmedia":[{"embeddable":true,"href":"https:\/\/ancestralroute.com\/fr\/wp-json\/wp\/v2\/media\/3894"}],"wp:attachment":[{"href":"https:\/\/ancestralroute.com\/fr\/wp-json\/wp\/v2\/media?parent=3924"}],"wp:term":[{"taxonomy":"product_brand","embeddable":true,"href":"https:\/\/ancestralroute.com\/fr\/wp-json\/wp\/v2\/product_brand?post=3924"},{"taxonomy":"product_cat","embeddable":true,"href":"https:\/\/ancestralroute.com\/fr\/wp-json\/wp\/v2\/product_cat?post=3924"},{"taxonomy":"product_tag","embeddable":true,"href":"https:\/\/ancestralroute.com\/fr\/wp-json\/wp\/v2\/product_tag?post=3924"}],"curies":[{"name":"wp","href":"https:\/\/api.w.org\/{rel}","templated":true}]}}