{"id":3926,"date":"2025-08-27T08:47:19","date_gmt":"2025-08-27T08:47:19","guid":{"rendered":"https:\/\/ancestralroute.com\/producto\/porte-de-salle-de-bain-en-teck-recupere\/"},"modified":"2025-08-27T08:47:19","modified_gmt":"2025-08-27T08:47:19","slug":"porte-de-salle-de-bain-en-teck-recupere","status":"publish","type":"product","link":"https:\/\/ancestralroute.com\/fr\/producto\/porte-de-salle-de-bain-en-teck-recupere\/","title":{"rendered":"Porte de salle de bain en teck r\u00e9cup\u00e9r\u00e9"},"content":{"rendered":"<p>Porte coulissante fabriqu\u00e9e artisanalement en teck pour apporter l\u00e9g\u00e8ret\u00e9, intimit\u00e9 et harmonie \u00e0 l&rsquo;espace. Ses lignes naturelles et le jeu d\u00e9licat du bois \u00e9voquent le calme des int\u00e9rieurs traditionnels de la Route de la Soie, transformant la salle de bains en un havre de s\u00e9r\u00e9nit\u00e9 et d&rsquo;\u00e9quilibre. <\/p>\n","protected":false},"excerpt":{"rendered":"<p>Un panneau qui ouvre la voie \u00e0 la s\u00e9r\u00e9nit\u00e9 int\u00e9rieure. Porte coulissante artisanale de style oriental, un panneau \u00e9l\u00e9gant qui apporte harmonie et distinction \u00e0 votre salle de bain. <\/p>\n","protected":false},"featured_media":3905,"template":"","meta":{"_acf_changed":false},"product_brand":[],"product_cat":[190],"product_tag":[],"class_list":{"0":"post-3926","1":"product","2":"type-product","3":"status-publish","4":"has-post-thumbnail","6":"product_cat-portes-salle-de-bain","8":"first","9":"instock","10":"taxable","11":"shipping-taxable","12":"purchasable","13":"product-type-simple"},"acf":[],"yoast_head":"<!-- This site is optimized with the Yoast SEO plugin v26.7 - https:\/\/yoast.com\/wordpress\/plugins\/seo\/ -->\n<title>Porte de salle de bain en teck r\u00e9cup\u00e9r\u00e9 - Ancestral route<\/title>\n<meta name=\"robots\" content=\"index, follow, max-snippet:-1, max-image-preview:large, max-video-preview:-1\" \/>\n<link rel=\"canonical\" href=\"https:\/\/ancestralroute.com\/fr\/producto\/porte-de-salle-de-bain-en-teck-recupere\/\" \/>\n<meta property=\"og:locale\" content=\"fr_FR\" \/>\n<meta property=\"og:type\" content=\"article\" \/>\n<meta property=\"og:title\" content=\"Porte de salle de bain en teck r\u00e9cup\u00e9r\u00e9 - Ancestral route\" \/>\n<meta property=\"og:description\" content=\"Un panneau qui ouvre la voie \u00e0 la s\u00e9r\u00e9nit\u00e9 int\u00e9rieure. Porte coulissante artisanale de style oriental, un panneau \u00e9l\u00e9gant qui apporte harmonie et distinction \u00e0 votre salle de bain.\" \/>\n<meta property=\"og:url\" content=\"https:\/\/ancestralroute.com\/fr\/producto\/porte-de-salle-de-bain-en-teck-recupere\/\" \/>\n<meta property=\"og:site_name\" content=\"Ancestral route\" \/>\n<meta property=\"og:image\" content=\"https:\/\/ancestralroute.com\/wp-content\/uploads\/2025\/08\/Puerta-de-teca-reciclada.jpg\" \/>\n\t<meta property=\"og:image:width\" content=\"1320\" \/>\n\t<meta property=\"og:image:height\" content=\"1319\" \/>\n\t<meta property=\"og:image:type\" content=\"image\/jpeg\" \/>\n<meta name=\"twitter:card\" content=\"summary_large_image\" \/>\n<script type=\"application\/ld+json\" class=\"yoast-schema-graph\">{\"@context\":\"https:\/\/schema.org\",\"@graph\":[{\"@type\":\"WebPage\",\"@id\":\"https:\/\/ancestralroute.com\/fr\/producto\/porte-de-salle-de-bain-en-teck-recupere\/\",\"url\":\"https:\/\/ancestralroute.com\/fr\/producto\/porte-de-salle-de-bain-en-teck-recupere\/\",\"name\":\"Porte de salle de bain en teck r\u00e9cup\u00e9r\u00e9 - Ancestral route\",\"isPartOf\":{\"@id\":\"https:\/\/ancestralroute.com\/fr\/#website\"},\"primaryImageOfPage\":{\"@id\":\"https:\/\/ancestralroute.com\/fr\/producto\/porte-de-salle-de-bain-en-teck-recupere\/#primaryimage\"},\"image\":{\"@id\":\"https:\/\/ancestralroute.com\/fr\/producto\/porte-de-salle-de-bain-en-teck-recupere\/#primaryimage\"},\"thumbnailUrl\":\"https:\/\/ancestralroute.com\/wp-content\/uploads\/2025\/08\/Puerta-de-teca-reciclada.jpg\",\"datePublished\":\"2025-08-27T08:47:19+00:00\",\"breadcrumb\":{\"@id\":\"https:\/\/ancestralroute.com\/fr\/producto\/porte-de-salle-de-bain-en-teck-recupere\/#breadcrumb\"},\"inLanguage\":\"fr-FR\",\"potentialAction\":[{\"@type\":\"ReadAction\",\"target\":[\"https:\/\/ancestralroute.com\/fr\/producto\/porte-de-salle-de-bain-en-teck-recupere\/\"]}]},{\"@type\":\"ImageObject\",\"inLanguage\":\"fr-FR\",\"@id\":\"https:\/\/ancestralroute.com\/fr\/producto\/porte-de-salle-de-bain-en-teck-recupere\/#primaryimage\",\"url\":\"https:\/\/ancestralroute.com\/wp-content\/uploads\/2025\/08\/Puerta-de-teca-reciclada.jpg\",\"contentUrl\":\"https:\/\/ancestralroute.com\/wp-content\/uploads\/2025\/08\/Puerta-de-teca-reciclada.jpg\",\"width\":1320,\"height\":1319},{\"@type\":\"BreadcrumbList\",\"@id\":\"https:\/\/ancestralroute.com\/fr\/producto\/porte-de-salle-de-bain-en-teck-recupere\/#breadcrumb\",\"itemListElement\":[{\"@type\":\"ListItem\",\"position\":1,\"name\":\"Accueil\",\"item\":\"https:\/\/ancestralroute.com\/fr\/\"},{\"@type\":\"ListItem\",\"position\":2,\"name\":\"Boutique\",\"item\":\"https:\/\/ancestralroute.com\/fr\/boutique\/\"},{\"@type\":\"ListItem\",\"position\":3,\"name\":\"Porte de salle de bain en teck r\u00e9cup\u00e9r\u00e9\"}]},{\"@type\":\"WebSite\",\"@id\":\"https:\/\/ancestralroute.com\/fr\/#website\",\"url\":\"https:\/\/ancestralroute.com\/fr\/\",\"name\":\"Ancestral route\",\"description\":\"\",\"potentialAction\":[{\"@type\":\"SearchAction\",\"target\":{\"@type\":\"EntryPoint\",\"urlTemplate\":\"https:\/\/ancestralroute.com\/fr\/?s={search_term_string}\"},\"query-input\":{\"@type\":\"PropertyValueSpecification\",\"valueRequired\":true,\"valueName\":\"search_term_string\"}}],\"inLanguage\":\"fr-FR\"}]}<\/script>\n<!-- \/ Yoast SEO plugin. -->","yoast_head_json":{"title":"Porte de salle de bain en teck r\u00e9cup\u00e9r\u00e9 - Ancestral route","robots":{"index":"index","follow":"follow","max-snippet":"max-snippet:-1","max-image-preview":"max-image-preview:large","max-video-preview":"max-video-preview:-1"},"canonical":"https:\/\/ancestralroute.com\/fr\/producto\/porte-de-salle-de-bain-en-teck-recupere\/","og_locale":"fr_FR","og_type":"article","og_title":"Porte de salle de bain en teck r\u00e9cup\u00e9r\u00e9 - Ancestral route","og_description":"Un panneau qui ouvre la voie \u00e0 la s\u00e9r\u00e9nit\u00e9 int\u00e9rieure. Porte coulissante artisanale de style oriental, un panneau \u00e9l\u00e9gant qui apporte harmonie et distinction \u00e0 votre salle de bain.","og_url":"https:\/\/ancestralroute.com\/fr\/producto\/porte-de-salle-de-bain-en-teck-recupere\/","og_site_name":"Ancestral route","og_image":[{"width":1320,"height":1319,"url":"https:\/\/ancestralroute.com\/wp-content\/uploads\/2025\/08\/Puerta-de-teca-reciclada.jpg","type":"image\/jpeg"}],"twitter_card":"summary_large_image","schema":{"@context":"https:\/\/schema.org","@graph":[{"@type":"WebPage","@id":"https:\/\/ancestralroute.com\/fr\/producto\/porte-de-salle-de-bain-en-teck-recupere\/","url":"https:\/\/ancestralroute.com\/fr\/producto\/porte-de-salle-de-bain-en-teck-recupere\/","name":"Porte de salle de bain en teck r\u00e9cup\u00e9r\u00e9 - Ancestral route","isPartOf":{"@id":"https:\/\/ancestralroute.com\/fr\/#website"},"primaryImageOfPage":{"@id":"https:\/\/ancestralroute.com\/fr\/producto\/porte-de-salle-de-bain-en-teck-recupere\/#primaryimage"},"image":{"@id":"https:\/\/ancestralroute.com\/fr\/producto\/porte-de-salle-de-bain-en-teck-recupere\/#primaryimage"},"thumbnailUrl":"https:\/\/ancestralroute.com\/wp-content\/uploads\/2025\/08\/Puerta-de-teca-reciclada.jpg","datePublished":"2025-08-27T08:47:19+00:00","breadcrumb":{"@id":"https:\/\/ancestralroute.com\/fr\/producto\/porte-de-salle-de-bain-en-teck-recupere\/#breadcrumb"},"inLanguage":"fr-FR","potentialAction":[{"@type":"ReadAction","target":["https:\/\/ancestralroute.com\/fr\/producto\/porte-de-salle-de-bain-en-teck-recupere\/"]}]},{"@type":"ImageObject","inLanguage":"fr-FR","@id":"https:\/\/ancestralroute.com\/fr\/producto\/porte-de-salle-de-bain-en-teck-recupere\/#primaryimage","url":"https:\/\/ancestralroute.com\/wp-content\/uploads\/2025\/08\/Puerta-de-teca-reciclada.jpg","contentUrl":"https:\/\/ancestralroute.com\/wp-content\/uploads\/2025\/08\/Puerta-de-teca-reciclada.jpg","width":1320,"height":1319},{"@type":"BreadcrumbList","@id":"https:\/\/ancestralroute.com\/fr\/producto\/porte-de-salle-de-bain-en-teck-recupere\/#breadcrumb","itemListElement":[{"@type":"ListItem","position":1,"name":"Accueil","item":"https:\/\/ancestralroute.com\/fr\/"},{"@type":"ListItem","position":2,"name":"Boutique","item":"https:\/\/ancestralroute.com\/fr\/boutique\/"},{"@type":"ListItem","position":3,"name":"Porte de salle de bain en teck r\u00e9cup\u00e9r\u00e9"}]},{"@type":"WebSite","@id":"https:\/\/ancestralroute.com\/fr\/#website","url":"https:\/\/ancestralroute.com\/fr\/","name":"Ancestral route","description":"","potentialAction":[{"@type":"SearchAction","target":{"@type":"EntryPoint","urlTemplate":"https:\/\/ancestralroute.com\/fr\/?s={search_term_string}"},"query-input":{"@type":"PropertyValueSpecification","valueRequired":true,"valueName":"search_term_string"}}],"inLanguage":"fr-FR"}]}},"_links":{"self":[{"href":"https:\/\/ancestralroute.com\/fr\/wp-json\/wp\/v2\/product\/3926","targetHints":{"allow":["GET"]}}],"collection":[{"href":"https:\/\/ancestralroute.com\/fr\/wp-json\/wp\/v2\/product"}],"about":[{"href":"https:\/\/ancestralroute.com\/fr\/wp-json\/wp\/v2\/types\/product"}],"wp:featuredmedia":[{"embeddable":true,"href":"https:\/\/ancestralroute.com\/fr\/wp-json\/wp\/v2\/media\/3905"}],"wp:attachment":[{"href":"https:\/\/ancestralroute.com\/fr\/wp-json\/wp\/v2\/media?parent=3926"}],"wp:term":[{"taxonomy":"product_brand","embeddable":true,"href":"https:\/\/ancestralroute.com\/fr\/wp-json\/wp\/v2\/product_brand?post=3926"},{"taxonomy":"product_cat","embeddable":true,"href":"https:\/\/ancestralroute.com\/fr\/wp-json\/wp\/v2\/product_cat?post=3926"},{"taxonomy":"product_tag","embeddable":true,"href":"https:\/\/ancestralroute.com\/fr\/wp-json\/wp\/v2\/product_tag?post=3926"}],"curies":[{"name":"wp","href":"https:\/\/api.w.org\/{rel}","templated":true}]}}