{"id":3928,"date":"2025-08-27T07:56:45","date_gmt":"2025-08-27T07:56:45","guid":{"rendered":"https:\/\/ancestralroute.com\/producto\/baignoire-artisanale-en-ceramique-emaillee-blanche-avec-pieds\/"},"modified":"2025-08-27T07:56:45","modified_gmt":"2025-08-27T07:56:45","slug":"baignoire-artisanale-en-ceramique-emaillee-blanche-avec-pieds","status":"publish","type":"product","link":"https:\/\/ancestralroute.com\/fr\/producto\/baignoire-artisanale-en-ceramique-emaillee-blanche-avec-pieds\/","title":{"rendered":"Baignoire artisanale en c\u00e9ramique \u00e9maill\u00e9e blanche avec pieds"},"content":{"rendered":"<p>Une pi\u00e8ce qui rend hommage \u00e0 l&rsquo;\u00e9l\u00e9gance intemporelle. Cette baignoire en c\u00e9ramique artisanale, avec une finition \u00e9maill\u00e9e blanche et des pieds sculpt\u00e9s, \u00e9voque les anciens bains orientaux. Son design, r\u00e9interpr\u00e9t\u00e9 dans le respect de la tradition artisanale, invite \u00e0 la d\u00e9tente et au rituel, transformant la salle de bain en un espace de calme et de distinction.  <\/p>\n","protected":false},"excerpt":{"rendered":"<p>Un espace propice \u00e0 la d\u00e9tente et \u00e0 la s\u00e9r\u00e9nit\u00e9. Baignoire artisanale en c\u00e9ramique \u00e9maill\u00e9e blanche avec pieds, un joyau classique qui apporte \u00e9l\u00e9gance et s\u00e9r\u00e9nit\u00e9 \u00e0 votre salle de bain. <\/p>\n","protected":false},"featured_media":1942,"template":"","meta":{"_acf_changed":false},"product_brand":[],"product_cat":[186],"product_tag":[],"class_list":{"0":"post-3928","1":"product","2":"type-product","3":"status-publish","4":"has-post-thumbnail","6":"product_cat-baignoires","8":"first","9":"outofstock","10":"taxable","11":"shipping-taxable","12":"product-type-simple"},"acf":[],"yoast_head":"<!-- This site is optimized with the Yoast SEO plugin v26.7 - https:\/\/yoast.com\/wordpress\/plugins\/seo\/ -->\n<title>Baignoire artisanale en c\u00e9ramique \u00e9maill\u00e9e blanche avec pieds - Ancestral route<\/title>\n<meta name=\"robots\" content=\"index, follow, max-snippet:-1, max-image-preview:large, max-video-preview:-1\" \/>\n<link rel=\"canonical\" href=\"https:\/\/ancestralroute.com\/fr\/producto\/baignoire-artisanale-en-ceramique-emaillee-blanche-avec-pieds\/\" \/>\n<meta property=\"og:locale\" content=\"fr_FR\" \/>\n<meta property=\"og:type\" content=\"article\" \/>\n<meta property=\"og:title\" content=\"Baignoire artisanale en c\u00e9ramique \u00e9maill\u00e9e blanche avec pieds - Ancestral route\" \/>\n<meta property=\"og:description\" content=\"Un espace propice \u00e0 la d\u00e9tente et \u00e0 la s\u00e9r\u00e9nit\u00e9. Baignoire artisanale en c\u00e9ramique \u00e9maill\u00e9e blanche avec pieds, un joyau classique qui apporte \u00e9l\u00e9gance et s\u00e9r\u00e9nit\u00e9 \u00e0 votre salle de bain.\" \/>\n<meta property=\"og:url\" content=\"https:\/\/ancestralroute.com\/fr\/producto\/baignoire-artisanale-en-ceramique-emaillee-blanche-avec-pieds\/\" \/>\n<meta property=\"og:site_name\" content=\"Ancestral route\" \/>\n<meta property=\"og:image\" content=\"https:\/\/ancestralroute.com\/wp-content\/uploads\/2025\/07\/Banera-e1756400192343.jpg\" \/>\n\t<meta property=\"og:image:width\" content=\"600\" \/>\n\t<meta property=\"og:image:height\" content=\"600\" \/>\n\t<meta property=\"og:image:type\" content=\"image\/jpeg\" \/>\n<meta name=\"twitter:card\" content=\"summary_large_image\" \/>\n<script type=\"application\/ld+json\" class=\"yoast-schema-graph\">{\"@context\":\"https:\/\/schema.org\",\"@graph\":[{\"@type\":\"WebPage\",\"@id\":\"https:\/\/ancestralroute.com\/fr\/producto\/baignoire-artisanale-en-ceramique-emaillee-blanche-avec-pieds\/\",\"url\":\"https:\/\/ancestralroute.com\/fr\/producto\/baignoire-artisanale-en-ceramique-emaillee-blanche-avec-pieds\/\",\"name\":\"Baignoire artisanale en c\u00e9ramique \u00e9maill\u00e9e blanche avec pieds - Ancestral route\",\"isPartOf\":{\"@id\":\"https:\/\/ancestralroute.com\/fr\/#website\"},\"primaryImageOfPage\":{\"@id\":\"https:\/\/ancestralroute.com\/fr\/producto\/baignoire-artisanale-en-ceramique-emaillee-blanche-avec-pieds\/#primaryimage\"},\"image\":{\"@id\":\"https:\/\/ancestralroute.com\/fr\/producto\/baignoire-artisanale-en-ceramique-emaillee-blanche-avec-pieds\/#primaryimage\"},\"thumbnailUrl\":\"https:\/\/ancestralroute.com\/wp-content\/uploads\/2025\/07\/Banera-e1756400192343.jpg\",\"datePublished\":\"2025-08-27T07:56:45+00:00\",\"breadcrumb\":{\"@id\":\"https:\/\/ancestralroute.com\/fr\/producto\/baignoire-artisanale-en-ceramique-emaillee-blanche-avec-pieds\/#breadcrumb\"},\"inLanguage\":\"fr-FR\",\"potentialAction\":[{\"@type\":\"ReadAction\",\"target\":[\"https:\/\/ancestralroute.com\/fr\/producto\/baignoire-artisanale-en-ceramique-emaillee-blanche-avec-pieds\/\"]}]},{\"@type\":\"ImageObject\",\"inLanguage\":\"fr-FR\",\"@id\":\"https:\/\/ancestralroute.com\/fr\/producto\/baignoire-artisanale-en-ceramique-emaillee-blanche-avec-pieds\/#primaryimage\",\"url\":\"https:\/\/ancestralroute.com\/wp-content\/uploads\/2025\/07\/Banera-e1756400192343.jpg\",\"contentUrl\":\"https:\/\/ancestralroute.com\/wp-content\/uploads\/2025\/07\/Banera-e1756400192343.jpg\",\"width\":600,\"height\":600},{\"@type\":\"BreadcrumbList\",\"@id\":\"https:\/\/ancestralroute.com\/fr\/producto\/baignoire-artisanale-en-ceramique-emaillee-blanche-avec-pieds\/#breadcrumb\",\"itemListElement\":[{\"@type\":\"ListItem\",\"position\":1,\"name\":\"Accueil\",\"item\":\"https:\/\/ancestralroute.com\/fr\/\"},{\"@type\":\"ListItem\",\"position\":2,\"name\":\"Boutique\",\"item\":\"https:\/\/ancestralroute.com\/fr\/boutique\/\"},{\"@type\":\"ListItem\",\"position\":3,\"name\":\"Baignoire artisanale en c\u00e9ramique \u00e9maill\u00e9e blanche avec pieds\"}]},{\"@type\":\"WebSite\",\"@id\":\"https:\/\/ancestralroute.com\/fr\/#website\",\"url\":\"https:\/\/ancestralroute.com\/fr\/\",\"name\":\"Ancestral route\",\"description\":\"\",\"potentialAction\":[{\"@type\":\"SearchAction\",\"target\":{\"@type\":\"EntryPoint\",\"urlTemplate\":\"https:\/\/ancestralroute.com\/fr\/?s={search_term_string}\"},\"query-input\":{\"@type\":\"PropertyValueSpecification\",\"valueRequired\":true,\"valueName\":\"search_term_string\"}}],\"inLanguage\":\"fr-FR\"}]}<\/script>\n<!-- \/ Yoast SEO plugin. -->","yoast_head_json":{"title":"Baignoire artisanale en c\u00e9ramique \u00e9maill\u00e9e blanche avec pieds - Ancestral route","robots":{"index":"index","follow":"follow","max-snippet":"max-snippet:-1","max-image-preview":"max-image-preview:large","max-video-preview":"max-video-preview:-1"},"canonical":"https:\/\/ancestralroute.com\/fr\/producto\/baignoire-artisanale-en-ceramique-emaillee-blanche-avec-pieds\/","og_locale":"fr_FR","og_type":"article","og_title":"Baignoire artisanale en c\u00e9ramique \u00e9maill\u00e9e blanche avec pieds - Ancestral route","og_description":"Un espace propice \u00e0 la d\u00e9tente et \u00e0 la s\u00e9r\u00e9nit\u00e9. Baignoire artisanale en c\u00e9ramique \u00e9maill\u00e9e blanche avec pieds, un joyau classique qui apporte \u00e9l\u00e9gance et s\u00e9r\u00e9nit\u00e9 \u00e0 votre salle de bain.","og_url":"https:\/\/ancestralroute.com\/fr\/producto\/baignoire-artisanale-en-ceramique-emaillee-blanche-avec-pieds\/","og_site_name":"Ancestral route","og_image":[{"width":600,"height":600,"url":"https:\/\/ancestralroute.com\/wp-content\/uploads\/2025\/07\/Banera-e1756400192343.jpg","type":"image\/jpeg"}],"twitter_card":"summary_large_image","schema":{"@context":"https:\/\/schema.org","@graph":[{"@type":"WebPage","@id":"https:\/\/ancestralroute.com\/fr\/producto\/baignoire-artisanale-en-ceramique-emaillee-blanche-avec-pieds\/","url":"https:\/\/ancestralroute.com\/fr\/producto\/baignoire-artisanale-en-ceramique-emaillee-blanche-avec-pieds\/","name":"Baignoire artisanale en c\u00e9ramique \u00e9maill\u00e9e blanche avec pieds - Ancestral route","isPartOf":{"@id":"https:\/\/ancestralroute.com\/fr\/#website"},"primaryImageOfPage":{"@id":"https:\/\/ancestralroute.com\/fr\/producto\/baignoire-artisanale-en-ceramique-emaillee-blanche-avec-pieds\/#primaryimage"},"image":{"@id":"https:\/\/ancestralroute.com\/fr\/producto\/baignoire-artisanale-en-ceramique-emaillee-blanche-avec-pieds\/#primaryimage"},"thumbnailUrl":"https:\/\/ancestralroute.com\/wp-content\/uploads\/2025\/07\/Banera-e1756400192343.jpg","datePublished":"2025-08-27T07:56:45+00:00","breadcrumb":{"@id":"https:\/\/ancestralroute.com\/fr\/producto\/baignoire-artisanale-en-ceramique-emaillee-blanche-avec-pieds\/#breadcrumb"},"inLanguage":"fr-FR","potentialAction":[{"@type":"ReadAction","target":["https:\/\/ancestralroute.com\/fr\/producto\/baignoire-artisanale-en-ceramique-emaillee-blanche-avec-pieds\/"]}]},{"@type":"ImageObject","inLanguage":"fr-FR","@id":"https:\/\/ancestralroute.com\/fr\/producto\/baignoire-artisanale-en-ceramique-emaillee-blanche-avec-pieds\/#primaryimage","url":"https:\/\/ancestralroute.com\/wp-content\/uploads\/2025\/07\/Banera-e1756400192343.jpg","contentUrl":"https:\/\/ancestralroute.com\/wp-content\/uploads\/2025\/07\/Banera-e1756400192343.jpg","width":600,"height":600},{"@type":"BreadcrumbList","@id":"https:\/\/ancestralroute.com\/fr\/producto\/baignoire-artisanale-en-ceramique-emaillee-blanche-avec-pieds\/#breadcrumb","itemListElement":[{"@type":"ListItem","position":1,"name":"Accueil","item":"https:\/\/ancestralroute.com\/fr\/"},{"@type":"ListItem","position":2,"name":"Boutique","item":"https:\/\/ancestralroute.com\/fr\/boutique\/"},{"@type":"ListItem","position":3,"name":"Baignoire artisanale en c\u00e9ramique \u00e9maill\u00e9e blanche avec pieds"}]},{"@type":"WebSite","@id":"https:\/\/ancestralroute.com\/fr\/#website","url":"https:\/\/ancestralroute.com\/fr\/","name":"Ancestral route","description":"","potentialAction":[{"@type":"SearchAction","target":{"@type":"EntryPoint","urlTemplate":"https:\/\/ancestralroute.com\/fr\/?s={search_term_string}"},"query-input":{"@type":"PropertyValueSpecification","valueRequired":true,"valueName":"search_term_string"}}],"inLanguage":"fr-FR"}]}},"_links":{"self":[{"href":"https:\/\/ancestralroute.com\/fr\/wp-json\/wp\/v2\/product\/3928","targetHints":{"allow":["GET"]}}],"collection":[{"href":"https:\/\/ancestralroute.com\/fr\/wp-json\/wp\/v2\/product"}],"about":[{"href":"https:\/\/ancestralroute.com\/fr\/wp-json\/wp\/v2\/types\/product"}],"wp:featuredmedia":[{"embeddable":true,"href":"https:\/\/ancestralroute.com\/fr\/wp-json\/wp\/v2\/media\/1942"}],"wp:attachment":[{"href":"https:\/\/ancestralroute.com\/fr\/wp-json\/wp\/v2\/media?parent=3928"}],"wp:term":[{"taxonomy":"product_brand","embeddable":true,"href":"https:\/\/ancestralroute.com\/fr\/wp-json\/wp\/v2\/product_brand?post=3928"},{"taxonomy":"product_cat","embeddable":true,"href":"https:\/\/ancestralroute.com\/fr\/wp-json\/wp\/v2\/product_cat?post=3928"},{"taxonomy":"product_tag","embeddable":true,"href":"https:\/\/ancestralroute.com\/fr\/wp-json\/wp\/v2\/product_tag?post=3928"}],"curies":[{"name":"wp","href":"https:\/\/api.w.org\/{rel}","templated":true}]}}