{"id":3931,"date":"2025-08-27T07:46:46","date_gmt":"2025-08-27T07:46:46","guid":{"rendered":"https:\/\/ancestralroute.com\/producto\/lavabo-en-ceramique-orientale-peint-a-la-main\/"},"modified":"2025-08-27T07:46:46","modified_gmt":"2025-08-27T07:46:46","slug":"lavabo-en-ceramique-orientale-peint-a-la-main","status":"publish","type":"product","link":"https:\/\/ancestralroute.com\/fr\/producto\/lavabo-en-ceramique-orientale-peint-a-la-main\/","title":{"rendered":"Lavabo en c\u00e9ramique orientale peint \u00e0 la main"},"content":{"rendered":"<p>Ce petit lavabo en c\u00e9ramique \u00e9maill\u00e9e allie tradition et art dans chaque d\u00e9tail. Fabriqu\u00e9 de mani\u00e8re artisanale, il pr\u00e9sente de d\u00e9licates peintures orientales inspir\u00e9es des motifs de la Route de la Soie, qui apportent une touche unique et exotique \u00e0 n&rsquo;importe quel espace. Sa taille compacte en fait le choix id\u00e9al pour les salles de bains d&rsquo;invit\u00e9s ou les coins sp\u00e9ciaux, alliant fonctionnalit\u00e9 et \u00e9l\u00e9gance.  <\/p>\n","protected":false},"excerpt":{"rendered":"<p>Un petit tr\u00e9sor de la Route de la Soie : des c\u00e9ramiques \u00e9maill\u00e9es et peintes \u00e0 la main avec de d\u00e9licats motifs orientaux, qui transforment n&rsquo;importe quel coin en un espace plein de charme et de tradition.<\/p>\n","protected":false},"featured_media":1956,"template":"","meta":{"_acf_changed":false},"product_brand":[],"product_cat":[188],"product_tag":[],"class_list":{"0":"post-3931","1":"product","2":"type-product","3":"status-publish","4":"has-post-thumbnail","6":"product_cat-lavabos","8":"first","9":"outofstock","10":"taxable","11":"shipping-taxable","12":"product-type-simple"},"acf":[],"yoast_head":"<!-- This site is optimized with the Yoast SEO plugin v26.7 - https:\/\/yoast.com\/wordpress\/plugins\/seo\/ -->\n<title>Lavabo en c\u00e9ramique orientale peint \u00e0 la main - Ancestral route<\/title>\n<meta name=\"robots\" content=\"index, follow, max-snippet:-1, max-image-preview:large, max-video-preview:-1\" \/>\n<link rel=\"canonical\" href=\"https:\/\/ancestralroute.com\/fr\/producto\/lavabo-en-ceramique-orientale-peint-a-la-main\/\" \/>\n<meta property=\"og:locale\" content=\"fr_FR\" \/>\n<meta property=\"og:type\" content=\"article\" \/>\n<meta property=\"og:title\" content=\"Lavabo en c\u00e9ramique orientale peint \u00e0 la main - Ancestral route\" \/>\n<meta property=\"og:description\" content=\"Un petit tr\u00e9sor de la Route de la Soie : des c\u00e9ramiques \u00e9maill\u00e9es et peintes \u00e0 la main avec de d\u00e9licats motifs orientaux, qui transforment n&#039;importe quel coin en un espace plein de charme et de tradition.\" \/>\n<meta property=\"og:url\" content=\"https:\/\/ancestralroute.com\/fr\/producto\/lavabo-en-ceramique-orientale-peint-a-la-main\/\" \/>\n<meta property=\"og:site_name\" content=\"Ancestral route\" \/>\n<meta property=\"og:image\" content=\"https:\/\/ancestralroute.com\/wp-content\/uploads\/2025\/07\/Lavamanos_2.jpg\" \/>\n\t<meta property=\"og:image:width\" content=\"800\" \/>\n\t<meta property=\"og:image:height\" content=\"800\" \/>\n\t<meta property=\"og:image:type\" content=\"image\/jpeg\" \/>\n<meta name=\"twitter:card\" content=\"summary_large_image\" \/>\n<script type=\"application\/ld+json\" class=\"yoast-schema-graph\">{\"@context\":\"https:\/\/schema.org\",\"@graph\":[{\"@type\":\"WebPage\",\"@id\":\"https:\/\/ancestralroute.com\/fr\/producto\/lavabo-en-ceramique-orientale-peint-a-la-main\/\",\"url\":\"https:\/\/ancestralroute.com\/fr\/producto\/lavabo-en-ceramique-orientale-peint-a-la-main\/\",\"name\":\"Lavabo en c\u00e9ramique orientale peint \u00e0 la main - Ancestral route\",\"isPartOf\":{\"@id\":\"https:\/\/ancestralroute.com\/fr\/#website\"},\"primaryImageOfPage\":{\"@id\":\"https:\/\/ancestralroute.com\/fr\/producto\/lavabo-en-ceramique-orientale-peint-a-la-main\/#primaryimage\"},\"image\":{\"@id\":\"https:\/\/ancestralroute.com\/fr\/producto\/lavabo-en-ceramique-orientale-peint-a-la-main\/#primaryimage\"},\"thumbnailUrl\":\"https:\/\/ancestralroute.com\/wp-content\/uploads\/2025\/07\/Lavamanos_2.jpg\",\"datePublished\":\"2025-08-27T07:46:46+00:00\",\"breadcrumb\":{\"@id\":\"https:\/\/ancestralroute.com\/fr\/producto\/lavabo-en-ceramique-orientale-peint-a-la-main\/#breadcrumb\"},\"inLanguage\":\"fr-FR\",\"potentialAction\":[{\"@type\":\"ReadAction\",\"target\":[\"https:\/\/ancestralroute.com\/fr\/producto\/lavabo-en-ceramique-orientale-peint-a-la-main\/\"]}]},{\"@type\":\"ImageObject\",\"inLanguage\":\"fr-FR\",\"@id\":\"https:\/\/ancestralroute.com\/fr\/producto\/lavabo-en-ceramique-orientale-peint-a-la-main\/#primaryimage\",\"url\":\"https:\/\/ancestralroute.com\/wp-content\/uploads\/2025\/07\/Lavamanos_2.jpg\",\"contentUrl\":\"https:\/\/ancestralroute.com\/wp-content\/uploads\/2025\/07\/Lavamanos_2.jpg\",\"width\":800,\"height\":800},{\"@type\":\"BreadcrumbList\",\"@id\":\"https:\/\/ancestralroute.com\/fr\/producto\/lavabo-en-ceramique-orientale-peint-a-la-main\/#breadcrumb\",\"itemListElement\":[{\"@type\":\"ListItem\",\"position\":1,\"name\":\"Accueil\",\"item\":\"https:\/\/ancestralroute.com\/fr\/\"},{\"@type\":\"ListItem\",\"position\":2,\"name\":\"Boutique\",\"item\":\"https:\/\/ancestralroute.com\/fr\/boutique\/\"},{\"@type\":\"ListItem\",\"position\":3,\"name\":\"Lavabo en c\u00e9ramique orientale peint \u00e0 la main\"}]},{\"@type\":\"WebSite\",\"@id\":\"https:\/\/ancestralroute.com\/fr\/#website\",\"url\":\"https:\/\/ancestralroute.com\/fr\/\",\"name\":\"Ancestral route\",\"description\":\"\",\"potentialAction\":[{\"@type\":\"SearchAction\",\"target\":{\"@type\":\"EntryPoint\",\"urlTemplate\":\"https:\/\/ancestralroute.com\/fr\/?s={search_term_string}\"},\"query-input\":{\"@type\":\"PropertyValueSpecification\",\"valueRequired\":true,\"valueName\":\"search_term_string\"}}],\"inLanguage\":\"fr-FR\"}]}<\/script>\n<!-- \/ Yoast SEO plugin. -->","yoast_head_json":{"title":"Lavabo en c\u00e9ramique orientale peint \u00e0 la main - Ancestral route","robots":{"index":"index","follow":"follow","max-snippet":"max-snippet:-1","max-image-preview":"max-image-preview:large","max-video-preview":"max-video-preview:-1"},"canonical":"https:\/\/ancestralroute.com\/fr\/producto\/lavabo-en-ceramique-orientale-peint-a-la-main\/","og_locale":"fr_FR","og_type":"article","og_title":"Lavabo en c\u00e9ramique orientale peint \u00e0 la main - Ancestral route","og_description":"Un petit tr\u00e9sor de la Route de la Soie : des c\u00e9ramiques \u00e9maill\u00e9es et peintes \u00e0 la main avec de d\u00e9licats motifs orientaux, qui transforment n'importe quel coin en un espace plein de charme et de tradition.","og_url":"https:\/\/ancestralroute.com\/fr\/producto\/lavabo-en-ceramique-orientale-peint-a-la-main\/","og_site_name":"Ancestral route","og_image":[{"width":800,"height":800,"url":"https:\/\/ancestralroute.com\/wp-content\/uploads\/2025\/07\/Lavamanos_2.jpg","type":"image\/jpeg"}],"twitter_card":"summary_large_image","schema":{"@context":"https:\/\/schema.org","@graph":[{"@type":"WebPage","@id":"https:\/\/ancestralroute.com\/fr\/producto\/lavabo-en-ceramique-orientale-peint-a-la-main\/","url":"https:\/\/ancestralroute.com\/fr\/producto\/lavabo-en-ceramique-orientale-peint-a-la-main\/","name":"Lavabo en c\u00e9ramique orientale peint \u00e0 la main - Ancestral route","isPartOf":{"@id":"https:\/\/ancestralroute.com\/fr\/#website"},"primaryImageOfPage":{"@id":"https:\/\/ancestralroute.com\/fr\/producto\/lavabo-en-ceramique-orientale-peint-a-la-main\/#primaryimage"},"image":{"@id":"https:\/\/ancestralroute.com\/fr\/producto\/lavabo-en-ceramique-orientale-peint-a-la-main\/#primaryimage"},"thumbnailUrl":"https:\/\/ancestralroute.com\/wp-content\/uploads\/2025\/07\/Lavamanos_2.jpg","datePublished":"2025-08-27T07:46:46+00:00","breadcrumb":{"@id":"https:\/\/ancestralroute.com\/fr\/producto\/lavabo-en-ceramique-orientale-peint-a-la-main\/#breadcrumb"},"inLanguage":"fr-FR","potentialAction":[{"@type":"ReadAction","target":["https:\/\/ancestralroute.com\/fr\/producto\/lavabo-en-ceramique-orientale-peint-a-la-main\/"]}]},{"@type":"ImageObject","inLanguage":"fr-FR","@id":"https:\/\/ancestralroute.com\/fr\/producto\/lavabo-en-ceramique-orientale-peint-a-la-main\/#primaryimage","url":"https:\/\/ancestralroute.com\/wp-content\/uploads\/2025\/07\/Lavamanos_2.jpg","contentUrl":"https:\/\/ancestralroute.com\/wp-content\/uploads\/2025\/07\/Lavamanos_2.jpg","width":800,"height":800},{"@type":"BreadcrumbList","@id":"https:\/\/ancestralroute.com\/fr\/producto\/lavabo-en-ceramique-orientale-peint-a-la-main\/#breadcrumb","itemListElement":[{"@type":"ListItem","position":1,"name":"Accueil","item":"https:\/\/ancestralroute.com\/fr\/"},{"@type":"ListItem","position":2,"name":"Boutique","item":"https:\/\/ancestralroute.com\/fr\/boutique\/"},{"@type":"ListItem","position":3,"name":"Lavabo en c\u00e9ramique orientale peint \u00e0 la main"}]},{"@type":"WebSite","@id":"https:\/\/ancestralroute.com\/fr\/#website","url":"https:\/\/ancestralroute.com\/fr\/","name":"Ancestral route","description":"","potentialAction":[{"@type":"SearchAction","target":{"@type":"EntryPoint","urlTemplate":"https:\/\/ancestralroute.com\/fr\/?s={search_term_string}"},"query-input":{"@type":"PropertyValueSpecification","valueRequired":true,"valueName":"search_term_string"}}],"inLanguage":"fr-FR"}]}},"_links":{"self":[{"href":"https:\/\/ancestralroute.com\/fr\/wp-json\/wp\/v2\/product\/3931","targetHints":{"allow":["GET"]}}],"collection":[{"href":"https:\/\/ancestralroute.com\/fr\/wp-json\/wp\/v2\/product"}],"about":[{"href":"https:\/\/ancestralroute.com\/fr\/wp-json\/wp\/v2\/types\/product"}],"wp:featuredmedia":[{"embeddable":true,"href":"https:\/\/ancestralroute.com\/fr\/wp-json\/wp\/v2\/media\/1956"}],"wp:attachment":[{"href":"https:\/\/ancestralroute.com\/fr\/wp-json\/wp\/v2\/media?parent=3931"}],"wp:term":[{"taxonomy":"product_brand","embeddable":true,"href":"https:\/\/ancestralroute.com\/fr\/wp-json\/wp\/v2\/product_brand?post=3931"},{"taxonomy":"product_cat","embeddable":true,"href":"https:\/\/ancestralroute.com\/fr\/wp-json\/wp\/v2\/product_cat?post=3931"},{"taxonomy":"product_tag","embeddable":true,"href":"https:\/\/ancestralroute.com\/fr\/wp-json\/wp\/v2\/product_tag?post=3931"}],"curies":[{"name":"wp","href":"https:\/\/api.w.org\/{rel}","templated":true}]}}