{"id":3933,"date":"2025-08-26T18:13:42","date_gmt":"2025-08-26T18:13:42","guid":{"rendered":"https:\/\/ancestralroute.com\/producto\/pont-en-bois-de-3-metres-de-long-pour-jardin-zen\/"},"modified":"2025-08-26T18:13:42","modified_gmt":"2025-08-26T18:13:42","slug":"pont-en-bois-de-3-metres-de-long-pour-jardin-zen","status":"publish","type":"product","link":"https:\/\/ancestralroute.com\/fr\/producto\/pont-en-bois-de-3-metres-de-long-pour-jardin-zen\/","title":{"rendered":"Pont en bois de 3 m\u00e8tres de long, pour jardin zen"},"content":{"rendered":"<p>Ce pont en bois de 3 m\u00e8tres s&rsquo;inspire des jardins zen traditionnels, o\u00f9 les ponts symbolisent le passage vers la paix int\u00e9rieure. Son design sobre et naturel s&rsquo;int\u00e8gre \u00e0 l&rsquo;eau et \u00e0 la v\u00e9g\u00e9tation, cr\u00e9ant un espace de contemplation et de beaut\u00e9. Plus qu&rsquo;un \u00e9l\u00e9ment fonctionnel, c&rsquo;est une \u0153uvre qui relie les rives, transforme les paysages et fait du jardin un refuge spirituel impr\u00e9gn\u00e9 de l&rsquo;essence de la tradition orientale.  <\/p>\n","protected":false},"excerpt":{"rendered":"<p>Un chemin vers la s\u00e9r\u00e9nit\u00e9. Pont en bois de 3 m\u00e8tres de long, id\u00e9al pour les bassins et les jardins zen. Une pi\u00e8ce artisanale qui apporte \u00e9quilibre et harmonie orientale.  <\/p>\n","protected":false},"featured_media":1936,"template":"","meta":{"_acf_changed":false},"product_brand":[],"product_cat":[201],"product_tag":[],"class_list":{"0":"post-3933","1":"product","2":"type-product","3":"status-publish","4":"has-post-thumbnail","6":"product_cat-jardin","8":"first","9":"outofstock","10":"taxable","11":"shipping-taxable","12":"product-type-simple"},"acf":[],"yoast_head":"<!-- This site is optimized with the Yoast SEO plugin v26.7 - https:\/\/yoast.com\/wordpress\/plugins\/seo\/ -->\n<title>Pont en bois de 3 m\u00e8tres de long, pour jardin zen - Ancestral route<\/title>\n<meta name=\"robots\" content=\"index, follow, max-snippet:-1, max-image-preview:large, max-video-preview:-1\" \/>\n<link rel=\"canonical\" href=\"https:\/\/ancestralroute.com\/fr\/producto\/pont-en-bois-de-3-metres-de-long-pour-jardin-zen\/\" \/>\n<meta property=\"og:locale\" content=\"fr_FR\" \/>\n<meta property=\"og:type\" content=\"article\" \/>\n<meta property=\"og:title\" content=\"Pont en bois de 3 m\u00e8tres de long, pour jardin zen - Ancestral route\" \/>\n<meta property=\"og:description\" content=\"Un chemin vers la s\u00e9r\u00e9nit\u00e9. Pont en bois de 3 m\u00e8tres de long, id\u00e9al pour les bassins et les jardins zen. Une pi\u00e8ce artisanale qui apporte \u00e9quilibre et harmonie orientale.\" \/>\n<meta property=\"og:url\" content=\"https:\/\/ancestralroute.com\/fr\/producto\/pont-en-bois-de-3-metres-de-long-pour-jardin-zen\/\" \/>\n<meta property=\"og:site_name\" content=\"Ancestral route\" \/>\n<meta property=\"og:image\" content=\"https:\/\/ancestralroute.com\/wp-content\/uploads\/2025\/07\/jardin_1.jpg\" \/>\n\t<meta property=\"og:image:width\" content=\"600\" \/>\n\t<meta property=\"og:image:height\" content=\"600\" \/>\n\t<meta property=\"og:image:type\" content=\"image\/jpeg\" \/>\n<meta name=\"twitter:card\" content=\"summary_large_image\" \/>\n<script type=\"application\/ld+json\" class=\"yoast-schema-graph\">{\"@context\":\"https:\/\/schema.org\",\"@graph\":[{\"@type\":\"WebPage\",\"@id\":\"https:\/\/ancestralroute.com\/fr\/producto\/pont-en-bois-de-3-metres-de-long-pour-jardin-zen\/\",\"url\":\"https:\/\/ancestralroute.com\/fr\/producto\/pont-en-bois-de-3-metres-de-long-pour-jardin-zen\/\",\"name\":\"Pont en bois de 3 m\u00e8tres de long, pour jardin zen - Ancestral route\",\"isPartOf\":{\"@id\":\"https:\/\/ancestralroute.com\/fr\/#website\"},\"primaryImageOfPage\":{\"@id\":\"https:\/\/ancestralroute.com\/fr\/producto\/pont-en-bois-de-3-metres-de-long-pour-jardin-zen\/#primaryimage\"},\"image\":{\"@id\":\"https:\/\/ancestralroute.com\/fr\/producto\/pont-en-bois-de-3-metres-de-long-pour-jardin-zen\/#primaryimage\"},\"thumbnailUrl\":\"https:\/\/ancestralroute.com\/wp-content\/uploads\/2025\/07\/jardin_1.jpg\",\"datePublished\":\"2025-08-26T18:13:42+00:00\",\"breadcrumb\":{\"@id\":\"https:\/\/ancestralroute.com\/fr\/producto\/pont-en-bois-de-3-metres-de-long-pour-jardin-zen\/#breadcrumb\"},\"inLanguage\":\"fr-FR\",\"potentialAction\":[{\"@type\":\"ReadAction\",\"target\":[\"https:\/\/ancestralroute.com\/fr\/producto\/pont-en-bois-de-3-metres-de-long-pour-jardin-zen\/\"]}]},{\"@type\":\"ImageObject\",\"inLanguage\":\"fr-FR\",\"@id\":\"https:\/\/ancestralroute.com\/fr\/producto\/pont-en-bois-de-3-metres-de-long-pour-jardin-zen\/#primaryimage\",\"url\":\"https:\/\/ancestralroute.com\/wp-content\/uploads\/2025\/07\/jardin_1.jpg\",\"contentUrl\":\"https:\/\/ancestralroute.com\/wp-content\/uploads\/2025\/07\/jardin_1.jpg\",\"width\":600,\"height\":600},{\"@type\":\"BreadcrumbList\",\"@id\":\"https:\/\/ancestralroute.com\/fr\/producto\/pont-en-bois-de-3-metres-de-long-pour-jardin-zen\/#breadcrumb\",\"itemListElement\":[{\"@type\":\"ListItem\",\"position\":1,\"name\":\"Accueil\",\"item\":\"https:\/\/ancestralroute.com\/fr\/\"},{\"@type\":\"ListItem\",\"position\":2,\"name\":\"Boutique\",\"item\":\"https:\/\/ancestralroute.com\/fr\/boutique\/\"},{\"@type\":\"ListItem\",\"position\":3,\"name\":\"Pont en bois de 3 m\u00e8tres de long, pour jardin zen\"}]},{\"@type\":\"WebSite\",\"@id\":\"https:\/\/ancestralroute.com\/fr\/#website\",\"url\":\"https:\/\/ancestralroute.com\/fr\/\",\"name\":\"Ancestral route\",\"description\":\"\",\"potentialAction\":[{\"@type\":\"SearchAction\",\"target\":{\"@type\":\"EntryPoint\",\"urlTemplate\":\"https:\/\/ancestralroute.com\/fr\/?s={search_term_string}\"},\"query-input\":{\"@type\":\"PropertyValueSpecification\",\"valueRequired\":true,\"valueName\":\"search_term_string\"}}],\"inLanguage\":\"fr-FR\"}]}<\/script>\n<!-- \/ Yoast SEO plugin. -->","yoast_head_json":{"title":"Pont en bois de 3 m\u00e8tres de long, pour jardin zen - Ancestral route","robots":{"index":"index","follow":"follow","max-snippet":"max-snippet:-1","max-image-preview":"max-image-preview:large","max-video-preview":"max-video-preview:-1"},"canonical":"https:\/\/ancestralroute.com\/fr\/producto\/pont-en-bois-de-3-metres-de-long-pour-jardin-zen\/","og_locale":"fr_FR","og_type":"article","og_title":"Pont en bois de 3 m\u00e8tres de long, pour jardin zen - Ancestral route","og_description":"Un chemin vers la s\u00e9r\u00e9nit\u00e9. Pont en bois de 3 m\u00e8tres de long, id\u00e9al pour les bassins et les jardins zen. Une pi\u00e8ce artisanale qui apporte \u00e9quilibre et harmonie orientale.","og_url":"https:\/\/ancestralroute.com\/fr\/producto\/pont-en-bois-de-3-metres-de-long-pour-jardin-zen\/","og_site_name":"Ancestral route","og_image":[{"width":600,"height":600,"url":"https:\/\/ancestralroute.com\/wp-content\/uploads\/2025\/07\/jardin_1.jpg","type":"image\/jpeg"}],"twitter_card":"summary_large_image","schema":{"@context":"https:\/\/schema.org","@graph":[{"@type":"WebPage","@id":"https:\/\/ancestralroute.com\/fr\/producto\/pont-en-bois-de-3-metres-de-long-pour-jardin-zen\/","url":"https:\/\/ancestralroute.com\/fr\/producto\/pont-en-bois-de-3-metres-de-long-pour-jardin-zen\/","name":"Pont en bois de 3 m\u00e8tres de long, pour jardin zen - Ancestral route","isPartOf":{"@id":"https:\/\/ancestralroute.com\/fr\/#website"},"primaryImageOfPage":{"@id":"https:\/\/ancestralroute.com\/fr\/producto\/pont-en-bois-de-3-metres-de-long-pour-jardin-zen\/#primaryimage"},"image":{"@id":"https:\/\/ancestralroute.com\/fr\/producto\/pont-en-bois-de-3-metres-de-long-pour-jardin-zen\/#primaryimage"},"thumbnailUrl":"https:\/\/ancestralroute.com\/wp-content\/uploads\/2025\/07\/jardin_1.jpg","datePublished":"2025-08-26T18:13:42+00:00","breadcrumb":{"@id":"https:\/\/ancestralroute.com\/fr\/producto\/pont-en-bois-de-3-metres-de-long-pour-jardin-zen\/#breadcrumb"},"inLanguage":"fr-FR","potentialAction":[{"@type":"ReadAction","target":["https:\/\/ancestralroute.com\/fr\/producto\/pont-en-bois-de-3-metres-de-long-pour-jardin-zen\/"]}]},{"@type":"ImageObject","inLanguage":"fr-FR","@id":"https:\/\/ancestralroute.com\/fr\/producto\/pont-en-bois-de-3-metres-de-long-pour-jardin-zen\/#primaryimage","url":"https:\/\/ancestralroute.com\/wp-content\/uploads\/2025\/07\/jardin_1.jpg","contentUrl":"https:\/\/ancestralroute.com\/wp-content\/uploads\/2025\/07\/jardin_1.jpg","width":600,"height":600},{"@type":"BreadcrumbList","@id":"https:\/\/ancestralroute.com\/fr\/producto\/pont-en-bois-de-3-metres-de-long-pour-jardin-zen\/#breadcrumb","itemListElement":[{"@type":"ListItem","position":1,"name":"Accueil","item":"https:\/\/ancestralroute.com\/fr\/"},{"@type":"ListItem","position":2,"name":"Boutique","item":"https:\/\/ancestralroute.com\/fr\/boutique\/"},{"@type":"ListItem","position":3,"name":"Pont en bois de 3 m\u00e8tres de long, pour jardin zen"}]},{"@type":"WebSite","@id":"https:\/\/ancestralroute.com\/fr\/#website","url":"https:\/\/ancestralroute.com\/fr\/","name":"Ancestral route","description":"","potentialAction":[{"@type":"SearchAction","target":{"@type":"EntryPoint","urlTemplate":"https:\/\/ancestralroute.com\/fr\/?s={search_term_string}"},"query-input":{"@type":"PropertyValueSpecification","valueRequired":true,"valueName":"search_term_string"}}],"inLanguage":"fr-FR"}]}},"_links":{"self":[{"href":"https:\/\/ancestralroute.com\/fr\/wp-json\/wp\/v2\/product\/3933","targetHints":{"allow":["GET"]}}],"collection":[{"href":"https:\/\/ancestralroute.com\/fr\/wp-json\/wp\/v2\/product"}],"about":[{"href":"https:\/\/ancestralroute.com\/fr\/wp-json\/wp\/v2\/types\/product"}],"wp:featuredmedia":[{"embeddable":true,"href":"https:\/\/ancestralroute.com\/fr\/wp-json\/wp\/v2\/media\/1936"}],"wp:attachment":[{"href":"https:\/\/ancestralroute.com\/fr\/wp-json\/wp\/v2\/media?parent=3933"}],"wp:term":[{"taxonomy":"product_brand","embeddable":true,"href":"https:\/\/ancestralroute.com\/fr\/wp-json\/wp\/v2\/product_brand?post=3933"},{"taxonomy":"product_cat","embeddable":true,"href":"https:\/\/ancestralroute.com\/fr\/wp-json\/wp\/v2\/product_cat?post=3933"},{"taxonomy":"product_tag","embeddable":true,"href":"https:\/\/ancestralroute.com\/fr\/wp-json\/wp\/v2\/product_tag?post=3933"}],"curies":[{"name":"wp","href":"https:\/\/api.w.org\/{rel}","templated":true}]}}