{"id":3936,"date":"2025-08-26T17:41:36","date_gmt":"2025-08-26T17:41:36","guid":{"rendered":"https:\/\/ancestralroute.com\/producto\/sculpture-naturelle-en-pierre-de-80-cm-de-haut\/"},"modified":"2025-08-26T17:41:36","modified_gmt":"2025-08-26T17:41:36","slug":"sculpture-naturelle-en-pierre-de-80-cm-de-haut","status":"publish","type":"product","link":"https:\/\/ancestralroute.com\/fr\/producto\/sculpture-naturelle-en-pierre-de-80-cm-de-haut\/","title":{"rendered":"Sculpture naturelle en pierre de 80 cm de haut."},"content":{"rendered":"<p>Cette pierre naturelle de 90 cm, sculpt\u00e9e uniquement par le temps et les \u00e9l\u00e9ments, est un exemple parfait de la philosophie zen : la beaut\u00e9 de la simplicit\u00e9 et de l&rsquo;essentiel. Plac\u00e9e dans un jardin, elle devient un point central qui invite \u00e0 la contemplation, au silence et \u00e0 l&rsquo;harmonie avec la nature. Chaque forme et chaque texture sont uniques, faisant de cette pi\u00e8ce un t\u00e9moignage d&rsquo;authenticit\u00e9, id\u00e9al pour ceux qui cherchent \u00e0 cr\u00e9er des espaces de calme et de spiritualit\u00e9.  <\/p>\n","protected":false},"excerpt":{"rendered":"<p>L&rsquo;essence pure du jardin zen. Sculpture naturelle en pierre de 80 cm de hauteur. Une pi\u00e8ce unique qui apporte \u00e9quilibre et s\u00e9r\u00e9nit\u00e9 \u00e0 la d\u00e9coration des jardins zen.  <\/p>\n","protected":false},"featured_media":1559,"template":"","meta":{"_acf_changed":false},"product_brand":[],"product_cat":[175],"product_tag":[],"class_list":{"0":"post-3936","1":"product","2":"type-product","3":"status-publish","4":"has-post-thumbnail","6":"product_cat-pierres","8":"first","9":"outofstock","10":"taxable","11":"shipping-taxable","12":"product-type-simple"},"acf":[],"yoast_head":"<!-- This site is optimized with the Yoast SEO plugin v26.7 - https:\/\/yoast.com\/wordpress\/plugins\/seo\/ -->\n<title>Sculpture naturelle en pierre de 80 cm de haut. - Ancestral route<\/title>\n<meta name=\"robots\" content=\"index, follow, max-snippet:-1, max-image-preview:large, max-video-preview:-1\" \/>\n<link rel=\"canonical\" href=\"https:\/\/ancestralroute.com\/fr\/producto\/sculpture-naturelle-en-pierre-de-80-cm-de-haut\/\" \/>\n<meta property=\"og:locale\" content=\"fr_FR\" \/>\n<meta property=\"og:type\" content=\"article\" \/>\n<meta property=\"og:title\" content=\"Sculpture naturelle en pierre de 80 cm de haut. - Ancestral route\" \/>\n<meta property=\"og:description\" content=\"L&#039;essence pure du jardin zen. Sculpture naturelle en pierre de 80 cm de hauteur. Une pi\u00e8ce unique qui apporte \u00e9quilibre et s\u00e9r\u00e9nit\u00e9 \u00e0 la d\u00e9coration des jardins zen.\" \/>\n<meta property=\"og:url\" content=\"https:\/\/ancestralroute.com\/fr\/producto\/sculpture-naturelle-en-pierre-de-80-cm-de-haut\/\" \/>\n<meta property=\"og:site_name\" content=\"Ancestral route\" \/>\n<meta property=\"og:image\" content=\"https:\/\/ancestralroute.com\/wp-content\/uploads\/2025\/07\/Piedras.jpg\" \/>\n\t<meta property=\"og:image:width\" content=\"600\" \/>\n\t<meta property=\"og:image:height\" content=\"600\" \/>\n\t<meta property=\"og:image:type\" content=\"image\/jpeg\" \/>\n<meta name=\"twitter:card\" content=\"summary_large_image\" \/>\n<script type=\"application\/ld+json\" class=\"yoast-schema-graph\">{\"@context\":\"https:\/\/schema.org\",\"@graph\":[{\"@type\":\"WebPage\",\"@id\":\"https:\/\/ancestralroute.com\/fr\/producto\/sculpture-naturelle-en-pierre-de-80-cm-de-haut\/\",\"url\":\"https:\/\/ancestralroute.com\/fr\/producto\/sculpture-naturelle-en-pierre-de-80-cm-de-haut\/\",\"name\":\"Sculpture naturelle en pierre de 80 cm de haut. - Ancestral route\",\"isPartOf\":{\"@id\":\"https:\/\/ancestralroute.com\/fr\/#website\"},\"primaryImageOfPage\":{\"@id\":\"https:\/\/ancestralroute.com\/fr\/producto\/sculpture-naturelle-en-pierre-de-80-cm-de-haut\/#primaryimage\"},\"image\":{\"@id\":\"https:\/\/ancestralroute.com\/fr\/producto\/sculpture-naturelle-en-pierre-de-80-cm-de-haut\/#primaryimage\"},\"thumbnailUrl\":\"https:\/\/ancestralroute.com\/wp-content\/uploads\/2025\/07\/Piedras.jpg\",\"datePublished\":\"2025-08-26T17:41:36+00:00\",\"breadcrumb\":{\"@id\":\"https:\/\/ancestralroute.com\/fr\/producto\/sculpture-naturelle-en-pierre-de-80-cm-de-haut\/#breadcrumb\"},\"inLanguage\":\"fr-FR\",\"potentialAction\":[{\"@type\":\"ReadAction\",\"target\":[\"https:\/\/ancestralroute.com\/fr\/producto\/sculpture-naturelle-en-pierre-de-80-cm-de-haut\/\"]}]},{\"@type\":\"ImageObject\",\"inLanguage\":\"fr-FR\",\"@id\":\"https:\/\/ancestralroute.com\/fr\/producto\/sculpture-naturelle-en-pierre-de-80-cm-de-haut\/#primaryimage\",\"url\":\"https:\/\/ancestralroute.com\/wp-content\/uploads\/2025\/07\/Piedras.jpg\",\"contentUrl\":\"https:\/\/ancestralroute.com\/wp-content\/uploads\/2025\/07\/Piedras.jpg\",\"width\":600,\"height\":600},{\"@type\":\"BreadcrumbList\",\"@id\":\"https:\/\/ancestralroute.com\/fr\/producto\/sculpture-naturelle-en-pierre-de-80-cm-de-haut\/#breadcrumb\",\"itemListElement\":[{\"@type\":\"ListItem\",\"position\":1,\"name\":\"Accueil\",\"item\":\"https:\/\/ancestralroute.com\/fr\/\"},{\"@type\":\"ListItem\",\"position\":2,\"name\":\"Boutique\",\"item\":\"https:\/\/ancestralroute.com\/fr\/boutique\/\"},{\"@type\":\"ListItem\",\"position\":3,\"name\":\"Sculpture naturelle en pierre de 80 cm de haut.\"}]},{\"@type\":\"WebSite\",\"@id\":\"https:\/\/ancestralroute.com\/fr\/#website\",\"url\":\"https:\/\/ancestralroute.com\/fr\/\",\"name\":\"Ancestral route\",\"description\":\"\",\"potentialAction\":[{\"@type\":\"SearchAction\",\"target\":{\"@type\":\"EntryPoint\",\"urlTemplate\":\"https:\/\/ancestralroute.com\/fr\/?s={search_term_string}\"},\"query-input\":{\"@type\":\"PropertyValueSpecification\",\"valueRequired\":true,\"valueName\":\"search_term_string\"}}],\"inLanguage\":\"fr-FR\"}]}<\/script>\n<!-- \/ Yoast SEO plugin. -->","yoast_head_json":{"title":"Sculpture naturelle en pierre de 80 cm de haut. - Ancestral route","robots":{"index":"index","follow":"follow","max-snippet":"max-snippet:-1","max-image-preview":"max-image-preview:large","max-video-preview":"max-video-preview:-1"},"canonical":"https:\/\/ancestralroute.com\/fr\/producto\/sculpture-naturelle-en-pierre-de-80-cm-de-haut\/","og_locale":"fr_FR","og_type":"article","og_title":"Sculpture naturelle en pierre de 80 cm de haut. - Ancestral route","og_description":"L'essence pure du jardin zen. Sculpture naturelle en pierre de 80 cm de hauteur. Une pi\u00e8ce unique qui apporte \u00e9quilibre et s\u00e9r\u00e9nit\u00e9 \u00e0 la d\u00e9coration des jardins zen.","og_url":"https:\/\/ancestralroute.com\/fr\/producto\/sculpture-naturelle-en-pierre-de-80-cm-de-haut\/","og_site_name":"Ancestral route","og_image":[{"width":600,"height":600,"url":"https:\/\/ancestralroute.com\/wp-content\/uploads\/2025\/07\/Piedras.jpg","type":"image\/jpeg"}],"twitter_card":"summary_large_image","schema":{"@context":"https:\/\/schema.org","@graph":[{"@type":"WebPage","@id":"https:\/\/ancestralroute.com\/fr\/producto\/sculpture-naturelle-en-pierre-de-80-cm-de-haut\/","url":"https:\/\/ancestralroute.com\/fr\/producto\/sculpture-naturelle-en-pierre-de-80-cm-de-haut\/","name":"Sculpture naturelle en pierre de 80 cm de haut. - Ancestral route","isPartOf":{"@id":"https:\/\/ancestralroute.com\/fr\/#website"},"primaryImageOfPage":{"@id":"https:\/\/ancestralroute.com\/fr\/producto\/sculpture-naturelle-en-pierre-de-80-cm-de-haut\/#primaryimage"},"image":{"@id":"https:\/\/ancestralroute.com\/fr\/producto\/sculpture-naturelle-en-pierre-de-80-cm-de-haut\/#primaryimage"},"thumbnailUrl":"https:\/\/ancestralroute.com\/wp-content\/uploads\/2025\/07\/Piedras.jpg","datePublished":"2025-08-26T17:41:36+00:00","breadcrumb":{"@id":"https:\/\/ancestralroute.com\/fr\/producto\/sculpture-naturelle-en-pierre-de-80-cm-de-haut\/#breadcrumb"},"inLanguage":"fr-FR","potentialAction":[{"@type":"ReadAction","target":["https:\/\/ancestralroute.com\/fr\/producto\/sculpture-naturelle-en-pierre-de-80-cm-de-haut\/"]}]},{"@type":"ImageObject","inLanguage":"fr-FR","@id":"https:\/\/ancestralroute.com\/fr\/producto\/sculpture-naturelle-en-pierre-de-80-cm-de-haut\/#primaryimage","url":"https:\/\/ancestralroute.com\/wp-content\/uploads\/2025\/07\/Piedras.jpg","contentUrl":"https:\/\/ancestralroute.com\/wp-content\/uploads\/2025\/07\/Piedras.jpg","width":600,"height":600},{"@type":"BreadcrumbList","@id":"https:\/\/ancestralroute.com\/fr\/producto\/sculpture-naturelle-en-pierre-de-80-cm-de-haut\/#breadcrumb","itemListElement":[{"@type":"ListItem","position":1,"name":"Accueil","item":"https:\/\/ancestralroute.com\/fr\/"},{"@type":"ListItem","position":2,"name":"Boutique","item":"https:\/\/ancestralroute.com\/fr\/boutique\/"},{"@type":"ListItem","position":3,"name":"Sculpture naturelle en pierre de 80 cm de haut."}]},{"@type":"WebSite","@id":"https:\/\/ancestralroute.com\/fr\/#website","url":"https:\/\/ancestralroute.com\/fr\/","name":"Ancestral route","description":"","potentialAction":[{"@type":"SearchAction","target":{"@type":"EntryPoint","urlTemplate":"https:\/\/ancestralroute.com\/fr\/?s={search_term_string}"},"query-input":{"@type":"PropertyValueSpecification","valueRequired":true,"valueName":"search_term_string"}}],"inLanguage":"fr-FR"}]}},"_links":{"self":[{"href":"https:\/\/ancestralroute.com\/fr\/wp-json\/wp\/v2\/product\/3936","targetHints":{"allow":["GET"]}}],"collection":[{"href":"https:\/\/ancestralroute.com\/fr\/wp-json\/wp\/v2\/product"}],"about":[{"href":"https:\/\/ancestralroute.com\/fr\/wp-json\/wp\/v2\/types\/product"}],"wp:featuredmedia":[{"embeddable":true,"href":"https:\/\/ancestralroute.com\/fr\/wp-json\/wp\/v2\/media\/1559"}],"wp:attachment":[{"href":"https:\/\/ancestralroute.com\/fr\/wp-json\/wp\/v2\/media?parent=3936"}],"wp:term":[{"taxonomy":"product_brand","embeddable":true,"href":"https:\/\/ancestralroute.com\/fr\/wp-json\/wp\/v2\/product_brand?post=3936"},{"taxonomy":"product_cat","embeddable":true,"href":"https:\/\/ancestralroute.com\/fr\/wp-json\/wp\/v2\/product_cat?post=3936"},{"taxonomy":"product_tag","embeddable":true,"href":"https:\/\/ancestralroute.com\/fr\/wp-json\/wp\/v2\/product_tag?post=3936"}],"curies":[{"name":"wp","href":"https:\/\/api.w.org\/{rel}","templated":true}]}}