{"id":3938,"date":"2025-08-26T17:37:55","date_gmt":"2025-08-26T17:37:55","guid":{"rendered":"https:\/\/ancestralroute.com\/producto\/lanterne-japonaise-sculptee-dans-la-pierre-de-lave-en-forme-de-pagode\/"},"modified":"2025-12-16T16:49:20","modified_gmt":"2025-12-16T16:49:20","slug":"lanterne-japonaise-sculptee-dans-la-pierre-de-lave-en-forme-de-pagode","status":"publish","type":"product","link":"https:\/\/ancestralroute.com\/fr\/producto\/lanterne-japonaise-sculptee-dans-la-pierre-de-lave-en-forme-de-pagode\/","title":{"rendered":"Lanterne japonaise sculpt\u00e9e dans la pierre de lave en forme de pagode"},"content":{"rendered":"<p>La lanterne japonaise en pierre est un symbole ancestral de s\u00e9r\u00e9nit\u00e9 et de contemplation. Sculpt\u00e9e \u00e0 la main, son design refl\u00e8te l&rsquo;esth\u00e9tique wabi-sabi, o\u00f9 la beaut\u00e9 r\u00e9side dans la simplicit\u00e9 et les traces du temps. Traditionnellement plac\u00e9es dans les temples et les jardins, ces lanternes \u00e9clairaient le chemin des visiteurs et guidaient l&rsquo;esprit vers le calme. Aujourd&rsquo;hui, elles restent des pi\u00e8ces uniques qui transforment tout espace ext\u00e9rieur en un havre de paix, apportant authenticit\u00e9, \u00e9quilibre et connexion avec la nature.   <\/p>\n","protected":false},"excerpt":{"rendered":"<p>La lumi\u00e8re \u00e9ternelle du jardin zen. Lanterne japonaise sculpt\u00e9e dans la pierre de lave en forme de pagode, id\u00e9ale pour les jardins zen ou les espaces ext\u00e9rieurs \u00e0 l&rsquo;harmonie orientale. <\/p>\n","protected":false},"featured_media":1936,"template":"","meta":{"_acf_changed":false},"product_brand":[],"product_cat":[202],"product_tag":[],"class_list":{"0":"post-3938","1":"product","2":"type-product","3":"status-publish","4":"has-post-thumbnail","6":"product_cat-lampes-en-pierre","8":"first","9":"outofstock","10":"taxable","11":"shipping-taxable","12":"product-type-simple"},"acf":[],"yoast_head":"<!-- This site is optimized with the Yoast SEO plugin v26.7 - https:\/\/yoast.com\/wordpress\/plugins\/seo\/ -->\n<title>Lanterne japonaise sculpt\u00e9e dans la pierre de lave en forme de pagode - Ancestral route<\/title>\n<meta name=\"robots\" content=\"index, follow, max-snippet:-1, max-image-preview:large, max-video-preview:-1\" \/>\n<link rel=\"canonical\" href=\"https:\/\/ancestralroute.com\/fr\/producto\/lanterne-japonaise-sculptee-dans-la-pierre-de-lave-en-forme-de-pagode\/\" \/>\n<meta property=\"og:locale\" content=\"fr_FR\" \/>\n<meta property=\"og:type\" content=\"article\" \/>\n<meta property=\"og:title\" content=\"Lanterne japonaise sculpt\u00e9e dans la pierre de lave en forme de pagode - Ancestral route\" \/>\n<meta property=\"og:description\" content=\"La lumi\u00e8re \u00e9ternelle du jardin zen. Lanterne japonaise sculpt\u00e9e dans la pierre de lave en forme de pagode, id\u00e9ale pour les jardins zen ou les espaces ext\u00e9rieurs \u00e0 l&#039;harmonie orientale.\" \/>\n<meta property=\"og:url\" content=\"https:\/\/ancestralroute.com\/fr\/producto\/lanterne-japonaise-sculptee-dans-la-pierre-de-lave-en-forme-de-pagode\/\" \/>\n<meta property=\"og:site_name\" content=\"Ancestral route\" \/>\n<meta property=\"article:modified_time\" content=\"2025-12-16T16:49:20+00:00\" \/>\n<meta property=\"og:image\" content=\"https:\/\/ancestralroute.com\/wp-content\/uploads\/2025\/07\/jardin_1.jpg\" \/>\n\t<meta property=\"og:image:width\" content=\"600\" \/>\n\t<meta property=\"og:image:height\" content=\"600\" \/>\n\t<meta property=\"og:image:type\" content=\"image\/jpeg\" \/>\n<meta name=\"twitter:card\" content=\"summary_large_image\" \/>\n<script type=\"application\/ld+json\" class=\"yoast-schema-graph\">{\"@context\":\"https:\/\/schema.org\",\"@graph\":[{\"@type\":\"WebPage\",\"@id\":\"https:\/\/ancestralroute.com\/fr\/producto\/lanterne-japonaise-sculptee-dans-la-pierre-de-lave-en-forme-de-pagode\/\",\"url\":\"https:\/\/ancestralroute.com\/fr\/producto\/lanterne-japonaise-sculptee-dans-la-pierre-de-lave-en-forme-de-pagode\/\",\"name\":\"Lanterne japonaise sculpt\u00e9e dans la pierre de lave en forme de pagode - Ancestral route\",\"isPartOf\":{\"@id\":\"https:\/\/ancestralroute.com\/fr\/#website\"},\"primaryImageOfPage\":{\"@id\":\"https:\/\/ancestralroute.com\/fr\/producto\/lanterne-japonaise-sculptee-dans-la-pierre-de-lave-en-forme-de-pagode\/#primaryimage\"},\"image\":{\"@id\":\"https:\/\/ancestralroute.com\/fr\/producto\/lanterne-japonaise-sculptee-dans-la-pierre-de-lave-en-forme-de-pagode\/#primaryimage\"},\"thumbnailUrl\":\"https:\/\/ancestralroute.com\/wp-content\/uploads\/2025\/07\/jardin_1.jpg\",\"datePublished\":\"2025-08-26T17:37:55+00:00\",\"dateModified\":\"2025-12-16T16:49:20+00:00\",\"breadcrumb\":{\"@id\":\"https:\/\/ancestralroute.com\/fr\/producto\/lanterne-japonaise-sculptee-dans-la-pierre-de-lave-en-forme-de-pagode\/#breadcrumb\"},\"inLanguage\":\"fr-FR\",\"potentialAction\":[{\"@type\":\"ReadAction\",\"target\":[\"https:\/\/ancestralroute.com\/fr\/producto\/lanterne-japonaise-sculptee-dans-la-pierre-de-lave-en-forme-de-pagode\/\"]}]},{\"@type\":\"ImageObject\",\"inLanguage\":\"fr-FR\",\"@id\":\"https:\/\/ancestralroute.com\/fr\/producto\/lanterne-japonaise-sculptee-dans-la-pierre-de-lave-en-forme-de-pagode\/#primaryimage\",\"url\":\"https:\/\/ancestralroute.com\/wp-content\/uploads\/2025\/07\/jardin_1.jpg\",\"contentUrl\":\"https:\/\/ancestralroute.com\/wp-content\/uploads\/2025\/07\/jardin_1.jpg\",\"width\":600,\"height\":600},{\"@type\":\"BreadcrumbList\",\"@id\":\"https:\/\/ancestralroute.com\/fr\/producto\/lanterne-japonaise-sculptee-dans-la-pierre-de-lave-en-forme-de-pagode\/#breadcrumb\",\"itemListElement\":[{\"@type\":\"ListItem\",\"position\":1,\"name\":\"Accueil\",\"item\":\"https:\/\/ancestralroute.com\/fr\/\"},{\"@type\":\"ListItem\",\"position\":2,\"name\":\"Boutique\",\"item\":\"https:\/\/ancestralroute.com\/fr\/boutique\/\"},{\"@type\":\"ListItem\",\"position\":3,\"name\":\"Lanterne japonaise sculpt\u00e9e dans la pierre de lave en forme de pagode\"}]},{\"@type\":\"WebSite\",\"@id\":\"https:\/\/ancestralroute.com\/fr\/#website\",\"url\":\"https:\/\/ancestralroute.com\/fr\/\",\"name\":\"Ancestral route\",\"description\":\"\",\"potentialAction\":[{\"@type\":\"SearchAction\",\"target\":{\"@type\":\"EntryPoint\",\"urlTemplate\":\"https:\/\/ancestralroute.com\/fr\/?s={search_term_string}\"},\"query-input\":{\"@type\":\"PropertyValueSpecification\",\"valueRequired\":true,\"valueName\":\"search_term_string\"}}],\"inLanguage\":\"fr-FR\"}]}<\/script>\n<!-- \/ Yoast SEO plugin. -->","yoast_head_json":{"title":"Lanterne japonaise sculpt\u00e9e dans la pierre de lave en forme de pagode - Ancestral route","robots":{"index":"index","follow":"follow","max-snippet":"max-snippet:-1","max-image-preview":"max-image-preview:large","max-video-preview":"max-video-preview:-1"},"canonical":"https:\/\/ancestralroute.com\/fr\/producto\/lanterne-japonaise-sculptee-dans-la-pierre-de-lave-en-forme-de-pagode\/","og_locale":"fr_FR","og_type":"article","og_title":"Lanterne japonaise sculpt\u00e9e dans la pierre de lave en forme de pagode - Ancestral route","og_description":"La lumi\u00e8re \u00e9ternelle du jardin zen. Lanterne japonaise sculpt\u00e9e dans la pierre de lave en forme de pagode, id\u00e9ale pour les jardins zen ou les espaces ext\u00e9rieurs \u00e0 l'harmonie orientale.","og_url":"https:\/\/ancestralroute.com\/fr\/producto\/lanterne-japonaise-sculptee-dans-la-pierre-de-lave-en-forme-de-pagode\/","og_site_name":"Ancestral route","article_modified_time":"2025-12-16T16:49:20+00:00","og_image":[{"width":600,"height":600,"url":"https:\/\/ancestralroute.com\/wp-content\/uploads\/2025\/07\/jardin_1.jpg","type":"image\/jpeg"}],"twitter_card":"summary_large_image","schema":{"@context":"https:\/\/schema.org","@graph":[{"@type":"WebPage","@id":"https:\/\/ancestralroute.com\/fr\/producto\/lanterne-japonaise-sculptee-dans-la-pierre-de-lave-en-forme-de-pagode\/","url":"https:\/\/ancestralroute.com\/fr\/producto\/lanterne-japonaise-sculptee-dans-la-pierre-de-lave-en-forme-de-pagode\/","name":"Lanterne japonaise sculpt\u00e9e dans la pierre de lave en forme de pagode - Ancestral route","isPartOf":{"@id":"https:\/\/ancestralroute.com\/fr\/#website"},"primaryImageOfPage":{"@id":"https:\/\/ancestralroute.com\/fr\/producto\/lanterne-japonaise-sculptee-dans-la-pierre-de-lave-en-forme-de-pagode\/#primaryimage"},"image":{"@id":"https:\/\/ancestralroute.com\/fr\/producto\/lanterne-japonaise-sculptee-dans-la-pierre-de-lave-en-forme-de-pagode\/#primaryimage"},"thumbnailUrl":"https:\/\/ancestralroute.com\/wp-content\/uploads\/2025\/07\/jardin_1.jpg","datePublished":"2025-08-26T17:37:55+00:00","dateModified":"2025-12-16T16:49:20+00:00","breadcrumb":{"@id":"https:\/\/ancestralroute.com\/fr\/producto\/lanterne-japonaise-sculptee-dans-la-pierre-de-lave-en-forme-de-pagode\/#breadcrumb"},"inLanguage":"fr-FR","potentialAction":[{"@type":"ReadAction","target":["https:\/\/ancestralroute.com\/fr\/producto\/lanterne-japonaise-sculptee-dans-la-pierre-de-lave-en-forme-de-pagode\/"]}]},{"@type":"ImageObject","inLanguage":"fr-FR","@id":"https:\/\/ancestralroute.com\/fr\/producto\/lanterne-japonaise-sculptee-dans-la-pierre-de-lave-en-forme-de-pagode\/#primaryimage","url":"https:\/\/ancestralroute.com\/wp-content\/uploads\/2025\/07\/jardin_1.jpg","contentUrl":"https:\/\/ancestralroute.com\/wp-content\/uploads\/2025\/07\/jardin_1.jpg","width":600,"height":600},{"@type":"BreadcrumbList","@id":"https:\/\/ancestralroute.com\/fr\/producto\/lanterne-japonaise-sculptee-dans-la-pierre-de-lave-en-forme-de-pagode\/#breadcrumb","itemListElement":[{"@type":"ListItem","position":1,"name":"Accueil","item":"https:\/\/ancestralroute.com\/fr\/"},{"@type":"ListItem","position":2,"name":"Boutique","item":"https:\/\/ancestralroute.com\/fr\/boutique\/"},{"@type":"ListItem","position":3,"name":"Lanterne japonaise sculpt\u00e9e dans la pierre de lave en forme de pagode"}]},{"@type":"WebSite","@id":"https:\/\/ancestralroute.com\/fr\/#website","url":"https:\/\/ancestralroute.com\/fr\/","name":"Ancestral route","description":"","potentialAction":[{"@type":"SearchAction","target":{"@type":"EntryPoint","urlTemplate":"https:\/\/ancestralroute.com\/fr\/?s={search_term_string}"},"query-input":{"@type":"PropertyValueSpecification","valueRequired":true,"valueName":"search_term_string"}}],"inLanguage":"fr-FR"}]}},"_links":{"self":[{"href":"https:\/\/ancestralroute.com\/fr\/wp-json\/wp\/v2\/product\/3938","targetHints":{"allow":["GET"]}}],"collection":[{"href":"https:\/\/ancestralroute.com\/fr\/wp-json\/wp\/v2\/product"}],"about":[{"href":"https:\/\/ancestralroute.com\/fr\/wp-json\/wp\/v2\/types\/product"}],"wp:featuredmedia":[{"embeddable":true,"href":"https:\/\/ancestralroute.com\/fr\/wp-json\/wp\/v2\/media\/1936"}],"wp:attachment":[{"href":"https:\/\/ancestralroute.com\/fr\/wp-json\/wp\/v2\/media?parent=3938"}],"wp:term":[{"taxonomy":"product_brand","embeddable":true,"href":"https:\/\/ancestralroute.com\/fr\/wp-json\/wp\/v2\/product_brand?post=3938"},{"taxonomy":"product_cat","embeddable":true,"href":"https:\/\/ancestralroute.com\/fr\/wp-json\/wp\/v2\/product_cat?post=3938"},{"taxonomy":"product_tag","embeddable":true,"href":"https:\/\/ancestralroute.com\/fr\/wp-json\/wp\/v2\/product_tag?post=3938"}],"curies":[{"name":"wp","href":"https:\/\/api.w.org\/{rel}","templated":true}]}}