{"id":3941,"date":"2025-08-26T17:34:08","date_gmt":"2025-08-26T17:34:08","guid":{"rendered":"https:\/\/ancestralroute.com\/producto\/sculptures-de-dieux-orientaux-taillees-dans-la-pierre\/"},"modified":"2025-12-16T17:00:19","modified_gmt":"2025-12-16T17:00:19","slug":"sculptures-de-dieux-orientaux-taillees-dans-la-pierre","status":"publish","type":"product","link":"https:\/\/ancestralroute.com\/fr\/producto\/sculptures-de-dieux-orientaux-taillees-dans-la-pierre\/","title":{"rendered":"Sculptures de dieux orientaux taill\u00e9es dans la pierre."},"content":{"rendered":"<p>Chacune de ces sculptures en pierre, taill\u00e9es \u00e0 la main, repr\u00e9sente les dieux et les gardiens de la tradition orientale. La solidit\u00e9 de la pierre s&rsquo;allie \u00e0 la d\u00e9licatesse des d\u00e9tails, transmettant force, s\u00e9r\u00e9nit\u00e9 et spiritualit\u00e9. Ces pi\u00e8ces sont con\u00e7ues non seulement comme des objets d\u00e9coratifs, mais aussi comme des symboles de protection et d&rsquo;\u00e9nergie ancestrale. Leur pr\u00e9sence transforme n&rsquo;importe quel espace en un lieu charg\u00e9 de sens, id\u00e9al pour les jardins, les entr\u00e9es ou les int\u00e9rieurs qui recherchent une atmosph\u00e8re mystique et authentique.   <\/p>\n","protected":false},"excerpt":{"rendered":"<p>Le pouvoir sacr\u00e9 transform\u00e9 en pierre. Sculptures de dieux orientaux taill\u00e9es dans la pierre. Des pi\u00e8ces uniques qui transmettent spiritualit\u00e9, puissance et beaut\u00e9 intemporelle.  <\/p>\n","protected":false},"featured_media":1934,"template":"","meta":{"_acf_changed":false},"product_brand":[],"product_cat":[198],"product_tag":[],"class_list":{"0":"post-3941","1":"product","2":"type-product","3":"status-publish","4":"has-post-thumbnail","6":"product_cat-sculptures","8":"first","9":"outofstock","10":"taxable","11":"shipping-taxable","12":"product-type-simple"},"acf":[],"yoast_head":"<!-- This site is optimized with the Yoast SEO plugin v26.7 - https:\/\/yoast.com\/wordpress\/plugins\/seo\/ -->\n<title>Sculptures de dieux orientaux taill\u00e9es dans la pierre. - Ancestral route<\/title>\n<meta name=\"robots\" content=\"index, follow, max-snippet:-1, max-image-preview:large, max-video-preview:-1\" \/>\n<link rel=\"canonical\" href=\"https:\/\/ancestralroute.com\/fr\/producto\/sculptures-de-dieux-orientaux-taillees-dans-la-pierre\/\" \/>\n<meta property=\"og:locale\" content=\"fr_FR\" \/>\n<meta property=\"og:type\" content=\"article\" \/>\n<meta property=\"og:title\" content=\"Sculptures de dieux orientaux taill\u00e9es dans la pierre. - Ancestral route\" \/>\n<meta property=\"og:description\" content=\"Le pouvoir sacr\u00e9 transform\u00e9 en pierre. Sculptures de dieux orientaux taill\u00e9es dans la pierre. Des pi\u00e8ces uniques qui transmettent spiritualit\u00e9, puissance et beaut\u00e9 intemporelle.\" \/>\n<meta property=\"og:url\" content=\"https:\/\/ancestralroute.com\/fr\/producto\/sculptures-de-dieux-orientaux-taillees-dans-la-pierre\/\" \/>\n<meta property=\"og:site_name\" content=\"Ancestral route\" \/>\n<meta property=\"article:modified_time\" content=\"2025-12-16T17:00:19+00:00\" \/>\n<meta property=\"og:image\" content=\"https:\/\/ancestralroute.com\/wp-content\/uploads\/2025\/07\/Esculturas.jpg\" \/>\n\t<meta property=\"og:image:width\" content=\"753\" \/>\n\t<meta property=\"og:image:height\" content=\"753\" \/>\n\t<meta property=\"og:image:type\" content=\"image\/jpeg\" \/>\n<meta name=\"twitter:card\" content=\"summary_large_image\" \/>\n<script type=\"application\/ld+json\" class=\"yoast-schema-graph\">{\"@context\":\"https:\/\/schema.org\",\"@graph\":[{\"@type\":\"WebPage\",\"@id\":\"https:\/\/ancestralroute.com\/fr\/producto\/sculptures-de-dieux-orientaux-taillees-dans-la-pierre\/\",\"url\":\"https:\/\/ancestralroute.com\/fr\/producto\/sculptures-de-dieux-orientaux-taillees-dans-la-pierre\/\",\"name\":\"Sculptures de dieux orientaux taill\u00e9es dans la pierre. - Ancestral route\",\"isPartOf\":{\"@id\":\"https:\/\/ancestralroute.com\/fr\/#website\"},\"primaryImageOfPage\":{\"@id\":\"https:\/\/ancestralroute.com\/fr\/producto\/sculptures-de-dieux-orientaux-taillees-dans-la-pierre\/#primaryimage\"},\"image\":{\"@id\":\"https:\/\/ancestralroute.com\/fr\/producto\/sculptures-de-dieux-orientaux-taillees-dans-la-pierre\/#primaryimage\"},\"thumbnailUrl\":\"https:\/\/ancestralroute.com\/wp-content\/uploads\/2025\/07\/Esculturas.jpg\",\"datePublished\":\"2025-08-26T17:34:08+00:00\",\"dateModified\":\"2025-12-16T17:00:19+00:00\",\"breadcrumb\":{\"@id\":\"https:\/\/ancestralroute.com\/fr\/producto\/sculptures-de-dieux-orientaux-taillees-dans-la-pierre\/#breadcrumb\"},\"inLanguage\":\"fr-FR\",\"potentialAction\":[{\"@type\":\"ReadAction\",\"target\":[\"https:\/\/ancestralroute.com\/fr\/producto\/sculptures-de-dieux-orientaux-taillees-dans-la-pierre\/\"]}]},{\"@type\":\"ImageObject\",\"inLanguage\":\"fr-FR\",\"@id\":\"https:\/\/ancestralroute.com\/fr\/producto\/sculptures-de-dieux-orientaux-taillees-dans-la-pierre\/#primaryimage\",\"url\":\"https:\/\/ancestralroute.com\/wp-content\/uploads\/2025\/07\/Esculturas.jpg\",\"contentUrl\":\"https:\/\/ancestralroute.com\/wp-content\/uploads\/2025\/07\/Esculturas.jpg\",\"width\":753,\"height\":753},{\"@type\":\"BreadcrumbList\",\"@id\":\"https:\/\/ancestralroute.com\/fr\/producto\/sculptures-de-dieux-orientaux-taillees-dans-la-pierre\/#breadcrumb\",\"itemListElement\":[{\"@type\":\"ListItem\",\"position\":1,\"name\":\"Accueil\",\"item\":\"https:\/\/ancestralroute.com\/fr\/\"},{\"@type\":\"ListItem\",\"position\":2,\"name\":\"Boutique\",\"item\":\"https:\/\/ancestralroute.com\/fr\/boutique\/\"},{\"@type\":\"ListItem\",\"position\":3,\"name\":\"Sculptures de dieux orientaux taill\u00e9es dans la pierre.\"}]},{\"@type\":\"WebSite\",\"@id\":\"https:\/\/ancestralroute.com\/fr\/#website\",\"url\":\"https:\/\/ancestralroute.com\/fr\/\",\"name\":\"Ancestral route\",\"description\":\"\",\"potentialAction\":[{\"@type\":\"SearchAction\",\"target\":{\"@type\":\"EntryPoint\",\"urlTemplate\":\"https:\/\/ancestralroute.com\/fr\/?s={search_term_string}\"},\"query-input\":{\"@type\":\"PropertyValueSpecification\",\"valueRequired\":true,\"valueName\":\"search_term_string\"}}],\"inLanguage\":\"fr-FR\"}]}<\/script>\n<!-- \/ Yoast SEO plugin. -->","yoast_head_json":{"title":"Sculptures de dieux orientaux taill\u00e9es dans la pierre. - Ancestral route","robots":{"index":"index","follow":"follow","max-snippet":"max-snippet:-1","max-image-preview":"max-image-preview:large","max-video-preview":"max-video-preview:-1"},"canonical":"https:\/\/ancestralroute.com\/fr\/producto\/sculptures-de-dieux-orientaux-taillees-dans-la-pierre\/","og_locale":"fr_FR","og_type":"article","og_title":"Sculptures de dieux orientaux taill\u00e9es dans la pierre. - Ancestral route","og_description":"Le pouvoir sacr\u00e9 transform\u00e9 en pierre. Sculptures de dieux orientaux taill\u00e9es dans la pierre. Des pi\u00e8ces uniques qui transmettent spiritualit\u00e9, puissance et beaut\u00e9 intemporelle.","og_url":"https:\/\/ancestralroute.com\/fr\/producto\/sculptures-de-dieux-orientaux-taillees-dans-la-pierre\/","og_site_name":"Ancestral route","article_modified_time":"2025-12-16T17:00:19+00:00","og_image":[{"width":753,"height":753,"url":"https:\/\/ancestralroute.com\/wp-content\/uploads\/2025\/07\/Esculturas.jpg","type":"image\/jpeg"}],"twitter_card":"summary_large_image","schema":{"@context":"https:\/\/schema.org","@graph":[{"@type":"WebPage","@id":"https:\/\/ancestralroute.com\/fr\/producto\/sculptures-de-dieux-orientaux-taillees-dans-la-pierre\/","url":"https:\/\/ancestralroute.com\/fr\/producto\/sculptures-de-dieux-orientaux-taillees-dans-la-pierre\/","name":"Sculptures de dieux orientaux taill\u00e9es dans la pierre. - Ancestral route","isPartOf":{"@id":"https:\/\/ancestralroute.com\/fr\/#website"},"primaryImageOfPage":{"@id":"https:\/\/ancestralroute.com\/fr\/producto\/sculptures-de-dieux-orientaux-taillees-dans-la-pierre\/#primaryimage"},"image":{"@id":"https:\/\/ancestralroute.com\/fr\/producto\/sculptures-de-dieux-orientaux-taillees-dans-la-pierre\/#primaryimage"},"thumbnailUrl":"https:\/\/ancestralroute.com\/wp-content\/uploads\/2025\/07\/Esculturas.jpg","datePublished":"2025-08-26T17:34:08+00:00","dateModified":"2025-12-16T17:00:19+00:00","breadcrumb":{"@id":"https:\/\/ancestralroute.com\/fr\/producto\/sculptures-de-dieux-orientaux-taillees-dans-la-pierre\/#breadcrumb"},"inLanguage":"fr-FR","potentialAction":[{"@type":"ReadAction","target":["https:\/\/ancestralroute.com\/fr\/producto\/sculptures-de-dieux-orientaux-taillees-dans-la-pierre\/"]}]},{"@type":"ImageObject","inLanguage":"fr-FR","@id":"https:\/\/ancestralroute.com\/fr\/producto\/sculptures-de-dieux-orientaux-taillees-dans-la-pierre\/#primaryimage","url":"https:\/\/ancestralroute.com\/wp-content\/uploads\/2025\/07\/Esculturas.jpg","contentUrl":"https:\/\/ancestralroute.com\/wp-content\/uploads\/2025\/07\/Esculturas.jpg","width":753,"height":753},{"@type":"BreadcrumbList","@id":"https:\/\/ancestralroute.com\/fr\/producto\/sculptures-de-dieux-orientaux-taillees-dans-la-pierre\/#breadcrumb","itemListElement":[{"@type":"ListItem","position":1,"name":"Accueil","item":"https:\/\/ancestralroute.com\/fr\/"},{"@type":"ListItem","position":2,"name":"Boutique","item":"https:\/\/ancestralroute.com\/fr\/boutique\/"},{"@type":"ListItem","position":3,"name":"Sculptures de dieux orientaux taill\u00e9es dans la pierre."}]},{"@type":"WebSite","@id":"https:\/\/ancestralroute.com\/fr\/#website","url":"https:\/\/ancestralroute.com\/fr\/","name":"Ancestral route","description":"","potentialAction":[{"@type":"SearchAction","target":{"@type":"EntryPoint","urlTemplate":"https:\/\/ancestralroute.com\/fr\/?s={search_term_string}"},"query-input":{"@type":"PropertyValueSpecification","valueRequired":true,"valueName":"search_term_string"}}],"inLanguage":"fr-FR"}]}},"_links":{"self":[{"href":"https:\/\/ancestralroute.com\/fr\/wp-json\/wp\/v2\/product\/3941","targetHints":{"allow":["GET"]}}],"collection":[{"href":"https:\/\/ancestralroute.com\/fr\/wp-json\/wp\/v2\/product"}],"about":[{"href":"https:\/\/ancestralroute.com\/fr\/wp-json\/wp\/v2\/types\/product"}],"wp:featuredmedia":[{"embeddable":true,"href":"https:\/\/ancestralroute.com\/fr\/wp-json\/wp\/v2\/media\/1934"}],"wp:attachment":[{"href":"https:\/\/ancestralroute.com\/fr\/wp-json\/wp\/v2\/media?parent=3941"}],"wp:term":[{"taxonomy":"product_brand","embeddable":true,"href":"https:\/\/ancestralroute.com\/fr\/wp-json\/wp\/v2\/product_brand?post=3941"},{"taxonomy":"product_cat","embeddable":true,"href":"https:\/\/ancestralroute.com\/fr\/wp-json\/wp\/v2\/product_cat?post=3941"},{"taxonomy":"product_tag","embeddable":true,"href":"https:\/\/ancestralroute.com\/fr\/wp-json\/wp\/v2\/product_tag?post=3941"}],"curies":[{"name":"wp","href":"https:\/\/api.w.org\/{rel}","templated":true}]}}