{"id":3943,"date":"2025-08-26T17:27:51","date_gmt":"2025-08-26T17:27:51","guid":{"rendered":"https:\/\/ancestralroute.com\/producto\/gazebo-octogonal-de-style-oriental-sculpte-a-la-main-dans-le-bois\/"},"modified":"2025-08-26T17:27:51","modified_gmt":"2025-08-26T17:27:51","slug":"gazebo-octogonal-de-style-oriental-sculpte-a-la-main-dans-le-bois","status":"publish","type":"product","link":"https:\/\/ancestralroute.com\/fr\/producto\/gazebo-octogonal-de-style-oriental-sculpte-a-la-main-dans-le-bois\/","title":{"rendered":"Gazebo octogonal de style oriental, sculpt\u00e9 \u00e0 la main dans le bois"},"content":{"rendered":"<p>Cet imposant gazebo octogonal, sculpt\u00e9 \u00e0 la main dans le bois, est un chef-d&rsquo;\u0153uvre de la tradition orientale. Ses formes sym\u00e9triques repr\u00e9sentent la perfection et l&rsquo;\u00e9quilibre, tandis que les d\u00e9tails sculpt\u00e9s \u00e9voquent la spiritualit\u00e9 et le lien avec la nature. Con\u00e7u comme un lieu de repos et de contemplation, il transforme n&rsquo;importe quel jardin en un espace c\u00e9r\u00e9moniel empreint de calme et d&rsquo;\u00e9l\u00e9gance. Plus qu&rsquo;une simple structure, c&rsquo;est un sanctuaire en plein air o\u00f9 l&rsquo;architecture s&rsquo;allie \u00e0 l&rsquo;art pour cr\u00e9er un coin inoubliable.   <\/p>\n","protected":false},"excerpt":{"rendered":"<p>Un refuge sacr\u00e9 en plein air. Gazebo octogonal de style oriental, sculpt\u00e9 \u00e0 la main dans le bois. Une pi\u00e8ce architecturale artisanale qui apporte beaut\u00e9 et harmonie \u00e0 tout espace ext\u00e9rieur.  <\/p>\n","protected":false},"featured_media":1926,"template":"","meta":{"_acf_changed":false},"product_brand":[],"product_cat":[200],"product_tag":[],"class_list":{"0":"post-3943","1":"product","2":"type-product","3":"status-publish","4":"has-post-thumbnail","6":"product_cat-gazebos","8":"first","9":"outofstock","10":"taxable","11":"shipping-taxable","12":"product-type-simple"},"acf":[],"yoast_head":"<!-- This site is optimized with the Yoast SEO plugin v26.7 - https:\/\/yoast.com\/wordpress\/plugins\/seo\/ -->\n<title>Gazebo octogonal de style oriental, sculpt\u00e9 \u00e0 la main dans le bois - Ancestral route<\/title>\n<meta name=\"robots\" content=\"index, follow, max-snippet:-1, max-image-preview:large, max-video-preview:-1\" \/>\n<link rel=\"canonical\" href=\"https:\/\/ancestralroute.com\/fr\/producto\/gazebo-octogonal-de-style-oriental-sculpte-a-la-main-dans-le-bois\/\" \/>\n<meta property=\"og:locale\" content=\"fr_FR\" \/>\n<meta property=\"og:type\" content=\"article\" \/>\n<meta property=\"og:title\" content=\"Gazebo octogonal de style oriental, sculpt\u00e9 \u00e0 la main dans le bois - Ancestral route\" \/>\n<meta property=\"og:description\" content=\"Un refuge sacr\u00e9 en plein air. Gazebo octogonal de style oriental, sculpt\u00e9 \u00e0 la main dans le bois. Une pi\u00e8ce architecturale artisanale qui apporte beaut\u00e9 et harmonie \u00e0 tout espace ext\u00e9rieur.\" \/>\n<meta property=\"og:url\" content=\"https:\/\/ancestralroute.com\/fr\/producto\/gazebo-octogonal-de-style-oriental-sculpte-a-la-main-dans-le-bois\/\" \/>\n<meta property=\"og:site_name\" content=\"Ancestral route\" \/>\n<meta property=\"og:image\" content=\"https:\/\/ancestralroute.com\/wp-content\/uploads\/2025\/07\/Gazebos.jpg\" \/>\n\t<meta property=\"og:image:width\" content=\"600\" \/>\n\t<meta property=\"og:image:height\" content=\"600\" \/>\n\t<meta property=\"og:image:type\" content=\"image\/jpeg\" \/>\n<meta name=\"twitter:card\" content=\"summary_large_image\" \/>\n<script type=\"application\/ld+json\" class=\"yoast-schema-graph\">{\"@context\":\"https:\/\/schema.org\",\"@graph\":[{\"@type\":\"WebPage\",\"@id\":\"https:\/\/ancestralroute.com\/fr\/producto\/gazebo-octogonal-de-style-oriental-sculpte-a-la-main-dans-le-bois\/\",\"url\":\"https:\/\/ancestralroute.com\/fr\/producto\/gazebo-octogonal-de-style-oriental-sculpte-a-la-main-dans-le-bois\/\",\"name\":\"Gazebo octogonal de style oriental, sculpt\u00e9 \u00e0 la main dans le bois - Ancestral route\",\"isPartOf\":{\"@id\":\"https:\/\/ancestralroute.com\/fr\/#website\"},\"primaryImageOfPage\":{\"@id\":\"https:\/\/ancestralroute.com\/fr\/producto\/gazebo-octogonal-de-style-oriental-sculpte-a-la-main-dans-le-bois\/#primaryimage\"},\"image\":{\"@id\":\"https:\/\/ancestralroute.com\/fr\/producto\/gazebo-octogonal-de-style-oriental-sculpte-a-la-main-dans-le-bois\/#primaryimage\"},\"thumbnailUrl\":\"https:\/\/ancestralroute.com\/wp-content\/uploads\/2025\/07\/Gazebos.jpg\",\"datePublished\":\"2025-08-26T17:27:51+00:00\",\"breadcrumb\":{\"@id\":\"https:\/\/ancestralroute.com\/fr\/producto\/gazebo-octogonal-de-style-oriental-sculpte-a-la-main-dans-le-bois\/#breadcrumb\"},\"inLanguage\":\"fr-FR\",\"potentialAction\":[{\"@type\":\"ReadAction\",\"target\":[\"https:\/\/ancestralroute.com\/fr\/producto\/gazebo-octogonal-de-style-oriental-sculpte-a-la-main-dans-le-bois\/\"]}]},{\"@type\":\"ImageObject\",\"inLanguage\":\"fr-FR\",\"@id\":\"https:\/\/ancestralroute.com\/fr\/producto\/gazebo-octogonal-de-style-oriental-sculpte-a-la-main-dans-le-bois\/#primaryimage\",\"url\":\"https:\/\/ancestralroute.com\/wp-content\/uploads\/2025\/07\/Gazebos.jpg\",\"contentUrl\":\"https:\/\/ancestralroute.com\/wp-content\/uploads\/2025\/07\/Gazebos.jpg\",\"width\":600,\"height\":600},{\"@type\":\"BreadcrumbList\",\"@id\":\"https:\/\/ancestralroute.com\/fr\/producto\/gazebo-octogonal-de-style-oriental-sculpte-a-la-main-dans-le-bois\/#breadcrumb\",\"itemListElement\":[{\"@type\":\"ListItem\",\"position\":1,\"name\":\"Accueil\",\"item\":\"https:\/\/ancestralroute.com\/fr\/\"},{\"@type\":\"ListItem\",\"position\":2,\"name\":\"Boutique\",\"item\":\"https:\/\/ancestralroute.com\/fr\/boutique\/\"},{\"@type\":\"ListItem\",\"position\":3,\"name\":\"Gazebo octogonal de style oriental, sculpt\u00e9 \u00e0 la main dans le bois\"}]},{\"@type\":\"WebSite\",\"@id\":\"https:\/\/ancestralroute.com\/fr\/#website\",\"url\":\"https:\/\/ancestralroute.com\/fr\/\",\"name\":\"Ancestral route\",\"description\":\"\",\"potentialAction\":[{\"@type\":\"SearchAction\",\"target\":{\"@type\":\"EntryPoint\",\"urlTemplate\":\"https:\/\/ancestralroute.com\/fr\/?s={search_term_string}\"},\"query-input\":{\"@type\":\"PropertyValueSpecification\",\"valueRequired\":true,\"valueName\":\"search_term_string\"}}],\"inLanguage\":\"fr-FR\"}]}<\/script>\n<!-- \/ Yoast SEO plugin. -->","yoast_head_json":{"title":"Gazebo octogonal de style oriental, sculpt\u00e9 \u00e0 la main dans le bois - Ancestral route","robots":{"index":"index","follow":"follow","max-snippet":"max-snippet:-1","max-image-preview":"max-image-preview:large","max-video-preview":"max-video-preview:-1"},"canonical":"https:\/\/ancestralroute.com\/fr\/producto\/gazebo-octogonal-de-style-oriental-sculpte-a-la-main-dans-le-bois\/","og_locale":"fr_FR","og_type":"article","og_title":"Gazebo octogonal de style oriental, sculpt\u00e9 \u00e0 la main dans le bois - Ancestral route","og_description":"Un refuge sacr\u00e9 en plein air. Gazebo octogonal de style oriental, sculpt\u00e9 \u00e0 la main dans le bois. Une pi\u00e8ce architecturale artisanale qui apporte beaut\u00e9 et harmonie \u00e0 tout espace ext\u00e9rieur.","og_url":"https:\/\/ancestralroute.com\/fr\/producto\/gazebo-octogonal-de-style-oriental-sculpte-a-la-main-dans-le-bois\/","og_site_name":"Ancestral route","og_image":[{"width":600,"height":600,"url":"https:\/\/ancestralroute.com\/wp-content\/uploads\/2025\/07\/Gazebos.jpg","type":"image\/jpeg"}],"twitter_card":"summary_large_image","schema":{"@context":"https:\/\/schema.org","@graph":[{"@type":"WebPage","@id":"https:\/\/ancestralroute.com\/fr\/producto\/gazebo-octogonal-de-style-oriental-sculpte-a-la-main-dans-le-bois\/","url":"https:\/\/ancestralroute.com\/fr\/producto\/gazebo-octogonal-de-style-oriental-sculpte-a-la-main-dans-le-bois\/","name":"Gazebo octogonal de style oriental, sculpt\u00e9 \u00e0 la main dans le bois - Ancestral route","isPartOf":{"@id":"https:\/\/ancestralroute.com\/fr\/#website"},"primaryImageOfPage":{"@id":"https:\/\/ancestralroute.com\/fr\/producto\/gazebo-octogonal-de-style-oriental-sculpte-a-la-main-dans-le-bois\/#primaryimage"},"image":{"@id":"https:\/\/ancestralroute.com\/fr\/producto\/gazebo-octogonal-de-style-oriental-sculpte-a-la-main-dans-le-bois\/#primaryimage"},"thumbnailUrl":"https:\/\/ancestralroute.com\/wp-content\/uploads\/2025\/07\/Gazebos.jpg","datePublished":"2025-08-26T17:27:51+00:00","breadcrumb":{"@id":"https:\/\/ancestralroute.com\/fr\/producto\/gazebo-octogonal-de-style-oriental-sculpte-a-la-main-dans-le-bois\/#breadcrumb"},"inLanguage":"fr-FR","potentialAction":[{"@type":"ReadAction","target":["https:\/\/ancestralroute.com\/fr\/producto\/gazebo-octogonal-de-style-oriental-sculpte-a-la-main-dans-le-bois\/"]}]},{"@type":"ImageObject","inLanguage":"fr-FR","@id":"https:\/\/ancestralroute.com\/fr\/producto\/gazebo-octogonal-de-style-oriental-sculpte-a-la-main-dans-le-bois\/#primaryimage","url":"https:\/\/ancestralroute.com\/wp-content\/uploads\/2025\/07\/Gazebos.jpg","contentUrl":"https:\/\/ancestralroute.com\/wp-content\/uploads\/2025\/07\/Gazebos.jpg","width":600,"height":600},{"@type":"BreadcrumbList","@id":"https:\/\/ancestralroute.com\/fr\/producto\/gazebo-octogonal-de-style-oriental-sculpte-a-la-main-dans-le-bois\/#breadcrumb","itemListElement":[{"@type":"ListItem","position":1,"name":"Accueil","item":"https:\/\/ancestralroute.com\/fr\/"},{"@type":"ListItem","position":2,"name":"Boutique","item":"https:\/\/ancestralroute.com\/fr\/boutique\/"},{"@type":"ListItem","position":3,"name":"Gazebo octogonal de style oriental, sculpt\u00e9 \u00e0 la main dans le bois"}]},{"@type":"WebSite","@id":"https:\/\/ancestralroute.com\/fr\/#website","url":"https:\/\/ancestralroute.com\/fr\/","name":"Ancestral route","description":"","potentialAction":[{"@type":"SearchAction","target":{"@type":"EntryPoint","urlTemplate":"https:\/\/ancestralroute.com\/fr\/?s={search_term_string}"},"query-input":{"@type":"PropertyValueSpecification","valueRequired":true,"valueName":"search_term_string"}}],"inLanguage":"fr-FR"}]}},"_links":{"self":[{"href":"https:\/\/ancestralroute.com\/fr\/wp-json\/wp\/v2\/product\/3943","targetHints":{"allow":["GET"]}}],"collection":[{"href":"https:\/\/ancestralroute.com\/fr\/wp-json\/wp\/v2\/product"}],"about":[{"href":"https:\/\/ancestralroute.com\/fr\/wp-json\/wp\/v2\/types\/product"}],"wp:featuredmedia":[{"embeddable":true,"href":"https:\/\/ancestralroute.com\/fr\/wp-json\/wp\/v2\/media\/1926"}],"wp:attachment":[{"href":"https:\/\/ancestralroute.com\/fr\/wp-json\/wp\/v2\/media?parent=3943"}],"wp:term":[{"taxonomy":"product_brand","embeddable":true,"href":"https:\/\/ancestralroute.com\/fr\/wp-json\/wp\/v2\/product_brand?post=3943"},{"taxonomy":"product_cat","embeddable":true,"href":"https:\/\/ancestralroute.com\/fr\/wp-json\/wp\/v2\/product_cat?post=3943"},{"taxonomy":"product_tag","embeddable":true,"href":"https:\/\/ancestralroute.com\/fr\/wp-json\/wp\/v2\/product_tag?post=3943"}],"curies":[{"name":"wp","href":"https:\/\/api.w.org\/{rel}","templated":true}]}}