{"id":3945,"date":"2025-08-26T17:24:36","date_gmt":"2025-08-26T17:24:36","guid":{"rendered":"https:\/\/ancestralroute.com\/producto\/fontaine-en-pierre-sculptee-avec-une-tete-de-dragon-et-une-tortue-sur-son-dos\/"},"modified":"2025-12-17T15:05:34","modified_gmt":"2025-12-17T15:05:34","slug":"fontaine-en-pierre-sculptee-avec-une-tete-de-dragon-et-une-tortue-sur-son-dos","status":"publish","type":"product","link":"https:\/\/ancestralroute.com\/fr\/producto\/fontaine-en-pierre-sculptee-avec-une-tete-de-dragon-et-une-tortue-sur-son-dos\/","title":{"rendered":"Fontaine en pierre sculpt\u00e9e avec une t\u00eate de dragon et une tortue sur son dos"},"content":{"rendered":"<p>Cette fontaine en pierre sculpt\u00e9e r\u00e9unit deux des symboles les plus puissants de la tradition orientale. Le dragon, force protectrice et porteur d&rsquo;abondance, ouvre ses m\u00e2choires pour donner vie \u00e0 l&rsquo;eau, tandis qu&rsquo;une tortue, embl\u00e8me de long\u00e9vit\u00e9 et de sagesse, repose sur lui. Cette combinaison cr\u00e9e un ensemble d&rsquo;une grande puissance esth\u00e9tique et spirituelle, id\u00e9al pour les jardins, les patios ou les espaces de contemplation. Plus qu&rsquo;un \u00e9l\u00e9ment d\u00e9coratif, c&rsquo;est une pi\u00e8ce qui transforme l&rsquo;environnement, apportant \u00e9nergie, \u00e9quilibre et prosp\u00e9rit\u00e9.   <\/p>\n","protected":false},"excerpt":{"rendered":"<p>Le gardien de l&rsquo;eau et de l&rsquo;\u00e9ternit\u00e9. Fontaine en pierre sculpt\u00e9e avec une t\u00eate de dragon crachant de l&rsquo;eau et une tortue sur son dos. Une pi\u00e8ce artisanale unique charg\u00e9e de symbolisme oriental.  <\/p>\n","protected":false},"featured_media":1932,"template":"","meta":{"_acf_changed":false},"product_brand":[],"product_cat":[199],"product_tag":[],"class_list":{"0":"post-3945","1":"product","2":"type-product","3":"status-publish","4":"has-post-thumbnail","6":"product_cat-fontaines","8":"first","9":"outofstock","10":"taxable","11":"shipping-taxable","12":"product-type-simple"},"acf":[],"yoast_head":"<!-- This site is optimized with the Yoast SEO plugin v26.7 - https:\/\/yoast.com\/wordpress\/plugins\/seo\/ -->\n<title>Fontaine en pierre sculpt\u00e9e avec une t\u00eate de dragon et une tortue sur son dos - Ancestral route<\/title>\n<meta name=\"robots\" content=\"index, follow, max-snippet:-1, max-image-preview:large, max-video-preview:-1\" \/>\n<link rel=\"canonical\" href=\"https:\/\/ancestralroute.com\/fr\/producto\/fontaine-en-pierre-sculptee-avec-une-tete-de-dragon-et-une-tortue-sur-son-dos\/\" \/>\n<meta property=\"og:locale\" content=\"fr_FR\" \/>\n<meta property=\"og:type\" content=\"article\" \/>\n<meta property=\"og:title\" content=\"Fontaine en pierre sculpt\u00e9e avec une t\u00eate de dragon et une tortue sur son dos - Ancestral route\" \/>\n<meta property=\"og:description\" content=\"Le gardien de l&#039;eau et de l&#039;\u00e9ternit\u00e9. Fontaine en pierre sculpt\u00e9e avec une t\u00eate de dragon crachant de l&#039;eau et une tortue sur son dos. Une pi\u00e8ce artisanale unique charg\u00e9e de symbolisme oriental.\" \/>\n<meta property=\"og:url\" content=\"https:\/\/ancestralroute.com\/fr\/producto\/fontaine-en-pierre-sculptee-avec-une-tete-de-dragon-et-une-tortue-sur-son-dos\/\" \/>\n<meta property=\"og:site_name\" content=\"Ancestral route\" \/>\n<meta property=\"article:modified_time\" content=\"2025-12-17T15:05:34+00:00\" \/>\n<meta property=\"og:image\" content=\"https:\/\/ancestralroute.com\/wp-content\/uploads\/2025\/07\/Fuentes.jpg\" \/>\n\t<meta property=\"og:image:width\" content=\"600\" \/>\n\t<meta property=\"og:image:height\" content=\"600\" \/>\n\t<meta property=\"og:image:type\" content=\"image\/jpeg\" \/>\n<meta name=\"twitter:card\" content=\"summary_large_image\" \/>\n<script type=\"application\/ld+json\" class=\"yoast-schema-graph\">{\"@context\":\"https:\/\/schema.org\",\"@graph\":[{\"@type\":\"WebPage\",\"@id\":\"https:\/\/ancestralroute.com\/fr\/producto\/fontaine-en-pierre-sculptee-avec-une-tete-de-dragon-et-une-tortue-sur-son-dos\/\",\"url\":\"https:\/\/ancestralroute.com\/fr\/producto\/fontaine-en-pierre-sculptee-avec-une-tete-de-dragon-et-une-tortue-sur-son-dos\/\",\"name\":\"Fontaine en pierre sculpt\u00e9e avec une t\u00eate de dragon et une tortue sur son dos - Ancestral route\",\"isPartOf\":{\"@id\":\"https:\/\/ancestralroute.com\/fr\/#website\"},\"primaryImageOfPage\":{\"@id\":\"https:\/\/ancestralroute.com\/fr\/producto\/fontaine-en-pierre-sculptee-avec-une-tete-de-dragon-et-une-tortue-sur-son-dos\/#primaryimage\"},\"image\":{\"@id\":\"https:\/\/ancestralroute.com\/fr\/producto\/fontaine-en-pierre-sculptee-avec-une-tete-de-dragon-et-une-tortue-sur-son-dos\/#primaryimage\"},\"thumbnailUrl\":\"https:\/\/ancestralroute.com\/wp-content\/uploads\/2025\/07\/Fuentes.jpg\",\"datePublished\":\"2025-08-26T17:24:36+00:00\",\"dateModified\":\"2025-12-17T15:05:34+00:00\",\"breadcrumb\":{\"@id\":\"https:\/\/ancestralroute.com\/fr\/producto\/fontaine-en-pierre-sculptee-avec-une-tete-de-dragon-et-une-tortue-sur-son-dos\/#breadcrumb\"},\"inLanguage\":\"fr-FR\",\"potentialAction\":[{\"@type\":\"ReadAction\",\"target\":[\"https:\/\/ancestralroute.com\/fr\/producto\/fontaine-en-pierre-sculptee-avec-une-tete-de-dragon-et-une-tortue-sur-son-dos\/\"]}]},{\"@type\":\"ImageObject\",\"inLanguage\":\"fr-FR\",\"@id\":\"https:\/\/ancestralroute.com\/fr\/producto\/fontaine-en-pierre-sculptee-avec-une-tete-de-dragon-et-une-tortue-sur-son-dos\/#primaryimage\",\"url\":\"https:\/\/ancestralroute.com\/wp-content\/uploads\/2025\/07\/Fuentes.jpg\",\"contentUrl\":\"https:\/\/ancestralroute.com\/wp-content\/uploads\/2025\/07\/Fuentes.jpg\",\"width\":600,\"height\":600},{\"@type\":\"BreadcrumbList\",\"@id\":\"https:\/\/ancestralroute.com\/fr\/producto\/fontaine-en-pierre-sculptee-avec-une-tete-de-dragon-et-une-tortue-sur-son-dos\/#breadcrumb\",\"itemListElement\":[{\"@type\":\"ListItem\",\"position\":1,\"name\":\"Accueil\",\"item\":\"https:\/\/ancestralroute.com\/fr\/\"},{\"@type\":\"ListItem\",\"position\":2,\"name\":\"Boutique\",\"item\":\"https:\/\/ancestralroute.com\/fr\/boutique\/\"},{\"@type\":\"ListItem\",\"position\":3,\"name\":\"Fontaine en pierre sculpt\u00e9e avec une t\u00eate de dragon et une tortue sur son dos\"}]},{\"@type\":\"WebSite\",\"@id\":\"https:\/\/ancestralroute.com\/fr\/#website\",\"url\":\"https:\/\/ancestralroute.com\/fr\/\",\"name\":\"Ancestral route\",\"description\":\"\",\"potentialAction\":[{\"@type\":\"SearchAction\",\"target\":{\"@type\":\"EntryPoint\",\"urlTemplate\":\"https:\/\/ancestralroute.com\/fr\/?s={search_term_string}\"},\"query-input\":{\"@type\":\"PropertyValueSpecification\",\"valueRequired\":true,\"valueName\":\"search_term_string\"}}],\"inLanguage\":\"fr-FR\"}]}<\/script>\n<!-- \/ Yoast SEO plugin. -->","yoast_head_json":{"title":"Fontaine en pierre sculpt\u00e9e avec une t\u00eate de dragon et une tortue sur son dos - Ancestral route","robots":{"index":"index","follow":"follow","max-snippet":"max-snippet:-1","max-image-preview":"max-image-preview:large","max-video-preview":"max-video-preview:-1"},"canonical":"https:\/\/ancestralroute.com\/fr\/producto\/fontaine-en-pierre-sculptee-avec-une-tete-de-dragon-et-une-tortue-sur-son-dos\/","og_locale":"fr_FR","og_type":"article","og_title":"Fontaine en pierre sculpt\u00e9e avec une t\u00eate de dragon et une tortue sur son dos - Ancestral route","og_description":"Le gardien de l'eau et de l'\u00e9ternit\u00e9. Fontaine en pierre sculpt\u00e9e avec une t\u00eate de dragon crachant de l'eau et une tortue sur son dos. Une pi\u00e8ce artisanale unique charg\u00e9e de symbolisme oriental.","og_url":"https:\/\/ancestralroute.com\/fr\/producto\/fontaine-en-pierre-sculptee-avec-une-tete-de-dragon-et-une-tortue-sur-son-dos\/","og_site_name":"Ancestral route","article_modified_time":"2025-12-17T15:05:34+00:00","og_image":[{"width":600,"height":600,"url":"https:\/\/ancestralroute.com\/wp-content\/uploads\/2025\/07\/Fuentes.jpg","type":"image\/jpeg"}],"twitter_card":"summary_large_image","schema":{"@context":"https:\/\/schema.org","@graph":[{"@type":"WebPage","@id":"https:\/\/ancestralroute.com\/fr\/producto\/fontaine-en-pierre-sculptee-avec-une-tete-de-dragon-et-une-tortue-sur-son-dos\/","url":"https:\/\/ancestralroute.com\/fr\/producto\/fontaine-en-pierre-sculptee-avec-une-tete-de-dragon-et-une-tortue-sur-son-dos\/","name":"Fontaine en pierre sculpt\u00e9e avec une t\u00eate de dragon et une tortue sur son dos - Ancestral route","isPartOf":{"@id":"https:\/\/ancestralroute.com\/fr\/#website"},"primaryImageOfPage":{"@id":"https:\/\/ancestralroute.com\/fr\/producto\/fontaine-en-pierre-sculptee-avec-une-tete-de-dragon-et-une-tortue-sur-son-dos\/#primaryimage"},"image":{"@id":"https:\/\/ancestralroute.com\/fr\/producto\/fontaine-en-pierre-sculptee-avec-une-tete-de-dragon-et-une-tortue-sur-son-dos\/#primaryimage"},"thumbnailUrl":"https:\/\/ancestralroute.com\/wp-content\/uploads\/2025\/07\/Fuentes.jpg","datePublished":"2025-08-26T17:24:36+00:00","dateModified":"2025-12-17T15:05:34+00:00","breadcrumb":{"@id":"https:\/\/ancestralroute.com\/fr\/producto\/fontaine-en-pierre-sculptee-avec-une-tete-de-dragon-et-une-tortue-sur-son-dos\/#breadcrumb"},"inLanguage":"fr-FR","potentialAction":[{"@type":"ReadAction","target":["https:\/\/ancestralroute.com\/fr\/producto\/fontaine-en-pierre-sculptee-avec-une-tete-de-dragon-et-une-tortue-sur-son-dos\/"]}]},{"@type":"ImageObject","inLanguage":"fr-FR","@id":"https:\/\/ancestralroute.com\/fr\/producto\/fontaine-en-pierre-sculptee-avec-une-tete-de-dragon-et-une-tortue-sur-son-dos\/#primaryimage","url":"https:\/\/ancestralroute.com\/wp-content\/uploads\/2025\/07\/Fuentes.jpg","contentUrl":"https:\/\/ancestralroute.com\/wp-content\/uploads\/2025\/07\/Fuentes.jpg","width":600,"height":600},{"@type":"BreadcrumbList","@id":"https:\/\/ancestralroute.com\/fr\/producto\/fontaine-en-pierre-sculptee-avec-une-tete-de-dragon-et-une-tortue-sur-son-dos\/#breadcrumb","itemListElement":[{"@type":"ListItem","position":1,"name":"Accueil","item":"https:\/\/ancestralroute.com\/fr\/"},{"@type":"ListItem","position":2,"name":"Boutique","item":"https:\/\/ancestralroute.com\/fr\/boutique\/"},{"@type":"ListItem","position":3,"name":"Fontaine en pierre sculpt\u00e9e avec une t\u00eate de dragon et une tortue sur son dos"}]},{"@type":"WebSite","@id":"https:\/\/ancestralroute.com\/fr\/#website","url":"https:\/\/ancestralroute.com\/fr\/","name":"Ancestral route","description":"","potentialAction":[{"@type":"SearchAction","target":{"@type":"EntryPoint","urlTemplate":"https:\/\/ancestralroute.com\/fr\/?s={search_term_string}"},"query-input":{"@type":"PropertyValueSpecification","valueRequired":true,"valueName":"search_term_string"}}],"inLanguage":"fr-FR"}]}},"_links":{"self":[{"href":"https:\/\/ancestralroute.com\/fr\/wp-json\/wp\/v2\/product\/3945","targetHints":{"allow":["GET"]}}],"collection":[{"href":"https:\/\/ancestralroute.com\/fr\/wp-json\/wp\/v2\/product"}],"about":[{"href":"https:\/\/ancestralroute.com\/fr\/wp-json\/wp\/v2\/types\/product"}],"wp:featuredmedia":[{"embeddable":true,"href":"https:\/\/ancestralroute.com\/fr\/wp-json\/wp\/v2\/media\/1932"}],"wp:attachment":[{"href":"https:\/\/ancestralroute.com\/fr\/wp-json\/wp\/v2\/media?parent=3945"}],"wp:term":[{"taxonomy":"product_brand","embeddable":true,"href":"https:\/\/ancestralroute.com\/fr\/wp-json\/wp\/v2\/product_brand?post=3945"},{"taxonomy":"product_cat","embeddable":true,"href":"https:\/\/ancestralroute.com\/fr\/wp-json\/wp\/v2\/product_cat?post=3945"},{"taxonomy":"product_tag","embeddable":true,"href":"https:\/\/ancestralroute.com\/fr\/wp-json\/wp\/v2\/product_tag?post=3945"}],"curies":[{"name":"wp","href":"https:\/\/api.w.org\/{rel}","templated":true}]}}