{"id":3949,"date":"2025-08-26T17:21:38","date_gmt":"2025-08-26T17:21:38","guid":{"rendered":"https:\/\/ancestralroute.com\/producto\/tissu-oriental-cousu-main-avec-des-motifs-doiseaux-de-paradis\/"},"modified":"2025-12-17T15:28:30","modified_gmt":"2025-12-17T15:28:30","slug":"tissu-oriental-cousu-main-avec-des-motifs-doiseaux-de-paradis","status":"publish","type":"product","link":"https:\/\/ancestralroute.com\/fr\/producto\/tissu-oriental-cousu-main-avec-des-motifs-doiseaux-de-paradis\/","title":{"rendered":"Tissu oriental cousu main avec des motifs d&rsquo;oiseaux de paradis"},"content":{"rendered":"<p>Ce tissu oriental d\u00e9licat a \u00e9t\u00e9 cousu \u00e0 la main avec soin, incorporant la figure des oiseaux de paradis, symbole ancestral de beaut\u00e9, de prosp\u00e9rit\u00e9 et de libert\u00e9. Chaque point refl\u00e8te la patience et le savoir-faire des artisanes qui perp\u00e9tuent la tradition textile orientale, h\u00e9rit\u00e9e au fil des si\u00e8cles sur la Route de la Soie. Plus qu&rsquo;un objet d\u00e9coratif, c&rsquo;est une \u0153uvre qui transmet mouvement, couleur et spiritualit\u00e9, capable de transformer n&rsquo;importe quel espace en un d\u00e9cor plein de vie et de sens.  <\/p>\n","protected":false},"excerpt":{"rendered":"<p>Le vol \u00e9ternel des oiseaux de paradis. Tissu oriental cousu \u00e0 la main avec des motifs d&rsquo;oiseaux de paradis. Une pi\u00e8ce textile artisanale pleine de couleur, de d\u00e9tails et de tradition.  <\/p>\n","protected":false},"featured_media":1924,"template":"","meta":{"_acf_changed":false},"product_brand":[],"product_cat":[197],"product_tag":[],"class_list":{"0":"post-3949","1":"product","2":"type-product","3":"status-publish","4":"has-post-thumbnail","6":"product_cat-textiles","8":"first","9":"outofstock","10":"taxable","11":"shipping-taxable","12":"product-type-simple"},"acf":[],"yoast_head":"<!-- This site is optimized with the Yoast SEO plugin v26.7 - https:\/\/yoast.com\/wordpress\/plugins\/seo\/ -->\n<title>Tissu oriental cousu main avec des motifs d&#039;oiseaux de paradis - Ancestral route<\/title>\n<meta name=\"robots\" content=\"index, follow, max-snippet:-1, max-image-preview:large, max-video-preview:-1\" \/>\n<link rel=\"canonical\" href=\"https:\/\/ancestralroute.com\/fr\/producto\/tissu-oriental-cousu-main-avec-des-motifs-doiseaux-de-paradis\/\" \/>\n<meta property=\"og:locale\" content=\"fr_FR\" \/>\n<meta property=\"og:type\" content=\"article\" \/>\n<meta property=\"og:title\" content=\"Tissu oriental cousu main avec des motifs d&#039;oiseaux de paradis - Ancestral route\" \/>\n<meta property=\"og:description\" content=\"Le vol \u00e9ternel des oiseaux de paradis. Tissu oriental cousu \u00e0 la main avec des motifs d&#039;oiseaux de paradis. Une pi\u00e8ce textile artisanale pleine de couleur, de d\u00e9tails et de tradition.\" \/>\n<meta property=\"og:url\" content=\"https:\/\/ancestralroute.com\/fr\/producto\/tissu-oriental-cousu-main-avec-des-motifs-doiseaux-de-paradis\/\" \/>\n<meta property=\"og:site_name\" content=\"Ancestral route\" \/>\n<meta property=\"article:modified_time\" content=\"2025-12-17T15:28:30+00:00\" \/>\n<meta property=\"og:image\" content=\"https:\/\/ancestralroute.com\/wp-content\/uploads\/2025\/07\/Textiles.jpg\" \/>\n\t<meta property=\"og:image:width\" content=\"600\" \/>\n\t<meta property=\"og:image:height\" content=\"600\" \/>\n\t<meta property=\"og:image:type\" content=\"image\/jpeg\" \/>\n<meta name=\"twitter:card\" content=\"summary_large_image\" \/>\n<script type=\"application\/ld+json\" class=\"yoast-schema-graph\">{\"@context\":\"https:\/\/schema.org\",\"@graph\":[{\"@type\":\"WebPage\",\"@id\":\"https:\/\/ancestralroute.com\/fr\/producto\/tissu-oriental-cousu-main-avec-des-motifs-doiseaux-de-paradis\/\",\"url\":\"https:\/\/ancestralroute.com\/fr\/producto\/tissu-oriental-cousu-main-avec-des-motifs-doiseaux-de-paradis\/\",\"name\":\"Tissu oriental cousu main avec des motifs d'oiseaux de paradis - Ancestral route\",\"isPartOf\":{\"@id\":\"https:\/\/ancestralroute.com\/fr\/#website\"},\"primaryImageOfPage\":{\"@id\":\"https:\/\/ancestralroute.com\/fr\/producto\/tissu-oriental-cousu-main-avec-des-motifs-doiseaux-de-paradis\/#primaryimage\"},\"image\":{\"@id\":\"https:\/\/ancestralroute.com\/fr\/producto\/tissu-oriental-cousu-main-avec-des-motifs-doiseaux-de-paradis\/#primaryimage\"},\"thumbnailUrl\":\"https:\/\/ancestralroute.com\/wp-content\/uploads\/2025\/07\/Textiles.jpg\",\"datePublished\":\"2025-08-26T17:21:38+00:00\",\"dateModified\":\"2025-12-17T15:28:30+00:00\",\"breadcrumb\":{\"@id\":\"https:\/\/ancestralroute.com\/fr\/producto\/tissu-oriental-cousu-main-avec-des-motifs-doiseaux-de-paradis\/#breadcrumb\"},\"inLanguage\":\"fr-FR\",\"potentialAction\":[{\"@type\":\"ReadAction\",\"target\":[\"https:\/\/ancestralroute.com\/fr\/producto\/tissu-oriental-cousu-main-avec-des-motifs-doiseaux-de-paradis\/\"]}]},{\"@type\":\"ImageObject\",\"inLanguage\":\"fr-FR\",\"@id\":\"https:\/\/ancestralroute.com\/fr\/producto\/tissu-oriental-cousu-main-avec-des-motifs-doiseaux-de-paradis\/#primaryimage\",\"url\":\"https:\/\/ancestralroute.com\/wp-content\/uploads\/2025\/07\/Textiles.jpg\",\"contentUrl\":\"https:\/\/ancestralroute.com\/wp-content\/uploads\/2025\/07\/Textiles.jpg\",\"width\":600,\"height\":600},{\"@type\":\"BreadcrumbList\",\"@id\":\"https:\/\/ancestralroute.com\/fr\/producto\/tissu-oriental-cousu-main-avec-des-motifs-doiseaux-de-paradis\/#breadcrumb\",\"itemListElement\":[{\"@type\":\"ListItem\",\"position\":1,\"name\":\"Accueil\",\"item\":\"https:\/\/ancestralroute.com\/fr\/\"},{\"@type\":\"ListItem\",\"position\":2,\"name\":\"Boutique\",\"item\":\"https:\/\/ancestralroute.com\/fr\/boutique\/\"},{\"@type\":\"ListItem\",\"position\":3,\"name\":\"Tissu oriental cousu main avec des motifs d&rsquo;oiseaux de paradis\"}]},{\"@type\":\"WebSite\",\"@id\":\"https:\/\/ancestralroute.com\/fr\/#website\",\"url\":\"https:\/\/ancestralroute.com\/fr\/\",\"name\":\"Ancestral route\",\"description\":\"\",\"potentialAction\":[{\"@type\":\"SearchAction\",\"target\":{\"@type\":\"EntryPoint\",\"urlTemplate\":\"https:\/\/ancestralroute.com\/fr\/?s={search_term_string}\"},\"query-input\":{\"@type\":\"PropertyValueSpecification\",\"valueRequired\":true,\"valueName\":\"search_term_string\"}}],\"inLanguage\":\"fr-FR\"}]}<\/script>\n<!-- \/ Yoast SEO plugin. -->","yoast_head_json":{"title":"Tissu oriental cousu main avec des motifs d'oiseaux de paradis - Ancestral route","robots":{"index":"index","follow":"follow","max-snippet":"max-snippet:-1","max-image-preview":"max-image-preview:large","max-video-preview":"max-video-preview:-1"},"canonical":"https:\/\/ancestralroute.com\/fr\/producto\/tissu-oriental-cousu-main-avec-des-motifs-doiseaux-de-paradis\/","og_locale":"fr_FR","og_type":"article","og_title":"Tissu oriental cousu main avec des motifs d'oiseaux de paradis - Ancestral route","og_description":"Le vol \u00e9ternel des oiseaux de paradis. Tissu oriental cousu \u00e0 la main avec des motifs d'oiseaux de paradis. Une pi\u00e8ce textile artisanale pleine de couleur, de d\u00e9tails et de tradition.","og_url":"https:\/\/ancestralroute.com\/fr\/producto\/tissu-oriental-cousu-main-avec-des-motifs-doiseaux-de-paradis\/","og_site_name":"Ancestral route","article_modified_time":"2025-12-17T15:28:30+00:00","og_image":[{"width":600,"height":600,"url":"https:\/\/ancestralroute.com\/wp-content\/uploads\/2025\/07\/Textiles.jpg","type":"image\/jpeg"}],"twitter_card":"summary_large_image","schema":{"@context":"https:\/\/schema.org","@graph":[{"@type":"WebPage","@id":"https:\/\/ancestralroute.com\/fr\/producto\/tissu-oriental-cousu-main-avec-des-motifs-doiseaux-de-paradis\/","url":"https:\/\/ancestralroute.com\/fr\/producto\/tissu-oriental-cousu-main-avec-des-motifs-doiseaux-de-paradis\/","name":"Tissu oriental cousu main avec des motifs d'oiseaux de paradis - Ancestral route","isPartOf":{"@id":"https:\/\/ancestralroute.com\/fr\/#website"},"primaryImageOfPage":{"@id":"https:\/\/ancestralroute.com\/fr\/producto\/tissu-oriental-cousu-main-avec-des-motifs-doiseaux-de-paradis\/#primaryimage"},"image":{"@id":"https:\/\/ancestralroute.com\/fr\/producto\/tissu-oriental-cousu-main-avec-des-motifs-doiseaux-de-paradis\/#primaryimage"},"thumbnailUrl":"https:\/\/ancestralroute.com\/wp-content\/uploads\/2025\/07\/Textiles.jpg","datePublished":"2025-08-26T17:21:38+00:00","dateModified":"2025-12-17T15:28:30+00:00","breadcrumb":{"@id":"https:\/\/ancestralroute.com\/fr\/producto\/tissu-oriental-cousu-main-avec-des-motifs-doiseaux-de-paradis\/#breadcrumb"},"inLanguage":"fr-FR","potentialAction":[{"@type":"ReadAction","target":["https:\/\/ancestralroute.com\/fr\/producto\/tissu-oriental-cousu-main-avec-des-motifs-doiseaux-de-paradis\/"]}]},{"@type":"ImageObject","inLanguage":"fr-FR","@id":"https:\/\/ancestralroute.com\/fr\/producto\/tissu-oriental-cousu-main-avec-des-motifs-doiseaux-de-paradis\/#primaryimage","url":"https:\/\/ancestralroute.com\/wp-content\/uploads\/2025\/07\/Textiles.jpg","contentUrl":"https:\/\/ancestralroute.com\/wp-content\/uploads\/2025\/07\/Textiles.jpg","width":600,"height":600},{"@type":"BreadcrumbList","@id":"https:\/\/ancestralroute.com\/fr\/producto\/tissu-oriental-cousu-main-avec-des-motifs-doiseaux-de-paradis\/#breadcrumb","itemListElement":[{"@type":"ListItem","position":1,"name":"Accueil","item":"https:\/\/ancestralroute.com\/fr\/"},{"@type":"ListItem","position":2,"name":"Boutique","item":"https:\/\/ancestralroute.com\/fr\/boutique\/"},{"@type":"ListItem","position":3,"name":"Tissu oriental cousu main avec des motifs d&rsquo;oiseaux de paradis"}]},{"@type":"WebSite","@id":"https:\/\/ancestralroute.com\/fr\/#website","url":"https:\/\/ancestralroute.com\/fr\/","name":"Ancestral route","description":"","potentialAction":[{"@type":"SearchAction","target":{"@type":"EntryPoint","urlTemplate":"https:\/\/ancestralroute.com\/fr\/?s={search_term_string}"},"query-input":{"@type":"PropertyValueSpecification","valueRequired":true,"valueName":"search_term_string"}}],"inLanguage":"fr-FR"}]}},"_links":{"self":[{"href":"https:\/\/ancestralroute.com\/fr\/wp-json\/wp\/v2\/product\/3949","targetHints":{"allow":["GET"]}}],"collection":[{"href":"https:\/\/ancestralroute.com\/fr\/wp-json\/wp\/v2\/product"}],"about":[{"href":"https:\/\/ancestralroute.com\/fr\/wp-json\/wp\/v2\/types\/product"}],"wp:featuredmedia":[{"embeddable":true,"href":"https:\/\/ancestralroute.com\/fr\/wp-json\/wp\/v2\/media\/1924"}],"wp:attachment":[{"href":"https:\/\/ancestralroute.com\/fr\/wp-json\/wp\/v2\/media?parent=3949"}],"wp:term":[{"taxonomy":"product_brand","embeddable":true,"href":"https:\/\/ancestralroute.com\/fr\/wp-json\/wp\/v2\/product_brand?post=3949"},{"taxonomy":"product_cat","embeddable":true,"href":"https:\/\/ancestralroute.com\/fr\/wp-json\/wp\/v2\/product_cat?post=3949"},{"taxonomy":"product_tag","embeddable":true,"href":"https:\/\/ancestralroute.com\/fr\/wp-json\/wp\/v2\/product_tag?post=3949"}],"curies":[{"name":"wp","href":"https:\/\/api.w.org\/{rel}","templated":true}]}}