{"id":3953,"date":"2025-08-26T16:54:47","date_gmt":"2025-08-26T16:54:47","guid":{"rendered":"https:\/\/ancestralroute.com\/producto\/miroir-ovale-avec-cadre-en-bois-sculpte-a-la-main\/"},"modified":"2025-08-26T16:54:47","modified_gmt":"2025-08-26T16:54:47","slug":"miroir-ovale-avec-cadre-en-bois-sculpte-a-la-main","status":"publish","type":"product","link":"https:\/\/ancestralroute.com\/fr\/producto\/miroir-ovale-avec-cadre-en-bois-sculpte-a-la-main\/","title":{"rendered":"Miroir ovale avec cadre en bois sculpt\u00e9 \u00e0 la main"},"content":{"rendered":"<p>Ce miroir ovale encadre chaque reflet avec la noblesse du bois sculpt\u00e9 \u00e0 la main. Ses formes d\u00e9licates \u00e9voquent l&rsquo;art traditionnel transmis de g\u00e9n\u00e9ration en g\u00e9n\u00e9ration, o\u00f9 chaque d\u00e9tail r\u00e9v\u00e8le l&#8217;empreinte de l&rsquo;artisan. Au-del\u00e0 de sa fonction pratique, c&rsquo;est un objet charg\u00e9 de symbolisme : un portail qui agrandit les espaces et apporte de la lumi\u00e8re, tout en transmettant s\u00e9r\u00e9nit\u00e9 et caract\u00e8re. Id\u00e9al pour mettre en valeur les entr\u00e9es, les chambres ou les salons avec une touche d&rsquo;authenticit\u00e9 ancestrale.   <\/p>\n","protected":false},"excerpt":{"rendered":"<p>Des reflets empreints d&rsquo;une \u00e2me ancestrale. Miroir ovale avec cadre en bois sculpt\u00e9 \u00e0 la main. Une pi\u00e8ce \u00e9l\u00e9gante et intemporelle qui apporte chaleur et distinction.  <\/p>\n","protected":false},"featured_media":1920,"template":"","meta":{"_acf_changed":false},"product_brand":[],"product_cat":[193],"product_tag":[],"class_list":{"0":"post-3953","1":"product","2":"type-product","3":"status-publish","4":"has-post-thumbnail","6":"product_cat-miroirs","8":"first","9":"outofstock","10":"taxable","11":"shipping-taxable","12":"product-type-simple"},"acf":[],"yoast_head":"<!-- This site is optimized with the Yoast SEO plugin v26.7 - https:\/\/yoast.com\/wordpress\/plugins\/seo\/ -->\n<title>Miroir ovale avec cadre en bois sculpt\u00e9 \u00e0 la main - Ancestral route<\/title>\n<meta name=\"robots\" content=\"index, follow, max-snippet:-1, max-image-preview:large, max-video-preview:-1\" \/>\n<link rel=\"canonical\" href=\"https:\/\/ancestralroute.com\/fr\/producto\/miroir-ovale-avec-cadre-en-bois-sculpte-a-la-main\/\" \/>\n<meta property=\"og:locale\" content=\"fr_FR\" \/>\n<meta property=\"og:type\" content=\"article\" \/>\n<meta property=\"og:title\" content=\"Miroir ovale avec cadre en bois sculpt\u00e9 \u00e0 la main - Ancestral route\" \/>\n<meta property=\"og:description\" content=\"Des reflets empreints d&#039;une \u00e2me ancestrale. Miroir ovale avec cadre en bois sculpt\u00e9 \u00e0 la main. Une pi\u00e8ce \u00e9l\u00e9gante et intemporelle qui apporte chaleur et distinction.\" \/>\n<meta property=\"og:url\" content=\"https:\/\/ancestralroute.com\/fr\/producto\/miroir-ovale-avec-cadre-en-bois-sculpte-a-la-main\/\" \/>\n<meta property=\"og:site_name\" content=\"Ancestral route\" \/>\n<meta property=\"og:image\" content=\"https:\/\/ancestralroute.com\/wp-content\/uploads\/2025\/07\/Espejos.jpg\" \/>\n\t<meta property=\"og:image:width\" content=\"600\" \/>\n\t<meta property=\"og:image:height\" content=\"601\" \/>\n\t<meta property=\"og:image:type\" content=\"image\/jpeg\" \/>\n<meta name=\"twitter:card\" content=\"summary_large_image\" \/>\n<script type=\"application\/ld+json\" class=\"yoast-schema-graph\">{\"@context\":\"https:\/\/schema.org\",\"@graph\":[{\"@type\":\"WebPage\",\"@id\":\"https:\/\/ancestralroute.com\/fr\/producto\/miroir-ovale-avec-cadre-en-bois-sculpte-a-la-main\/\",\"url\":\"https:\/\/ancestralroute.com\/fr\/producto\/miroir-ovale-avec-cadre-en-bois-sculpte-a-la-main\/\",\"name\":\"Miroir ovale avec cadre en bois sculpt\u00e9 \u00e0 la main - Ancestral route\",\"isPartOf\":{\"@id\":\"https:\/\/ancestralroute.com\/fr\/#website\"},\"primaryImageOfPage\":{\"@id\":\"https:\/\/ancestralroute.com\/fr\/producto\/miroir-ovale-avec-cadre-en-bois-sculpte-a-la-main\/#primaryimage\"},\"image\":{\"@id\":\"https:\/\/ancestralroute.com\/fr\/producto\/miroir-ovale-avec-cadre-en-bois-sculpte-a-la-main\/#primaryimage\"},\"thumbnailUrl\":\"https:\/\/ancestralroute.com\/wp-content\/uploads\/2025\/07\/Espejos.jpg\",\"datePublished\":\"2025-08-26T16:54:47+00:00\",\"breadcrumb\":{\"@id\":\"https:\/\/ancestralroute.com\/fr\/producto\/miroir-ovale-avec-cadre-en-bois-sculpte-a-la-main\/#breadcrumb\"},\"inLanguage\":\"fr-FR\",\"potentialAction\":[{\"@type\":\"ReadAction\",\"target\":[\"https:\/\/ancestralroute.com\/fr\/producto\/miroir-ovale-avec-cadre-en-bois-sculpte-a-la-main\/\"]}]},{\"@type\":\"ImageObject\",\"inLanguage\":\"fr-FR\",\"@id\":\"https:\/\/ancestralroute.com\/fr\/producto\/miroir-ovale-avec-cadre-en-bois-sculpte-a-la-main\/#primaryimage\",\"url\":\"https:\/\/ancestralroute.com\/wp-content\/uploads\/2025\/07\/Espejos.jpg\",\"contentUrl\":\"https:\/\/ancestralroute.com\/wp-content\/uploads\/2025\/07\/Espejos.jpg\",\"width\":600,\"height\":601},{\"@type\":\"BreadcrumbList\",\"@id\":\"https:\/\/ancestralroute.com\/fr\/producto\/miroir-ovale-avec-cadre-en-bois-sculpte-a-la-main\/#breadcrumb\",\"itemListElement\":[{\"@type\":\"ListItem\",\"position\":1,\"name\":\"Accueil\",\"item\":\"https:\/\/ancestralroute.com\/fr\/\"},{\"@type\":\"ListItem\",\"position\":2,\"name\":\"Boutique\",\"item\":\"https:\/\/ancestralroute.com\/fr\/boutique\/\"},{\"@type\":\"ListItem\",\"position\":3,\"name\":\"Miroir ovale avec cadre en bois sculpt\u00e9 \u00e0 la main\"}]},{\"@type\":\"WebSite\",\"@id\":\"https:\/\/ancestralroute.com\/fr\/#website\",\"url\":\"https:\/\/ancestralroute.com\/fr\/\",\"name\":\"Ancestral route\",\"description\":\"\",\"potentialAction\":[{\"@type\":\"SearchAction\",\"target\":{\"@type\":\"EntryPoint\",\"urlTemplate\":\"https:\/\/ancestralroute.com\/fr\/?s={search_term_string}\"},\"query-input\":{\"@type\":\"PropertyValueSpecification\",\"valueRequired\":true,\"valueName\":\"search_term_string\"}}],\"inLanguage\":\"fr-FR\"}]}<\/script>\n<!-- \/ Yoast SEO plugin. -->","yoast_head_json":{"title":"Miroir ovale avec cadre en bois sculpt\u00e9 \u00e0 la main - Ancestral route","robots":{"index":"index","follow":"follow","max-snippet":"max-snippet:-1","max-image-preview":"max-image-preview:large","max-video-preview":"max-video-preview:-1"},"canonical":"https:\/\/ancestralroute.com\/fr\/producto\/miroir-ovale-avec-cadre-en-bois-sculpte-a-la-main\/","og_locale":"fr_FR","og_type":"article","og_title":"Miroir ovale avec cadre en bois sculpt\u00e9 \u00e0 la main - Ancestral route","og_description":"Des reflets empreints d'une \u00e2me ancestrale. Miroir ovale avec cadre en bois sculpt\u00e9 \u00e0 la main. Une pi\u00e8ce \u00e9l\u00e9gante et intemporelle qui apporte chaleur et distinction.","og_url":"https:\/\/ancestralroute.com\/fr\/producto\/miroir-ovale-avec-cadre-en-bois-sculpte-a-la-main\/","og_site_name":"Ancestral route","og_image":[{"width":600,"height":601,"url":"https:\/\/ancestralroute.com\/wp-content\/uploads\/2025\/07\/Espejos.jpg","type":"image\/jpeg"}],"twitter_card":"summary_large_image","schema":{"@context":"https:\/\/schema.org","@graph":[{"@type":"WebPage","@id":"https:\/\/ancestralroute.com\/fr\/producto\/miroir-ovale-avec-cadre-en-bois-sculpte-a-la-main\/","url":"https:\/\/ancestralroute.com\/fr\/producto\/miroir-ovale-avec-cadre-en-bois-sculpte-a-la-main\/","name":"Miroir ovale avec cadre en bois sculpt\u00e9 \u00e0 la main - Ancestral route","isPartOf":{"@id":"https:\/\/ancestralroute.com\/fr\/#website"},"primaryImageOfPage":{"@id":"https:\/\/ancestralroute.com\/fr\/producto\/miroir-ovale-avec-cadre-en-bois-sculpte-a-la-main\/#primaryimage"},"image":{"@id":"https:\/\/ancestralroute.com\/fr\/producto\/miroir-ovale-avec-cadre-en-bois-sculpte-a-la-main\/#primaryimage"},"thumbnailUrl":"https:\/\/ancestralroute.com\/wp-content\/uploads\/2025\/07\/Espejos.jpg","datePublished":"2025-08-26T16:54:47+00:00","breadcrumb":{"@id":"https:\/\/ancestralroute.com\/fr\/producto\/miroir-ovale-avec-cadre-en-bois-sculpte-a-la-main\/#breadcrumb"},"inLanguage":"fr-FR","potentialAction":[{"@type":"ReadAction","target":["https:\/\/ancestralroute.com\/fr\/producto\/miroir-ovale-avec-cadre-en-bois-sculpte-a-la-main\/"]}]},{"@type":"ImageObject","inLanguage":"fr-FR","@id":"https:\/\/ancestralroute.com\/fr\/producto\/miroir-ovale-avec-cadre-en-bois-sculpte-a-la-main\/#primaryimage","url":"https:\/\/ancestralroute.com\/wp-content\/uploads\/2025\/07\/Espejos.jpg","contentUrl":"https:\/\/ancestralroute.com\/wp-content\/uploads\/2025\/07\/Espejos.jpg","width":600,"height":601},{"@type":"BreadcrumbList","@id":"https:\/\/ancestralroute.com\/fr\/producto\/miroir-ovale-avec-cadre-en-bois-sculpte-a-la-main\/#breadcrumb","itemListElement":[{"@type":"ListItem","position":1,"name":"Accueil","item":"https:\/\/ancestralroute.com\/fr\/"},{"@type":"ListItem","position":2,"name":"Boutique","item":"https:\/\/ancestralroute.com\/fr\/boutique\/"},{"@type":"ListItem","position":3,"name":"Miroir ovale avec cadre en bois sculpt\u00e9 \u00e0 la main"}]},{"@type":"WebSite","@id":"https:\/\/ancestralroute.com\/fr\/#website","url":"https:\/\/ancestralroute.com\/fr\/","name":"Ancestral route","description":"","potentialAction":[{"@type":"SearchAction","target":{"@type":"EntryPoint","urlTemplate":"https:\/\/ancestralroute.com\/fr\/?s={search_term_string}"},"query-input":{"@type":"PropertyValueSpecification","valueRequired":true,"valueName":"search_term_string"}}],"inLanguage":"fr-FR"}]}},"_links":{"self":[{"href":"https:\/\/ancestralroute.com\/fr\/wp-json\/wp\/v2\/product\/3953","targetHints":{"allow":["GET"]}}],"collection":[{"href":"https:\/\/ancestralroute.com\/fr\/wp-json\/wp\/v2\/product"}],"about":[{"href":"https:\/\/ancestralroute.com\/fr\/wp-json\/wp\/v2\/types\/product"}],"wp:featuredmedia":[{"embeddable":true,"href":"https:\/\/ancestralroute.com\/fr\/wp-json\/wp\/v2\/media\/1920"}],"wp:attachment":[{"href":"https:\/\/ancestralroute.com\/fr\/wp-json\/wp\/v2\/media?parent=3953"}],"wp:term":[{"taxonomy":"product_brand","embeddable":true,"href":"https:\/\/ancestralroute.com\/fr\/wp-json\/wp\/v2\/product_brand?post=3953"},{"taxonomy":"product_cat","embeddable":true,"href":"https:\/\/ancestralroute.com\/fr\/wp-json\/wp\/v2\/product_cat?post=3953"},{"taxonomy":"product_tag","embeddable":true,"href":"https:\/\/ancestralroute.com\/fr\/wp-json\/wp\/v2\/product_tag?post=3953"}],"curies":[{"name":"wp","href":"https:\/\/api.w.org\/{rel}","templated":true}]}}