{"id":3955,"date":"2025-08-26T10:14:51","date_gmt":"2025-08-26T10:14:51","guid":{"rendered":"https:\/\/ancestralroute.com\/producto\/sculpture-decorative-realisee-a-partir-dune-racine-polie-et-entrelacee-verticalement\/"},"modified":"2025-08-26T10:14:51","modified_gmt":"2025-08-26T10:14:51","slug":"sculpture-decorative-realisee-a-partir-dune-racine-polie-et-entrelacee-verticalement","status":"publish","type":"product","link":"https:\/\/ancestralroute.com\/fr\/producto\/sculpture-decorative-realisee-a-partir-dune-racine-polie-et-entrelacee-verticalement\/","title":{"rendered":"Sculpture d\u00e9corative r\u00e9alis\u00e9e \u00e0 partir d&rsquo;une racine polie et entrelac\u00e9e verticalement."},"content":{"rendered":"<p>Cette pi\u00e8ce en racine polie, travaill\u00e9e et entrelac\u00e9e verticalement, est une v\u00e9ritable sculpture organique. Chaque courbe et chaque n\u0153ud du bois racontent la force et la beaut\u00e9 de la nature, transform\u00e9es en art gr\u00e2ce au polissage qui met en valeur sa texture unique. Plus qu&rsquo;un objet d\u00e9coratif, c&rsquo;est un symbole d&rsquo;harmonie entre le sauvage et le raffin\u00e9, id\u00e9al pour ceux qui cherchent \u00e0 s&rsquo;entourer d&rsquo;\u00e9l\u00e9ments ayant une \u00e2me et un lien avec la terre. Parfait comme pi\u00e8ce ma\u00eetresse dans un salon, un hall d&rsquo;entr\u00e9e ou un espace de contemplation.   <\/p>\n","protected":false},"excerpt":{"rendered":"<p>La nature transform\u00e9e en sculpture. Pi\u00e8ce d\u00e9corative r\u00e9alis\u00e9e \u00e0 partir de racines polies et entrelac\u00e9es verticalement. Un \u00e9l\u00e9ment naturel et artisanal qui apporte caract\u00e8re et exclusivit\u00e9.  <\/p>\n","protected":false},"featured_media":1978,"template":"","meta":{"_acf_changed":false},"product_brand":[],"product_cat":[195],"product_tag":[],"class_list":{"0":"post-3955","1":"product","2":"type-product","3":"status-publish","4":"has-post-thumbnail","6":"product_cat-pieces-uniques","8":"first","9":"outofstock","10":"taxable","11":"shipping-taxable","12":"product-type-simple"},"acf":[],"yoast_head":"<!-- This site is optimized with the Yoast SEO plugin v26.7 - https:\/\/yoast.com\/wordpress\/plugins\/seo\/ -->\n<title>Sculpture d\u00e9corative r\u00e9alis\u00e9e \u00e0 partir d&#039;une racine polie et entrelac\u00e9e verticalement. - Ancestral route<\/title>\n<meta name=\"robots\" content=\"index, follow, max-snippet:-1, max-image-preview:large, max-video-preview:-1\" \/>\n<link rel=\"canonical\" href=\"https:\/\/ancestralroute.com\/fr\/producto\/sculpture-decorative-realisee-a-partir-dune-racine-polie-et-entrelacee-verticalement\/\" \/>\n<meta property=\"og:locale\" content=\"fr_FR\" \/>\n<meta property=\"og:type\" content=\"article\" \/>\n<meta property=\"og:title\" content=\"Sculpture d\u00e9corative r\u00e9alis\u00e9e \u00e0 partir d&#039;une racine polie et entrelac\u00e9e verticalement. - Ancestral route\" \/>\n<meta property=\"og:description\" content=\"La nature transform\u00e9e en sculpture. Pi\u00e8ce d\u00e9corative r\u00e9alis\u00e9e \u00e0 partir de racines polies et entrelac\u00e9es verticalement. Un \u00e9l\u00e9ment naturel et artisanal qui apporte caract\u00e8re et exclusivit\u00e9.\" \/>\n<meta property=\"og:url\" content=\"https:\/\/ancestralroute.com\/fr\/producto\/sculpture-decorative-realisee-a-partir-dune-racine-polie-et-entrelacee-verticalement\/\" \/>\n<meta property=\"og:site_name\" content=\"Ancestral route\" \/>\n<meta property=\"og:image\" content=\"https:\/\/ancestralroute.com\/wp-content\/uploads\/2025\/07\/escultura_madera_1.jpg\" \/>\n\t<meta property=\"og:image:width\" content=\"600\" \/>\n\t<meta property=\"og:image:height\" content=\"600\" \/>\n\t<meta property=\"og:image:type\" content=\"image\/jpeg\" \/>\n<meta name=\"twitter:card\" content=\"summary_large_image\" \/>\n<meta name=\"twitter:label1\" content=\"Dur\u00e9e de lecture estim\u00e9e\" \/>\n\t<meta name=\"twitter:data1\" content=\"1 minute\" \/>\n<script type=\"application\/ld+json\" class=\"yoast-schema-graph\">{\"@context\":\"https:\/\/schema.org\",\"@graph\":[{\"@type\":\"WebPage\",\"@id\":\"https:\/\/ancestralroute.com\/fr\/producto\/sculpture-decorative-realisee-a-partir-dune-racine-polie-et-entrelacee-verticalement\/\",\"url\":\"https:\/\/ancestralroute.com\/fr\/producto\/sculpture-decorative-realisee-a-partir-dune-racine-polie-et-entrelacee-verticalement\/\",\"name\":\"Sculpture d\u00e9corative r\u00e9alis\u00e9e \u00e0 partir d'une racine polie et entrelac\u00e9e verticalement. - Ancestral route\",\"isPartOf\":{\"@id\":\"https:\/\/ancestralroute.com\/fr\/#website\"},\"primaryImageOfPage\":{\"@id\":\"https:\/\/ancestralroute.com\/fr\/producto\/sculpture-decorative-realisee-a-partir-dune-racine-polie-et-entrelacee-verticalement\/#primaryimage\"},\"image\":{\"@id\":\"https:\/\/ancestralroute.com\/fr\/producto\/sculpture-decorative-realisee-a-partir-dune-racine-polie-et-entrelacee-verticalement\/#primaryimage\"},\"thumbnailUrl\":\"https:\/\/ancestralroute.com\/wp-content\/uploads\/2025\/07\/escultura_madera_1.jpg\",\"datePublished\":\"2025-08-26T10:14:51+00:00\",\"breadcrumb\":{\"@id\":\"https:\/\/ancestralroute.com\/fr\/producto\/sculpture-decorative-realisee-a-partir-dune-racine-polie-et-entrelacee-verticalement\/#breadcrumb\"},\"inLanguage\":\"fr-FR\",\"potentialAction\":[{\"@type\":\"ReadAction\",\"target\":[\"https:\/\/ancestralroute.com\/fr\/producto\/sculpture-decorative-realisee-a-partir-dune-racine-polie-et-entrelacee-verticalement\/\"]}]},{\"@type\":\"ImageObject\",\"inLanguage\":\"fr-FR\",\"@id\":\"https:\/\/ancestralroute.com\/fr\/producto\/sculpture-decorative-realisee-a-partir-dune-racine-polie-et-entrelacee-verticalement\/#primaryimage\",\"url\":\"https:\/\/ancestralroute.com\/wp-content\/uploads\/2025\/07\/escultura_madera_1.jpg\",\"contentUrl\":\"https:\/\/ancestralroute.com\/wp-content\/uploads\/2025\/07\/escultura_madera_1.jpg\",\"width\":600,\"height\":600},{\"@type\":\"BreadcrumbList\",\"@id\":\"https:\/\/ancestralroute.com\/fr\/producto\/sculpture-decorative-realisee-a-partir-dune-racine-polie-et-entrelacee-verticalement\/#breadcrumb\",\"itemListElement\":[{\"@type\":\"ListItem\",\"position\":1,\"name\":\"Accueil\",\"item\":\"https:\/\/ancestralroute.com\/fr\/\"},{\"@type\":\"ListItem\",\"position\":2,\"name\":\"Boutique\",\"item\":\"https:\/\/ancestralroute.com\/fr\/boutique\/\"},{\"@type\":\"ListItem\",\"position\":3,\"name\":\"Sculpture d\u00e9corative r\u00e9alis\u00e9e \u00e0 partir d&#8217;une racine polie et entrelac\u00e9e verticalement.\"}]},{\"@type\":\"WebSite\",\"@id\":\"https:\/\/ancestralroute.com\/fr\/#website\",\"url\":\"https:\/\/ancestralroute.com\/fr\/\",\"name\":\"Ancestral route\",\"description\":\"\",\"potentialAction\":[{\"@type\":\"SearchAction\",\"target\":{\"@type\":\"EntryPoint\",\"urlTemplate\":\"https:\/\/ancestralroute.com\/fr\/?s={search_term_string}\"},\"query-input\":{\"@type\":\"PropertyValueSpecification\",\"valueRequired\":true,\"valueName\":\"search_term_string\"}}],\"inLanguage\":\"fr-FR\"}]}<\/script>\n<!-- \/ Yoast SEO plugin. -->","yoast_head_json":{"title":"Sculpture d\u00e9corative r\u00e9alis\u00e9e \u00e0 partir d'une racine polie et entrelac\u00e9e verticalement. - Ancestral route","robots":{"index":"index","follow":"follow","max-snippet":"max-snippet:-1","max-image-preview":"max-image-preview:large","max-video-preview":"max-video-preview:-1"},"canonical":"https:\/\/ancestralroute.com\/fr\/producto\/sculpture-decorative-realisee-a-partir-dune-racine-polie-et-entrelacee-verticalement\/","og_locale":"fr_FR","og_type":"article","og_title":"Sculpture d\u00e9corative r\u00e9alis\u00e9e \u00e0 partir d'une racine polie et entrelac\u00e9e verticalement. - Ancestral route","og_description":"La nature transform\u00e9e en sculpture. Pi\u00e8ce d\u00e9corative r\u00e9alis\u00e9e \u00e0 partir de racines polies et entrelac\u00e9es verticalement. Un \u00e9l\u00e9ment naturel et artisanal qui apporte caract\u00e8re et exclusivit\u00e9.","og_url":"https:\/\/ancestralroute.com\/fr\/producto\/sculpture-decorative-realisee-a-partir-dune-racine-polie-et-entrelacee-verticalement\/","og_site_name":"Ancestral route","og_image":[{"width":600,"height":600,"url":"https:\/\/ancestralroute.com\/wp-content\/uploads\/2025\/07\/escultura_madera_1.jpg","type":"image\/jpeg"}],"twitter_card":"summary_large_image","twitter_misc":{"Dur\u00e9e de lecture estim\u00e9e":"1 minute"},"schema":{"@context":"https:\/\/schema.org","@graph":[{"@type":"WebPage","@id":"https:\/\/ancestralroute.com\/fr\/producto\/sculpture-decorative-realisee-a-partir-dune-racine-polie-et-entrelacee-verticalement\/","url":"https:\/\/ancestralroute.com\/fr\/producto\/sculpture-decorative-realisee-a-partir-dune-racine-polie-et-entrelacee-verticalement\/","name":"Sculpture d\u00e9corative r\u00e9alis\u00e9e \u00e0 partir d'une racine polie et entrelac\u00e9e verticalement. - Ancestral route","isPartOf":{"@id":"https:\/\/ancestralroute.com\/fr\/#website"},"primaryImageOfPage":{"@id":"https:\/\/ancestralroute.com\/fr\/producto\/sculpture-decorative-realisee-a-partir-dune-racine-polie-et-entrelacee-verticalement\/#primaryimage"},"image":{"@id":"https:\/\/ancestralroute.com\/fr\/producto\/sculpture-decorative-realisee-a-partir-dune-racine-polie-et-entrelacee-verticalement\/#primaryimage"},"thumbnailUrl":"https:\/\/ancestralroute.com\/wp-content\/uploads\/2025\/07\/escultura_madera_1.jpg","datePublished":"2025-08-26T10:14:51+00:00","breadcrumb":{"@id":"https:\/\/ancestralroute.com\/fr\/producto\/sculpture-decorative-realisee-a-partir-dune-racine-polie-et-entrelacee-verticalement\/#breadcrumb"},"inLanguage":"fr-FR","potentialAction":[{"@type":"ReadAction","target":["https:\/\/ancestralroute.com\/fr\/producto\/sculpture-decorative-realisee-a-partir-dune-racine-polie-et-entrelacee-verticalement\/"]}]},{"@type":"ImageObject","inLanguage":"fr-FR","@id":"https:\/\/ancestralroute.com\/fr\/producto\/sculpture-decorative-realisee-a-partir-dune-racine-polie-et-entrelacee-verticalement\/#primaryimage","url":"https:\/\/ancestralroute.com\/wp-content\/uploads\/2025\/07\/escultura_madera_1.jpg","contentUrl":"https:\/\/ancestralroute.com\/wp-content\/uploads\/2025\/07\/escultura_madera_1.jpg","width":600,"height":600},{"@type":"BreadcrumbList","@id":"https:\/\/ancestralroute.com\/fr\/producto\/sculpture-decorative-realisee-a-partir-dune-racine-polie-et-entrelacee-verticalement\/#breadcrumb","itemListElement":[{"@type":"ListItem","position":1,"name":"Accueil","item":"https:\/\/ancestralroute.com\/fr\/"},{"@type":"ListItem","position":2,"name":"Boutique","item":"https:\/\/ancestralroute.com\/fr\/boutique\/"},{"@type":"ListItem","position":3,"name":"Sculpture d\u00e9corative r\u00e9alis\u00e9e \u00e0 partir d&#8217;une racine polie et entrelac\u00e9e verticalement."}]},{"@type":"WebSite","@id":"https:\/\/ancestralroute.com\/fr\/#website","url":"https:\/\/ancestralroute.com\/fr\/","name":"Ancestral route","description":"","potentialAction":[{"@type":"SearchAction","target":{"@type":"EntryPoint","urlTemplate":"https:\/\/ancestralroute.com\/fr\/?s={search_term_string}"},"query-input":{"@type":"PropertyValueSpecification","valueRequired":true,"valueName":"search_term_string"}}],"inLanguage":"fr-FR"}]}},"_links":{"self":[{"href":"https:\/\/ancestralroute.com\/fr\/wp-json\/wp\/v2\/product\/3955","targetHints":{"allow":["GET"]}}],"collection":[{"href":"https:\/\/ancestralroute.com\/fr\/wp-json\/wp\/v2\/product"}],"about":[{"href":"https:\/\/ancestralroute.com\/fr\/wp-json\/wp\/v2\/types\/product"}],"wp:featuredmedia":[{"embeddable":true,"href":"https:\/\/ancestralroute.com\/fr\/wp-json\/wp\/v2\/media\/1978"}],"wp:attachment":[{"href":"https:\/\/ancestralroute.com\/fr\/wp-json\/wp\/v2\/media?parent=3955"}],"wp:term":[{"taxonomy":"product_brand","embeddable":true,"href":"https:\/\/ancestralroute.com\/fr\/wp-json\/wp\/v2\/product_brand?post=3955"},{"taxonomy":"product_cat","embeddable":true,"href":"https:\/\/ancestralroute.com\/fr\/wp-json\/wp\/v2\/product_cat?post=3955"},{"taxonomy":"product_tag","embeddable":true,"href":"https:\/\/ancestralroute.com\/fr\/wp-json\/wp\/v2\/product_tag?post=3955"}],"curies":[{"name":"wp","href":"https:\/\/api.w.org\/{rel}","templated":true}]}}