{"id":3958,"date":"2025-08-26T10:06:54","date_gmt":"2025-08-26T10:06:54","guid":{"rendered":"https:\/\/ancestralroute.com\/producto\/oeuvre-artisanale-peinte-a-la-main-dans-un-style-oriental-avec-des-motifs-traditionnels\/"},"modified":"2025-08-26T10:06:54","modified_gmt":"2025-08-26T10:06:54","slug":"oeuvre-artisanale-peinte-a-la-main-dans-un-style-oriental-avec-des-motifs-traditionnels","status":"publish","type":"product","link":"https:\/\/ancestralroute.com\/fr\/producto\/oeuvre-artisanale-peinte-a-la-main-dans-un-style-oriental-avec-des-motifs-traditionnels\/","title":{"rendered":"\u0152uvre artisanale peinte \u00e0 la main dans un style oriental avec des motifs traditionnels."},"content":{"rendered":"<p>Ce tableau d&rsquo;inspiration orientale transporte le spectateur dans un univers de calme et de contemplation. Ses traits d\u00e9licats et l&rsquo;harmonie dans l&rsquo;utilisation des couleurs \u00e9voquent les paysages, les symboles et les sc\u00e8nes qui ont accompagn\u00e9 pendant des si\u00e8cles l&rsquo;esth\u00e9tique de la Route de la Soie. Plus qu&rsquo;une pi\u00e8ce d\u00e9corative, c&rsquo;est un pont entre les cultures, une \u0153uvre qui invite \u00e0 suspendre le temps et \u00e0 se laisser envelopper par la beaut\u00e9 du subtil.  <\/p>\n","protected":false},"excerpt":{"rendered":"<p>Une fen\u00eatre sur l&rsquo;Orient ancestral. Tableau de style oriental avec des motifs traditionnels. Une \u0153uvre d\u00e9corative qui apporte s\u00e9r\u00e9nit\u00e9 et \u00e9l\u00e9gance \u00e0 n&rsquo;importe quel espace.  <\/p>\n","protected":false},"featured_media":1914,"template":"","meta":{"_acf_changed":false},"product_brand":[],"product_cat":[192],"product_tag":[],"class_list":{"0":"post-3958","1":"product","2":"type-product","3":"status-publish","4":"has-post-thumbnail","6":"product_cat-tableaux","8":"first","9":"outofstock","10":"taxable","11":"shipping-taxable","12":"product-type-simple"},"acf":[],"yoast_head":"<!-- This site is optimized with the Yoast SEO plugin v26.7 - https:\/\/yoast.com\/wordpress\/plugins\/seo\/ -->\n<title>\u0152uvre artisanale peinte \u00e0 la main dans un style oriental avec des motifs traditionnels. - Ancestral route<\/title>\n<meta name=\"robots\" content=\"index, follow, max-snippet:-1, max-image-preview:large, max-video-preview:-1\" \/>\n<link rel=\"canonical\" href=\"https:\/\/ancestralroute.com\/fr\/producto\/oeuvre-artisanale-peinte-a-la-main-dans-un-style-oriental-avec-des-motifs-traditionnels\/\" \/>\n<meta property=\"og:locale\" content=\"fr_FR\" \/>\n<meta property=\"og:type\" content=\"article\" \/>\n<meta property=\"og:title\" content=\"\u0152uvre artisanale peinte \u00e0 la main dans un style oriental avec des motifs traditionnels. - Ancestral route\" \/>\n<meta property=\"og:description\" content=\"Une fen\u00eatre sur l&#039;Orient ancestral. Tableau de style oriental avec des motifs traditionnels. Une \u0153uvre d\u00e9corative qui apporte s\u00e9r\u00e9nit\u00e9 et \u00e9l\u00e9gance \u00e0 n&#039;importe quel espace.\" \/>\n<meta property=\"og:url\" content=\"https:\/\/ancestralroute.com\/fr\/producto\/oeuvre-artisanale-peinte-a-la-main-dans-un-style-oriental-avec-des-motifs-traditionnels\/\" \/>\n<meta property=\"og:site_name\" content=\"Ancestral route\" \/>\n<meta property=\"og:image\" content=\"https:\/\/ancestralroute.com\/wp-content\/uploads\/2025\/07\/Cuadros.jpg\" \/>\n\t<meta property=\"og:image:width\" content=\"614\" \/>\n\t<meta property=\"og:image:height\" content=\"600\" \/>\n\t<meta property=\"og:image:type\" content=\"image\/jpeg\" \/>\n<meta name=\"twitter:card\" content=\"summary_large_image\" \/>\n<script type=\"application\/ld+json\" class=\"yoast-schema-graph\">{\"@context\":\"https:\/\/schema.org\",\"@graph\":[{\"@type\":\"WebPage\",\"@id\":\"https:\/\/ancestralroute.com\/fr\/producto\/oeuvre-artisanale-peinte-a-la-main-dans-un-style-oriental-avec-des-motifs-traditionnels\/\",\"url\":\"https:\/\/ancestralroute.com\/fr\/producto\/oeuvre-artisanale-peinte-a-la-main-dans-un-style-oriental-avec-des-motifs-traditionnels\/\",\"name\":\"\u0152uvre artisanale peinte \u00e0 la main dans un style oriental avec des motifs traditionnels. - Ancestral route\",\"isPartOf\":{\"@id\":\"https:\/\/ancestralroute.com\/fr\/#website\"},\"primaryImageOfPage\":{\"@id\":\"https:\/\/ancestralroute.com\/fr\/producto\/oeuvre-artisanale-peinte-a-la-main-dans-un-style-oriental-avec-des-motifs-traditionnels\/#primaryimage\"},\"image\":{\"@id\":\"https:\/\/ancestralroute.com\/fr\/producto\/oeuvre-artisanale-peinte-a-la-main-dans-un-style-oriental-avec-des-motifs-traditionnels\/#primaryimage\"},\"thumbnailUrl\":\"https:\/\/ancestralroute.com\/wp-content\/uploads\/2025\/07\/Cuadros.jpg\",\"datePublished\":\"2025-08-26T10:06:54+00:00\",\"breadcrumb\":{\"@id\":\"https:\/\/ancestralroute.com\/fr\/producto\/oeuvre-artisanale-peinte-a-la-main-dans-un-style-oriental-avec-des-motifs-traditionnels\/#breadcrumb\"},\"inLanguage\":\"fr-FR\",\"potentialAction\":[{\"@type\":\"ReadAction\",\"target\":[\"https:\/\/ancestralroute.com\/fr\/producto\/oeuvre-artisanale-peinte-a-la-main-dans-un-style-oriental-avec-des-motifs-traditionnels\/\"]}]},{\"@type\":\"ImageObject\",\"inLanguage\":\"fr-FR\",\"@id\":\"https:\/\/ancestralroute.com\/fr\/producto\/oeuvre-artisanale-peinte-a-la-main-dans-un-style-oriental-avec-des-motifs-traditionnels\/#primaryimage\",\"url\":\"https:\/\/ancestralroute.com\/wp-content\/uploads\/2025\/07\/Cuadros.jpg\",\"contentUrl\":\"https:\/\/ancestralroute.com\/wp-content\/uploads\/2025\/07\/Cuadros.jpg\",\"width\":614,\"height\":600},{\"@type\":\"BreadcrumbList\",\"@id\":\"https:\/\/ancestralroute.com\/fr\/producto\/oeuvre-artisanale-peinte-a-la-main-dans-un-style-oriental-avec-des-motifs-traditionnels\/#breadcrumb\",\"itemListElement\":[{\"@type\":\"ListItem\",\"position\":1,\"name\":\"Accueil\",\"item\":\"https:\/\/ancestralroute.com\/fr\/\"},{\"@type\":\"ListItem\",\"position\":2,\"name\":\"Boutique\",\"item\":\"https:\/\/ancestralroute.com\/fr\/boutique\/\"},{\"@type\":\"ListItem\",\"position\":3,\"name\":\"\u0152uvre artisanale peinte \u00e0 la main dans un style oriental avec des motifs traditionnels.\"}]},{\"@type\":\"WebSite\",\"@id\":\"https:\/\/ancestralroute.com\/fr\/#website\",\"url\":\"https:\/\/ancestralroute.com\/fr\/\",\"name\":\"Ancestral route\",\"description\":\"\",\"potentialAction\":[{\"@type\":\"SearchAction\",\"target\":{\"@type\":\"EntryPoint\",\"urlTemplate\":\"https:\/\/ancestralroute.com\/fr\/?s={search_term_string}\"},\"query-input\":{\"@type\":\"PropertyValueSpecification\",\"valueRequired\":true,\"valueName\":\"search_term_string\"}}],\"inLanguage\":\"fr-FR\"}]}<\/script>\n<!-- \/ Yoast SEO plugin. -->","yoast_head_json":{"title":"\u0152uvre artisanale peinte \u00e0 la main dans un style oriental avec des motifs traditionnels. - Ancestral route","robots":{"index":"index","follow":"follow","max-snippet":"max-snippet:-1","max-image-preview":"max-image-preview:large","max-video-preview":"max-video-preview:-1"},"canonical":"https:\/\/ancestralroute.com\/fr\/producto\/oeuvre-artisanale-peinte-a-la-main-dans-un-style-oriental-avec-des-motifs-traditionnels\/","og_locale":"fr_FR","og_type":"article","og_title":"\u0152uvre artisanale peinte \u00e0 la main dans un style oriental avec des motifs traditionnels. - Ancestral route","og_description":"Une fen\u00eatre sur l'Orient ancestral. Tableau de style oriental avec des motifs traditionnels. Une \u0153uvre d\u00e9corative qui apporte s\u00e9r\u00e9nit\u00e9 et \u00e9l\u00e9gance \u00e0 n'importe quel espace.","og_url":"https:\/\/ancestralroute.com\/fr\/producto\/oeuvre-artisanale-peinte-a-la-main-dans-un-style-oriental-avec-des-motifs-traditionnels\/","og_site_name":"Ancestral route","og_image":[{"width":614,"height":600,"url":"https:\/\/ancestralroute.com\/wp-content\/uploads\/2025\/07\/Cuadros.jpg","type":"image\/jpeg"}],"twitter_card":"summary_large_image","schema":{"@context":"https:\/\/schema.org","@graph":[{"@type":"WebPage","@id":"https:\/\/ancestralroute.com\/fr\/producto\/oeuvre-artisanale-peinte-a-la-main-dans-un-style-oriental-avec-des-motifs-traditionnels\/","url":"https:\/\/ancestralroute.com\/fr\/producto\/oeuvre-artisanale-peinte-a-la-main-dans-un-style-oriental-avec-des-motifs-traditionnels\/","name":"\u0152uvre artisanale peinte \u00e0 la main dans un style oriental avec des motifs traditionnels. - Ancestral route","isPartOf":{"@id":"https:\/\/ancestralroute.com\/fr\/#website"},"primaryImageOfPage":{"@id":"https:\/\/ancestralroute.com\/fr\/producto\/oeuvre-artisanale-peinte-a-la-main-dans-un-style-oriental-avec-des-motifs-traditionnels\/#primaryimage"},"image":{"@id":"https:\/\/ancestralroute.com\/fr\/producto\/oeuvre-artisanale-peinte-a-la-main-dans-un-style-oriental-avec-des-motifs-traditionnels\/#primaryimage"},"thumbnailUrl":"https:\/\/ancestralroute.com\/wp-content\/uploads\/2025\/07\/Cuadros.jpg","datePublished":"2025-08-26T10:06:54+00:00","breadcrumb":{"@id":"https:\/\/ancestralroute.com\/fr\/producto\/oeuvre-artisanale-peinte-a-la-main-dans-un-style-oriental-avec-des-motifs-traditionnels\/#breadcrumb"},"inLanguage":"fr-FR","potentialAction":[{"@type":"ReadAction","target":["https:\/\/ancestralroute.com\/fr\/producto\/oeuvre-artisanale-peinte-a-la-main-dans-un-style-oriental-avec-des-motifs-traditionnels\/"]}]},{"@type":"ImageObject","inLanguage":"fr-FR","@id":"https:\/\/ancestralroute.com\/fr\/producto\/oeuvre-artisanale-peinte-a-la-main-dans-un-style-oriental-avec-des-motifs-traditionnels\/#primaryimage","url":"https:\/\/ancestralroute.com\/wp-content\/uploads\/2025\/07\/Cuadros.jpg","contentUrl":"https:\/\/ancestralroute.com\/wp-content\/uploads\/2025\/07\/Cuadros.jpg","width":614,"height":600},{"@type":"BreadcrumbList","@id":"https:\/\/ancestralroute.com\/fr\/producto\/oeuvre-artisanale-peinte-a-la-main-dans-un-style-oriental-avec-des-motifs-traditionnels\/#breadcrumb","itemListElement":[{"@type":"ListItem","position":1,"name":"Accueil","item":"https:\/\/ancestralroute.com\/fr\/"},{"@type":"ListItem","position":2,"name":"Boutique","item":"https:\/\/ancestralroute.com\/fr\/boutique\/"},{"@type":"ListItem","position":3,"name":"\u0152uvre artisanale peinte \u00e0 la main dans un style oriental avec des motifs traditionnels."}]},{"@type":"WebSite","@id":"https:\/\/ancestralroute.com\/fr\/#website","url":"https:\/\/ancestralroute.com\/fr\/","name":"Ancestral route","description":"","potentialAction":[{"@type":"SearchAction","target":{"@type":"EntryPoint","urlTemplate":"https:\/\/ancestralroute.com\/fr\/?s={search_term_string}"},"query-input":{"@type":"PropertyValueSpecification","valueRequired":true,"valueName":"search_term_string"}}],"inLanguage":"fr-FR"}]}},"_links":{"self":[{"href":"https:\/\/ancestralroute.com\/fr\/wp-json\/wp\/v2\/product\/3958","targetHints":{"allow":["GET"]}}],"collection":[{"href":"https:\/\/ancestralroute.com\/fr\/wp-json\/wp\/v2\/product"}],"about":[{"href":"https:\/\/ancestralroute.com\/fr\/wp-json\/wp\/v2\/types\/product"}],"wp:featuredmedia":[{"embeddable":true,"href":"https:\/\/ancestralroute.com\/fr\/wp-json\/wp\/v2\/media\/1914"}],"wp:attachment":[{"href":"https:\/\/ancestralroute.com\/fr\/wp-json\/wp\/v2\/media?parent=3958"}],"wp:term":[{"taxonomy":"product_brand","embeddable":true,"href":"https:\/\/ancestralroute.com\/fr\/wp-json\/wp\/v2\/product_brand?post=3958"},{"taxonomy":"product_cat","embeddable":true,"href":"https:\/\/ancestralroute.com\/fr\/wp-json\/wp\/v2\/product_cat?post=3958"},{"taxonomy":"product_tag","embeddable":true,"href":"https:\/\/ancestralroute.com\/fr\/wp-json\/wp\/v2\/product_tag?post=3958"}],"curies":[{"name":"wp","href":"https:\/\/api.w.org\/{rel}","templated":true}]}}