{"id":3960,"date":"2025-08-26T09:55:25","date_gmt":"2025-08-26T09:55:25","guid":{"rendered":"https:\/\/ancestralroute.com\/producto\/chambre-a-coucher-dinspiration-japonaise-avec-lit-bas-en-bois-naturel\/"},"modified":"2025-08-26T09:55:25","modified_gmt":"2025-08-26T09:55:25","slug":"chambre-a-coucher-dinspiration-japonaise-avec-lit-bas-en-bois-naturel","status":"publish","type":"product","link":"https:\/\/ancestralroute.com\/fr\/producto\/chambre-a-coucher-dinspiration-japonaise-avec-lit-bas-en-bois-naturel\/","title":{"rendered":"Chambre \u00e0 coucher d&rsquo;inspiration japonaise avec lit bas en bois naturel"},"content":{"rendered":"<p>Cette chambre, inspir\u00e9e de l&rsquo;esth\u00e9tique japonaise, invite au calme et \u00e0 l&rsquo;\u00e9quilibre. Le lit en bois naturel, proche du sol, refl\u00e8te la philosophie orientale de connexion \u00e0 la terre et de simplicit\u00e9 essentielle. La lumi\u00e8re douce qui p\u00e9n\u00e8tre par la fen\u00eatre aux formes g\u00e9om\u00e9triques renforce le sentiment de s\u00e9r\u00e9nit\u00e9, transformant l&rsquo;espace en un sanctuaire de repos et de contemplation. Plus qu&rsquo;un endroit pour dormir, c&rsquo;est un environnement con\u00e7u pour r\u00e9cup\u00e9rer de l&rsquo;\u00e9nergie et vivre pleinement la beaut\u00e9 de la simplicit\u00e9.   <\/p>\n","protected":false},"excerpt":{"rendered":"<p>Un havre de paix \u00e0 l&rsquo;essence orientale. Chambre \u00e0 coucher d&rsquo;inspiration japonaise avec lit bas en bois naturel. Un espace qui allie simplicit\u00e9, harmonie et confort intemporel.  <\/p>\n","protected":false},"featured_media":1910,"template":"","meta":{"_acf_changed":false},"product_brand":[],"product_cat":[179],"product_tag":[],"class_list":{"0":"post-3960","1":"product","2":"type-product","3":"status-publish","4":"has-post-thumbnail","6":"product_cat-chambres","8":"first","9":"outofstock","10":"taxable","11":"shipping-taxable","12":"product-type-simple"},"acf":[],"yoast_head":"<!-- This site is optimized with the Yoast SEO plugin v26.7 - https:\/\/yoast.com\/wordpress\/plugins\/seo\/ -->\n<title>Chambre \u00e0 coucher d&#039;inspiration japonaise avec lit bas en bois naturel - Ancestral route<\/title>\n<meta name=\"robots\" content=\"index, follow, max-snippet:-1, max-image-preview:large, max-video-preview:-1\" \/>\n<link rel=\"canonical\" href=\"https:\/\/ancestralroute.com\/fr\/producto\/chambre-a-coucher-dinspiration-japonaise-avec-lit-bas-en-bois-naturel\/\" \/>\n<meta property=\"og:locale\" content=\"fr_FR\" \/>\n<meta property=\"og:type\" content=\"article\" \/>\n<meta property=\"og:title\" content=\"Chambre \u00e0 coucher d&#039;inspiration japonaise avec lit bas en bois naturel - Ancestral route\" \/>\n<meta property=\"og:description\" content=\"Un havre de paix \u00e0 l&#039;essence orientale. Chambre \u00e0 coucher d&#039;inspiration japonaise avec lit bas en bois naturel. Un espace qui allie simplicit\u00e9, harmonie et confort intemporel.\" \/>\n<meta property=\"og:url\" content=\"https:\/\/ancestralroute.com\/fr\/producto\/chambre-a-coucher-dinspiration-japonaise-avec-lit-bas-en-bois-naturel\/\" \/>\n<meta property=\"og:site_name\" content=\"Ancestral route\" \/>\n<meta property=\"og:image\" content=\"https:\/\/ancestralroute.com\/wp-content\/uploads\/2025\/07\/Dormitorio.jpg\" \/>\n\t<meta property=\"og:image:width\" content=\"600\" \/>\n\t<meta property=\"og:image:height\" content=\"600\" \/>\n\t<meta property=\"og:image:type\" content=\"image\/jpeg\" \/>\n<meta name=\"twitter:card\" content=\"summary_large_image\" \/>\n<script type=\"application\/ld+json\" class=\"yoast-schema-graph\">{\"@context\":\"https:\/\/schema.org\",\"@graph\":[{\"@type\":\"WebPage\",\"@id\":\"https:\/\/ancestralroute.com\/fr\/producto\/chambre-a-coucher-dinspiration-japonaise-avec-lit-bas-en-bois-naturel\/\",\"url\":\"https:\/\/ancestralroute.com\/fr\/producto\/chambre-a-coucher-dinspiration-japonaise-avec-lit-bas-en-bois-naturel\/\",\"name\":\"Chambre \u00e0 coucher d'inspiration japonaise avec lit bas en bois naturel - Ancestral route\",\"isPartOf\":{\"@id\":\"https:\/\/ancestralroute.com\/fr\/#website\"},\"primaryImageOfPage\":{\"@id\":\"https:\/\/ancestralroute.com\/fr\/producto\/chambre-a-coucher-dinspiration-japonaise-avec-lit-bas-en-bois-naturel\/#primaryimage\"},\"image\":{\"@id\":\"https:\/\/ancestralroute.com\/fr\/producto\/chambre-a-coucher-dinspiration-japonaise-avec-lit-bas-en-bois-naturel\/#primaryimage\"},\"thumbnailUrl\":\"https:\/\/ancestralroute.com\/wp-content\/uploads\/2025\/07\/Dormitorio.jpg\",\"datePublished\":\"2025-08-26T09:55:25+00:00\",\"breadcrumb\":{\"@id\":\"https:\/\/ancestralroute.com\/fr\/producto\/chambre-a-coucher-dinspiration-japonaise-avec-lit-bas-en-bois-naturel\/#breadcrumb\"},\"inLanguage\":\"fr-FR\",\"potentialAction\":[{\"@type\":\"ReadAction\",\"target\":[\"https:\/\/ancestralroute.com\/fr\/producto\/chambre-a-coucher-dinspiration-japonaise-avec-lit-bas-en-bois-naturel\/\"]}]},{\"@type\":\"ImageObject\",\"inLanguage\":\"fr-FR\",\"@id\":\"https:\/\/ancestralroute.com\/fr\/producto\/chambre-a-coucher-dinspiration-japonaise-avec-lit-bas-en-bois-naturel\/#primaryimage\",\"url\":\"https:\/\/ancestralroute.com\/wp-content\/uploads\/2025\/07\/Dormitorio.jpg\",\"contentUrl\":\"https:\/\/ancestralroute.com\/wp-content\/uploads\/2025\/07\/Dormitorio.jpg\",\"width\":600,\"height\":600},{\"@type\":\"BreadcrumbList\",\"@id\":\"https:\/\/ancestralroute.com\/fr\/producto\/chambre-a-coucher-dinspiration-japonaise-avec-lit-bas-en-bois-naturel\/#breadcrumb\",\"itemListElement\":[{\"@type\":\"ListItem\",\"position\":1,\"name\":\"Accueil\",\"item\":\"https:\/\/ancestralroute.com\/fr\/\"},{\"@type\":\"ListItem\",\"position\":2,\"name\":\"Boutique\",\"item\":\"https:\/\/ancestralroute.com\/fr\/boutique\/\"},{\"@type\":\"ListItem\",\"position\":3,\"name\":\"Chambre \u00e0 coucher d&#8217;inspiration japonaise avec lit bas en bois naturel\"}]},{\"@type\":\"WebSite\",\"@id\":\"https:\/\/ancestralroute.com\/fr\/#website\",\"url\":\"https:\/\/ancestralroute.com\/fr\/\",\"name\":\"Ancestral route\",\"description\":\"\",\"potentialAction\":[{\"@type\":\"SearchAction\",\"target\":{\"@type\":\"EntryPoint\",\"urlTemplate\":\"https:\/\/ancestralroute.com\/fr\/?s={search_term_string}\"},\"query-input\":{\"@type\":\"PropertyValueSpecification\",\"valueRequired\":true,\"valueName\":\"search_term_string\"}}],\"inLanguage\":\"fr-FR\"}]}<\/script>\n<!-- \/ Yoast SEO plugin. -->","yoast_head_json":{"title":"Chambre \u00e0 coucher d'inspiration japonaise avec lit bas en bois naturel - Ancestral route","robots":{"index":"index","follow":"follow","max-snippet":"max-snippet:-1","max-image-preview":"max-image-preview:large","max-video-preview":"max-video-preview:-1"},"canonical":"https:\/\/ancestralroute.com\/fr\/producto\/chambre-a-coucher-dinspiration-japonaise-avec-lit-bas-en-bois-naturel\/","og_locale":"fr_FR","og_type":"article","og_title":"Chambre \u00e0 coucher d'inspiration japonaise avec lit bas en bois naturel - Ancestral route","og_description":"Un havre de paix \u00e0 l'essence orientale. Chambre \u00e0 coucher d'inspiration japonaise avec lit bas en bois naturel. Un espace qui allie simplicit\u00e9, harmonie et confort intemporel.","og_url":"https:\/\/ancestralroute.com\/fr\/producto\/chambre-a-coucher-dinspiration-japonaise-avec-lit-bas-en-bois-naturel\/","og_site_name":"Ancestral route","og_image":[{"width":600,"height":600,"url":"https:\/\/ancestralroute.com\/wp-content\/uploads\/2025\/07\/Dormitorio.jpg","type":"image\/jpeg"}],"twitter_card":"summary_large_image","schema":{"@context":"https:\/\/schema.org","@graph":[{"@type":"WebPage","@id":"https:\/\/ancestralroute.com\/fr\/producto\/chambre-a-coucher-dinspiration-japonaise-avec-lit-bas-en-bois-naturel\/","url":"https:\/\/ancestralroute.com\/fr\/producto\/chambre-a-coucher-dinspiration-japonaise-avec-lit-bas-en-bois-naturel\/","name":"Chambre \u00e0 coucher d'inspiration japonaise avec lit bas en bois naturel - Ancestral route","isPartOf":{"@id":"https:\/\/ancestralroute.com\/fr\/#website"},"primaryImageOfPage":{"@id":"https:\/\/ancestralroute.com\/fr\/producto\/chambre-a-coucher-dinspiration-japonaise-avec-lit-bas-en-bois-naturel\/#primaryimage"},"image":{"@id":"https:\/\/ancestralroute.com\/fr\/producto\/chambre-a-coucher-dinspiration-japonaise-avec-lit-bas-en-bois-naturel\/#primaryimage"},"thumbnailUrl":"https:\/\/ancestralroute.com\/wp-content\/uploads\/2025\/07\/Dormitorio.jpg","datePublished":"2025-08-26T09:55:25+00:00","breadcrumb":{"@id":"https:\/\/ancestralroute.com\/fr\/producto\/chambre-a-coucher-dinspiration-japonaise-avec-lit-bas-en-bois-naturel\/#breadcrumb"},"inLanguage":"fr-FR","potentialAction":[{"@type":"ReadAction","target":["https:\/\/ancestralroute.com\/fr\/producto\/chambre-a-coucher-dinspiration-japonaise-avec-lit-bas-en-bois-naturel\/"]}]},{"@type":"ImageObject","inLanguage":"fr-FR","@id":"https:\/\/ancestralroute.com\/fr\/producto\/chambre-a-coucher-dinspiration-japonaise-avec-lit-bas-en-bois-naturel\/#primaryimage","url":"https:\/\/ancestralroute.com\/wp-content\/uploads\/2025\/07\/Dormitorio.jpg","contentUrl":"https:\/\/ancestralroute.com\/wp-content\/uploads\/2025\/07\/Dormitorio.jpg","width":600,"height":600},{"@type":"BreadcrumbList","@id":"https:\/\/ancestralroute.com\/fr\/producto\/chambre-a-coucher-dinspiration-japonaise-avec-lit-bas-en-bois-naturel\/#breadcrumb","itemListElement":[{"@type":"ListItem","position":1,"name":"Accueil","item":"https:\/\/ancestralroute.com\/fr\/"},{"@type":"ListItem","position":2,"name":"Boutique","item":"https:\/\/ancestralroute.com\/fr\/boutique\/"},{"@type":"ListItem","position":3,"name":"Chambre \u00e0 coucher d&#8217;inspiration japonaise avec lit bas en bois naturel"}]},{"@type":"WebSite","@id":"https:\/\/ancestralroute.com\/fr\/#website","url":"https:\/\/ancestralroute.com\/fr\/","name":"Ancestral route","description":"","potentialAction":[{"@type":"SearchAction","target":{"@type":"EntryPoint","urlTemplate":"https:\/\/ancestralroute.com\/fr\/?s={search_term_string}"},"query-input":{"@type":"PropertyValueSpecification","valueRequired":true,"valueName":"search_term_string"}}],"inLanguage":"fr-FR"}]}},"_links":{"self":[{"href":"https:\/\/ancestralroute.com\/fr\/wp-json\/wp\/v2\/product\/3960","targetHints":{"allow":["GET"]}}],"collection":[{"href":"https:\/\/ancestralroute.com\/fr\/wp-json\/wp\/v2\/product"}],"about":[{"href":"https:\/\/ancestralroute.com\/fr\/wp-json\/wp\/v2\/types\/product"}],"wp:featuredmedia":[{"embeddable":true,"href":"https:\/\/ancestralroute.com\/fr\/wp-json\/wp\/v2\/media\/1910"}],"wp:attachment":[{"href":"https:\/\/ancestralroute.com\/fr\/wp-json\/wp\/v2\/media?parent=3960"}],"wp:term":[{"taxonomy":"product_brand","embeddable":true,"href":"https:\/\/ancestralroute.com\/fr\/wp-json\/wp\/v2\/product_brand?post=3960"},{"taxonomy":"product_cat","embeddable":true,"href":"https:\/\/ancestralroute.com\/fr\/wp-json\/wp\/v2\/product_cat?post=3960"},{"taxonomy":"product_tag","embeddable":true,"href":"https:\/\/ancestralroute.com\/fr\/wp-json\/wp\/v2\/product_tag?post=3960"}],"curies":[{"name":"wp","href":"https:\/\/api.w.org\/{rel}","templated":true}]}}