{"id":3964,"date":"2025-08-26T09:47:26","date_gmt":"2025-08-26T09:47:26","guid":{"rendered":"https:\/\/ancestralroute.com\/producto\/banc-en-fer-forge-avec-motif-floral-ajoure\/"},"modified":"2025-08-26T09:47:26","modified_gmt":"2025-08-26T09:47:26","slug":"banc-en-fer-forge-avec-motif-floral-ajoure","status":"publish","type":"product","link":"https:\/\/ancestralroute.com\/fr\/producto\/banc-en-fer-forge-avec-motif-floral-ajoure\/","title":{"rendered":"Banc en fer forg\u00e9 avec motif floral ajour\u00e9"},"content":{"rendered":"<p>Ce banc en fer forg\u00e9, avec son dossier d\u00e9licat compos\u00e9 de feuilles et de fleurs entrelac\u00e9es, rend hommage \u00e0 la nature et \u00e0 l&rsquo;art traditionnel de la forge. Sa finition vieillie lui conf\u00e8re personnalit\u00e9 et authenticit\u00e9, \u00e9voquant ces jardins coloniaux o\u00f9 le temps s&rsquo;\u00e9coulait entre conversations et calme. Plus qu&rsquo;un simple si\u00e8ge, c&rsquo;est une pi\u00e8ce sculpturale qui invite au repos et \u00e0 la contemplation, transformant n&rsquo;importe quel coin en un refuge avec une \u00e2me.  <\/p>\n","protected":false},"excerpt":{"rendered":"<p>Un banc qui s&rsquo;\u00e9panouit avec l&rsquo;histoire. Banc en fer forg\u00e9 avec motif floral ajour\u00e9. Une pi\u00e8ce artisanale de grand caract\u00e8re, parfaite pour les jardins ou les espaces charmants.  <\/p>\n","protected":false},"featured_media":1908,"template":"","meta":{"_acf_changed":false},"product_brand":[],"product_cat":[178],"product_tag":[],"class_list":{"0":"post-3964","1":"product","2":"type-product","3":"status-publish","4":"has-post-thumbnail","6":"product_cat-bancs","8":"first","9":"outofstock","10":"taxable","11":"shipping-taxable","12":"product-type-simple"},"acf":[],"yoast_head":"<!-- This site is optimized with the Yoast SEO plugin v26.7 - https:\/\/yoast.com\/wordpress\/plugins\/seo\/ -->\n<title>Banc en fer forg\u00e9 avec motif floral ajour\u00e9 - Ancestral route<\/title>\n<meta name=\"robots\" content=\"index, follow, max-snippet:-1, max-image-preview:large, max-video-preview:-1\" \/>\n<link rel=\"canonical\" href=\"https:\/\/ancestralroute.com\/fr\/producto\/banc-en-fer-forge-avec-motif-floral-ajoure\/\" \/>\n<meta property=\"og:locale\" content=\"fr_FR\" \/>\n<meta property=\"og:type\" content=\"article\" \/>\n<meta property=\"og:title\" content=\"Banc en fer forg\u00e9 avec motif floral ajour\u00e9 - Ancestral route\" \/>\n<meta property=\"og:description\" content=\"Un banc qui s&#039;\u00e9panouit avec l&#039;histoire. Banc en fer forg\u00e9 avec motif floral ajour\u00e9. Une pi\u00e8ce artisanale de grand caract\u00e8re, parfaite pour les jardins ou les espaces charmants.\" \/>\n<meta property=\"og:url\" content=\"https:\/\/ancestralroute.com\/fr\/producto\/banc-en-fer-forge-avec-motif-floral-ajoure\/\" \/>\n<meta property=\"og:site_name\" content=\"Ancestral route\" \/>\n<meta property=\"og:image\" content=\"https:\/\/ancestralroute.com\/wp-content\/uploads\/2025\/07\/Banco.jpg\" \/>\n\t<meta property=\"og:image:width\" content=\"600\" \/>\n\t<meta property=\"og:image:height\" content=\"600\" \/>\n\t<meta property=\"og:image:type\" content=\"image\/jpeg\" \/>\n<meta name=\"twitter:card\" content=\"summary_large_image\" \/>\n<script type=\"application\/ld+json\" class=\"yoast-schema-graph\">{\"@context\":\"https:\/\/schema.org\",\"@graph\":[{\"@type\":\"WebPage\",\"@id\":\"https:\/\/ancestralroute.com\/fr\/producto\/banc-en-fer-forge-avec-motif-floral-ajoure\/\",\"url\":\"https:\/\/ancestralroute.com\/fr\/producto\/banc-en-fer-forge-avec-motif-floral-ajoure\/\",\"name\":\"Banc en fer forg\u00e9 avec motif floral ajour\u00e9 - Ancestral route\",\"isPartOf\":{\"@id\":\"https:\/\/ancestralroute.com\/fr\/#website\"},\"primaryImageOfPage\":{\"@id\":\"https:\/\/ancestralroute.com\/fr\/producto\/banc-en-fer-forge-avec-motif-floral-ajoure\/#primaryimage\"},\"image\":{\"@id\":\"https:\/\/ancestralroute.com\/fr\/producto\/banc-en-fer-forge-avec-motif-floral-ajoure\/#primaryimage\"},\"thumbnailUrl\":\"https:\/\/ancestralroute.com\/wp-content\/uploads\/2025\/07\/Banco.jpg\",\"datePublished\":\"2025-08-26T09:47:26+00:00\",\"breadcrumb\":{\"@id\":\"https:\/\/ancestralroute.com\/fr\/producto\/banc-en-fer-forge-avec-motif-floral-ajoure\/#breadcrumb\"},\"inLanguage\":\"fr-FR\",\"potentialAction\":[{\"@type\":\"ReadAction\",\"target\":[\"https:\/\/ancestralroute.com\/fr\/producto\/banc-en-fer-forge-avec-motif-floral-ajoure\/\"]}]},{\"@type\":\"ImageObject\",\"inLanguage\":\"fr-FR\",\"@id\":\"https:\/\/ancestralroute.com\/fr\/producto\/banc-en-fer-forge-avec-motif-floral-ajoure\/#primaryimage\",\"url\":\"https:\/\/ancestralroute.com\/wp-content\/uploads\/2025\/07\/Banco.jpg\",\"contentUrl\":\"https:\/\/ancestralroute.com\/wp-content\/uploads\/2025\/07\/Banco.jpg\",\"width\":600,\"height\":600},{\"@type\":\"BreadcrumbList\",\"@id\":\"https:\/\/ancestralroute.com\/fr\/producto\/banc-en-fer-forge-avec-motif-floral-ajoure\/#breadcrumb\",\"itemListElement\":[{\"@type\":\"ListItem\",\"position\":1,\"name\":\"Accueil\",\"item\":\"https:\/\/ancestralroute.com\/fr\/\"},{\"@type\":\"ListItem\",\"position\":2,\"name\":\"Boutique\",\"item\":\"https:\/\/ancestralroute.com\/fr\/boutique\/\"},{\"@type\":\"ListItem\",\"position\":3,\"name\":\"Banc en fer forg\u00e9 avec motif floral ajour\u00e9\"}]},{\"@type\":\"WebSite\",\"@id\":\"https:\/\/ancestralroute.com\/fr\/#website\",\"url\":\"https:\/\/ancestralroute.com\/fr\/\",\"name\":\"Ancestral route\",\"description\":\"\",\"potentialAction\":[{\"@type\":\"SearchAction\",\"target\":{\"@type\":\"EntryPoint\",\"urlTemplate\":\"https:\/\/ancestralroute.com\/fr\/?s={search_term_string}\"},\"query-input\":{\"@type\":\"PropertyValueSpecification\",\"valueRequired\":true,\"valueName\":\"search_term_string\"}}],\"inLanguage\":\"fr-FR\"}]}<\/script>\n<!-- \/ Yoast SEO plugin. -->","yoast_head_json":{"title":"Banc en fer forg\u00e9 avec motif floral ajour\u00e9 - Ancestral route","robots":{"index":"index","follow":"follow","max-snippet":"max-snippet:-1","max-image-preview":"max-image-preview:large","max-video-preview":"max-video-preview:-1"},"canonical":"https:\/\/ancestralroute.com\/fr\/producto\/banc-en-fer-forge-avec-motif-floral-ajoure\/","og_locale":"fr_FR","og_type":"article","og_title":"Banc en fer forg\u00e9 avec motif floral ajour\u00e9 - Ancestral route","og_description":"Un banc qui s'\u00e9panouit avec l'histoire. Banc en fer forg\u00e9 avec motif floral ajour\u00e9. Une pi\u00e8ce artisanale de grand caract\u00e8re, parfaite pour les jardins ou les espaces charmants.","og_url":"https:\/\/ancestralroute.com\/fr\/producto\/banc-en-fer-forge-avec-motif-floral-ajoure\/","og_site_name":"Ancestral route","og_image":[{"width":600,"height":600,"url":"https:\/\/ancestralroute.com\/wp-content\/uploads\/2025\/07\/Banco.jpg","type":"image\/jpeg"}],"twitter_card":"summary_large_image","schema":{"@context":"https:\/\/schema.org","@graph":[{"@type":"WebPage","@id":"https:\/\/ancestralroute.com\/fr\/producto\/banc-en-fer-forge-avec-motif-floral-ajoure\/","url":"https:\/\/ancestralroute.com\/fr\/producto\/banc-en-fer-forge-avec-motif-floral-ajoure\/","name":"Banc en fer forg\u00e9 avec motif floral ajour\u00e9 - Ancestral route","isPartOf":{"@id":"https:\/\/ancestralroute.com\/fr\/#website"},"primaryImageOfPage":{"@id":"https:\/\/ancestralroute.com\/fr\/producto\/banc-en-fer-forge-avec-motif-floral-ajoure\/#primaryimage"},"image":{"@id":"https:\/\/ancestralroute.com\/fr\/producto\/banc-en-fer-forge-avec-motif-floral-ajoure\/#primaryimage"},"thumbnailUrl":"https:\/\/ancestralroute.com\/wp-content\/uploads\/2025\/07\/Banco.jpg","datePublished":"2025-08-26T09:47:26+00:00","breadcrumb":{"@id":"https:\/\/ancestralroute.com\/fr\/producto\/banc-en-fer-forge-avec-motif-floral-ajoure\/#breadcrumb"},"inLanguage":"fr-FR","potentialAction":[{"@type":"ReadAction","target":["https:\/\/ancestralroute.com\/fr\/producto\/banc-en-fer-forge-avec-motif-floral-ajoure\/"]}]},{"@type":"ImageObject","inLanguage":"fr-FR","@id":"https:\/\/ancestralroute.com\/fr\/producto\/banc-en-fer-forge-avec-motif-floral-ajoure\/#primaryimage","url":"https:\/\/ancestralroute.com\/wp-content\/uploads\/2025\/07\/Banco.jpg","contentUrl":"https:\/\/ancestralroute.com\/wp-content\/uploads\/2025\/07\/Banco.jpg","width":600,"height":600},{"@type":"BreadcrumbList","@id":"https:\/\/ancestralroute.com\/fr\/producto\/banc-en-fer-forge-avec-motif-floral-ajoure\/#breadcrumb","itemListElement":[{"@type":"ListItem","position":1,"name":"Accueil","item":"https:\/\/ancestralroute.com\/fr\/"},{"@type":"ListItem","position":2,"name":"Boutique","item":"https:\/\/ancestralroute.com\/fr\/boutique\/"},{"@type":"ListItem","position":3,"name":"Banc en fer forg\u00e9 avec motif floral ajour\u00e9"}]},{"@type":"WebSite","@id":"https:\/\/ancestralroute.com\/fr\/#website","url":"https:\/\/ancestralroute.com\/fr\/","name":"Ancestral route","description":"","potentialAction":[{"@type":"SearchAction","target":{"@type":"EntryPoint","urlTemplate":"https:\/\/ancestralroute.com\/fr\/?s={search_term_string}"},"query-input":{"@type":"PropertyValueSpecification","valueRequired":true,"valueName":"search_term_string"}}],"inLanguage":"fr-FR"}]}},"_links":{"self":[{"href":"https:\/\/ancestralroute.com\/fr\/wp-json\/wp\/v2\/product\/3964","targetHints":{"allow":["GET"]}}],"collection":[{"href":"https:\/\/ancestralroute.com\/fr\/wp-json\/wp\/v2\/product"}],"about":[{"href":"https:\/\/ancestralroute.com\/fr\/wp-json\/wp\/v2\/types\/product"}],"wp:featuredmedia":[{"embeddable":true,"href":"https:\/\/ancestralroute.com\/fr\/wp-json\/wp\/v2\/media\/1908"}],"wp:attachment":[{"href":"https:\/\/ancestralroute.com\/fr\/wp-json\/wp\/v2\/media?parent=3964"}],"wp:term":[{"taxonomy":"product_brand","embeddable":true,"href":"https:\/\/ancestralroute.com\/fr\/wp-json\/wp\/v2\/product_brand?post=3964"},{"taxonomy":"product_cat","embeddable":true,"href":"https:\/\/ancestralroute.com\/fr\/wp-json\/wp\/v2\/product_cat?post=3964"},{"taxonomy":"product_tag","embeddable":true,"href":"https:\/\/ancestralroute.com\/fr\/wp-json\/wp\/v2\/product_tag?post=3964"}],"curies":[{"name":"wp","href":"https:\/\/api.w.org\/{rel}","templated":true}]}}