{"id":3968,"date":"2025-08-26T09:36:34","date_gmt":"2025-08-26T09:36:34","guid":{"rendered":"https:\/\/ancestralroute.com\/producto\/paire-de-chaises-en-bois-sculpte-de-style-oriental\/"},"modified":"2025-08-26T09:36:34","modified_gmt":"2025-08-26T09:36:34","slug":"paire-de-chaises-en-bois-sculpte-de-style-oriental","status":"publish","type":"product","link":"https:\/\/ancestralroute.com\/fr\/producto\/paire-de-chaises-en-bois-sculpte-de-style-oriental\/","title":{"rendered":"Paire de chaises en bois sculpt\u00e9 de style oriental"},"content":{"rendered":"<p>Cet ensemble de deux chaises en bois, aux lignes \u00e9pur\u00e9es et aux d\u00e9tails sculpt\u00e9s \u00e0 la main, \u00e9voque l&rsquo;\u00e9l\u00e9gance sereine du mobilier traditionnel oriental. Son design sym\u00e9trique, avec un dossier orn\u00e9 et des accoudoirs droits, refl\u00e8te l&rsquo;harmonie et l&rsquo;\u00e9quilibre caract\u00e9ristiques de l&rsquo;esth\u00e9tique classique de la Route de la Soie. <\/p>\n<p>Chaque chaise, avec sa patine unique et le caract\u00e8re que seul le temps conf\u00e8re au bois, raconte une histoire d&rsquo;usage et de tradition. Id\u00e9ales pour sublimer un espace d&rsquo;une touche d&rsquo;authenticit\u00e9, ces chaises ne sont pas de simples si\u00e8ges, mais les t\u00e9moins d&rsquo;un h\u00e9ritage culturel qui unit savoir-faire et philosophie de vie. <\/p>\n<p>Un ensemble parfait pour ceux qui recherchent des pi\u00e8ces de caract\u00e8re, capables d&rsquo;apporter chaleur et distinction \u00e0 n&rsquo;importe quelle pi\u00e8ce.<\/p>\n","protected":false},"excerpt":{"rendered":"<p>Paire de chaises en bois sculpt\u00e9 de style oriental, aux dossiers orn\u00e9s et aux finitions artisanales. Des pi\u00e8ces uniques qui apportent authenticit\u00e9 et caract\u00e8re \u00e0 tout espace. <\/p>\n","protected":false},"featured_media":1547,"template":"","meta":{"_acf_changed":false},"product_brand":[],"product_cat":[182],"product_tag":[],"class_list":{"0":"post-3968","1":"product","2":"type-product","3":"status-publish","4":"has-post-thumbnail","6":"product_cat-chaises","8":"first","9":"outofstock","10":"taxable","11":"shipping-taxable","12":"product-type-simple"},"acf":[],"yoast_head":"<!-- This site is optimized with the Yoast SEO plugin v26.7 - https:\/\/yoast.com\/wordpress\/plugins\/seo\/ -->\n<title>Paire de chaises en bois sculpt\u00e9 de style oriental - Ancestral route<\/title>\n<meta name=\"robots\" content=\"index, follow, max-snippet:-1, max-image-preview:large, max-video-preview:-1\" \/>\n<link rel=\"canonical\" href=\"https:\/\/ancestralroute.com\/fr\/producto\/paire-de-chaises-en-bois-sculpte-de-style-oriental\/\" \/>\n<meta property=\"og:locale\" content=\"fr_FR\" \/>\n<meta property=\"og:type\" content=\"article\" \/>\n<meta property=\"og:title\" content=\"Paire de chaises en bois sculpt\u00e9 de style oriental - Ancestral route\" \/>\n<meta property=\"og:description\" content=\"Paire de chaises en bois sculpt\u00e9 de style oriental, aux dossiers orn\u00e9s et aux finitions artisanales. Des pi\u00e8ces uniques qui apportent authenticit\u00e9 et caract\u00e8re \u00e0 tout espace.\" \/>\n<meta property=\"og:url\" content=\"https:\/\/ancestralroute.com\/fr\/producto\/paire-de-chaises-en-bois-sculpte-de-style-oriental\/\" \/>\n<meta property=\"og:site_name\" content=\"Ancestral route\" \/>\n<meta property=\"og:image\" content=\"https:\/\/ancestralroute.com\/wp-content\/uploads\/2025\/07\/Sillas.jpg\" \/>\n\t<meta property=\"og:image:width\" content=\"600\" \/>\n\t<meta property=\"og:image:height\" content=\"600\" \/>\n\t<meta property=\"og:image:type\" content=\"image\/jpeg\" \/>\n<meta name=\"twitter:card\" content=\"summary_large_image\" \/>\n<meta name=\"twitter:label1\" content=\"Dur\u00e9e de lecture estim\u00e9e\" \/>\n\t<meta name=\"twitter:data1\" content=\"1 minute\" \/>\n<script type=\"application\/ld+json\" class=\"yoast-schema-graph\">{\"@context\":\"https:\/\/schema.org\",\"@graph\":[{\"@type\":\"WebPage\",\"@id\":\"https:\/\/ancestralroute.com\/fr\/producto\/paire-de-chaises-en-bois-sculpte-de-style-oriental\/\",\"url\":\"https:\/\/ancestralroute.com\/fr\/producto\/paire-de-chaises-en-bois-sculpte-de-style-oriental\/\",\"name\":\"Paire de chaises en bois sculpt\u00e9 de style oriental - Ancestral route\",\"isPartOf\":{\"@id\":\"https:\/\/ancestralroute.com\/fr\/#website\"},\"primaryImageOfPage\":{\"@id\":\"https:\/\/ancestralroute.com\/fr\/producto\/paire-de-chaises-en-bois-sculpte-de-style-oriental\/#primaryimage\"},\"image\":{\"@id\":\"https:\/\/ancestralroute.com\/fr\/producto\/paire-de-chaises-en-bois-sculpte-de-style-oriental\/#primaryimage\"},\"thumbnailUrl\":\"https:\/\/ancestralroute.com\/wp-content\/uploads\/2025\/07\/Sillas.jpg\",\"datePublished\":\"2025-08-26T09:36:34+00:00\",\"breadcrumb\":{\"@id\":\"https:\/\/ancestralroute.com\/fr\/producto\/paire-de-chaises-en-bois-sculpte-de-style-oriental\/#breadcrumb\"},\"inLanguage\":\"fr-FR\",\"potentialAction\":[{\"@type\":\"ReadAction\",\"target\":[\"https:\/\/ancestralroute.com\/fr\/producto\/paire-de-chaises-en-bois-sculpte-de-style-oriental\/\"]}]},{\"@type\":\"ImageObject\",\"inLanguage\":\"fr-FR\",\"@id\":\"https:\/\/ancestralroute.com\/fr\/producto\/paire-de-chaises-en-bois-sculpte-de-style-oriental\/#primaryimage\",\"url\":\"https:\/\/ancestralroute.com\/wp-content\/uploads\/2025\/07\/Sillas.jpg\",\"contentUrl\":\"https:\/\/ancestralroute.com\/wp-content\/uploads\/2025\/07\/Sillas.jpg\",\"width\":600,\"height\":600},{\"@type\":\"BreadcrumbList\",\"@id\":\"https:\/\/ancestralroute.com\/fr\/producto\/paire-de-chaises-en-bois-sculpte-de-style-oriental\/#breadcrumb\",\"itemListElement\":[{\"@type\":\"ListItem\",\"position\":1,\"name\":\"Accueil\",\"item\":\"https:\/\/ancestralroute.com\/fr\/\"},{\"@type\":\"ListItem\",\"position\":2,\"name\":\"Boutique\",\"item\":\"https:\/\/ancestralroute.com\/fr\/boutique\/\"},{\"@type\":\"ListItem\",\"position\":3,\"name\":\"Paire de chaises en bois sculpt\u00e9 de style oriental\"}]},{\"@type\":\"WebSite\",\"@id\":\"https:\/\/ancestralroute.com\/fr\/#website\",\"url\":\"https:\/\/ancestralroute.com\/fr\/\",\"name\":\"Ancestral route\",\"description\":\"\",\"potentialAction\":[{\"@type\":\"SearchAction\",\"target\":{\"@type\":\"EntryPoint\",\"urlTemplate\":\"https:\/\/ancestralroute.com\/fr\/?s={search_term_string}\"},\"query-input\":{\"@type\":\"PropertyValueSpecification\",\"valueRequired\":true,\"valueName\":\"search_term_string\"}}],\"inLanguage\":\"fr-FR\"}]}<\/script>\n<!-- \/ Yoast SEO plugin. -->","yoast_head_json":{"title":"Paire de chaises en bois sculpt\u00e9 de style oriental - Ancestral route","robots":{"index":"index","follow":"follow","max-snippet":"max-snippet:-1","max-image-preview":"max-image-preview:large","max-video-preview":"max-video-preview:-1"},"canonical":"https:\/\/ancestralroute.com\/fr\/producto\/paire-de-chaises-en-bois-sculpte-de-style-oriental\/","og_locale":"fr_FR","og_type":"article","og_title":"Paire de chaises en bois sculpt\u00e9 de style oriental - Ancestral route","og_description":"Paire de chaises en bois sculpt\u00e9 de style oriental, aux dossiers orn\u00e9s et aux finitions artisanales. Des pi\u00e8ces uniques qui apportent authenticit\u00e9 et caract\u00e8re \u00e0 tout espace.","og_url":"https:\/\/ancestralroute.com\/fr\/producto\/paire-de-chaises-en-bois-sculpte-de-style-oriental\/","og_site_name":"Ancestral route","og_image":[{"width":600,"height":600,"url":"https:\/\/ancestralroute.com\/wp-content\/uploads\/2025\/07\/Sillas.jpg","type":"image\/jpeg"}],"twitter_card":"summary_large_image","twitter_misc":{"Dur\u00e9e de lecture estim\u00e9e":"1 minute"},"schema":{"@context":"https:\/\/schema.org","@graph":[{"@type":"WebPage","@id":"https:\/\/ancestralroute.com\/fr\/producto\/paire-de-chaises-en-bois-sculpte-de-style-oriental\/","url":"https:\/\/ancestralroute.com\/fr\/producto\/paire-de-chaises-en-bois-sculpte-de-style-oriental\/","name":"Paire de chaises en bois sculpt\u00e9 de style oriental - Ancestral route","isPartOf":{"@id":"https:\/\/ancestralroute.com\/fr\/#website"},"primaryImageOfPage":{"@id":"https:\/\/ancestralroute.com\/fr\/producto\/paire-de-chaises-en-bois-sculpte-de-style-oriental\/#primaryimage"},"image":{"@id":"https:\/\/ancestralroute.com\/fr\/producto\/paire-de-chaises-en-bois-sculpte-de-style-oriental\/#primaryimage"},"thumbnailUrl":"https:\/\/ancestralroute.com\/wp-content\/uploads\/2025\/07\/Sillas.jpg","datePublished":"2025-08-26T09:36:34+00:00","breadcrumb":{"@id":"https:\/\/ancestralroute.com\/fr\/producto\/paire-de-chaises-en-bois-sculpte-de-style-oriental\/#breadcrumb"},"inLanguage":"fr-FR","potentialAction":[{"@type":"ReadAction","target":["https:\/\/ancestralroute.com\/fr\/producto\/paire-de-chaises-en-bois-sculpte-de-style-oriental\/"]}]},{"@type":"ImageObject","inLanguage":"fr-FR","@id":"https:\/\/ancestralroute.com\/fr\/producto\/paire-de-chaises-en-bois-sculpte-de-style-oriental\/#primaryimage","url":"https:\/\/ancestralroute.com\/wp-content\/uploads\/2025\/07\/Sillas.jpg","contentUrl":"https:\/\/ancestralroute.com\/wp-content\/uploads\/2025\/07\/Sillas.jpg","width":600,"height":600},{"@type":"BreadcrumbList","@id":"https:\/\/ancestralroute.com\/fr\/producto\/paire-de-chaises-en-bois-sculpte-de-style-oriental\/#breadcrumb","itemListElement":[{"@type":"ListItem","position":1,"name":"Accueil","item":"https:\/\/ancestralroute.com\/fr\/"},{"@type":"ListItem","position":2,"name":"Boutique","item":"https:\/\/ancestralroute.com\/fr\/boutique\/"},{"@type":"ListItem","position":3,"name":"Paire de chaises en bois sculpt\u00e9 de style oriental"}]},{"@type":"WebSite","@id":"https:\/\/ancestralroute.com\/fr\/#website","url":"https:\/\/ancestralroute.com\/fr\/","name":"Ancestral route","description":"","potentialAction":[{"@type":"SearchAction","target":{"@type":"EntryPoint","urlTemplate":"https:\/\/ancestralroute.com\/fr\/?s={search_term_string}"},"query-input":{"@type":"PropertyValueSpecification","valueRequired":true,"valueName":"search_term_string"}}],"inLanguage":"fr-FR"}]}},"_links":{"self":[{"href":"https:\/\/ancestralroute.com\/fr\/wp-json\/wp\/v2\/product\/3968","targetHints":{"allow":["GET"]}}],"collection":[{"href":"https:\/\/ancestralroute.com\/fr\/wp-json\/wp\/v2\/product"}],"about":[{"href":"https:\/\/ancestralroute.com\/fr\/wp-json\/wp\/v2\/types\/product"}],"wp:featuredmedia":[{"embeddable":true,"href":"https:\/\/ancestralroute.com\/fr\/wp-json\/wp\/v2\/media\/1547"}],"wp:attachment":[{"href":"https:\/\/ancestralroute.com\/fr\/wp-json\/wp\/v2\/media?parent=3968"}],"wp:term":[{"taxonomy":"product_brand","embeddable":true,"href":"https:\/\/ancestralroute.com\/fr\/wp-json\/wp\/v2\/product_brand?post=3968"},{"taxonomy":"product_cat","embeddable":true,"href":"https:\/\/ancestralroute.com\/fr\/wp-json\/wp\/v2\/product_cat?post=3968"},{"taxonomy":"product_tag","embeddable":true,"href":"https:\/\/ancestralroute.com\/fr\/wp-json\/wp\/v2\/product_tag?post=3968"}],"curies":[{"name":"wp","href":"https:\/\/api.w.org\/{rel}","templated":true}]}}