{"id":3974,"date":"2025-06-20T09:24:13","date_gmt":"2025-06-20T09:24:13","guid":{"rendered":"https:\/\/ancestralroute.com\/producto\/lavabo-de-salle-de-bain-en-pierre-naturelle\/"},"modified":"2025-06-20T09:24:13","modified_gmt":"2025-06-20T09:24:13","slug":"lavabo-de-salle-de-bain-en-pierre-naturelle","status":"publish","type":"product","link":"https:\/\/ancestralroute.com\/fr\/producto\/lavabo-de-salle-de-bain-en-pierre-naturelle\/","title":{"rendered":"Lavabo de salle de bain en pierre naturelle"},"content":{"rendered":"<p data-start=\"256\" data-end=\"522\">Sublimez votre salle de bain avec ce lavabo en pierre naturelle, sculpt\u00e9 \u00e0 la main pour pr\u00e9server l&rsquo;authenticit\u00e9 et la beaut\u00e9 de sa mati\u00e8re premi\u00e8re. Chaque pi\u00e8ce est unique, avec des veines, des textures et des formes qui t\u00e9moignent de la noblesse du mat\u00e9riau et du savoir-faire artisanal qui a pr\u00e9sid\u00e9 \u00e0 sa cr\u00e9ation. <\/p>\n<p data-start=\"524\" data-end=\"772\">Avec son design organique et intemporel, ce lavabo devient la pi\u00e8ce ma\u00eetresse de la salle de bains, y apportant solidit\u00e9, \u00e9l\u00e9gance et un lien direct avec la nature. Id\u00e9al pour les salles de bains rustiques, wabi-sabi ou contemporaines aux accents naturels. <\/p>\n<p data-start=\"1004\" data-end=\"1019\"><strong data-start=\"1004\" data-end=\"1017\">D\u00e9tails:<\/strong><\/p>\n<ul data-start=\"1020\" data-end=\"1256\">\n<li data-start=\"1020\" data-end=\"1063\">\n<p data-start=\"1022\" data-end=\"1063\">Mat\u00e9riau : Pierre naturelle sculpt\u00e9e \u00e0 la main<\/p>\n<\/li>\n<li data-start=\"1064\" data-end=\"1107\">\n<p data-start=\"1066\" data-end=\"1107\">Dimensions approximatives :<\/p>\n<\/li>\n<li data-start=\"1108\" data-end=\"1155\">\n<p data-start=\"1110\" data-end=\"1155\">Finition : Ext\u00e9rieur rustique \/ Int\u00e9rieur poli<\/p>\n<\/li>\n<li data-start=\"1156\" data-end=\"1187\">\n<p data-start=\"1158\" data-end=\"1187\">Installation : Comptoir<\/p>\n<\/li>\n<li data-start=\"1188\" data-end=\"1256\">\n<p data-start=\"1190\" data-end=\"1256\">Entretien : Nettoyer avec un chiffon humide ; \u00e9viter les produits abrasifs<\/p>\n<\/li>\n<\/ul>\n<p data-start=\"1258\" data-end=\"1371\">Remarque : De par sa fabrication artisanale, le produit peut pr\u00e9senter de l\u00e9g\u00e8res variations de teinte, de forme et de texture.<\/p>\n","protected":false},"excerpt":{"rendered":"<p>Fabriqu\u00e9 en pierre massive import\u00e9e, ce meuble allie robustesse et durabilit\u00e9 pour un usage quotidien sans compromis sur l&rsquo;esth\u00e9tique. Chaque pi\u00e8ce est unique, pr\u00e9sentant de l\u00e9g\u00e8res variations de couleur et de forme. <\/p>\n","protected":false},"featured_media":3878,"template":"","meta":{"_acf_changed":false},"product_brand":[],"product_cat":[188,216],"product_tag":[],"class_list":{"0":"post-3974","1":"product","2":"type-product","3":"status-publish","4":"has-post-thumbnail","6":"product_cat-lavabos","7":"product_cat-salle-de-bain","9":"first","10":"instock","11":"sold-individually","12":"taxable","13":"shipping-taxable","14":"purchasable","15":"product-type-simple"},"acf":[],"yoast_head":"<!-- This site is optimized with the Yoast SEO plugin v26.7 - https:\/\/yoast.com\/wordpress\/plugins\/seo\/ -->\n<title>Lavabo de salle de bain en pierre naturelle - Ancestral route<\/title>\n<meta name=\"robots\" content=\"index, follow, max-snippet:-1, max-image-preview:large, max-video-preview:-1\" \/>\n<link rel=\"canonical\" href=\"https:\/\/ancestralroute.com\/fr\/producto\/lavabo-de-salle-de-bain-en-pierre-naturelle\/\" \/>\n<meta property=\"og:locale\" content=\"fr_FR\" \/>\n<meta property=\"og:type\" content=\"article\" \/>\n<meta property=\"og:title\" content=\"Lavabo de salle de bain en pierre naturelle - Ancestral route\" \/>\n<meta property=\"og:description\" content=\"Fabriqu\u00e9 en pierre massive import\u00e9e, ce meuble allie robustesse et durabilit\u00e9 pour un usage quotidien sans compromis sur l&#039;esth\u00e9tique. Chaque pi\u00e8ce est unique, pr\u00e9sentant de l\u00e9g\u00e8res variations de couleur et de forme.\" \/>\n<meta property=\"og:url\" content=\"https:\/\/ancestralroute.com\/fr\/producto\/lavabo-de-salle-de-bain-en-pierre-naturelle\/\" \/>\n<meta property=\"og:site_name\" content=\"Ancestral route\" \/>\n<meta property=\"og:image\" content=\"https:\/\/ancestralroute.com\/wp-content\/uploads\/2025\/06\/Lavamanos-de-onix-natural-scaled.jpg\" \/>\n\t<meta property=\"og:image:width\" content=\"2560\" \/>\n\t<meta property=\"og:image:height\" content=\"2560\" \/>\n\t<meta property=\"og:image:type\" content=\"image\/jpeg\" \/>\n<meta name=\"twitter:card\" content=\"summary_large_image\" \/>\n<meta name=\"twitter:label1\" content=\"Dur\u00e9e de lecture estim\u00e9e\" \/>\n\t<meta name=\"twitter:data1\" content=\"1 minute\" \/>\n<script type=\"application\/ld+json\" class=\"yoast-schema-graph\">{\"@context\":\"https:\/\/schema.org\",\"@graph\":[{\"@type\":\"WebPage\",\"@id\":\"https:\/\/ancestralroute.com\/fr\/producto\/lavabo-de-salle-de-bain-en-pierre-naturelle\/\",\"url\":\"https:\/\/ancestralroute.com\/fr\/producto\/lavabo-de-salle-de-bain-en-pierre-naturelle\/\",\"name\":\"Lavabo de salle de bain en pierre naturelle - Ancestral route\",\"isPartOf\":{\"@id\":\"https:\/\/ancestralroute.com\/fr\/#website\"},\"primaryImageOfPage\":{\"@id\":\"https:\/\/ancestralroute.com\/fr\/producto\/lavabo-de-salle-de-bain-en-pierre-naturelle\/#primaryimage\"},\"image\":{\"@id\":\"https:\/\/ancestralroute.com\/fr\/producto\/lavabo-de-salle-de-bain-en-pierre-naturelle\/#primaryimage\"},\"thumbnailUrl\":\"https:\/\/ancestralroute.com\/wp-content\/uploads\/2025\/06\/Lavamanos-de-onix-natural-scaled.jpg\",\"datePublished\":\"2025-06-20T09:24:13+00:00\",\"breadcrumb\":{\"@id\":\"https:\/\/ancestralroute.com\/fr\/producto\/lavabo-de-salle-de-bain-en-pierre-naturelle\/#breadcrumb\"},\"inLanguage\":\"fr-FR\",\"potentialAction\":[{\"@type\":\"ReadAction\",\"target\":[\"https:\/\/ancestralroute.com\/fr\/producto\/lavabo-de-salle-de-bain-en-pierre-naturelle\/\"]}]},{\"@type\":\"ImageObject\",\"inLanguage\":\"fr-FR\",\"@id\":\"https:\/\/ancestralroute.com\/fr\/producto\/lavabo-de-salle-de-bain-en-pierre-naturelle\/#primaryimage\",\"url\":\"https:\/\/ancestralroute.com\/wp-content\/uploads\/2025\/06\/Lavamanos-de-onix-natural-scaled.jpg\",\"contentUrl\":\"https:\/\/ancestralroute.com\/wp-content\/uploads\/2025\/06\/Lavamanos-de-onix-natural-scaled.jpg\",\"width\":2560,\"height\":2560},{\"@type\":\"BreadcrumbList\",\"@id\":\"https:\/\/ancestralroute.com\/fr\/producto\/lavabo-de-salle-de-bain-en-pierre-naturelle\/#breadcrumb\",\"itemListElement\":[{\"@type\":\"ListItem\",\"position\":1,\"name\":\"Accueil\",\"item\":\"https:\/\/ancestralroute.com\/fr\/\"},{\"@type\":\"ListItem\",\"position\":2,\"name\":\"Boutique\",\"item\":\"https:\/\/ancestralroute.com\/fr\/boutique\/\"},{\"@type\":\"ListItem\",\"position\":3,\"name\":\"Lavabo de salle de bain en pierre naturelle\"}]},{\"@type\":\"WebSite\",\"@id\":\"https:\/\/ancestralroute.com\/fr\/#website\",\"url\":\"https:\/\/ancestralroute.com\/fr\/\",\"name\":\"Ancestral route\",\"description\":\"\",\"potentialAction\":[{\"@type\":\"SearchAction\",\"target\":{\"@type\":\"EntryPoint\",\"urlTemplate\":\"https:\/\/ancestralroute.com\/fr\/?s={search_term_string}\"},\"query-input\":{\"@type\":\"PropertyValueSpecification\",\"valueRequired\":true,\"valueName\":\"search_term_string\"}}],\"inLanguage\":\"fr-FR\"}]}<\/script>\n<!-- \/ Yoast SEO plugin. -->","yoast_head_json":{"title":"Lavabo de salle de bain en pierre naturelle - Ancestral route","robots":{"index":"index","follow":"follow","max-snippet":"max-snippet:-1","max-image-preview":"max-image-preview:large","max-video-preview":"max-video-preview:-1"},"canonical":"https:\/\/ancestralroute.com\/fr\/producto\/lavabo-de-salle-de-bain-en-pierre-naturelle\/","og_locale":"fr_FR","og_type":"article","og_title":"Lavabo de salle de bain en pierre naturelle - Ancestral route","og_description":"Fabriqu\u00e9 en pierre massive import\u00e9e, ce meuble allie robustesse et durabilit\u00e9 pour un usage quotidien sans compromis sur l'esth\u00e9tique. Chaque pi\u00e8ce est unique, pr\u00e9sentant de l\u00e9g\u00e8res variations de couleur et de forme.","og_url":"https:\/\/ancestralroute.com\/fr\/producto\/lavabo-de-salle-de-bain-en-pierre-naturelle\/","og_site_name":"Ancestral route","og_image":[{"width":2560,"height":2560,"url":"https:\/\/ancestralroute.com\/wp-content\/uploads\/2025\/06\/Lavamanos-de-onix-natural-scaled.jpg","type":"image\/jpeg"}],"twitter_card":"summary_large_image","twitter_misc":{"Dur\u00e9e de lecture estim\u00e9e":"1 minute"},"schema":{"@context":"https:\/\/schema.org","@graph":[{"@type":"WebPage","@id":"https:\/\/ancestralroute.com\/fr\/producto\/lavabo-de-salle-de-bain-en-pierre-naturelle\/","url":"https:\/\/ancestralroute.com\/fr\/producto\/lavabo-de-salle-de-bain-en-pierre-naturelle\/","name":"Lavabo de salle de bain en pierre naturelle - Ancestral route","isPartOf":{"@id":"https:\/\/ancestralroute.com\/fr\/#website"},"primaryImageOfPage":{"@id":"https:\/\/ancestralroute.com\/fr\/producto\/lavabo-de-salle-de-bain-en-pierre-naturelle\/#primaryimage"},"image":{"@id":"https:\/\/ancestralroute.com\/fr\/producto\/lavabo-de-salle-de-bain-en-pierre-naturelle\/#primaryimage"},"thumbnailUrl":"https:\/\/ancestralroute.com\/wp-content\/uploads\/2025\/06\/Lavamanos-de-onix-natural-scaled.jpg","datePublished":"2025-06-20T09:24:13+00:00","breadcrumb":{"@id":"https:\/\/ancestralroute.com\/fr\/producto\/lavabo-de-salle-de-bain-en-pierre-naturelle\/#breadcrumb"},"inLanguage":"fr-FR","potentialAction":[{"@type":"ReadAction","target":["https:\/\/ancestralroute.com\/fr\/producto\/lavabo-de-salle-de-bain-en-pierre-naturelle\/"]}]},{"@type":"ImageObject","inLanguage":"fr-FR","@id":"https:\/\/ancestralroute.com\/fr\/producto\/lavabo-de-salle-de-bain-en-pierre-naturelle\/#primaryimage","url":"https:\/\/ancestralroute.com\/wp-content\/uploads\/2025\/06\/Lavamanos-de-onix-natural-scaled.jpg","contentUrl":"https:\/\/ancestralroute.com\/wp-content\/uploads\/2025\/06\/Lavamanos-de-onix-natural-scaled.jpg","width":2560,"height":2560},{"@type":"BreadcrumbList","@id":"https:\/\/ancestralroute.com\/fr\/producto\/lavabo-de-salle-de-bain-en-pierre-naturelle\/#breadcrumb","itemListElement":[{"@type":"ListItem","position":1,"name":"Accueil","item":"https:\/\/ancestralroute.com\/fr\/"},{"@type":"ListItem","position":2,"name":"Boutique","item":"https:\/\/ancestralroute.com\/fr\/boutique\/"},{"@type":"ListItem","position":3,"name":"Lavabo de salle de bain en pierre naturelle"}]},{"@type":"WebSite","@id":"https:\/\/ancestralroute.com\/fr\/#website","url":"https:\/\/ancestralroute.com\/fr\/","name":"Ancestral route","description":"","potentialAction":[{"@type":"SearchAction","target":{"@type":"EntryPoint","urlTemplate":"https:\/\/ancestralroute.com\/fr\/?s={search_term_string}"},"query-input":{"@type":"PropertyValueSpecification","valueRequired":true,"valueName":"search_term_string"}}],"inLanguage":"fr-FR"}]}},"_links":{"self":[{"href":"https:\/\/ancestralroute.com\/fr\/wp-json\/wp\/v2\/product\/3974","targetHints":{"allow":["GET"]}}],"collection":[{"href":"https:\/\/ancestralroute.com\/fr\/wp-json\/wp\/v2\/product"}],"about":[{"href":"https:\/\/ancestralroute.com\/fr\/wp-json\/wp\/v2\/types\/product"}],"wp:featuredmedia":[{"embeddable":true,"href":"https:\/\/ancestralroute.com\/fr\/wp-json\/wp\/v2\/media\/3878"}],"wp:attachment":[{"href":"https:\/\/ancestralroute.com\/fr\/wp-json\/wp\/v2\/media?parent=3974"}],"wp:term":[{"taxonomy":"product_brand","embeddable":true,"href":"https:\/\/ancestralroute.com\/fr\/wp-json\/wp\/v2\/product_brand?post=3974"},{"taxonomy":"product_cat","embeddable":true,"href":"https:\/\/ancestralroute.com\/fr\/wp-json\/wp\/v2\/product_cat?post=3974"},{"taxonomy":"product_tag","embeddable":true,"href":"https:\/\/ancestralroute.com\/fr\/wp-json\/wp\/v2\/product_tag?post=3974"}],"curies":[{"name":"wp","href":"https:\/\/api.w.org\/{rel}","templated":true}]}}